{"id":26865,"date":"2026-03-24T17:14:14","date_gmt":"2026-03-24T16:14:14","guid":{"rendered":"https:\/\/rottmann-group.de\/produkt\/r-bergisches-land-biotin\/"},"modified":"2026-04-21T07:13:46","modified_gmt":"2026-04-21T05:13:46","slug":"r-bergisches-land-biotin","status":"publish","type":"product","link":"https:\/\/rottmann-group.de\/pl\/produkt\/r-bergisches-land-biotin\/","title":{"rendered":"R- Bergisches Land Biotin"},"content":{"rendered":"<h4 data-section-id=\"122jbw\" data-start=\"638\" data-end=\"672\">1. pasza mineralna dla kr\u00f3w mlecznych<\/h4>\n<p data-start=\"674\" data-end=\"1089\"><strong data-start=\"674\" data-end=\"703\">R- Bergisches Land Biotin<\/strong> to pasza mineralna <strong data-start=\"712\" data-end=\"749\">dla kr\u00f3w mlecznych<\/strong>, kt\u00f3ra zosta\u0142a opracowana specjalnie w celu spe\u0142nienia wymaga\u0144 gospodarstw mlecznych zorientowanych na wydajno\u015b\u0107. Zgodnie z informacjami o produkcie, pasza mineralna dla byd\u0142a zosta\u0142a zoptymalizowana pod k\u0105tem warunk\u00f3w panuj\u0105cych w regionie Bergisches Land i zapewnia zwierz\u0119tom bezpieczne i ekonomiczne zaopatrzenie. <\/p>\n<ul data-start=\"1091\" data-end=\"1205\">\n<li data-section-id=\"c1uxyl\" data-start=\"1091\" data-end=\"1121\">opracowany dla <strong data-start=\"1097\" data-end=\"1110\">kr\u00f3w mlecznych<\/strong> <\/li>\n<li data-section-id=\"12g6dcz\" data-start=\"1122\" data-end=\"1159\">do codziennej suplementacji mineralnej<\/li>\n<li data-section-id=\"10mt156\" data-start=\"1160\" data-end=\"1205\">Ekonomiczny i praktyczny w u\u017cyciu<\/li>\n<\/ul>\n<h4 data-section-id=\"s7kfoc\" data-start=\"1207\" data-end=\"1275\">2. z biotyn\u0105, kompleksem witamin B i organicznymi pierwiastkami \u015bladowymi<\/h4>\n<p data-start=\"1277\" data-end=\"1677\">Formu\u0142a \u0142\u0105czy <strong data-start=\"1301\" data-end=\"1311\">biotyn\u0119<\/strong>, <strong data-start=\"1313\" data-end=\"1342\">organiczne pierwiastki \u015bladowe<\/strong>, <strong data-start=\"1344\" data-end=\"1365\">kompleks witamin B<\/strong>, <strong data-start=\"1367\" data-end=\"1394\">selen chroniony przez \u017cwacz<\/strong> i <strong data-start=\"1399\" data-end=\"1417\">Top Phenol 80+<\/strong>. Produkt jest uzupe\u0142niony o wa\u017cne pierwiastki masowe i \u015bladowe, takie jak <strong data-start=\"1490\" data-end=\"1568\">wap\u0144, fosfor, s\u00f3d, magnez, mied\u017a, mangan, cynk, jod i selen<\/strong>, a tak\u017ce wysokie witaminizowanie. <\/p>\n<ul data-start=\"1679\" data-end=\"1868\">\n<li data-section-id=\"1h5ta6h\" data-start=\"1679\" data-end=\"1719\">z <strong data-start=\"1685\" data-end=\"1695\">biotyn\u0105<\/strong> do ukierunkowanej suplementacji<\/li>\n<li data-section-id=\"12s3o6c\" data-start=\"1720\" data-end=\"1751\">zawiera <strong data-start=\"1730\" data-end=\"1751\">kompleks witamin B<\/strong><\/li>\n<li data-section-id=\"2isoct\" data-start=\"1752\" data-end=\"1789\">z <strong data-start=\"1758\" data-end=\"1789\">organicznymi pierwiastkami \u015bladowymi<\/strong><\/li>\n<li data-section-id=\"1gpms8q\" data-start=\"1790\" data-end=\"1823\">z <strong data-start=\"1796\" data-end=\"1823\">selenem chronionym w \u017cwaczu<\/strong><\/li>\n<li data-section-id=\"120l88s\" data-start=\"1824\" data-end=\"1868\">Wysoka zawarto\u015b\u0107 witamin i pierwiastk\u00f3w \u015bladowych<\/li>\n<\/ul>\n<h4 data-section-id=\"cxmlei\" data-start=\"1870\" data-end=\"1925\">3. dla zdrowia kopyt i bezpiecznej piel\u0119gnacji<\/h4>\n<p data-start=\"1927\" data-end=\"2391\">Szczeg\u00f3lny nacisk k\u0142adzie si\u0119 na <strong data-start=\"1962\" data-end=\"1977\">tworzenie rog\u00f3w<\/strong> i <strong data-start=\"1982\" data-end=\"2002\">zdrowie pazur\u00f3w<\/strong>. Zgodnie z informacjami o produkcie, biotyna przyczynia si\u0119 do zdrowego tworzenia rog\u00f3w i maksymalnego zdrowia pazur\u00f3w. Zalecana <strong data-start=\"2133\" data-end=\"2184\">dawka 150-200 g na zwierz\u0119 dziennie<\/strong> umo\u017cliwia \u0142atw\u0105 integracj\u0119 z codzienn\u0105 pasz\u0105. Produkt jest dost\u0119pny w <strong data-start=\"2279\" data-end=\"2293\">workach 25 kg<\/strong> lub <strong data-start=\"2303\" data-end=\"2314\">big bagach<\/strong>.   <\/p>\n<ul data-start=\"2393\" data-end=\"2567\">\n<li data-section-id=\"639dyk\" data-start=\"2393\" data-end=\"2443\">wspomaga <strong data-start=\"2407\" data-end=\"2443\">tworzenie rogu i zdrowie kopyt<\/strong><\/li>\n<li data-section-id=\"4xpbns\" data-start=\"2444\" data-end=\"2485\">niezawodne dostawy minera\u0142\u00f3w<\/li>\n<li data-section-id=\"g8bkog\" data-start=\"2486\" data-end=\"2518\"><strong data-start=\"2488\" data-end=\"2518\">150-200 g na zwierz\u0119 dziennie<\/strong><\/li>\n<li data-section-id=\"zft4hq\" data-start=\"2519\" data-end=\"2567\">Dost\u0119pny jako <strong data-start=\"2536\" data-end=\"2550\">worek 25 kg<\/strong> lub <strong data-start=\"2556\" data-end=\"2567\">big bag<\/strong><\/li>\n<\/ul>\n","protected":false},"excerpt":{"rendered":"<p>R- Bergisches Land Bitoin to pasza mineralna dla byd\u0142a, kt\u00f3ra zosta\u0142a zoptymalizowana pod k\u0105tem warunk\u00f3w panuj\u0105cych w regionie Bergisches Land. Wysoka dost\u0119pno\u015b\u0107 pierwiastk\u00f3w \u015bladowych i wysoki poziom witaminizacji zapewniaj\u0105 bezpieczne i ekonomiczne zaopatrzenie byd\u0142a. Biotyna zapewnia zdrowe rogi i maksymalne zdrowie kopyt.<\/p>\n<ul>\n<li>Organiczne pierwiastki \u015bladowe<\/li>\n<li>Kompleks witamin B<\/li>\n<li>Top Phenol 80+<\/li>\n<li>Selen chroniony w \u017cwaczu<\/li>\n<li>Biotyna<\/li>\n<\/ul>\n","protected":false},"featured_media":26254,"comment_status":"closed","ping_status":"closed","template":"","meta":{"_acf_changed":false},"product_brand":[],"product_cat":[438,220],"product_tag":[],"class_list":{"0":"post-26865","1":"product","2":"type-product","3":"status-publish","4":"has-post-thumbnail","6":"product_cat-unkategorisiert-pl","7":"product_cat-wolowina","9":"first","10":"instock","11":"shipping-taxable","12":"product-type-simple"},"acf":[],"yoast_head":"<!-- This site is optimized with the Yoast SEO plugin v27.4 - https:\/\/yoast.com\/product\/yoast-seo-wordpress\/ -->\n<title>R- Bergisches Land Biotin - Rottmann Group<\/title>\n<meta name=\"description\" content=\"R- Bergisches Land Biotin to pasza mineralna dla kr\u00f3w mlecznych zapewniaj\u0105ca ukierunkowane dostarczanie minera\u0142\u00f3w, organicznych pierwiastk\u00f3w \u015bladowych, kompleksu witamin B, selenu chronionego przez \u017cwacz i biotyny. Zbilansowana formu\u0142a zapewnia bezpieczn\u0105 i ekonomiczn\u0105 poda\u017c i przyczynia si\u0119 w szczeg\u00f3lno\u015bci do zdrowego tworzenia rog\u00f3w i zdrowia racic.\" \/>\n<meta name=\"robots\" content=\"index, follow, max-snippet:-1, max-image-preview:large, max-video-preview:-1\" \/>\n<link rel=\"canonical\" href=\"https:\/\/rottmann-group.de\/pl\/product-pl\/r-bergisches-land-biotin\/\" \/>\n<meta property=\"og:locale\" content=\"pl_PL\" \/>\n<meta property=\"og:type\" content=\"article\" \/>\n<meta property=\"og:title\" content=\"R- Bergisches Land Biotin - Rottmann Group\" \/>\n<meta property=\"og:description\" content=\"R- Bergisches Land Biotin to pasza mineralna dla kr\u00f3w mlecznych zapewniaj\u0105ca ukierunkowane dostarczanie minera\u0142\u00f3w, organicznych pierwiastk\u00f3w \u015bladowych, kompleksu witamin B, selenu chronionego przez \u017cwacz i biotyny. Zbilansowana formu\u0142a zapewnia bezpieczn\u0105 i ekonomiczn\u0105 poda\u017c i przyczynia si\u0119 w szczeg\u00f3lno\u015bci do zdrowego tworzenia rog\u00f3w i zdrowia racic.\" \/>\n<meta property=\"og:url\" content=\"https:\/\/rottmann-group.de\/pl\/product-pl\/r-bergisches-land-biotin\/\" \/>\n<meta property=\"og:site_name\" content=\"Rottmann Group\" \/>\n<meta property=\"article:publisher\" content=\"https:\/\/www.facebook.com\/rottmanngroup\/?locale=de_DE\" \/>\n<meta property=\"article:modified_time\" content=\"2026-04-21T05:13:46+00:00\" \/>\n<meta property=\"og:image\" content=\"https:\/\/rottmann-group.de\/wp-content\/uploads\/2026\/03\/R-Bergisches-Land-Biotin.jpeg\" \/>\n\t<meta property=\"og:image:width\" content=\"500\" \/>\n\t<meta property=\"og:image:height\" content=\"746\" \/>\n\t<meta property=\"og:image:type\" content=\"image\/jpeg\" \/>\n<meta name=\"twitter:card\" content=\"summary_large_image\" \/>\n<meta name=\"twitter:label1\" content=\"Szacowany czas czytania\" \/>\n\t<meta name=\"twitter:data1\" content=\"1 minuta\" \/>\n<script type=\"application\/ld+json\" class=\"yoast-schema-graph\">{\"@context\":\"https:\\\/\\\/schema.org\",\"@graph\":[{\"@type\":\"WebPage\",\"@id\":\"https:\\\/\\\/rottmann-group.de\\\/pl\\\/product-pl\\\/r-bergisches-land-biotin\\\/\",\"url\":\"https:\\\/\\\/rottmann-group.de\\\/pl\\\/product-pl\\\/r-bergisches-land-biotin\\\/\",\"name\":\"R- Bergisches Land Biotin - Rottmann Group\",\"isPartOf\":{\"@id\":\"https:\\\/\\\/rottmann-group.de\\\/#website\"},\"primaryImageOfPage\":{\"@id\":\"https:\\\/\\\/rottmann-group.de\\\/pl\\\/product-pl\\\/r-bergisches-land-biotin\\\/#primaryimage\"},\"image\":{\"@id\":\"https:\\\/\\\/rottmann-group.de\\\/pl\\\/product-pl\\\/r-bergisches-land-biotin\\\/#primaryimage\"},\"thumbnailUrl\":\"https:\\\/\\\/rottmann-group.de\\\/wp-content\\\/uploads\\\/2026\\\/03\\\/R-Bergisches-Land-Biotin.jpeg\",\"datePublished\":\"2026-03-24T16:14:14+00:00\",\"dateModified\":\"2026-04-21T05:13:46+00:00\",\"description\":\"R- Bergisches Land Biotin to pasza mineralna dla kr\u00f3w mlecznych zapewniaj\u0105ca ukierunkowane dostarczanie minera\u0142\u00f3w, organicznych pierwiastk\u00f3w \u015bladowych, kompleksu witamin B, selenu chronionego przez \u017cwacz i biotyny. Zbilansowana formu\u0142a zapewnia bezpieczn\u0105 i ekonomiczn\u0105 poda\u017c i przyczynia si\u0119 w szczeg\u00f3lno\u015bci do zdrowego tworzenia rog\u00f3w i zdrowia racic.\",\"breadcrumb\":{\"@id\":\"https:\\\/\\\/rottmann-group.de\\\/pl\\\/product-pl\\\/r-bergisches-land-biotin\\\/#breadcrumb\"},\"inLanguage\":\"pl-PL\",\"potentialAction\":[{\"@type\":\"ReadAction\",\"target\":[\"https:\\\/\\\/rottmann-group.de\\\/pl\\\/product-pl\\\/r-bergisches-land-biotin\\\/\"]}]},{\"@type\":\"ImageObject\",\"inLanguage\":\"pl-PL\",\"@id\":\"https:\\\/\\\/rottmann-group.de\\\/pl\\\/product-pl\\\/r-bergisches-land-biotin\\\/#primaryimage\",\"url\":\"https:\\\/\\\/rottmann-group.de\\\/wp-content\\\/uploads\\\/2026\\\/03\\\/R-Bergisches-Land-Biotin.jpeg\",\"contentUrl\":\"https:\\\/\\\/rottmann-group.de\\\/wp-content\\\/uploads\\\/2026\\\/03\\\/R-Bergisches-Land-Biotin.jpeg\",\"width\":500,\"height\":746},{\"@type\":\"BreadcrumbList\",\"@id\":\"https:\\\/\\\/rottmann-group.de\\\/pl\\\/product-pl\\\/r-bergisches-land-biotin\\\/#breadcrumb\",\"itemListElement\":[{\"@type\":\"ListItem\",\"position\":1,\"name\":\"Startseite\",\"item\":\"https:\\\/\\\/rottmann-group.de\\\/pl\\\/strona-glowna\\\/\"},{\"@type\":\"ListItem\",\"position\":2,\"name\":\"Shop\",\"item\":\"https:\\\/\\\/rottmann-group.de\\\/shop\\\/\"},{\"@type\":\"ListItem\",\"position\":3,\"name\":\"R- Bergisches Land Biotin\"}]},{\"@type\":\"WebSite\",\"@id\":\"https:\\\/\\\/rottmann-group.de\\\/#website\",\"url\":\"https:\\\/\\\/rottmann-group.de\\\/\",\"name\":\"Rottmann Group\",\"description\":\"Das traditionelle Familienunternehmen bietet Ihnen: Ganzheitliche Futterkonzepte, Mahl- und Mischdienstleistungen und Dosiertechnik. Jetzt Kontakt aufnehmen!\",\"publisher\":{\"@id\":\"https:\\\/\\\/rottmann-group.de\\\/#organization\"},\"potentialAction\":[{\"@type\":\"SearchAction\",\"target\":{\"@type\":\"EntryPoint\",\"urlTemplate\":\"https:\\\/\\\/rottmann-group.de\\\/?s={search_term_string}\"},\"query-input\":{\"@type\":\"PropertyValueSpecification\",\"valueRequired\":true,\"valueName\":\"search_term_string\"}}],\"inLanguage\":\"pl-PL\"},{\"@type\":\"Organization\",\"@id\":\"https:\\\/\\\/rottmann-group.de\\\/#organization\",\"name\":\"Rottmann Group\",\"url\":\"https:\\\/\\\/rottmann-group.de\\\/\",\"logo\":{\"@type\":\"ImageObject\",\"inLanguage\":\"pl-PL\",\"@id\":\"https:\\\/\\\/rottmann-group.de\\\/#\\\/schema\\\/logo\\\/image\\\/\",\"url\":\"https:\\\/\\\/rottmann-group.de\\\/wp-content\\\/uploads\\\/2022\\\/11\\\/Bild_Rottmann.jpg\",\"contentUrl\":\"https:\\\/\\\/rottmann-group.de\\\/wp-content\\\/uploads\\\/2022\\\/11\\\/Bild_Rottmann.jpg\",\"width\":999,\"height\":636,\"caption\":\"Rottmann Group\"},\"image\":{\"@id\":\"https:\\\/\\\/rottmann-group.de\\\/#\\\/schema\\\/logo\\\/image\\\/\"},\"sameAs\":[\"https:\\\/\\\/www.facebook.com\\\/rottmanngroup\\\/?locale=de_DE\",\"https:\\\/\\\/www.instagram.com\\\/rottmann_group\\\/\"]}]}<\/script>\n<!-- \/ Yoast SEO plugin. -->","yoast_head_json":{"title":"R- Bergisches Land Biotin - Rottmann Group","description":"R- Bergisches Land Biotin to pasza mineralna dla kr\u00f3w mlecznych zapewniaj\u0105ca ukierunkowane dostarczanie minera\u0142\u00f3w, organicznych pierwiastk\u00f3w \u015bladowych, kompleksu witamin B, selenu chronionego przez \u017cwacz i biotyny. Zbilansowana formu\u0142a zapewnia bezpieczn\u0105 i ekonomiczn\u0105 poda\u017c i przyczynia si\u0119 w szczeg\u00f3lno\u015bci do zdrowego tworzenia rog\u00f3w i zdrowia racic.","robots":{"index":"index","follow":"follow","max-snippet":"max-snippet:-1","max-image-preview":"max-image-preview:large","max-video-preview":"max-video-preview:-1"},"canonical":"https:\/\/rottmann-group.de\/pl\/product-pl\/r-bergisches-land-biotin\/","og_locale":"pl_PL","og_type":"article","og_title":"R- Bergisches Land Biotin - Rottmann Group","og_description":"R- Bergisches Land Biotin to pasza mineralna dla kr\u00f3w mlecznych zapewniaj\u0105ca ukierunkowane dostarczanie minera\u0142\u00f3w, organicznych pierwiastk\u00f3w \u015bladowych, kompleksu witamin B, selenu chronionego przez \u017cwacz i biotyny. Zbilansowana formu\u0142a zapewnia bezpieczn\u0105 i ekonomiczn\u0105 poda\u017c i przyczynia si\u0119 w szczeg\u00f3lno\u015bci do zdrowego tworzenia rog\u00f3w i zdrowia racic.","og_url":"https:\/\/rottmann-group.de\/pl\/product-pl\/r-bergisches-land-biotin\/","og_site_name":"Rottmann Group","article_publisher":"https:\/\/www.facebook.com\/rottmanngroup\/?locale=de_DE","article_modified_time":"2026-04-21T05:13:46+00:00","og_image":[{"width":500,"height":746,"url":"https:\/\/rottmann-group.de\/wp-content\/uploads\/2026\/03\/R-Bergisches-Land-Biotin.jpeg","type":"image\/jpeg"}],"twitter_card":"summary_large_image","twitter_misc":{"Szacowany czas czytania":"1 minuta"},"schema":{"@context":"https:\/\/schema.org","@graph":[{"@type":"WebPage","@id":"https:\/\/rottmann-group.de\/pl\/product-pl\/r-bergisches-land-biotin\/","url":"https:\/\/rottmann-group.de\/pl\/product-pl\/r-bergisches-land-biotin\/","name":"R- Bergisches Land Biotin - Rottmann Group","isPartOf":{"@id":"https:\/\/rottmann-group.de\/#website"},"primaryImageOfPage":{"@id":"https:\/\/rottmann-group.de\/pl\/product-pl\/r-bergisches-land-biotin\/#primaryimage"},"image":{"@id":"https:\/\/rottmann-group.de\/pl\/product-pl\/r-bergisches-land-biotin\/#primaryimage"},"thumbnailUrl":"https:\/\/rottmann-group.de\/wp-content\/uploads\/2026\/03\/R-Bergisches-Land-Biotin.jpeg","datePublished":"2026-03-24T16:14:14+00:00","dateModified":"2026-04-21T05:13:46+00:00","description":"R- Bergisches Land Biotin to pasza mineralna dla kr\u00f3w mlecznych zapewniaj\u0105ca ukierunkowane dostarczanie minera\u0142\u00f3w, organicznych pierwiastk\u00f3w \u015bladowych, kompleksu witamin B, selenu chronionego przez \u017cwacz i biotyny. Zbilansowana formu\u0142a zapewnia bezpieczn\u0105 i ekonomiczn\u0105 poda\u017c i przyczynia si\u0119 w szczeg\u00f3lno\u015bci do zdrowego tworzenia rog\u00f3w i zdrowia racic.","breadcrumb":{"@id":"https:\/\/rottmann-group.de\/pl\/product-pl\/r-bergisches-land-biotin\/#breadcrumb"},"inLanguage":"pl-PL","potentialAction":[{"@type":"ReadAction","target":["https:\/\/rottmann-group.de\/pl\/product-pl\/r-bergisches-land-biotin\/"]}]},{"@type":"ImageObject","inLanguage":"pl-PL","@id":"https:\/\/rottmann-group.de\/pl\/product-pl\/r-bergisches-land-biotin\/#primaryimage","url":"https:\/\/rottmann-group.de\/wp-content\/uploads\/2026\/03\/R-Bergisches-Land-Biotin.jpeg","contentUrl":"https:\/\/rottmann-group.de\/wp-content\/uploads\/2026\/03\/R-Bergisches-Land-Biotin.jpeg","width":500,"height":746},{"@type":"BreadcrumbList","@id":"https:\/\/rottmann-group.de\/pl\/product-pl\/r-bergisches-land-biotin\/#breadcrumb","itemListElement":[{"@type":"ListItem","position":1,"name":"Startseite","item":"https:\/\/rottmann-group.de\/pl\/strona-glowna\/"},{"@type":"ListItem","position":2,"name":"Shop","item":"https:\/\/rottmann-group.de\/shop\/"},{"@type":"ListItem","position":3,"name":"R- Bergisches Land Biotin"}]},{"@type":"WebSite","@id":"https:\/\/rottmann-group.de\/#website","url":"https:\/\/rottmann-group.de\/","name":"Rottmann Group","description":"Das traditionelle Familienunternehmen bietet Ihnen: Ganzheitliche Futterkonzepte, Mahl- und Mischdienstleistungen und Dosiertechnik. Jetzt Kontakt aufnehmen!","publisher":{"@id":"https:\/\/rottmann-group.de\/#organization"},"potentialAction":[{"@type":"SearchAction","target":{"@type":"EntryPoint","urlTemplate":"https:\/\/rottmann-group.de\/?s={search_term_string}"},"query-input":{"@type":"PropertyValueSpecification","valueRequired":true,"valueName":"search_term_string"}}],"inLanguage":"pl-PL"},{"@type":"Organization","@id":"https:\/\/rottmann-group.de\/#organization","name":"Rottmann Group","url":"https:\/\/rottmann-group.de\/","logo":{"@type":"ImageObject","inLanguage":"pl-PL","@id":"https:\/\/rottmann-group.de\/#\/schema\/logo\/image\/","url":"https:\/\/rottmann-group.de\/wp-content\/uploads\/2022\/11\/Bild_Rottmann.jpg","contentUrl":"https:\/\/rottmann-group.de\/wp-content\/uploads\/2022\/11\/Bild_Rottmann.jpg","width":999,"height":636,"caption":"Rottmann Group"},"image":{"@id":"https:\/\/rottmann-group.de\/#\/schema\/logo\/image\/"},"sameAs":["https:\/\/www.facebook.com\/rottmanngroup\/?locale=de_DE","https:\/\/www.instagram.com\/rottmann_group\/"]}]}},"_links":{"self":[{"href":"https:\/\/rottmann-group.de\/pl\/wp-json\/wp\/v2\/product\/26865","targetHints":{"allow":["GET"]}}],"collection":[{"href":"https:\/\/rottmann-group.de\/pl\/wp-json\/wp\/v2\/product"}],"about":[{"href":"https:\/\/rottmann-group.de\/pl\/wp-json\/wp\/v2\/types\/product"}],"replies":[{"embeddable":true,"href":"https:\/\/rottmann-group.de\/pl\/wp-json\/wp\/v2\/comments?post=26865"}],"wp:featuredmedia":[{"embeddable":true,"href":"https:\/\/rottmann-group.de\/pl\/wp-json\/wp\/v2\/media\/26254"}],"wp:attachment":[{"href":"https:\/\/rottmann-group.de\/pl\/wp-json\/wp\/v2\/media?parent=26865"}],"wp:term":[{"taxonomy":"product_brand","embeddable":true,"href":"https:\/\/rottmann-group.de\/pl\/wp-json\/wp\/v2\/product_brand?post=26865"},{"taxonomy":"product_cat","embeddable":true,"href":"https:\/\/rottmann-group.de\/pl\/wp-json\/wp\/v2\/product_cat?post=26865"},{"taxonomy":"product_tag","embeddable":true,"href":"https:\/\/rottmann-group.de\/pl\/wp-json\/wp\/v2\/product_tag?post=26865"}],"curies":[{"name":"wp","href":"https:\/\/api.w.org\/{rel}","templated":true}]}}