{"id":26860,"date":"2026-03-24T17:13:41","date_gmt":"2026-03-24T16:13:41","guid":{"rendered":"https:\/\/rottmann-group.de\/produkt\/r-zwiazek-nieszczelnosci-uni-slikk\/"},"modified":"2026-04-21T07:11:22","modified_gmt":"2026-04-21T05:11:22","slug":"r-zwiazek-nieszczelnosci-uni-slikk","status":"publish","type":"product","link":"https:\/\/rottmann-group.de\/pl\/produkt\/r-zwiazek-nieszczelnosci-uni-slikk\/","title":{"rendered":"R- Zwi\u0105zek nieszczelno\u015bci Uni Slikk"},"content":{"rendered":"<h4 data-section-id=\"x2p6a2\" data-start=\"548\" data-end=\"593\">1. lizawka mineralna dla byd\u0142a i owiec<\/h4>\n<p data-start=\"595\" data-end=\"774\"><strong data-start=\"595\" data-end=\"620\">R-Leckmasse Uni Slikk<\/strong> to <strong data-start=\"629\" data-end=\"674\">pasza mineralna dla byd\u0142a i owiec<\/strong>, odpowiednia jako proste uzupe\u0142nienie codziennej dawki pokarmowej.<\/p>\n<ul data-start=\"776\" data-end=\"888\">\n<li data-section-id=\"y0nppf\" data-start=\"776\" data-end=\"803\">dla <strong data-start=\"782\" data-end=\"803\">byd\u0142a i owiec<\/strong><\/li>\n<li data-section-id=\"12g6dcz\" data-start=\"804\" data-end=\"841\">do codziennej suplementacji mineralnej<\/li>\n<li data-section-id=\"8kkp38\" data-start=\"842\" data-end=\"888\">\u0141atwy w u\u017cyciu w stajniach i na pastwiskach<\/li>\n<\/ul>\n<h4 data-section-id=\"7bf7ff\" data-start=\"890\" data-end=\"946\">2. z minera\u0142ami, pierwiastkami \u015bladowymi i witaminami<\/h4>\n<p data-start=\"948\" data-end=\"1128\">Lizawka dostarcza <strong data-start=\"970\" data-end=\"1014\">wapnia, fosforu, sodu i magnezu<\/strong>, a tak\u017ce wa\u017cnych pierwiastk\u00f3w \u015bladowych i witamin, zapewniaj\u0105c zr\u00f3wnowa\u017con\u0105 poda\u017c.<\/p>\n<ul data-start=\"1130\" data-end=\"1268\">\n<li data-section-id=\"gaixls\" data-start=\"1130\" data-end=\"1180\">z <strong data-start=\"1136\" data-end=\"1180\">wapniem, fosforem, sodem i magnezem<\/strong><\/li>\n<li data-section-id=\"1uhgueb\" data-start=\"1181\" data-end=\"1230\">Zawiera <strong data-start=\"1191\" data-end=\"1230\">cynk, mangan, jod, selen i kobalt.<\/strong><\/li>\n<li data-section-id=\"1llpnik\" data-start=\"1231\" data-end=\"1268\">uzupe\u0142nione <strong data-start=\"1245\" data-end=\"1268\">witaminami A, D3 i E<\/strong><\/li>\n<li data-section-id=\"1llpnik\" data-start=\"1231\" data-end=\"1268\">bez miedzi, dlatego idealnie nadaje si\u0119 dla owiec<\/li>\n<\/ul>\n<h4 data-section-id=\"6z4lzc\" data-start=\"1270\" data-end=\"1306\">3. smaczne i praktyczne<\/h4>\n<p data-start=\"1308\" data-end=\"1607\">Kompozycja z <strong data-start=\"1338\" data-end=\"1352\">organiczn\u0105 melas\u0105<\/strong> sprawia, \u017ce R-Leckmasse Uni Slikk jest smaczny i \u0142atwy w u\u017cyciu. Produkt jest <strong data-start=\"1427\" data-end=\"1439\">wolny od GMO<\/strong> i nadaje si\u0119 do <strong data-start=\"1449\" data-end=\"1487\">produkcji ekologicznej<\/strong>. <\/p>\n<ul data-start=\"1609\" data-end=\"1701\">\n<li data-section-id=\"1il3c5e\" data-start=\"1609\" data-end=\"1633\">Smaczna masa do lizania<\/li>\n<li data-section-id=\"1qyyn37\" data-start=\"1634\" data-end=\"1648\"><strong data-start=\"1636\" data-end=\"1648\">Wolne od GMO<\/strong><\/li>\n<li data-section-id=\"1uvfo1h\" data-start=\"1649\" data-end=\"1680\">Odpowiedni dla <strong data-start=\"1655\" data-end=\"1671\">gospodarstw ekologicznych<\/strong> <\/li>\n<li data-section-id=\"1aijc5t\" data-start=\"1681\" data-end=\"1701\">w <strong data-start=\"1686\" data-end=\"1701\">wiadrze 25 kg<\/strong><\/li>\n<\/ul>\n<p>Mo\u017ce by\u0107 stosowany w produkcji ekologicznej zgodnie z rozporz\u0105dzeniem (UE) 2018\/848.<\/p>\n<p>&nbsp;<\/p>\n","protected":false},"excerpt":{"rendered":"<p data-pm-slice=\"1 1 []\">Lizawka R Uni Slikk to pasza mineralna dla owiec uzupe\u0142niaj\u0105ca dzienn\u0105 dawk\u0119 pokarmow\u0105 o wa\u017cne pierwiastki masowe i \u015bladowe. Wspiera dostarczanie minera\u0142\u00f3w w zale\u017cno\u015bci od potrzeb i jest przeznaczona do podawania w formie lizawki do swobodnego pobierania przez zwierz\u0119ta. <\/p>\n","protected":false},"featured_media":26795,"comment_status":"closed","ping_status":"closed","template":"","meta":{"_acf_changed":false},"product_brand":[],"product_cat":[252,438],"product_tag":[],"class_list":{"0":"post-26860","1":"product","2":"type-product","3":"status-publish","4":"has-post-thumbnail","6":"product_cat-organiczny","7":"product_cat-unkategorisiert-pl","9":"first","10":"instock","11":"shipping-taxable","12":"product-type-simple"},"acf":[],"yoast_head":"<!-- This site is optimized with the Yoast SEO plugin v27.4 - https:\/\/yoast.com\/product\/yoast-seo-wordpress\/ -->\n<title>R- Zwi\u0105zek nieszczelno\u015bci Uni Slikk - Rottmann Group<\/title>\n<meta name=\"description\" content=\"R-Leckmasse Uni Slikk to smaczna lizawka mineralna dla byd\u0142a i owiec. Zawiera wap\u0144, fosfor, s\u00f3d, magnez oraz wa\u017cne pierwiastki \u015bladowe i witaminy, kt\u00f3re zaspokajaj\u0105 zapotrzebowanie na minera\u0142y.\" \/>\n<meta name=\"robots\" content=\"index, follow, max-snippet:-1, max-image-preview:large, max-video-preview:-1\" \/>\n<link rel=\"canonical\" href=\"https:\/\/rottmann-group.de\/pl\/product-pl\/r-zwiazek-nieszczelnosci-uni-slikk\/\" \/>\n<meta property=\"og:locale\" content=\"pl_PL\" \/>\n<meta property=\"og:type\" content=\"article\" \/>\n<meta property=\"og:title\" content=\"R- Zwi\u0105zek nieszczelno\u015bci Uni Slikk - Rottmann Group\" \/>\n<meta property=\"og:description\" content=\"R-Leckmasse Uni Slikk to smaczna lizawka mineralna dla byd\u0142a i owiec. Zawiera wap\u0144, fosfor, s\u00f3d, magnez oraz wa\u017cne pierwiastki \u015bladowe i witaminy, kt\u00f3re zaspokajaj\u0105 zapotrzebowanie na minera\u0142y.\" \/>\n<meta property=\"og:url\" content=\"https:\/\/rottmann-group.de\/pl\/product-pl\/r-zwiazek-nieszczelnosci-uni-slikk\/\" \/>\n<meta property=\"og:site_name\" content=\"Rottmann Group\" \/>\n<meta property=\"article:publisher\" content=\"https:\/\/www.facebook.com\/rottmanngroup\/?locale=de_DE\" \/>\n<meta property=\"article:modified_time\" content=\"2026-04-21T05:11:22+00:00\" \/>\n<meta property=\"og:image\" content=\"https:\/\/rottmann-group.de\/wp-content\/uploads\/2026\/03\/Leckmasse-blau-ohne-Hintergrund.png\" \/>\n\t<meta property=\"og:image:width\" content=\"1440\" \/>\n\t<meta property=\"og:image:height\" content=\"1920\" \/>\n\t<meta property=\"og:image:type\" content=\"image\/png\" \/>\n<meta name=\"twitter:card\" content=\"summary_large_image\" \/>\n<meta name=\"twitter:label1\" content=\"Szacowany czas czytania\" \/>\n\t<meta name=\"twitter:data1\" content=\"1 minuta\" \/>\n<script type=\"application\/ld+json\" class=\"yoast-schema-graph\">{\"@context\":\"https:\\\/\\\/schema.org\",\"@graph\":[{\"@type\":\"WebPage\",\"@id\":\"https:\\\/\\\/rottmann-group.de\\\/pl\\\/product-pl\\\/r-zwiazek-nieszczelnosci-uni-slikk\\\/\",\"url\":\"https:\\\/\\\/rottmann-group.de\\\/pl\\\/product-pl\\\/r-zwiazek-nieszczelnosci-uni-slikk\\\/\",\"name\":\"R- Zwi\u0105zek nieszczelno\u015bci Uni Slikk - Rottmann Group\",\"isPartOf\":{\"@id\":\"https:\\\/\\\/rottmann-group.de\\\/#website\"},\"primaryImageOfPage\":{\"@id\":\"https:\\\/\\\/rottmann-group.de\\\/pl\\\/product-pl\\\/r-zwiazek-nieszczelnosci-uni-slikk\\\/#primaryimage\"},\"image\":{\"@id\":\"https:\\\/\\\/rottmann-group.de\\\/pl\\\/product-pl\\\/r-zwiazek-nieszczelnosci-uni-slikk\\\/#primaryimage\"},\"thumbnailUrl\":\"https:\\\/\\\/rottmann-group.de\\\/wp-content\\\/uploads\\\/2026\\\/03\\\/Leckmasse-blau-ohne-Hintergrund.png\",\"datePublished\":\"2026-03-24T16:13:41+00:00\",\"dateModified\":\"2026-04-21T05:11:22+00:00\",\"description\":\"R-Leckmasse Uni Slikk to smaczna lizawka mineralna dla byd\u0142a i owiec. Zawiera wap\u0144, fosfor, s\u00f3d, magnez oraz wa\u017cne pierwiastki \u015bladowe i witaminy, kt\u00f3re zaspokajaj\u0105 zapotrzebowanie na minera\u0142y.\",\"breadcrumb\":{\"@id\":\"https:\\\/\\\/rottmann-group.de\\\/pl\\\/product-pl\\\/r-zwiazek-nieszczelnosci-uni-slikk\\\/#breadcrumb\"},\"inLanguage\":\"pl-PL\",\"potentialAction\":[{\"@type\":\"ReadAction\",\"target\":[\"https:\\\/\\\/rottmann-group.de\\\/pl\\\/product-pl\\\/r-zwiazek-nieszczelnosci-uni-slikk\\\/\"]}]},{\"@type\":\"ImageObject\",\"inLanguage\":\"pl-PL\",\"@id\":\"https:\\\/\\\/rottmann-group.de\\\/pl\\\/product-pl\\\/r-zwiazek-nieszczelnosci-uni-slikk\\\/#primaryimage\",\"url\":\"https:\\\/\\\/rottmann-group.de\\\/wp-content\\\/uploads\\\/2026\\\/03\\\/Leckmasse-blau-ohne-Hintergrund.png\",\"contentUrl\":\"https:\\\/\\\/rottmann-group.de\\\/wp-content\\\/uploads\\\/2026\\\/03\\\/Leckmasse-blau-ohne-Hintergrund.png\",\"width\":1440,\"height\":1920},{\"@type\":\"BreadcrumbList\",\"@id\":\"https:\\\/\\\/rottmann-group.de\\\/pl\\\/product-pl\\\/r-zwiazek-nieszczelnosci-uni-slikk\\\/#breadcrumb\",\"itemListElement\":[{\"@type\":\"ListItem\",\"position\":1,\"name\":\"Startseite\",\"item\":\"https:\\\/\\\/rottmann-group.de\\\/pl\\\/strona-glowna\\\/\"},{\"@type\":\"ListItem\",\"position\":2,\"name\":\"Shop\",\"item\":\"https:\\\/\\\/rottmann-group.de\\\/shop\\\/\"},{\"@type\":\"ListItem\",\"position\":3,\"name\":\"R- Zwi\u0105zek nieszczelno\u015bci Uni Slikk\"}]},{\"@type\":\"WebSite\",\"@id\":\"https:\\\/\\\/rottmann-group.de\\\/#website\",\"url\":\"https:\\\/\\\/rottmann-group.de\\\/\",\"name\":\"Rottmann Group\",\"description\":\"Das traditionelle Familienunternehmen bietet Ihnen: Ganzheitliche Futterkonzepte, Mahl- und Mischdienstleistungen und Dosiertechnik. Jetzt Kontakt aufnehmen!\",\"publisher\":{\"@id\":\"https:\\\/\\\/rottmann-group.de\\\/#organization\"},\"potentialAction\":[{\"@type\":\"SearchAction\",\"target\":{\"@type\":\"EntryPoint\",\"urlTemplate\":\"https:\\\/\\\/rottmann-group.de\\\/?s={search_term_string}\"},\"query-input\":{\"@type\":\"PropertyValueSpecification\",\"valueRequired\":true,\"valueName\":\"search_term_string\"}}],\"inLanguage\":\"pl-PL\"},{\"@type\":\"Organization\",\"@id\":\"https:\\\/\\\/rottmann-group.de\\\/#organization\",\"name\":\"Rottmann Group\",\"url\":\"https:\\\/\\\/rottmann-group.de\\\/\",\"logo\":{\"@type\":\"ImageObject\",\"inLanguage\":\"pl-PL\",\"@id\":\"https:\\\/\\\/rottmann-group.de\\\/#\\\/schema\\\/logo\\\/image\\\/\",\"url\":\"https:\\\/\\\/rottmann-group.de\\\/wp-content\\\/uploads\\\/2022\\\/11\\\/Bild_Rottmann.jpg\",\"contentUrl\":\"https:\\\/\\\/rottmann-group.de\\\/wp-content\\\/uploads\\\/2022\\\/11\\\/Bild_Rottmann.jpg\",\"width\":999,\"height\":636,\"caption\":\"Rottmann Group\"},\"image\":{\"@id\":\"https:\\\/\\\/rottmann-group.de\\\/#\\\/schema\\\/logo\\\/image\\\/\"},\"sameAs\":[\"https:\\\/\\\/www.facebook.com\\\/rottmanngroup\\\/?locale=de_DE\",\"https:\\\/\\\/www.instagram.com\\\/rottmann_group\\\/\"]}]}<\/script>\n<!-- \/ Yoast SEO plugin. -->","yoast_head_json":{"title":"R- Zwi\u0105zek nieszczelno\u015bci Uni Slikk - Rottmann Group","description":"R-Leckmasse Uni Slikk to smaczna lizawka mineralna dla byd\u0142a i owiec. Zawiera wap\u0144, fosfor, s\u00f3d, magnez oraz wa\u017cne pierwiastki \u015bladowe i witaminy, kt\u00f3re zaspokajaj\u0105 zapotrzebowanie na minera\u0142y.","robots":{"index":"index","follow":"follow","max-snippet":"max-snippet:-1","max-image-preview":"max-image-preview:large","max-video-preview":"max-video-preview:-1"},"canonical":"https:\/\/rottmann-group.de\/pl\/product-pl\/r-zwiazek-nieszczelnosci-uni-slikk\/","og_locale":"pl_PL","og_type":"article","og_title":"R- Zwi\u0105zek nieszczelno\u015bci Uni Slikk - Rottmann Group","og_description":"R-Leckmasse Uni Slikk to smaczna lizawka mineralna dla byd\u0142a i owiec. Zawiera wap\u0144, fosfor, s\u00f3d, magnez oraz wa\u017cne pierwiastki \u015bladowe i witaminy, kt\u00f3re zaspokajaj\u0105 zapotrzebowanie na minera\u0142y.","og_url":"https:\/\/rottmann-group.de\/pl\/product-pl\/r-zwiazek-nieszczelnosci-uni-slikk\/","og_site_name":"Rottmann Group","article_publisher":"https:\/\/www.facebook.com\/rottmanngroup\/?locale=de_DE","article_modified_time":"2026-04-21T05:11:22+00:00","og_image":[{"width":1440,"height":1920,"url":"https:\/\/rottmann-group.de\/wp-content\/uploads\/2026\/03\/Leckmasse-blau-ohne-Hintergrund.png","type":"image\/png"}],"twitter_card":"summary_large_image","twitter_misc":{"Szacowany czas czytania":"1 minuta"},"schema":{"@context":"https:\/\/schema.org","@graph":[{"@type":"WebPage","@id":"https:\/\/rottmann-group.de\/pl\/product-pl\/r-zwiazek-nieszczelnosci-uni-slikk\/","url":"https:\/\/rottmann-group.de\/pl\/product-pl\/r-zwiazek-nieszczelnosci-uni-slikk\/","name":"R- Zwi\u0105zek nieszczelno\u015bci Uni Slikk - Rottmann Group","isPartOf":{"@id":"https:\/\/rottmann-group.de\/#website"},"primaryImageOfPage":{"@id":"https:\/\/rottmann-group.de\/pl\/product-pl\/r-zwiazek-nieszczelnosci-uni-slikk\/#primaryimage"},"image":{"@id":"https:\/\/rottmann-group.de\/pl\/product-pl\/r-zwiazek-nieszczelnosci-uni-slikk\/#primaryimage"},"thumbnailUrl":"https:\/\/rottmann-group.de\/wp-content\/uploads\/2026\/03\/Leckmasse-blau-ohne-Hintergrund.png","datePublished":"2026-03-24T16:13:41+00:00","dateModified":"2026-04-21T05:11:22+00:00","description":"R-Leckmasse Uni Slikk to smaczna lizawka mineralna dla byd\u0142a i owiec. Zawiera wap\u0144, fosfor, s\u00f3d, magnez oraz wa\u017cne pierwiastki \u015bladowe i witaminy, kt\u00f3re zaspokajaj\u0105 zapotrzebowanie na minera\u0142y.","breadcrumb":{"@id":"https:\/\/rottmann-group.de\/pl\/product-pl\/r-zwiazek-nieszczelnosci-uni-slikk\/#breadcrumb"},"inLanguage":"pl-PL","potentialAction":[{"@type":"ReadAction","target":["https:\/\/rottmann-group.de\/pl\/product-pl\/r-zwiazek-nieszczelnosci-uni-slikk\/"]}]},{"@type":"ImageObject","inLanguage":"pl-PL","@id":"https:\/\/rottmann-group.de\/pl\/product-pl\/r-zwiazek-nieszczelnosci-uni-slikk\/#primaryimage","url":"https:\/\/rottmann-group.de\/wp-content\/uploads\/2026\/03\/Leckmasse-blau-ohne-Hintergrund.png","contentUrl":"https:\/\/rottmann-group.de\/wp-content\/uploads\/2026\/03\/Leckmasse-blau-ohne-Hintergrund.png","width":1440,"height":1920},{"@type":"BreadcrumbList","@id":"https:\/\/rottmann-group.de\/pl\/product-pl\/r-zwiazek-nieszczelnosci-uni-slikk\/#breadcrumb","itemListElement":[{"@type":"ListItem","position":1,"name":"Startseite","item":"https:\/\/rottmann-group.de\/pl\/strona-glowna\/"},{"@type":"ListItem","position":2,"name":"Shop","item":"https:\/\/rottmann-group.de\/shop\/"},{"@type":"ListItem","position":3,"name":"R- Zwi\u0105zek nieszczelno\u015bci Uni Slikk"}]},{"@type":"WebSite","@id":"https:\/\/rottmann-group.de\/#website","url":"https:\/\/rottmann-group.de\/","name":"Rottmann Group","description":"Das traditionelle Familienunternehmen bietet Ihnen: Ganzheitliche Futterkonzepte, Mahl- und Mischdienstleistungen und Dosiertechnik. Jetzt Kontakt aufnehmen!","publisher":{"@id":"https:\/\/rottmann-group.de\/#organization"},"potentialAction":[{"@type":"SearchAction","target":{"@type":"EntryPoint","urlTemplate":"https:\/\/rottmann-group.de\/?s={search_term_string}"},"query-input":{"@type":"PropertyValueSpecification","valueRequired":true,"valueName":"search_term_string"}}],"inLanguage":"pl-PL"},{"@type":"Organization","@id":"https:\/\/rottmann-group.de\/#organization","name":"Rottmann Group","url":"https:\/\/rottmann-group.de\/","logo":{"@type":"ImageObject","inLanguage":"pl-PL","@id":"https:\/\/rottmann-group.de\/#\/schema\/logo\/image\/","url":"https:\/\/rottmann-group.de\/wp-content\/uploads\/2022\/11\/Bild_Rottmann.jpg","contentUrl":"https:\/\/rottmann-group.de\/wp-content\/uploads\/2022\/11\/Bild_Rottmann.jpg","width":999,"height":636,"caption":"Rottmann Group"},"image":{"@id":"https:\/\/rottmann-group.de\/#\/schema\/logo\/image\/"},"sameAs":["https:\/\/www.facebook.com\/rottmanngroup\/?locale=de_DE","https:\/\/www.instagram.com\/rottmann_group\/"]}]}},"_links":{"self":[{"href":"https:\/\/rottmann-group.de\/pl\/wp-json\/wp\/v2\/product\/26860","targetHints":{"allow":["GET"]}}],"collection":[{"href":"https:\/\/rottmann-group.de\/pl\/wp-json\/wp\/v2\/product"}],"about":[{"href":"https:\/\/rottmann-group.de\/pl\/wp-json\/wp\/v2\/types\/product"}],"replies":[{"embeddable":true,"href":"https:\/\/rottmann-group.de\/pl\/wp-json\/wp\/v2\/comments?post=26860"}],"wp:featuredmedia":[{"embeddable":true,"href":"https:\/\/rottmann-group.de\/pl\/wp-json\/wp\/v2\/media\/26795"}],"wp:attachment":[{"href":"https:\/\/rottmann-group.de\/pl\/wp-json\/wp\/v2\/media?parent=26860"}],"wp:term":[{"taxonomy":"product_brand","embeddable":true,"href":"https:\/\/rottmann-group.de\/pl\/wp-json\/wp\/v2\/product_brand?post=26860"},{"taxonomy":"product_cat","embeddable":true,"href":"https:\/\/rottmann-group.de\/pl\/wp-json\/wp\/v2\/product_cat?post=26860"},{"taxonomy":"product_tag","embeddable":true,"href":"https:\/\/rottmann-group.de\/pl\/wp-json\/wp\/v2\/product_tag?post=26860"}],"curies":[{"name":"wp","href":"https:\/\/api.w.org\/{rel}","templated":true}]}}