{"id":12713,"date":"2022-08-19T10:57:19","date_gmt":"2022-08-19T08:57:19","guid":{"rendered":"\/produkt\/r-megamast\/"},"modified":"2026-04-09T14:36:39","modified_gmt":"2026-04-09T12:36:39","slug":"r-megamast","status":"publish","type":"product","link":"https:\/\/rottmann-group.de\/pl\/product-pl\/r-megamast\/","title":{"rendered":"R- Megamast"},"content":{"rendered":"<p data-start=\"502\" data-end=\"867\"><strong data-start=\"512\" data-end=\"553\">Zwi\u0119kszona zawarto\u015b\u0107 wapnia i fosforu<\/strong> wspomaga optymalny rozw\u00f3j ko\u015bci, szczeg\u00f3lnie w fazie przedtuczowej: podstawa odpornych zwierz\u0105t i udanego tuczu. Jednocze\u015bnie zr\u00f3wnowa\u017cona poda\u017c <strong data-start=\"748\" data-end=\"793\">lizyny, metioniny, treoniny i tryptofanu<\/strong> zapewnia efektywne wykorzystanie bia\u0142ka i wysok\u0105 wydajno\u015b\u0107 chudego mi\u0119sa. <\/p>\n<p data-start=\"869\" data-end=\"1107\">Zastosowanie <strong data-start=\"885\" data-end=\"896\">fitazy<\/strong> poprawia dost\u0119pno\u015b\u0107 fosforu zwi\u0105zanego w ziarnie i znacznie zwi\u0119ksza wydajno\u015b\u0107 sk\u0142adnik\u00f3w od\u017cywczych. Przyczynia si\u0119 to nie tylko do ekonomicznego \u017cywienia, ale tak\u017ce zmniejsza straty sk\u0142adnik\u00f3w od\u017cywczych. <\/p>\n<p data-start=\"1109\" data-end=\"1417\">Koncepcj\u0119 t\u0119 uzupe\u0142nia <strong data-start=\"1145\" data-end=\"1218\">pe\u0142ne witaminizowanie i optymalnie zbilansowane pierwiastki \u015bladowe<\/strong>, kt\u00f3re w szczeg\u00f3lno\u015bci wspieraj\u0105 procesy metaboliczne, uk\u0142ad odporno\u015bciowy i wydajno\u015b\u0107. Sk\u0142adniki przeciwutleniaj\u0105ce maj\u0105 stabilizuj\u0105cy wp\u0142yw na jako\u015b\u0107 t\u0142uszczu i pomagaj\u0105 zapewni\u0107 jako\u015b\u0107 mi\u0119sa. <\/p>\n<p data-start=\"1419\" data-end=\"1647\">Przy <strong data-start=\"1429\" data-end=\"1465\">zalecanej dawce 3%<\/strong>, R-Megamast mo\u017ce by\u0107 elastycznie zintegrowany z istniej\u0105cymi koncepcjami \u017cywieniowymi i stanowi niezawodn\u0105 podstaw\u0119 udanego tuczu \u015bwi\u0144.<\/p>\n<p data-start=\"1419\" data-end=\"1647\">Je\u015bli masz jakie\u015b pytania, skontaktuj si\u0119 z naszymi doradcami \u017cywieniowymi!<\/p>\n","protected":false},"excerpt":{"rendered":"<p><strong data-start=\"180\" data-end=\"250\">R-Megamast to wysokowydajna pasza mineralna dla tucznik\u00f3w<\/strong>, opracowana w celu zapewnienia bezpiecznego zaopatrzenia w sk\u0142adniki od\u017cywcze, stabilnych podstaw i wysokiej wydajno\u015bci tuczu. Ukierunkowane po\u0142\u0105czenie minera\u0142\u00f3w, witamin i wolnych aminokwas\u00f3w umo\u017cliwia precyzyjne dostosowanie do wymaga\u0144 nowoczesnego tuczu \u015bwi\u0144. <\/p>\n","protected":false},"featured_media":3807,"comment_status":"closed","ping_status":"closed","template":"","meta":{"_acf_changed":false},"product_brand":[],"product_cat":[408,319],"product_tag":[],"class_list":{"0":"post-12713","1":"product","2":"type-product","3":"status-publish","4":"has-post-thumbnail","6":"product_cat-pasza-dla-zwierzat","7":"product_cat-swinie","9":"first","10":"instock","11":"shipping-taxable","12":"product-type-variable","13":"has-default-attributes"},"acf":[],"yoast_head":"<!-- This site is optimized with the Yoast SEO plugin v27.4 - https:\/\/yoast.com\/product\/yoast-seo-wordpress\/ -->\n<title>R- Megamast - Rottmann Group<\/title>\n<meta name=\"description\" content=\"Wydajna pasza mineralna dla tucznik\u00f3w o zoptymalizowanej zawarto\u015bci wapnia i fosforu, aminokwas\u00f3w lizyny, metioniny, treoniny i tryptofanu oraz fitazy.\" \/>\n<meta name=\"robots\" content=\"index, follow, max-snippet:-1, max-image-preview:large, max-video-preview:-1\" \/>\n<link rel=\"canonical\" href=\"https:\/\/rottmann-group.de\/pl\/product-pl\/r-megamast\/\" \/>\n<meta property=\"og:locale\" content=\"pl_PL\" \/>\n<meta property=\"og:type\" content=\"article\" \/>\n<meta property=\"og:title\" content=\"R- Megamast - Rottmann Group\" \/>\n<meta property=\"og:description\" content=\"Wydajna pasza mineralna dla tucznik\u00f3w o zoptymalizowanej zawarto\u015bci wapnia i fosforu, aminokwas\u00f3w lizyny, metioniny, treoniny i tryptofanu oraz fitazy.\" \/>\n<meta property=\"og:url\" content=\"https:\/\/rottmann-group.de\/pl\/product-pl\/r-megamast\/\" \/>\n<meta property=\"og:site_name\" content=\"Rottmann Group\" \/>\n<meta property=\"article:publisher\" content=\"https:\/\/www.facebook.com\/rottmanngroup\/?locale=de_DE\" \/>\n<meta property=\"article:modified_time\" content=\"2026-04-09T12:36:39+00:00\" \/>\n<meta property=\"og:image\" content=\"https:\/\/rottmann-group.de\/wp-content\/uploads\/2022\/08\/Futtermittelsack-R-Megamast.png\" \/>\n\t<meta property=\"og:image:width\" content=\"300\" \/>\n\t<meta property=\"og:image:height\" content=\"300\" \/>\n\t<meta property=\"og:image:type\" content=\"image\/png\" \/>\n<meta name=\"twitter:card\" content=\"summary_large_image\" \/>\n<meta name=\"twitter:label1\" content=\"Szacowany czas czytania\" \/>\n\t<meta name=\"twitter:data1\" content=\"1 minuta\" \/>\n<script type=\"application\/ld+json\" class=\"yoast-schema-graph\">{\"@context\":\"https:\\\/\\\/schema.org\",\"@graph\":[{\"@type\":\"WebPage\",\"@id\":\"https:\\\/\\\/rottmann-group.de\\\/pl\\\/product-pl\\\/r-megamast\\\/\",\"url\":\"https:\\\/\\\/rottmann-group.de\\\/pl\\\/product-pl\\\/r-megamast\\\/\",\"name\":\"R- Megamast - Rottmann Group\",\"isPartOf\":{\"@id\":\"https:\\\/\\\/rottmann-group.de\\\/pl\\\/#website\"},\"primaryImageOfPage\":{\"@id\":\"https:\\\/\\\/rottmann-group.de\\\/pl\\\/product-pl\\\/r-megamast\\\/#primaryimage\"},\"image\":{\"@id\":\"https:\\\/\\\/rottmann-group.de\\\/pl\\\/product-pl\\\/r-megamast\\\/#primaryimage\"},\"thumbnailUrl\":\"https:\\\/\\\/rottmann-group.de\\\/wp-content\\\/uploads\\\/2022\\\/08\\\/Futtermittelsack-R-Megamast.png\",\"datePublished\":\"2022-08-19T08:57:19+00:00\",\"dateModified\":\"2026-04-09T12:36:39+00:00\",\"description\":\"Wydajna pasza mineralna dla tucznik\u00f3w o zoptymalizowanej zawarto\u015bci wapnia i fosforu, aminokwas\u00f3w lizyny, metioniny, treoniny i tryptofanu oraz fitazy.\",\"breadcrumb\":{\"@id\":\"https:\\\/\\\/rottmann-group.de\\\/pl\\\/product-pl\\\/r-megamast\\\/#breadcrumb\"},\"inLanguage\":\"pl-PL\",\"potentialAction\":[{\"@type\":\"ReadAction\",\"target\":[\"https:\\\/\\\/rottmann-group.de\\\/pl\\\/product-pl\\\/r-megamast\\\/\"]}]},{\"@type\":\"ImageObject\",\"inLanguage\":\"pl-PL\",\"@id\":\"https:\\\/\\\/rottmann-group.de\\\/pl\\\/product-pl\\\/r-megamast\\\/#primaryimage\",\"url\":\"https:\\\/\\\/rottmann-group.de\\\/wp-content\\\/uploads\\\/2022\\\/08\\\/Futtermittelsack-R-Megamast.png\",\"contentUrl\":\"https:\\\/\\\/rottmann-group.de\\\/wp-content\\\/uploads\\\/2022\\\/08\\\/Futtermittelsack-R-Megamast.png\",\"width\":300,\"height\":300},{\"@type\":\"BreadcrumbList\",\"@id\":\"https:\\\/\\\/rottmann-group.de\\\/pl\\\/product-pl\\\/r-megamast\\\/#breadcrumb\",\"itemListElement\":[{\"@type\":\"ListItem\",\"position\":1,\"name\":\"Startseite\",\"item\":\"https:\\\/\\\/rottmann-group.de\\\/pl\\\/strona-glowna\\\/\"},{\"@type\":\"ListItem\",\"position\":2,\"name\":\"Sklep\",\"item\":\"https:\\\/\\\/rottmann-group.de\\\/pl\\\/sklep\\\/\"},{\"@type\":\"ListItem\",\"position\":3,\"name\":\"R- Megamast\"}]},{\"@type\":\"WebSite\",\"@id\":\"https:\\\/\\\/rottmann-group.de\\\/pl\\\/#website\",\"url\":\"https:\\\/\\\/rottmann-group.de\\\/pl\\\/\",\"name\":\"Rottmann Group\",\"description\":\"Das traditionelle Familienunternehmen bietet Ihnen: Ganzheitliche Futterkonzepte, Mahl- und Mischdienstleistungen und Dosiertechnik. Jetzt Kontakt aufnehmen!\",\"publisher\":{\"@id\":\"https:\\\/\\\/rottmann-group.de\\\/pl\\\/#organization\"},\"potentialAction\":[{\"@type\":\"SearchAction\",\"target\":{\"@type\":\"EntryPoint\",\"urlTemplate\":\"https:\\\/\\\/rottmann-group.de\\\/pl\\\/?s={search_term_string}\"},\"query-input\":{\"@type\":\"PropertyValueSpecification\",\"valueRequired\":true,\"valueName\":\"search_term_string\"}}],\"inLanguage\":\"pl-PL\"},{\"@type\":\"Organization\",\"@id\":\"https:\\\/\\\/rottmann-group.de\\\/pl\\\/#organization\",\"name\":\"Rottmann Group\",\"url\":\"https:\\\/\\\/rottmann-group.de\\\/pl\\\/\",\"logo\":{\"@type\":\"ImageObject\",\"inLanguage\":\"pl-PL\",\"@id\":\"https:\\\/\\\/rottmann-group.de\\\/pl\\\/#\\\/schema\\\/logo\\\/image\\\/\",\"url\":\"https:\\\/\\\/rottmann-group.de\\\/wp-content\\\/uploads\\\/2022\\\/11\\\/Bild_Rottmann.jpg\",\"contentUrl\":\"https:\\\/\\\/rottmann-group.de\\\/wp-content\\\/uploads\\\/2022\\\/11\\\/Bild_Rottmann.jpg\",\"width\":999,\"height\":636,\"caption\":\"Rottmann Group\"},\"image\":{\"@id\":\"https:\\\/\\\/rottmann-group.de\\\/pl\\\/#\\\/schema\\\/logo\\\/image\\\/\"},\"sameAs\":[\"https:\\\/\\\/www.facebook.com\\\/rottmanngroup\\\/?locale=de_DE\",\"https:\\\/\\\/www.instagram.com\\\/rottmann_group\\\/\"]}]}<\/script>\n<!-- \/ Yoast SEO plugin. -->","yoast_head_json":{"title":"R- Megamast - Rottmann Group","description":"Wydajna pasza mineralna dla tucznik\u00f3w o zoptymalizowanej zawarto\u015bci wapnia i fosforu, aminokwas\u00f3w lizyny, metioniny, treoniny i tryptofanu oraz fitazy.","robots":{"index":"index","follow":"follow","max-snippet":"max-snippet:-1","max-image-preview":"max-image-preview:large","max-video-preview":"max-video-preview:-1"},"canonical":"https:\/\/rottmann-group.de\/pl\/product-pl\/r-megamast\/","og_locale":"pl_PL","og_type":"article","og_title":"R- Megamast - Rottmann Group","og_description":"Wydajna pasza mineralna dla tucznik\u00f3w o zoptymalizowanej zawarto\u015bci wapnia i fosforu, aminokwas\u00f3w lizyny, metioniny, treoniny i tryptofanu oraz fitazy.","og_url":"https:\/\/rottmann-group.de\/pl\/product-pl\/r-megamast\/","og_site_name":"Rottmann Group","article_publisher":"https:\/\/www.facebook.com\/rottmanngroup\/?locale=de_DE","article_modified_time":"2026-04-09T12:36:39+00:00","og_image":[{"width":300,"height":300,"url":"https:\/\/rottmann-group.de\/wp-content\/uploads\/2022\/08\/Futtermittelsack-R-Megamast.png","type":"image\/png"}],"twitter_card":"summary_large_image","twitter_misc":{"Szacowany czas czytania":"1 minuta"},"schema":{"@context":"https:\/\/schema.org","@graph":[{"@type":"WebPage","@id":"https:\/\/rottmann-group.de\/pl\/product-pl\/r-megamast\/","url":"https:\/\/rottmann-group.de\/pl\/product-pl\/r-megamast\/","name":"R- Megamast - Rottmann Group","isPartOf":{"@id":"https:\/\/rottmann-group.de\/pl\/#website"},"primaryImageOfPage":{"@id":"https:\/\/rottmann-group.de\/pl\/product-pl\/r-megamast\/#primaryimage"},"image":{"@id":"https:\/\/rottmann-group.de\/pl\/product-pl\/r-megamast\/#primaryimage"},"thumbnailUrl":"https:\/\/rottmann-group.de\/wp-content\/uploads\/2022\/08\/Futtermittelsack-R-Megamast.png","datePublished":"2022-08-19T08:57:19+00:00","dateModified":"2026-04-09T12:36:39+00:00","description":"Wydajna pasza mineralna dla tucznik\u00f3w o zoptymalizowanej zawarto\u015bci wapnia i fosforu, aminokwas\u00f3w lizyny, metioniny, treoniny i tryptofanu oraz fitazy.","breadcrumb":{"@id":"https:\/\/rottmann-group.de\/pl\/product-pl\/r-megamast\/#breadcrumb"},"inLanguage":"pl-PL","potentialAction":[{"@type":"ReadAction","target":["https:\/\/rottmann-group.de\/pl\/product-pl\/r-megamast\/"]}]},{"@type":"ImageObject","inLanguage":"pl-PL","@id":"https:\/\/rottmann-group.de\/pl\/product-pl\/r-megamast\/#primaryimage","url":"https:\/\/rottmann-group.de\/wp-content\/uploads\/2022\/08\/Futtermittelsack-R-Megamast.png","contentUrl":"https:\/\/rottmann-group.de\/wp-content\/uploads\/2022\/08\/Futtermittelsack-R-Megamast.png","width":300,"height":300},{"@type":"BreadcrumbList","@id":"https:\/\/rottmann-group.de\/pl\/product-pl\/r-megamast\/#breadcrumb","itemListElement":[{"@type":"ListItem","position":1,"name":"Startseite","item":"https:\/\/rottmann-group.de\/pl\/strona-glowna\/"},{"@type":"ListItem","position":2,"name":"Sklep","item":"https:\/\/rottmann-group.de\/pl\/sklep\/"},{"@type":"ListItem","position":3,"name":"R- Megamast"}]},{"@type":"WebSite","@id":"https:\/\/rottmann-group.de\/pl\/#website","url":"https:\/\/rottmann-group.de\/pl\/","name":"Rottmann Group","description":"Das traditionelle Familienunternehmen bietet Ihnen: Ganzheitliche Futterkonzepte, Mahl- und Mischdienstleistungen und Dosiertechnik. Jetzt Kontakt aufnehmen!","publisher":{"@id":"https:\/\/rottmann-group.de\/pl\/#organization"},"potentialAction":[{"@type":"SearchAction","target":{"@type":"EntryPoint","urlTemplate":"https:\/\/rottmann-group.de\/pl\/?s={search_term_string}"},"query-input":{"@type":"PropertyValueSpecification","valueRequired":true,"valueName":"search_term_string"}}],"inLanguage":"pl-PL"},{"@type":"Organization","@id":"https:\/\/rottmann-group.de\/pl\/#organization","name":"Rottmann Group","url":"https:\/\/rottmann-group.de\/pl\/","logo":{"@type":"ImageObject","inLanguage":"pl-PL","@id":"https:\/\/rottmann-group.de\/pl\/#\/schema\/logo\/image\/","url":"https:\/\/rottmann-group.de\/wp-content\/uploads\/2022\/11\/Bild_Rottmann.jpg","contentUrl":"https:\/\/rottmann-group.de\/wp-content\/uploads\/2022\/11\/Bild_Rottmann.jpg","width":999,"height":636,"caption":"Rottmann Group"},"image":{"@id":"https:\/\/rottmann-group.de\/pl\/#\/schema\/logo\/image\/"},"sameAs":["https:\/\/www.facebook.com\/rottmanngroup\/?locale=de_DE","https:\/\/www.instagram.com\/rottmann_group\/"]}]}},"_links":{"self":[{"href":"https:\/\/rottmann-group.de\/pl\/wp-json\/wp\/v2\/product\/12713","targetHints":{"allow":["GET"]}}],"collection":[{"href":"https:\/\/rottmann-group.de\/pl\/wp-json\/wp\/v2\/product"}],"about":[{"href":"https:\/\/rottmann-group.de\/pl\/wp-json\/wp\/v2\/types\/product"}],"replies":[{"embeddable":true,"href":"https:\/\/rottmann-group.de\/pl\/wp-json\/wp\/v2\/comments?post=12713"}],"wp:featuredmedia":[{"embeddable":true,"href":"https:\/\/rottmann-group.de\/pl\/wp-json\/wp\/v2\/media\/3807"}],"wp:attachment":[{"href":"https:\/\/rottmann-group.de\/pl\/wp-json\/wp\/v2\/media?parent=12713"}],"wp:term":[{"taxonomy":"product_brand","embeddable":true,"href":"https:\/\/rottmann-group.de\/pl\/wp-json\/wp\/v2\/product_brand?post=12713"},{"taxonomy":"product_cat","embeddable":true,"href":"https:\/\/rottmann-group.de\/pl\/wp-json\/wp\/v2\/product_cat?post=12713"},{"taxonomy":"product_tag","embeddable":true,"href":"https:\/\/rottmann-group.de\/pl\/wp-json\/wp\/v2\/product_tag?post=12713"}],"curies":[{"name":"wp","href":"https:\/\/api.w.org\/{rel}","templated":true}]}}