{"id":12692,"date":"2022-07-20T12:00:20","date_gmt":"2022-07-20T10:00:20","guid":{"rendered":"\/produkt\/r-top-chelate\/"},"modified":"2025-07-23T09:38:31","modified_gmt":"2025-07-23T07:38:31","slug":"r-top-chelat","status":"publish","type":"product","link":"https:\/\/rottmann-group.de\/pl\/product-pl\/r-top-chelat\/","title":{"rendered":"R- Top Chelate"},"content":{"rendered":"<p>R- Top Chelat to pasza mineralna dla wysokowydajnych kr\u00f3w z dodatkowym bonusem pierwiastk\u00f3w \u015bladowych w postaci zwi\u0105zanej organicznie (chelaty) dla bardziej wydajnej i szybszej dost\u0119pno\u015bci. R- Top Chelat jest odpowiedni dla wysokowydajnych zwierz\u0105t, ale tak\u017ce w sytuacjach stresowych, aby uzupe\u0142ni\u0107 &#8222;magazyny&#8221; zwierz\u0105t i szybciej przywr\u00f3ci\u0107 wydajno\u015b\u0107. <\/p>\n<ul>\n<li>Dla kr\u00f3w w okresie laktacji<\/li>\n<li>Organiczne pierwiastki \u015bladowe zwi\u0105zane z metionin\u0105<\/li>\n<li>Dostarczanie fosforu o wysokiej dost\u0119pno\u015bci biologicznej<\/li>\n<li>Selen chroniony w \u017cwaczu<\/li>\n<li>Top Phenol 80+<\/li>\n<li>Kompleks witamin B<\/li>\n<\/ul>\n","protected":false},"excerpt":{"rendered":"<p>R- Top Chelat to pasza mineralna dla wysokowydajnych kr\u00f3w z dodatkowym bonusem pierwiastk\u00f3w \u015bladowych w postaci zwi\u0105zanej organicznie (chelaty) dla bardziej wydajnej i szybszej dost\u0119pno\u015bci. R- Top Chelat jest odpowiedni dla wysokowydajnych zwierz\u0105t, ale tak\u017ce w sytuacjach stresowych, aby uzupe\u0142ni\u0107 &#8222;magazyny&#8221; zwierz\u0105t i szybciej przywr\u00f3ci\u0107 wydajno\u015b\u0107. <\/p>\n<table width=\"100%\">\n<tbody>\n<tr>\n<td>\n<ul>\n<li>Dla kr\u00f3w w okresie laktacji<\/li>\n<li>Organiczne pierwiastki \u015bladowe zwi\u0105zane z metionin\u0105<\/li>\n<li>Dostarczanie fosforu o wysokiej dost\u0119pno\u015bci biologicznej<\/li>\n<li>Selen chroniony w \u017cwaczu<\/li>\n<li>Top Phenol 80+<\/li>\n<li>Kompleks witamin B<\/li>\n<\/ul>\n<\/td>\n<td><img decoding=\"async\" class=\"alignnone size-full wp-image-672\" src=\"https:\/\/rottmann-group.de\/wp-content\/uploads\/produktpdf\/rottmann-empfehlung-rindermin.png\" alt=\"\" width=\"100\" height=\"100\" data-wp-editing=\"1\"><\/td>\n<\/tr>\n<\/tbody>\n<\/table>\n","protected":false},"featured_media":3901,"comment_status":"closed","ping_status":"closed","template":"","meta":{"_acf_changed":false},"product_brand":[],"product_cat":[408,220],"product_tag":[],"class_list":{"0":"post-12692","1":"product","2":"type-product","3":"status-publish","4":"has-post-thumbnail","6":"product_cat-pasza-dla-zwierzat","7":"product_cat-wolowina","9":"first","10":"instock","11":"downloadable","12":"shipping-taxable","13":"product-type-simple"},"acf":[],"yoast_head":"<!-- This site is optimized with the Yoast SEO plugin v27.4 - https:\/\/yoast.com\/product\/yoast-seo-wordpress\/ -->\n<title>R- Top Chelate - Rottmann Group<\/title>\n<meta name=\"robots\" content=\"index, follow, max-snippet:-1, max-image-preview:large, max-video-preview:-1\" \/>\n<link rel=\"canonical\" href=\"https:\/\/rottmann-group.de\/pl\/product-pl\/r-top-chelat\/\" \/>\n<meta property=\"og:locale\" content=\"pl_PL\" \/>\n<meta property=\"og:type\" content=\"article\" \/>\n<meta property=\"og:title\" content=\"R- Top Chelate - Rottmann Group\" \/>\n<meta property=\"og:description\" content=\"R- Top Chelat to pasza mineralna dla wysokowydajnych kr\u00f3w z dodatkowym bonusem pierwiastk\u00f3w \u015bladowych w postaci zwi\u0105zanej organicznie (chelaty) dla bardziej wydajnej i szybszej dost\u0119pno\u015bci. R- Top Chelat jest odpowiedni dla wysokowydajnych zwierz\u0105t, ale tak\u017ce w sytuacjach stresowych, aby uzupe\u0142ni\u0107 &quot;magazyny&quot; zwierz\u0105t i szybciej przywr\u00f3ci\u0107 wydajno\u015b\u0107.     Dla kr\u00f3w w okresie laktacji  Organiczne pierwiastki \u015bladowe zwi\u0105zane z metionin\u0105  Dostarczanie fosforu o wysokiej dost\u0119pno\u015bci biologicznej  Selen chroniony w \u017cwaczu  Top Phenol 80+  Kompleks witamin B\" \/>\n<meta property=\"og:url\" content=\"https:\/\/rottmann-group.de\/pl\/product-pl\/r-top-chelat\/\" \/>\n<meta property=\"og:site_name\" content=\"Rottmann Group\" \/>\n<meta property=\"article:publisher\" content=\"https:\/\/www.facebook.com\/rottmanngroup\/?locale=de_DE\" \/>\n<meta property=\"article:modified_time\" content=\"2025-07-23T07:38:31+00:00\" \/>\n<meta property=\"og:image\" content=\"https:\/\/rottmann-group.de\/wp-content\/uploads\/2022\/07\/Futtermittelsack-Rind-R-Top-Chelat.png\" \/>\n\t<meta property=\"og:image:width\" content=\"300\" \/>\n\t<meta property=\"og:image:height\" content=\"300\" \/>\n\t<meta property=\"og:image:type\" content=\"image\/png\" \/>\n<meta name=\"twitter:card\" content=\"summary_large_image\" \/>\n<script type=\"application\/ld+json\" class=\"yoast-schema-graph\">{\"@context\":\"https:\\\/\\\/schema.org\",\"@graph\":[{\"@type\":\"WebPage\",\"@id\":\"https:\\\/\\\/rottmann-group.de\\\/pl\\\/product-pl\\\/r-top-chelat\\\/\",\"url\":\"https:\\\/\\\/rottmann-group.de\\\/pl\\\/product-pl\\\/r-top-chelat\\\/\",\"name\":\"R- Top Chelate - Rottmann Group\",\"isPartOf\":{\"@id\":\"https:\\\/\\\/rottmann-group.de\\\/pl\\\/#website\"},\"primaryImageOfPage\":{\"@id\":\"https:\\\/\\\/rottmann-group.de\\\/pl\\\/product-pl\\\/r-top-chelat\\\/#primaryimage\"},\"image\":{\"@id\":\"https:\\\/\\\/rottmann-group.de\\\/pl\\\/product-pl\\\/r-top-chelat\\\/#primaryimage\"},\"thumbnailUrl\":\"https:\\\/\\\/rottmann-group.de\\\/wp-content\\\/uploads\\\/2022\\\/07\\\/Futtermittelsack-Rind-R-Top-Chelat.png\",\"datePublished\":\"2022-07-20T10:00:20+00:00\",\"dateModified\":\"2025-07-23T07:38:31+00:00\",\"breadcrumb\":{\"@id\":\"https:\\\/\\\/rottmann-group.de\\\/pl\\\/product-pl\\\/r-top-chelat\\\/#breadcrumb\"},\"inLanguage\":\"pl-PL\",\"potentialAction\":[{\"@type\":\"ReadAction\",\"target\":[\"https:\\\/\\\/rottmann-group.de\\\/pl\\\/product-pl\\\/r-top-chelat\\\/\"]}]},{\"@type\":\"ImageObject\",\"inLanguage\":\"pl-PL\",\"@id\":\"https:\\\/\\\/rottmann-group.de\\\/pl\\\/product-pl\\\/r-top-chelat\\\/#primaryimage\",\"url\":\"https:\\\/\\\/rottmann-group.de\\\/wp-content\\\/uploads\\\/2022\\\/07\\\/Futtermittelsack-Rind-R-Top-Chelat.png\",\"contentUrl\":\"https:\\\/\\\/rottmann-group.de\\\/wp-content\\\/uploads\\\/2022\\\/07\\\/Futtermittelsack-Rind-R-Top-Chelat.png\",\"width\":300,\"height\":300},{\"@type\":\"BreadcrumbList\",\"@id\":\"https:\\\/\\\/rottmann-group.de\\\/pl\\\/product-pl\\\/r-top-chelat\\\/#breadcrumb\",\"itemListElement\":[{\"@type\":\"ListItem\",\"position\":1,\"name\":\"Startseite\",\"item\":\"https:\\\/\\\/rottmann-group.de\\\/pl\\\/strona-glowna\\\/\"},{\"@type\":\"ListItem\",\"position\":2,\"name\":\"Sklep\",\"item\":\"https:\\\/\\\/rottmann-group.de\\\/pl\\\/sklep\\\/\"},{\"@type\":\"ListItem\",\"position\":3,\"name\":\"R- Top Chelate\"}]},{\"@type\":\"WebSite\",\"@id\":\"https:\\\/\\\/rottmann-group.de\\\/pl\\\/#website\",\"url\":\"https:\\\/\\\/rottmann-group.de\\\/pl\\\/\",\"name\":\"Rottmann Group\",\"description\":\"Das traditionelle Familienunternehmen bietet Ihnen: Ganzheitliche Futterkonzepte, Mahl- und Mischdienstleistungen und Dosiertechnik. Jetzt Kontakt aufnehmen!\",\"publisher\":{\"@id\":\"https:\\\/\\\/rottmann-group.de\\\/pl\\\/#organization\"},\"potentialAction\":[{\"@type\":\"SearchAction\",\"target\":{\"@type\":\"EntryPoint\",\"urlTemplate\":\"https:\\\/\\\/rottmann-group.de\\\/pl\\\/?s={search_term_string}\"},\"query-input\":{\"@type\":\"PropertyValueSpecification\",\"valueRequired\":true,\"valueName\":\"search_term_string\"}}],\"inLanguage\":\"pl-PL\"},{\"@type\":\"Organization\",\"@id\":\"https:\\\/\\\/rottmann-group.de\\\/pl\\\/#organization\",\"name\":\"Rottmann Group\",\"url\":\"https:\\\/\\\/rottmann-group.de\\\/pl\\\/\",\"logo\":{\"@type\":\"ImageObject\",\"inLanguage\":\"pl-PL\",\"@id\":\"https:\\\/\\\/rottmann-group.de\\\/pl\\\/#\\\/schema\\\/logo\\\/image\\\/\",\"url\":\"https:\\\/\\\/rottmann-group.de\\\/wp-content\\\/uploads\\\/2022\\\/11\\\/Bild_Rottmann.jpg\",\"contentUrl\":\"https:\\\/\\\/rottmann-group.de\\\/wp-content\\\/uploads\\\/2022\\\/11\\\/Bild_Rottmann.jpg\",\"width\":999,\"height\":636,\"caption\":\"Rottmann Group\"},\"image\":{\"@id\":\"https:\\\/\\\/rottmann-group.de\\\/pl\\\/#\\\/schema\\\/logo\\\/image\\\/\"},\"sameAs\":[\"https:\\\/\\\/www.facebook.com\\\/rottmanngroup\\\/?locale=de_DE\",\"https:\\\/\\\/www.instagram.com\\\/rottmann_group\\\/\"]}]}<\/script>\n<!-- \/ Yoast SEO plugin. -->","yoast_head_json":{"title":"R- Top Chelate - Rottmann Group","robots":{"index":"index","follow":"follow","max-snippet":"max-snippet:-1","max-image-preview":"max-image-preview:large","max-video-preview":"max-video-preview:-1"},"canonical":"https:\/\/rottmann-group.de\/pl\/product-pl\/r-top-chelat\/","og_locale":"pl_PL","og_type":"article","og_title":"R- Top Chelate - Rottmann Group","og_description":"R- Top Chelat to pasza mineralna dla wysokowydajnych kr\u00f3w z dodatkowym bonusem pierwiastk\u00f3w \u015bladowych w postaci zwi\u0105zanej organicznie (chelaty) dla bardziej wydajnej i szybszej dost\u0119pno\u015bci. R- Top Chelat jest odpowiedni dla wysokowydajnych zwierz\u0105t, ale tak\u017ce w sytuacjach stresowych, aby uzupe\u0142ni\u0107 \"magazyny\" zwierz\u0105t i szybciej przywr\u00f3ci\u0107 wydajno\u015b\u0107.     Dla kr\u00f3w w okresie laktacji  Organiczne pierwiastki \u015bladowe zwi\u0105zane z metionin\u0105  Dostarczanie fosforu o wysokiej dost\u0119pno\u015bci biologicznej  Selen chroniony w \u017cwaczu  Top Phenol 80+  Kompleks witamin B","og_url":"https:\/\/rottmann-group.de\/pl\/product-pl\/r-top-chelat\/","og_site_name":"Rottmann Group","article_publisher":"https:\/\/www.facebook.com\/rottmanngroup\/?locale=de_DE","article_modified_time":"2025-07-23T07:38:31+00:00","og_image":[{"width":300,"height":300,"url":"https:\/\/rottmann-group.de\/wp-content\/uploads\/2022\/07\/Futtermittelsack-Rind-R-Top-Chelat.png","type":"image\/png"}],"twitter_card":"summary_large_image","schema":{"@context":"https:\/\/schema.org","@graph":[{"@type":"WebPage","@id":"https:\/\/rottmann-group.de\/pl\/product-pl\/r-top-chelat\/","url":"https:\/\/rottmann-group.de\/pl\/product-pl\/r-top-chelat\/","name":"R- Top Chelate - Rottmann Group","isPartOf":{"@id":"https:\/\/rottmann-group.de\/pl\/#website"},"primaryImageOfPage":{"@id":"https:\/\/rottmann-group.de\/pl\/product-pl\/r-top-chelat\/#primaryimage"},"image":{"@id":"https:\/\/rottmann-group.de\/pl\/product-pl\/r-top-chelat\/#primaryimage"},"thumbnailUrl":"https:\/\/rottmann-group.de\/wp-content\/uploads\/2022\/07\/Futtermittelsack-Rind-R-Top-Chelat.png","datePublished":"2022-07-20T10:00:20+00:00","dateModified":"2025-07-23T07:38:31+00:00","breadcrumb":{"@id":"https:\/\/rottmann-group.de\/pl\/product-pl\/r-top-chelat\/#breadcrumb"},"inLanguage":"pl-PL","potentialAction":[{"@type":"ReadAction","target":["https:\/\/rottmann-group.de\/pl\/product-pl\/r-top-chelat\/"]}]},{"@type":"ImageObject","inLanguage":"pl-PL","@id":"https:\/\/rottmann-group.de\/pl\/product-pl\/r-top-chelat\/#primaryimage","url":"https:\/\/rottmann-group.de\/wp-content\/uploads\/2022\/07\/Futtermittelsack-Rind-R-Top-Chelat.png","contentUrl":"https:\/\/rottmann-group.de\/wp-content\/uploads\/2022\/07\/Futtermittelsack-Rind-R-Top-Chelat.png","width":300,"height":300},{"@type":"BreadcrumbList","@id":"https:\/\/rottmann-group.de\/pl\/product-pl\/r-top-chelat\/#breadcrumb","itemListElement":[{"@type":"ListItem","position":1,"name":"Startseite","item":"https:\/\/rottmann-group.de\/pl\/strona-glowna\/"},{"@type":"ListItem","position":2,"name":"Sklep","item":"https:\/\/rottmann-group.de\/pl\/sklep\/"},{"@type":"ListItem","position":3,"name":"R- Top Chelate"}]},{"@type":"WebSite","@id":"https:\/\/rottmann-group.de\/pl\/#website","url":"https:\/\/rottmann-group.de\/pl\/","name":"Rottmann Group","description":"Das traditionelle Familienunternehmen bietet Ihnen: Ganzheitliche Futterkonzepte, Mahl- und Mischdienstleistungen und Dosiertechnik. Jetzt Kontakt aufnehmen!","publisher":{"@id":"https:\/\/rottmann-group.de\/pl\/#organization"},"potentialAction":[{"@type":"SearchAction","target":{"@type":"EntryPoint","urlTemplate":"https:\/\/rottmann-group.de\/pl\/?s={search_term_string}"},"query-input":{"@type":"PropertyValueSpecification","valueRequired":true,"valueName":"search_term_string"}}],"inLanguage":"pl-PL"},{"@type":"Organization","@id":"https:\/\/rottmann-group.de\/pl\/#organization","name":"Rottmann Group","url":"https:\/\/rottmann-group.de\/pl\/","logo":{"@type":"ImageObject","inLanguage":"pl-PL","@id":"https:\/\/rottmann-group.de\/pl\/#\/schema\/logo\/image\/","url":"https:\/\/rottmann-group.de\/wp-content\/uploads\/2022\/11\/Bild_Rottmann.jpg","contentUrl":"https:\/\/rottmann-group.de\/wp-content\/uploads\/2022\/11\/Bild_Rottmann.jpg","width":999,"height":636,"caption":"Rottmann Group"},"image":{"@id":"https:\/\/rottmann-group.de\/pl\/#\/schema\/logo\/image\/"},"sameAs":["https:\/\/www.facebook.com\/rottmanngroup\/?locale=de_DE","https:\/\/www.instagram.com\/rottmann_group\/"]}]}},"_links":{"self":[{"href":"https:\/\/rottmann-group.de\/pl\/wp-json\/wp\/v2\/product\/12692","targetHints":{"allow":["GET"]}}],"collection":[{"href":"https:\/\/rottmann-group.de\/pl\/wp-json\/wp\/v2\/product"}],"about":[{"href":"https:\/\/rottmann-group.de\/pl\/wp-json\/wp\/v2\/types\/product"}],"replies":[{"embeddable":true,"href":"https:\/\/rottmann-group.de\/pl\/wp-json\/wp\/v2\/comments?post=12692"}],"wp:featuredmedia":[{"embeddable":true,"href":"https:\/\/rottmann-group.de\/pl\/wp-json\/wp\/v2\/media\/3901"}],"wp:attachment":[{"href":"https:\/\/rottmann-group.de\/pl\/wp-json\/wp\/v2\/media?parent=12692"}],"wp:term":[{"taxonomy":"product_brand","embeddable":true,"href":"https:\/\/rottmann-group.de\/pl\/wp-json\/wp\/v2\/product_brand?post=12692"},{"taxonomy":"product_cat","embeddable":true,"href":"https:\/\/rottmann-group.de\/pl\/wp-json\/wp\/v2\/product_cat?post=12692"},{"taxonomy":"product_tag","embeddable":true,"href":"https:\/\/rottmann-group.de\/pl\/wp-json\/wp\/v2\/product_tag?post=12692"}],"curies":[{"name":"wp","href":"https:\/\/api.w.org\/{rel}","templated":true}]}}