{"id":12595,"date":"2022-07-20T09:06:18","date_gmt":"2022-07-20T07:06:18","guid":{"rendered":"\/produkt\/r-mieszanka-mineralna\/"},"modified":"2025-03-26T16:01:03","modified_gmt":"2025-03-26T15:01:03","slug":"r-mineralmix","status":"publish","type":"product","link":"https:\/\/rottmann-group.de\/pl\/product-pl\/r-mineralmix\/","title":{"rendered":"R- Mieszanka mineralna"},"content":{"rendered":"<p>R-Mineralmix to pasza mineralna dla byd\u0142a, kt\u00f3ra idealnie nadaje si\u0119 do dawek pokarmowych zawieraj\u0105cych kukurydz\u0119. R-Mineralmix oferuje bezpieczne zaopatrzenie dla m\u0142odego byd\u0142a.<br \/>\nSzeroki stosunek Ca\/P (12:1) zapewnia d\u0142ug\u0105 \u017cywotno\u015b\u0107 krowy. R-Mineralmix jest idealnym uzupe\u0142nieniem w\u0142asnej mieszanki zbo\u017cowej.  <\/p>\n<ul>\n<li>w przypadku racji z kukurydz\u0105<\/li>\n<li>Selen chroniony w \u017cwaczu<\/li>\n<li>Top Phenol 80+<\/li>\n<li>Szeroki stosunek Ca\/P (12:1)<\/li>\n<\/ul>\n","protected":false},"excerpt":{"rendered":"<p>R-Mineralmix to pasza mineralna dla byd\u0142a, kt\u00f3ra idealnie nadaje si\u0119 do dawek pokarmowych zawieraj\u0105cych kukurydz\u0119. R-Mineralmix oferuje bezpieczne zaopatrzenie dla m\u0142odego byd\u0142a.<br \/>\nSzeroki stosunek Ca\/P (12:1) zapewnia d\u0142ug\u0105 \u017cywotno\u015b\u0107 krowy. R-Mineralmix jest idealnym uzupe\u0142nieniem w\u0142asnej mieszanki zbo\u017cowej.  <\/p>\n<table width=\"100%\">\n<tbody>\n<tr>\n<td>\n<ul>\n<li>w przypadku racji z kukurydz\u0105<\/li>\n<li>Selen chroniony w \u017cwaczu<\/li>\n<li>Top Phenol 80+<\/li>\n<li>Szeroki stosunek Ca\/P (12:1)<\/li>\n<\/ul>\n<\/td>\n<td><img decoding=\"async\" class=\"alignnone size-full wp-image-672\" src=\"https:\/\/rottmann-group.de\/wp-content\/uploads\/produktpdf\/rottmann-empfehlung-rindermin.png\" alt=\"\" width=\"100\" height=\"100\" data-wp-editing=\"1\"><\/td>\n<\/tr>\n<\/tbody>\n<\/table>\n","protected":false},"featured_media":3610,"comment_status":"closed","ping_status":"closed","template":"","meta":{"_acf_changed":false},"product_brand":[],"product_cat":[408,220],"product_tag":[],"class_list":{"0":"post-12595","1":"product","2":"type-product","3":"status-publish","4":"has-post-thumbnail","6":"product_cat-pasza-dla-zwierzat","7":"product_cat-wolowina","9":"first","10":"instock","11":"downloadable","12":"shipping-taxable","13":"product-type-simple"},"acf":[],"yoast_head":"<!-- This site is optimized with the Yoast SEO plugin v27.4 - https:\/\/yoast.com\/product\/yoast-seo-wordpress\/ -->\n<title>R- Mieszanka mineralna - Rottmann Group<\/title>\n<meta name=\"robots\" content=\"index, follow, max-snippet:-1, max-image-preview:large, max-video-preview:-1\" \/>\n<link rel=\"canonical\" href=\"https:\/\/rottmann-group.de\/pl\/product-pl\/r-mineralmix\/\" \/>\n<meta property=\"og:locale\" content=\"pl_PL\" \/>\n<meta property=\"og:type\" content=\"article\" \/>\n<meta property=\"og:title\" content=\"R- Mieszanka mineralna - Rottmann Group\" \/>\n<meta property=\"og:description\" content=\"R-Mineralmix to pasza mineralna dla byd\u0142a, kt\u00f3ra idealnie nadaje si\u0119 do dawek pokarmowych zawieraj\u0105cych kukurydz\u0119. R-Mineralmix oferuje bezpieczne zaopatrzenie dla m\u0142odego byd\u0142a. Szeroki stosunek Ca\/P (12:1) zapewnia d\u0142ug\u0105 \u017cywotno\u015b\u0107 krowy. R-Mineralmix jest idealnym uzupe\u0142nieniem w\u0142asnej mieszanki zbo\u017cowej.     w przypadku racji z kukurydz\u0105  Selen chroniony w \u017cwaczu  Top Phenol 80+  Szeroki stosunek Ca\/P (12:1)\" \/>\n<meta property=\"og:url\" content=\"https:\/\/rottmann-group.de\/pl\/product-pl\/r-mineralmix\/\" \/>\n<meta property=\"og:site_name\" content=\"Rottmann Group\" \/>\n<meta property=\"article:modified_time\" content=\"2025-03-26T15:01:03+00:00\" \/>\n<meta property=\"og:image\" content=\"https:\/\/rottmann-group.de\/wp-content\/uploads\/2022\/06\/r-mineralmix.png\" \/>\n\t<meta property=\"og:image:width\" content=\"614\" \/>\n\t<meta property=\"og:image:height\" content=\"614\" \/>\n\t<meta property=\"og:image:type\" content=\"image\/png\" \/>\n<meta name=\"twitter:card\" content=\"summary_large_image\" \/>\n<script type=\"application\/ld+json\" class=\"yoast-schema-graph\">{\"@context\":\"https:\\\/\\\/schema.org\",\"@graph\":[{\"@type\":\"WebPage\",\"@id\":\"https:\\\/\\\/rottmann-group.de\\\/pl\\\/product-pl\\\/r-mineralmix\\\/\",\"url\":\"https:\\\/\\\/rottmann-group.de\\\/pl\\\/product-pl\\\/r-mineralmix\\\/\",\"name\":\"R- Mieszanka mineralna - Rottmann Group\",\"isPartOf\":{\"@id\":\"https:\\\/\\\/rottmann-group.de\\\/pl\\\/#website\"},\"primaryImageOfPage\":{\"@id\":\"https:\\\/\\\/rottmann-group.de\\\/pl\\\/product-pl\\\/r-mineralmix\\\/#primaryimage\"},\"image\":{\"@id\":\"https:\\\/\\\/rottmann-group.de\\\/pl\\\/product-pl\\\/r-mineralmix\\\/#primaryimage\"},\"thumbnailUrl\":\"https:\\\/\\\/rottmann-group.de\\\/wp-content\\\/uploads\\\/2022\\\/06\\\/r-mineralmix.png\",\"datePublished\":\"2022-07-20T07:06:18+00:00\",\"dateModified\":\"2025-03-26T15:01:03+00:00\",\"breadcrumb\":{\"@id\":\"https:\\\/\\\/rottmann-group.de\\\/pl\\\/product-pl\\\/r-mineralmix\\\/#breadcrumb\"},\"inLanguage\":\"pl-PL\",\"potentialAction\":[{\"@type\":\"ReadAction\",\"target\":[\"https:\\\/\\\/rottmann-group.de\\\/pl\\\/product-pl\\\/r-mineralmix\\\/\"]}]},{\"@type\":\"ImageObject\",\"inLanguage\":\"pl-PL\",\"@id\":\"https:\\\/\\\/rottmann-group.de\\\/pl\\\/product-pl\\\/r-mineralmix\\\/#primaryimage\",\"url\":\"https:\\\/\\\/rottmann-group.de\\\/wp-content\\\/uploads\\\/2022\\\/06\\\/r-mineralmix.png\",\"contentUrl\":\"https:\\\/\\\/rottmann-group.de\\\/wp-content\\\/uploads\\\/2022\\\/06\\\/r-mineralmix.png\",\"width\":614,\"height\":614},{\"@type\":\"BreadcrumbList\",\"@id\":\"https:\\\/\\\/rottmann-group.de\\\/pl\\\/product-pl\\\/r-mineralmix\\\/#breadcrumb\",\"itemListElement\":[{\"@type\":\"ListItem\",\"position\":1,\"name\":\"Startseite\",\"item\":\"https:\\\/\\\/rottmann-group.de\\\/pl\\\/strona-glowna\\\/\"},{\"@type\":\"ListItem\",\"position\":2,\"name\":\"Sklep\",\"item\":\"https:\\\/\\\/rottmann-group.de\\\/pl\\\/sklep\\\/\"},{\"@type\":\"ListItem\",\"position\":3,\"name\":\"R- Mieszanka mineralna\"}]},{\"@type\":\"WebSite\",\"@id\":\"https:\\\/\\\/rottmann-group.de\\\/pl\\\/#website\",\"url\":\"https:\\\/\\\/rottmann-group.de\\\/pl\\\/\",\"name\":\"Rottmann Group\",\"description\":\"Das traditionelle Familienunternehmen bietet Ihnen: Ganzheitliche Futterkonzepte, Mahl- und Mischdienstleistungen und Dosiertechnik. Jetzt Kontakt aufnehmen!\",\"potentialAction\":[{\"@type\":\"SearchAction\",\"target\":{\"@type\":\"EntryPoint\",\"urlTemplate\":\"https:\\\/\\\/rottmann-group.de\\\/pl\\\/?s={search_term_string}\"},\"query-input\":{\"@type\":\"PropertyValueSpecification\",\"valueRequired\":true,\"valueName\":\"search_term_string\"}}],\"inLanguage\":\"pl-PL\"}]}<\/script>\n<!-- \/ Yoast SEO plugin. -->","yoast_head_json":{"title":"R- Mieszanka mineralna - Rottmann Group","robots":{"index":"index","follow":"follow","max-snippet":"max-snippet:-1","max-image-preview":"max-image-preview:large","max-video-preview":"max-video-preview:-1"},"canonical":"https:\/\/rottmann-group.de\/pl\/product-pl\/r-mineralmix\/","og_locale":"pl_PL","og_type":"article","og_title":"R- Mieszanka mineralna - Rottmann Group","og_description":"R-Mineralmix to pasza mineralna dla byd\u0142a, kt\u00f3ra idealnie nadaje si\u0119 do dawek pokarmowych zawieraj\u0105cych kukurydz\u0119. R-Mineralmix oferuje bezpieczne zaopatrzenie dla m\u0142odego byd\u0142a. Szeroki stosunek Ca\/P (12:1) zapewnia d\u0142ug\u0105 \u017cywotno\u015b\u0107 krowy. R-Mineralmix jest idealnym uzupe\u0142nieniem w\u0142asnej mieszanki zbo\u017cowej.     w przypadku racji z kukurydz\u0105  Selen chroniony w \u017cwaczu  Top Phenol 80+  Szeroki stosunek Ca\/P (12:1)","og_url":"https:\/\/rottmann-group.de\/pl\/product-pl\/r-mineralmix\/","og_site_name":"Rottmann Group","article_modified_time":"2025-03-26T15:01:03+00:00","og_image":[{"width":614,"height":614,"url":"https:\/\/rottmann-group.de\/wp-content\/uploads\/2022\/06\/r-mineralmix.png","type":"image\/png"}],"twitter_card":"summary_large_image","schema":{"@context":"https:\/\/schema.org","@graph":[{"@type":"WebPage","@id":"https:\/\/rottmann-group.de\/pl\/product-pl\/r-mineralmix\/","url":"https:\/\/rottmann-group.de\/pl\/product-pl\/r-mineralmix\/","name":"R- Mieszanka mineralna - Rottmann Group","isPartOf":{"@id":"https:\/\/rottmann-group.de\/pl\/#website"},"primaryImageOfPage":{"@id":"https:\/\/rottmann-group.de\/pl\/product-pl\/r-mineralmix\/#primaryimage"},"image":{"@id":"https:\/\/rottmann-group.de\/pl\/product-pl\/r-mineralmix\/#primaryimage"},"thumbnailUrl":"https:\/\/rottmann-group.de\/wp-content\/uploads\/2022\/06\/r-mineralmix.png","datePublished":"2022-07-20T07:06:18+00:00","dateModified":"2025-03-26T15:01:03+00:00","breadcrumb":{"@id":"https:\/\/rottmann-group.de\/pl\/product-pl\/r-mineralmix\/#breadcrumb"},"inLanguage":"pl-PL","potentialAction":[{"@type":"ReadAction","target":["https:\/\/rottmann-group.de\/pl\/product-pl\/r-mineralmix\/"]}]},{"@type":"ImageObject","inLanguage":"pl-PL","@id":"https:\/\/rottmann-group.de\/pl\/product-pl\/r-mineralmix\/#primaryimage","url":"https:\/\/rottmann-group.de\/wp-content\/uploads\/2022\/06\/r-mineralmix.png","contentUrl":"https:\/\/rottmann-group.de\/wp-content\/uploads\/2022\/06\/r-mineralmix.png","width":614,"height":614},{"@type":"BreadcrumbList","@id":"https:\/\/rottmann-group.de\/pl\/product-pl\/r-mineralmix\/#breadcrumb","itemListElement":[{"@type":"ListItem","position":1,"name":"Startseite","item":"https:\/\/rottmann-group.de\/pl\/strona-glowna\/"},{"@type":"ListItem","position":2,"name":"Sklep","item":"https:\/\/rottmann-group.de\/pl\/sklep\/"},{"@type":"ListItem","position":3,"name":"R- Mieszanka mineralna"}]},{"@type":"WebSite","@id":"https:\/\/rottmann-group.de\/pl\/#website","url":"https:\/\/rottmann-group.de\/pl\/","name":"Rottmann Group","description":"Das traditionelle Familienunternehmen bietet Ihnen: Ganzheitliche Futterkonzepte, Mahl- und Mischdienstleistungen und Dosiertechnik. Jetzt Kontakt aufnehmen!","potentialAction":[{"@type":"SearchAction","target":{"@type":"EntryPoint","urlTemplate":"https:\/\/rottmann-group.de\/pl\/?s={search_term_string}"},"query-input":{"@type":"PropertyValueSpecification","valueRequired":true,"valueName":"search_term_string"}}],"inLanguage":"pl-PL"}]}},"_links":{"self":[{"href":"https:\/\/rottmann-group.de\/pl\/wp-json\/wp\/v2\/product\/12595","targetHints":{"allow":["GET"]}}],"collection":[{"href":"https:\/\/rottmann-group.de\/pl\/wp-json\/wp\/v2\/product"}],"about":[{"href":"https:\/\/rottmann-group.de\/pl\/wp-json\/wp\/v2\/types\/product"}],"replies":[{"embeddable":true,"href":"https:\/\/rottmann-group.de\/pl\/wp-json\/wp\/v2\/comments?post=12595"}],"wp:featuredmedia":[{"embeddable":true,"href":"https:\/\/rottmann-group.de\/pl\/wp-json\/wp\/v2\/media\/3610"}],"wp:attachment":[{"href":"https:\/\/rottmann-group.de\/pl\/wp-json\/wp\/v2\/media?parent=12595"}],"wp:term":[{"taxonomy":"product_brand","embeddable":true,"href":"https:\/\/rottmann-group.de\/pl\/wp-json\/wp\/v2\/product_brand?post=12595"},{"taxonomy":"product_cat","embeddable":true,"href":"https:\/\/rottmann-group.de\/pl\/wp-json\/wp\/v2\/product_cat?post=12595"},{"taxonomy":"product_tag","embeddable":true,"href":"https:\/\/rottmann-group.de\/pl\/wp-json\/wp\/v2\/product_tag?post=12595"}],"curies":[{"name":"wp","href":"https:\/\/api.w.org\/{rel}","templated":true}]}}