{"id":12555,"date":"2022-06-29T17:10:21","date_gmt":"2022-06-29T15:10:21","guid":{"rendered":"\/produkt\/r-pro-cid-sk\/"},"modified":"2025-03-26T16:00:19","modified_gmt":"2025-03-26T15:00:19","slug":"futtersaeuren","status":"publish","type":"product","link":"https:\/\/rottmann-group.de\/pl\/product-pl\/futtersaeuren\/","title":{"rendered":"R- Pro CID SK"},"content":{"rendered":"<p>Zawiera kwasy organiczne i ich sole. S\u0105 one szeroko i z powodzeniem stosowane w intensywnej produkcji zwierz\u0119cej. Wyst\u0119puj\u0105 one w przyrodzie jako normalny sk\u0142adnik ro\u015blin lub tkanek zwierz\u0119cych.<br \/>\nSzeroko zakrojone badania wykaza\u0142y, \u017ce stosowanie kwas\u00f3w organicznych i ich soli w paszach dla zwierz\u0105t poprawia ich wydajno\u015b\u0107 poprzez utrzymywanie pod kontrol\u0105 bakterii, ple\u015bni i innych szkodliwych mikroorganizm\u00f3w.<\/p>\n<ul>\n<li>Zr\u00f3wnowa\u017cona mieszanka silnych kwas\u00f3w organicznych<\/li>\n<li>Zakwaszanie<\/li>\n<li>Antybakteryjne (przeciwko E. coli, salmonelli, campylobacter itp.) w paszy<\/li>\n<li>Konserwacja paszy<\/li>\n<li>Lepsze trawienie wst\u0119pne<\/li>\n<\/ul>\n","protected":false},"excerpt":{"rendered":"<p>R- Pro CID SK zawiera kwas mr\u00f3wkowy i kwas mlekowy.<\/p>\n","protected":false},"featured_media":11752,"comment_status":"closed","ping_status":"closed","template":"","meta":{"_acf_changed":false},"product_brand":[],"product_cat":[341],"product_tag":[],"class_list":{"0":"post-12555","1":"product","2":"type-product","3":"status-publish","4":"has-post-thumbnail","6":"product_cat-kwasy-paszowe","8":"first","9":"instock","10":"downloadable","11":"shipping-taxable","12":"product-type-simple"},"acf":[],"yoast_head":"<!-- This site is optimized with the Yoast SEO plugin v27.4 - https:\/\/yoast.com\/product\/yoast-seo-wordpress\/ -->\n<title>R- Pro CID SK - Rottmann Group<\/title>\n<meta name=\"robots\" content=\"index, follow, max-snippet:-1, max-image-preview:large, max-video-preview:-1\" \/>\n<link rel=\"canonical\" href=\"https:\/\/rottmann-group.de\/pl\/product-pl\/futtersaeuren\/\" \/>\n<meta property=\"og:locale\" content=\"pl_PL\" \/>\n<meta property=\"og:type\" content=\"article\" \/>\n<meta property=\"og:title\" content=\"R- Pro CID SK - Rottmann Group\" \/>\n<meta property=\"og:description\" content=\"R- Pro CID SK zawiera kwas mr\u00f3wkowy i kwas mlekowy.\" \/>\n<meta property=\"og:url\" content=\"https:\/\/rottmann-group.de\/pl\/product-pl\/futtersaeuren\/\" \/>\n<meta property=\"og:site_name\" content=\"Rottmann Group\" \/>\n<meta property=\"article:publisher\" content=\"https:\/\/www.facebook.com\/rottmanngroup\/?locale=de_DE\" \/>\n<meta property=\"article:modified_time\" content=\"2025-03-26T15:00:19+00:00\" \/>\n<meta property=\"og:image\" content=\"https:\/\/rottmann-group.de\/wp-content\/uploads\/2022\/08\/6ee1bf8a-a129-429f-adb1-70eb0cbc5d6e-1024x768.png\" \/>\n\t<meta property=\"og:image:width\" content=\"1024\" \/>\n\t<meta property=\"og:image:height\" content=\"768\" \/>\n\t<meta property=\"og:image:type\" content=\"image\/png\" \/>\n<meta name=\"twitter:card\" content=\"summary_large_image\" \/>\n<script type=\"application\/ld+json\" class=\"yoast-schema-graph\">{\"@context\":\"https:\\\/\\\/schema.org\",\"@graph\":[{\"@type\":\"WebPage\",\"@id\":\"https:\\\/\\\/rottmann-group.de\\\/pl\\\/product-pl\\\/futtersaeuren\\\/\",\"url\":\"https:\\\/\\\/rottmann-group.de\\\/pl\\\/product-pl\\\/futtersaeuren\\\/\",\"name\":\"R- Pro CID SK - Rottmann Group\",\"isPartOf\":{\"@id\":\"https:\\\/\\\/rottmann-group.de\\\/pl\\\/#website\"},\"primaryImageOfPage\":{\"@id\":\"https:\\\/\\\/rottmann-group.de\\\/pl\\\/product-pl\\\/futtersaeuren\\\/#primaryimage\"},\"image\":{\"@id\":\"https:\\\/\\\/rottmann-group.de\\\/pl\\\/product-pl\\\/futtersaeuren\\\/#primaryimage\"},\"thumbnailUrl\":\"https:\\\/\\\/rottmann-group.de\\\/wp-content\\\/uploads\\\/2022\\\/08\\\/6ee1bf8a-a129-429f-adb1-70eb0cbc5d6e.png\",\"datePublished\":\"2022-06-29T15:10:21+00:00\",\"dateModified\":\"2025-03-26T15:00:19+00:00\",\"breadcrumb\":{\"@id\":\"https:\\\/\\\/rottmann-group.de\\\/pl\\\/product-pl\\\/futtersaeuren\\\/#breadcrumb\"},\"inLanguage\":\"pl-PL\",\"potentialAction\":[{\"@type\":\"ReadAction\",\"target\":[\"https:\\\/\\\/rottmann-group.de\\\/pl\\\/product-pl\\\/futtersaeuren\\\/\"]}]},{\"@type\":\"ImageObject\",\"inLanguage\":\"pl-PL\",\"@id\":\"https:\\\/\\\/rottmann-group.de\\\/pl\\\/product-pl\\\/futtersaeuren\\\/#primaryimage\",\"url\":\"https:\\\/\\\/rottmann-group.de\\\/wp-content\\\/uploads\\\/2022\\\/08\\\/6ee1bf8a-a129-429f-adb1-70eb0cbc5d6e.png\",\"contentUrl\":\"https:\\\/\\\/rottmann-group.de\\\/wp-content\\\/uploads\\\/2022\\\/08\\\/6ee1bf8a-a129-429f-adb1-70eb0cbc5d6e.png\",\"width\":2560,\"height\":1920},{\"@type\":\"BreadcrumbList\",\"@id\":\"https:\\\/\\\/rottmann-group.de\\\/pl\\\/product-pl\\\/futtersaeuren\\\/#breadcrumb\",\"itemListElement\":[{\"@type\":\"ListItem\",\"position\":1,\"name\":\"Startseite\",\"item\":\"https:\\\/\\\/rottmann-group.de\\\/pl\\\/strona-glowna\\\/\"},{\"@type\":\"ListItem\",\"position\":2,\"name\":\"Sklep\",\"item\":\"https:\\\/\\\/rottmann-group.de\\\/pl\\\/sklep\\\/\"},{\"@type\":\"ListItem\",\"position\":3,\"name\":\"R- Pro CID SK\"}]},{\"@type\":\"WebSite\",\"@id\":\"https:\\\/\\\/rottmann-group.de\\\/pl\\\/#website\",\"url\":\"https:\\\/\\\/rottmann-group.de\\\/pl\\\/\",\"name\":\"Rottmann Group\",\"description\":\"Das traditionelle Familienunternehmen bietet Ihnen: Ganzheitliche Futterkonzepte, Mahl- und Mischdienstleistungen und Dosiertechnik. Jetzt Kontakt aufnehmen!\",\"publisher\":{\"@id\":\"https:\\\/\\\/rottmann-group.de\\\/pl\\\/#organization\"},\"potentialAction\":[{\"@type\":\"SearchAction\",\"target\":{\"@type\":\"EntryPoint\",\"urlTemplate\":\"https:\\\/\\\/rottmann-group.de\\\/pl\\\/?s={search_term_string}\"},\"query-input\":{\"@type\":\"PropertyValueSpecification\",\"valueRequired\":true,\"valueName\":\"search_term_string\"}}],\"inLanguage\":\"pl-PL\"},{\"@type\":\"Organization\",\"@id\":\"https:\\\/\\\/rottmann-group.de\\\/pl\\\/#organization\",\"name\":\"Rottmann Group\",\"url\":\"https:\\\/\\\/rottmann-group.de\\\/pl\\\/\",\"logo\":{\"@type\":\"ImageObject\",\"inLanguage\":\"pl-PL\",\"@id\":\"https:\\\/\\\/rottmann-group.de\\\/pl\\\/#\\\/schema\\\/logo\\\/image\\\/\",\"url\":\"https:\\\/\\\/rottmann-group.de\\\/wp-content\\\/uploads\\\/2022\\\/11\\\/Bild_Rottmann.jpg\",\"contentUrl\":\"https:\\\/\\\/rottmann-group.de\\\/wp-content\\\/uploads\\\/2022\\\/11\\\/Bild_Rottmann.jpg\",\"width\":999,\"height\":636,\"caption\":\"Rottmann Group\"},\"image\":{\"@id\":\"https:\\\/\\\/rottmann-group.de\\\/pl\\\/#\\\/schema\\\/logo\\\/image\\\/\"},\"sameAs\":[\"https:\\\/\\\/www.facebook.com\\\/rottmanngroup\\\/?locale=de_DE\",\"https:\\\/\\\/www.instagram.com\\\/rottmann_group\\\/\"]}]}<\/script>\n<!-- \/ Yoast SEO plugin. -->","yoast_head_json":{"title":"R- Pro CID SK - Rottmann Group","robots":{"index":"index","follow":"follow","max-snippet":"max-snippet:-1","max-image-preview":"max-image-preview:large","max-video-preview":"max-video-preview:-1"},"canonical":"https:\/\/rottmann-group.de\/pl\/product-pl\/futtersaeuren\/","og_locale":"pl_PL","og_type":"article","og_title":"R- Pro CID SK - Rottmann Group","og_description":"R- Pro CID SK zawiera kwas mr\u00f3wkowy i kwas mlekowy.","og_url":"https:\/\/rottmann-group.de\/pl\/product-pl\/futtersaeuren\/","og_site_name":"Rottmann Group","article_publisher":"https:\/\/www.facebook.com\/rottmanngroup\/?locale=de_DE","article_modified_time":"2025-03-26T15:00:19+00:00","og_image":[{"width":1024,"height":768,"url":"https:\/\/rottmann-group.de\/wp-content\/uploads\/2022\/08\/6ee1bf8a-a129-429f-adb1-70eb0cbc5d6e-1024x768.png","type":"image\/png"}],"twitter_card":"summary_large_image","schema":{"@context":"https:\/\/schema.org","@graph":[{"@type":"WebPage","@id":"https:\/\/rottmann-group.de\/pl\/product-pl\/futtersaeuren\/","url":"https:\/\/rottmann-group.de\/pl\/product-pl\/futtersaeuren\/","name":"R- Pro CID SK - Rottmann Group","isPartOf":{"@id":"https:\/\/rottmann-group.de\/pl\/#website"},"primaryImageOfPage":{"@id":"https:\/\/rottmann-group.de\/pl\/product-pl\/futtersaeuren\/#primaryimage"},"image":{"@id":"https:\/\/rottmann-group.de\/pl\/product-pl\/futtersaeuren\/#primaryimage"},"thumbnailUrl":"https:\/\/rottmann-group.de\/wp-content\/uploads\/2022\/08\/6ee1bf8a-a129-429f-adb1-70eb0cbc5d6e.png","datePublished":"2022-06-29T15:10:21+00:00","dateModified":"2025-03-26T15:00:19+00:00","breadcrumb":{"@id":"https:\/\/rottmann-group.de\/pl\/product-pl\/futtersaeuren\/#breadcrumb"},"inLanguage":"pl-PL","potentialAction":[{"@type":"ReadAction","target":["https:\/\/rottmann-group.de\/pl\/product-pl\/futtersaeuren\/"]}]},{"@type":"ImageObject","inLanguage":"pl-PL","@id":"https:\/\/rottmann-group.de\/pl\/product-pl\/futtersaeuren\/#primaryimage","url":"https:\/\/rottmann-group.de\/wp-content\/uploads\/2022\/08\/6ee1bf8a-a129-429f-adb1-70eb0cbc5d6e.png","contentUrl":"https:\/\/rottmann-group.de\/wp-content\/uploads\/2022\/08\/6ee1bf8a-a129-429f-adb1-70eb0cbc5d6e.png","width":2560,"height":1920},{"@type":"BreadcrumbList","@id":"https:\/\/rottmann-group.de\/pl\/product-pl\/futtersaeuren\/#breadcrumb","itemListElement":[{"@type":"ListItem","position":1,"name":"Startseite","item":"https:\/\/rottmann-group.de\/pl\/strona-glowna\/"},{"@type":"ListItem","position":2,"name":"Sklep","item":"https:\/\/rottmann-group.de\/pl\/sklep\/"},{"@type":"ListItem","position":3,"name":"R- Pro CID SK"}]},{"@type":"WebSite","@id":"https:\/\/rottmann-group.de\/pl\/#website","url":"https:\/\/rottmann-group.de\/pl\/","name":"Rottmann Group","description":"Das traditionelle Familienunternehmen bietet Ihnen: Ganzheitliche Futterkonzepte, Mahl- und Mischdienstleistungen und Dosiertechnik. Jetzt Kontakt aufnehmen!","publisher":{"@id":"https:\/\/rottmann-group.de\/pl\/#organization"},"potentialAction":[{"@type":"SearchAction","target":{"@type":"EntryPoint","urlTemplate":"https:\/\/rottmann-group.de\/pl\/?s={search_term_string}"},"query-input":{"@type":"PropertyValueSpecification","valueRequired":true,"valueName":"search_term_string"}}],"inLanguage":"pl-PL"},{"@type":"Organization","@id":"https:\/\/rottmann-group.de\/pl\/#organization","name":"Rottmann Group","url":"https:\/\/rottmann-group.de\/pl\/","logo":{"@type":"ImageObject","inLanguage":"pl-PL","@id":"https:\/\/rottmann-group.de\/pl\/#\/schema\/logo\/image\/","url":"https:\/\/rottmann-group.de\/wp-content\/uploads\/2022\/11\/Bild_Rottmann.jpg","contentUrl":"https:\/\/rottmann-group.de\/wp-content\/uploads\/2022\/11\/Bild_Rottmann.jpg","width":999,"height":636,"caption":"Rottmann Group"},"image":{"@id":"https:\/\/rottmann-group.de\/pl\/#\/schema\/logo\/image\/"},"sameAs":["https:\/\/www.facebook.com\/rottmanngroup\/?locale=de_DE","https:\/\/www.instagram.com\/rottmann_group\/"]}]}},"_links":{"self":[{"href":"https:\/\/rottmann-group.de\/pl\/wp-json\/wp\/v2\/product\/12555","targetHints":{"allow":["GET"]}}],"collection":[{"href":"https:\/\/rottmann-group.de\/pl\/wp-json\/wp\/v2\/product"}],"about":[{"href":"https:\/\/rottmann-group.de\/pl\/wp-json\/wp\/v2\/types\/product"}],"replies":[{"embeddable":true,"href":"https:\/\/rottmann-group.de\/pl\/wp-json\/wp\/v2\/comments?post=12555"}],"wp:featuredmedia":[{"embeddable":true,"href":"https:\/\/rottmann-group.de\/pl\/wp-json\/wp\/v2\/media\/11752"}],"wp:attachment":[{"href":"https:\/\/rottmann-group.de\/pl\/wp-json\/wp\/v2\/media?parent=12555"}],"wp:term":[{"taxonomy":"product_brand","embeddable":true,"href":"https:\/\/rottmann-group.de\/pl\/wp-json\/wp\/v2\/product_brand?post=12555"},{"taxonomy":"product_cat","embeddable":true,"href":"https:\/\/rottmann-group.de\/pl\/wp-json\/wp\/v2\/product_cat?post=12555"},{"taxonomy":"product_tag","embeddable":true,"href":"https:\/\/rottmann-group.de\/pl\/wp-json\/wp\/v2\/product_tag?post=12555"}],"curies":[{"name":"wp","href":"https:\/\/api.w.org\/{rel}","templated":true}]}}