{"id":12135,"date":"2024-03-20T10:44:12","date_gmt":"2024-03-20T09:44:12","guid":{"rendered":"\/produkt\/cieleta-tmr\/"},"modified":"2026-04-22T07:56:04","modified_gmt":"2026-04-22T05:56:04","slug":"kaelber-tmr","status":"publish","type":"product","link":"https:\/\/rottmann-group.de\/pl\/produkt\/kaelber-tmr\/","title":{"rendered":"Ciel\u0119ta TMR"},"content":{"rendered":"<h4>1. TMR dla ciel\u0105t dla udanego odchowu<\/h4>\n<p>R-K\u00e4lber TMR to specjalnie opracowana ca\u0142kowita mieszanka paszowa do odchowu ciel\u0105t, zaprojektowana z my\u015bl\u0105 o stabilnym rozwoju i wysokiej witalno\u015bci. Dzi\u0119ki zharmonizowanemu po\u0142\u0105czeniu sk\u0142adnik\u00f3w energetycznych, strukturalnych i funkcjonalnych wspomaga optymalny pocz\u0105tek fazy odchowu i zapewnia bezpieczne i praktyczne \u017cywienie. <\/p>\n<ul data-start=\"610\" data-end=\"744\">\n<li data-section-id=\"1snc790\" data-start=\"610\" data-end=\"651\">opracowany dla ciel\u0105t podczas odchowu<\/li>\n<li data-section-id=\"1s6bnd6\" data-start=\"652\" data-end=\"693\">wspomaga wczesne pobieranie paszy<\/li>\n<li data-section-id=\"u13b1x\" data-start=\"694\" data-end=\"744\">dla stabilnego i ekonomicznego \u017cywienia<\/li>\n<\/ul>\n<h4 data-section-id=\"1i8ybfd\" data-start=\"751\" data-end=\"813\">2. z przefermentowanymi sk\u0142adnikami i autolizowanymi dro\u017cd\u017cami<\/h4>\n<p data-start=\"815\" data-end=\"1108\">Receptura R-K\u00e4lber TMR opiera si\u0119 na wysokiej jako\u015bci, strawionych surowcach, kt\u00f3re zapewniaj\u0105 wysok\u0105 strawno\u015b\u0107. Koncepcj\u0119 t\u0119 uzupe\u0142niaj\u0105 autolizowane dro\u017cd\u017ce, kt\u00f3re w szczeg\u00f3lno\u015bci promuj\u0105 rozw\u00f3j i aktywno\u015b\u0107 wa\u017cnych bakterii \u017cwacza, a tym samym poprawiaj\u0105 konwersj\u0119 paszy. <\/p>\n<ul data-start=\"1110\" data-end=\"1329\">\n<li data-section-id=\"gzus72\" data-start=\"1110\" data-end=\"1154\">Wysokiej jako\u015bci, uszkodzone komponenty<\/li>\n<li data-section-id=\"jpspzi\" data-start=\"1155\" data-end=\"1209\">Wysoka smakowito\u015b\u0107 dla optymalnego spo\u017cycia paszy<\/li>\n<li data-section-id=\"3saf1\" data-start=\"1210\" data-end=\"1271\">z autolizowanymi dro\u017cd\u017cami w celu promowania bakterii \u017cwacza<\/li>\n<li data-section-id=\"ez2dbl\" data-start=\"1272\" data-end=\"1329\">wspiera wykorzystanie paszy podstawowej i tre\u015bciwej<\/li>\n<\/ul>\n<h4 data-section-id=\"1x7gt7g\" data-start=\"1336\" data-end=\"1394\">3. dla witalno\u015bci, rozwoju \u017cwacza i wydajno\u015bci paszy<\/h4>\n<p data-start=\"1396\" data-end=\"1659\">Szczeg\u00f3lny nacisk k\u0142adzie si\u0119 na wczesny rozw\u00f3j uk\u0142adu pokarmowego i d\u0142ugoterminow\u0105 wydajno\u015b\u0107 zwierz\u0105t. Ukierunkowana promocja rozwoju \u017cwacza stanowi podstaw\u0119 efektywnego wykorzystania sk\u0142adnik\u00f3w od\u017cywczych i zdrowych zwierz\u0105t. <\/p>\n<ul data-start=\"1661\" data-end=\"1828\">\n<li data-section-id=\"1xi19kb\" data-start=\"1661\" data-end=\"1697\">promuje witalno\u015b\u0107 ciel\u0105t<\/li>\n<li data-section-id=\"v5d4ee\" data-start=\"1698\" data-end=\"1741\">Wspomaga rozw\u00f3j \u017cwacza<\/li>\n<li data-section-id=\"zxwrgv\" data-start=\"1742\" data-end=\"1776\">Poprawia wydajno\u015b\u0107 paszy<\/li>\n<li data-section-id=\"u3l3ps\" data-start=\"1777\" data-end=\"1828\">zapewnia optymalne rozpocz\u0119cie odchowu<\/li>\n<\/ul>\n","protected":false},"excerpt":{"rendered":"<p>R-K\u00e4lber TMR wspiera <strong>witalno\u015b\u0107<\/strong> ciel\u0105t dzi\u0119ki wysokiej jako\u015bci, rozdrobnionym sk\u0142adnikom. <strong>Wysoka smakowito\u015b\u0107<\/strong> zapewnia <strong>wczesne pobranie paszy<\/strong> i optymalny pocz\u0105tek odchowu. Autolizowane dro\u017cd\u017ce w szczeg\u00f3lny spos\u00f3b wspieraj\u0105 rozw\u00f3j <strong>wa\u017cnych bakterii \u017cwaczowych<\/strong>, a tym samym poprawiaj\u0105 wykorzystanie paszy podstawowej i tre\u015bciwej.  <\/p>\n","protected":false},"featured_media":10949,"comment_status":"closed","ping_status":"closed","template":"","meta":{"_acf_changed":false},"product_brand":[],"product_cat":[408,220],"product_tag":[],"class_list":{"0":"post-12135","1":"product","2":"type-product","3":"status-publish","4":"has-post-thumbnail","6":"product_cat-pasza-dla-zwierzat","7":"product_cat-wolowina","9":"first","10":"instock","11":"shipping-taxable","12":"product-type-variable","13":"has-default-attributes"},"acf":[],"yoast_head":"<!-- This site is optimized with the Yoast SEO plugin v27.4 - https:\/\/yoast.com\/product\/yoast-seo-wordpress\/ -->\n<title>Ciel\u0119ta TMR - Rottmann Group<\/title>\n<meta name=\"description\" content=\"TMR dla ciel\u0105t zapewniaj\u0105cy stabilny rozw\u00f3j: struktura, energia i sk\u0142adniki od\u017cywcze optymalnie po\u0142\u0105czone dla zdrowego odchowu i wysokowydajnych ciel\u0105t.\" \/>\n<meta name=\"robots\" content=\"index, follow, max-snippet:-1, max-image-preview:large, max-video-preview:-1\" \/>\n<link rel=\"canonical\" href=\"https:\/\/rottmann-group.de\/pl\/produkt\/kaelber-tmr\/\" \/>\n<meta property=\"og:locale\" content=\"pl_PL\" \/>\n<meta property=\"og:type\" content=\"article\" \/>\n<meta property=\"og:title\" content=\"Ciel\u0119ta TMR - Rottmann Group\" \/>\n<meta property=\"og:description\" content=\"TMR dla ciel\u0105t zapewniaj\u0105cy stabilny rozw\u00f3j: struktura, energia i sk\u0142adniki od\u017cywcze optymalnie po\u0142\u0105czone dla zdrowego odchowu i wysokowydajnych ciel\u0105t.\" \/>\n<meta property=\"og:url\" content=\"https:\/\/rottmann-group.de\/pl\/produkt\/kaelber-tmr\/\" \/>\n<meta property=\"og:site_name\" content=\"Rottmann Group\" \/>\n<meta property=\"article:publisher\" content=\"https:\/\/www.facebook.com\/rottmanngroup\/?locale=de_DE\" \/>\n<meta property=\"article:modified_time\" content=\"2026-04-22T05:56:04+00:00\" \/>\n<meta property=\"og:image\" content=\"https:\/\/rottmann-group.de\/wp-content\/uploads\/2024\/05\/Futtermittelsack-Rind-R-Kaelber-TMR.png\" \/>\n\t<meta property=\"og:image:width\" content=\"300\" \/>\n\t<meta property=\"og:image:height\" content=\"300\" \/>\n\t<meta property=\"og:image:type\" content=\"image\/png\" \/>\n<meta name=\"twitter:card\" content=\"summary_large_image\" \/>\n<meta name=\"twitter:label1\" content=\"Szacowany czas czytania\" \/>\n\t<meta name=\"twitter:data1\" content=\"1 minuta\" \/>\n<script type=\"application\/ld+json\" class=\"yoast-schema-graph\">{\"@context\":\"https:\\\/\\\/schema.org\",\"@graph\":[{\"@type\":\"WebPage\",\"@id\":\"https:\\\/\\\/rottmann-group.de\\\/pl\\\/produkt\\\/kaelber-tmr\\\/\",\"url\":\"https:\\\/\\\/rottmann-group.de\\\/pl\\\/produkt\\\/kaelber-tmr\\\/\",\"name\":\"Ciel\u0119ta TMR - Rottmann Group\",\"isPartOf\":{\"@id\":\"https:\\\/\\\/rottmann-group.de\\\/#website\"},\"primaryImageOfPage\":{\"@id\":\"https:\\\/\\\/rottmann-group.de\\\/pl\\\/produkt\\\/kaelber-tmr\\\/#primaryimage\"},\"image\":{\"@id\":\"https:\\\/\\\/rottmann-group.de\\\/pl\\\/produkt\\\/kaelber-tmr\\\/#primaryimage\"},\"thumbnailUrl\":\"https:\\\/\\\/rottmann-group.de\\\/wp-content\\\/uploads\\\/2024\\\/05\\\/Futtermittelsack-Rind-R-Kaelber-TMR.png\",\"datePublished\":\"2024-03-20T09:44:12+00:00\",\"dateModified\":\"2026-04-22T05:56:04+00:00\",\"description\":\"TMR dla ciel\u0105t zapewniaj\u0105cy stabilny rozw\u00f3j: struktura, energia i sk\u0142adniki od\u017cywcze optymalnie po\u0142\u0105czone dla zdrowego odchowu i wysokowydajnych ciel\u0105t.\",\"breadcrumb\":{\"@id\":\"https:\\\/\\\/rottmann-group.de\\\/pl\\\/produkt\\\/kaelber-tmr\\\/#breadcrumb\"},\"inLanguage\":\"pl-PL\",\"potentialAction\":[{\"@type\":\"ReadAction\",\"target\":[\"https:\\\/\\\/rottmann-group.de\\\/pl\\\/produkt\\\/kaelber-tmr\\\/\"]}]},{\"@type\":\"ImageObject\",\"inLanguage\":\"pl-PL\",\"@id\":\"https:\\\/\\\/rottmann-group.de\\\/pl\\\/produkt\\\/kaelber-tmr\\\/#primaryimage\",\"url\":\"https:\\\/\\\/rottmann-group.de\\\/wp-content\\\/uploads\\\/2024\\\/05\\\/Futtermittelsack-Rind-R-Kaelber-TMR.png\",\"contentUrl\":\"https:\\\/\\\/rottmann-group.de\\\/wp-content\\\/uploads\\\/2024\\\/05\\\/Futtermittelsack-Rind-R-Kaelber-TMR.png\",\"width\":300,\"height\":300},{\"@type\":\"BreadcrumbList\",\"@id\":\"https:\\\/\\\/rottmann-group.de\\\/pl\\\/produkt\\\/kaelber-tmr\\\/#breadcrumb\",\"itemListElement\":[{\"@type\":\"ListItem\",\"position\":1,\"name\":\"Startseite\",\"item\":\"https:\\\/\\\/rottmann-group.de\\\/pl\\\/strona-glowna\\\/\"},{\"@type\":\"ListItem\",\"position\":2,\"name\":\"Shop\",\"item\":\"https:\\\/\\\/rottmann-group.de\\\/shop\\\/\"},{\"@type\":\"ListItem\",\"position\":3,\"name\":\"Ciel\u0119ta TMR\"}]},{\"@type\":\"WebSite\",\"@id\":\"https:\\\/\\\/rottmann-group.de\\\/#website\",\"url\":\"https:\\\/\\\/rottmann-group.de\\\/\",\"name\":\"Rottmann Group\",\"description\":\"Das traditionelle Familienunternehmen bietet Ihnen: Ganzheitliche Futterkonzepte, Mahl- und Mischdienstleistungen und Dosiertechnik. Jetzt Kontakt aufnehmen!\",\"publisher\":{\"@id\":\"https:\\\/\\\/rottmann-group.de\\\/#organization\"},\"potentialAction\":[{\"@type\":\"SearchAction\",\"target\":{\"@type\":\"EntryPoint\",\"urlTemplate\":\"https:\\\/\\\/rottmann-group.de\\\/?s={search_term_string}\"},\"query-input\":{\"@type\":\"PropertyValueSpecification\",\"valueRequired\":true,\"valueName\":\"search_term_string\"}}],\"inLanguage\":\"pl-PL\"},{\"@type\":\"Organization\",\"@id\":\"https:\\\/\\\/rottmann-group.de\\\/#organization\",\"name\":\"Rottmann Group\",\"url\":\"https:\\\/\\\/rottmann-group.de\\\/\",\"logo\":{\"@type\":\"ImageObject\",\"inLanguage\":\"pl-PL\",\"@id\":\"https:\\\/\\\/rottmann-group.de\\\/#\\\/schema\\\/logo\\\/image\\\/\",\"url\":\"https:\\\/\\\/rottmann-group.de\\\/wp-content\\\/uploads\\\/2022\\\/11\\\/Bild_Rottmann.jpg\",\"contentUrl\":\"https:\\\/\\\/rottmann-group.de\\\/wp-content\\\/uploads\\\/2022\\\/11\\\/Bild_Rottmann.jpg\",\"width\":999,\"height\":636,\"caption\":\"Rottmann Group\"},\"image\":{\"@id\":\"https:\\\/\\\/rottmann-group.de\\\/#\\\/schema\\\/logo\\\/image\\\/\"},\"sameAs\":[\"https:\\\/\\\/www.facebook.com\\\/rottmanngroup\\\/?locale=de_DE\",\"https:\\\/\\\/www.instagram.com\\\/rottmann_group\\\/\"]}]}<\/script>\n<!-- \/ Yoast SEO plugin. -->","yoast_head_json":{"title":"Ciel\u0119ta TMR - Rottmann Group","description":"TMR dla ciel\u0105t zapewniaj\u0105cy stabilny rozw\u00f3j: struktura, energia i sk\u0142adniki od\u017cywcze optymalnie po\u0142\u0105czone dla zdrowego odchowu i wysokowydajnych ciel\u0105t.","robots":{"index":"index","follow":"follow","max-snippet":"max-snippet:-1","max-image-preview":"max-image-preview:large","max-video-preview":"max-video-preview:-1"},"canonical":"https:\/\/rottmann-group.de\/pl\/produkt\/kaelber-tmr\/","og_locale":"pl_PL","og_type":"article","og_title":"Ciel\u0119ta TMR - Rottmann Group","og_description":"TMR dla ciel\u0105t zapewniaj\u0105cy stabilny rozw\u00f3j: struktura, energia i sk\u0142adniki od\u017cywcze optymalnie po\u0142\u0105czone dla zdrowego odchowu i wysokowydajnych ciel\u0105t.","og_url":"https:\/\/rottmann-group.de\/pl\/produkt\/kaelber-tmr\/","og_site_name":"Rottmann Group","article_publisher":"https:\/\/www.facebook.com\/rottmanngroup\/?locale=de_DE","article_modified_time":"2026-04-22T05:56:04+00:00","og_image":[{"width":300,"height":300,"url":"https:\/\/rottmann-group.de\/wp-content\/uploads\/2024\/05\/Futtermittelsack-Rind-R-Kaelber-TMR.png","type":"image\/png"}],"twitter_card":"summary_large_image","twitter_misc":{"Szacowany czas czytania":"1 minuta"},"schema":{"@context":"https:\/\/schema.org","@graph":[{"@type":"WebPage","@id":"https:\/\/rottmann-group.de\/pl\/produkt\/kaelber-tmr\/","url":"https:\/\/rottmann-group.de\/pl\/produkt\/kaelber-tmr\/","name":"Ciel\u0119ta TMR - Rottmann Group","isPartOf":{"@id":"https:\/\/rottmann-group.de\/#website"},"primaryImageOfPage":{"@id":"https:\/\/rottmann-group.de\/pl\/produkt\/kaelber-tmr\/#primaryimage"},"image":{"@id":"https:\/\/rottmann-group.de\/pl\/produkt\/kaelber-tmr\/#primaryimage"},"thumbnailUrl":"https:\/\/rottmann-group.de\/wp-content\/uploads\/2024\/05\/Futtermittelsack-Rind-R-Kaelber-TMR.png","datePublished":"2024-03-20T09:44:12+00:00","dateModified":"2026-04-22T05:56:04+00:00","description":"TMR dla ciel\u0105t zapewniaj\u0105cy stabilny rozw\u00f3j: struktura, energia i sk\u0142adniki od\u017cywcze optymalnie po\u0142\u0105czone dla zdrowego odchowu i wysokowydajnych ciel\u0105t.","breadcrumb":{"@id":"https:\/\/rottmann-group.de\/pl\/produkt\/kaelber-tmr\/#breadcrumb"},"inLanguage":"pl-PL","potentialAction":[{"@type":"ReadAction","target":["https:\/\/rottmann-group.de\/pl\/produkt\/kaelber-tmr\/"]}]},{"@type":"ImageObject","inLanguage":"pl-PL","@id":"https:\/\/rottmann-group.de\/pl\/produkt\/kaelber-tmr\/#primaryimage","url":"https:\/\/rottmann-group.de\/wp-content\/uploads\/2024\/05\/Futtermittelsack-Rind-R-Kaelber-TMR.png","contentUrl":"https:\/\/rottmann-group.de\/wp-content\/uploads\/2024\/05\/Futtermittelsack-Rind-R-Kaelber-TMR.png","width":300,"height":300},{"@type":"BreadcrumbList","@id":"https:\/\/rottmann-group.de\/pl\/produkt\/kaelber-tmr\/#breadcrumb","itemListElement":[{"@type":"ListItem","position":1,"name":"Startseite","item":"https:\/\/rottmann-group.de\/pl\/strona-glowna\/"},{"@type":"ListItem","position":2,"name":"Shop","item":"https:\/\/rottmann-group.de\/shop\/"},{"@type":"ListItem","position":3,"name":"Ciel\u0119ta TMR"}]},{"@type":"WebSite","@id":"https:\/\/rottmann-group.de\/#website","url":"https:\/\/rottmann-group.de\/","name":"Rottmann Group","description":"Das traditionelle Familienunternehmen bietet Ihnen: Ganzheitliche Futterkonzepte, Mahl- und Mischdienstleistungen und Dosiertechnik. Jetzt Kontakt aufnehmen!","publisher":{"@id":"https:\/\/rottmann-group.de\/#organization"},"potentialAction":[{"@type":"SearchAction","target":{"@type":"EntryPoint","urlTemplate":"https:\/\/rottmann-group.de\/?s={search_term_string}"},"query-input":{"@type":"PropertyValueSpecification","valueRequired":true,"valueName":"search_term_string"}}],"inLanguage":"pl-PL"},{"@type":"Organization","@id":"https:\/\/rottmann-group.de\/#organization","name":"Rottmann Group","url":"https:\/\/rottmann-group.de\/","logo":{"@type":"ImageObject","inLanguage":"pl-PL","@id":"https:\/\/rottmann-group.de\/#\/schema\/logo\/image\/","url":"https:\/\/rottmann-group.de\/wp-content\/uploads\/2022\/11\/Bild_Rottmann.jpg","contentUrl":"https:\/\/rottmann-group.de\/wp-content\/uploads\/2022\/11\/Bild_Rottmann.jpg","width":999,"height":636,"caption":"Rottmann Group"},"image":{"@id":"https:\/\/rottmann-group.de\/#\/schema\/logo\/image\/"},"sameAs":["https:\/\/www.facebook.com\/rottmanngroup\/?locale=de_DE","https:\/\/www.instagram.com\/rottmann_group\/"]}]}},"_links":{"self":[{"href":"https:\/\/rottmann-group.de\/pl\/wp-json\/wp\/v2\/product\/12135","targetHints":{"allow":["GET"]}}],"collection":[{"href":"https:\/\/rottmann-group.de\/pl\/wp-json\/wp\/v2\/product"}],"about":[{"href":"https:\/\/rottmann-group.de\/pl\/wp-json\/wp\/v2\/types\/product"}],"replies":[{"embeddable":true,"href":"https:\/\/rottmann-group.de\/pl\/wp-json\/wp\/v2\/comments?post=12135"}],"wp:featuredmedia":[{"embeddable":true,"href":"https:\/\/rottmann-group.de\/pl\/wp-json\/wp\/v2\/media\/10949"}],"wp:attachment":[{"href":"https:\/\/rottmann-group.de\/pl\/wp-json\/wp\/v2\/media?parent=12135"}],"wp:term":[{"taxonomy":"product_brand","embeddable":true,"href":"https:\/\/rottmann-group.de\/pl\/wp-json\/wp\/v2\/product_brand?post=12135"},{"taxonomy":"product_cat","embeddable":true,"href":"https:\/\/rottmann-group.de\/pl\/wp-json\/wp\/v2\/product_cat?post=12135"},{"taxonomy":"product_tag","embeddable":true,"href":"https:\/\/rottmann-group.de\/pl\/wp-json\/wp\/v2\/product_tag?post=12135"}],"curies":[{"name":"wp","href":"https:\/\/api.w.org\/{rel}","templated":true}]}}