{"id":12066,"date":"2023-01-26T09:47:58","date_gmt":"2023-01-26T08:47:58","guid":{"rendered":"\/produkt\/mega-corn-liquid\/"},"modified":"2026-04-15T11:38:51","modified_gmt":"2026-04-15T09:38:51","slug":"mega-corn-liquid","status":"publish","type":"product","link":"https:\/\/rottmann-group.de\/pl\/produkt\/mega-corn-liquid\/","title":{"rendered":"Mega Corn Liquid\u00ae"},"content":{"rendered":"<p><span dir=\"ltr\" role=\"presentation\">Wysoce skuteczny \u015brodek konserwuj\u0105cy zapobiegaj\u0105cy rozwojowi ple\u015bni i grzyb\u00f3w w ziarnie kukurydzy.<\/span><\/p>\n<ul>\n<li>Bezpieczny w obs\u0142udze<\/li>\n<li>wysoka warto\u015b\u0107 pH<\/li>\n<li>Wysoka aktywno\u015b\u0107<\/li>\n<li>Maksymalny zasi\u0119g obszaru<\/li>\n<li>Delikatny dla system\u00f3w dozowania i mieszania<\/li>\n<li>sta\u0142a lepko\u015b\u0107<\/li>\n<li>\u0141atwy do mieszania ze \u015brodkami owadob\u00f3jczymi przeciwko szkodnikom przechowywanych produkt\u00f3w<\/li>\n<\/ul>\n","protected":false},"excerpt":{"rendered":"<p><span dir=\"ltr\" role=\"presentation\">\u015arodek konserwuj\u0105cy zapobiegaj\u0105cy rozwojowi ple\u015bni i grzyb\u00f3w w ziarnie kukurydzy.<\/span><\/p>\n","protected":false},"featured_media":5072,"comment_status":"open","ping_status":"closed","template":"","meta":{"_acf_changed":false},"product_brand":[],"product_cat":[481,300],"product_tag":[],"class_list":{"0":"post-12066","1":"product","2":"type-product","3":"status-publish","4":"has-post-thumbnail","6":"product_cat-mega-corn-liquid-pl","7":"product_cat-ochrona","9":"first","10":"instock","11":"downloadable","12":"shipping-taxable","13":"product-type-simple"},"acf":[],"yoast_head":"<!-- This site is optimized with the Yoast SEO plugin v27.4 - https:\/\/yoast.com\/product\/yoast-seo-wordpress\/ -->\n<title>Mega Corn Liquid\u00ae - Rottmann Group<\/title>\n<meta name=\"description\" content=\"Mega Corn Liquid to \u015brodek konserwuj\u0105cy do ziarna kukurydzy, CCM i TMR, kt\u00f3ry zabezpiecza sk\u0142adniki od\u017cywcze i hamuje rozw\u00f3j ple\u015bni i bakterii.\" \/>\n<meta name=\"robots\" content=\"index, follow, max-snippet:-1, max-image-preview:large, max-video-preview:-1\" \/>\n<link rel=\"canonical\" href=\"https:\/\/rottmann-group.de\/pl\/product-pl\/mega-corn-liquid\/\" \/>\n<meta property=\"og:locale\" content=\"pl_PL\" \/>\n<meta property=\"og:type\" content=\"article\" \/>\n<meta property=\"og:title\" content=\"Mega Corn Liquid\u00ae - Rottmann Group\" \/>\n<meta property=\"og:description\" content=\"Mega Corn Liquid to \u015brodek konserwuj\u0105cy do ziarna kukurydzy, CCM i TMR, kt\u00f3ry zabezpiecza sk\u0142adniki od\u017cywcze i hamuje rozw\u00f3j ple\u015bni i bakterii.\" \/>\n<meta property=\"og:url\" content=\"https:\/\/rottmann-group.de\/pl\/product-pl\/mega-corn-liquid\/\" \/>\n<meta property=\"og:site_name\" content=\"Rottmann Group\" \/>\n<meta property=\"article:publisher\" content=\"https:\/\/www.facebook.com\/rottmanngroup\/?locale=de_DE\" \/>\n<meta property=\"article:modified_time\" content=\"2026-04-15T09:38:51+00:00\" \/>\n<meta property=\"og:image\" content=\"https:\/\/rottmann-group.de\/wp-content\/uploads\/2023\/01\/Container_Mega_Corn_Liquid.png\" \/>\n\t<meta property=\"og:image:width\" content=\"300\" \/>\n\t<meta property=\"og:image:height\" content=\"300\" \/>\n\t<meta property=\"og:image:type\" content=\"image\/png\" \/>\n<meta name=\"twitter:card\" content=\"summary_large_image\" \/>\n<script type=\"application\/ld+json\" class=\"yoast-schema-graph\">{\"@context\":\"https:\\\/\\\/schema.org\",\"@graph\":[{\"@type\":\"WebPage\",\"@id\":\"https:\\\/\\\/rottmann-group.de\\\/pl\\\/product-pl\\\/mega-corn-liquid\\\/\",\"url\":\"https:\\\/\\\/rottmann-group.de\\\/pl\\\/product-pl\\\/mega-corn-liquid\\\/\",\"name\":\"Mega Corn Liquid\u00ae - Rottmann Group\",\"isPartOf\":{\"@id\":\"https:\\\/\\\/rottmann-group.de\\\/#website\"},\"primaryImageOfPage\":{\"@id\":\"https:\\\/\\\/rottmann-group.de\\\/pl\\\/product-pl\\\/mega-corn-liquid\\\/#primaryimage\"},\"image\":{\"@id\":\"https:\\\/\\\/rottmann-group.de\\\/pl\\\/product-pl\\\/mega-corn-liquid\\\/#primaryimage\"},\"thumbnailUrl\":\"https:\\\/\\\/rottmann-group.de\\\/wp-content\\\/uploads\\\/2023\\\/01\\\/Container_Mega_Corn_Liquid.png\",\"datePublished\":\"2023-01-26T08:47:58+00:00\",\"dateModified\":\"2026-04-15T09:38:51+00:00\",\"description\":\"Mega Corn Liquid to \u015brodek konserwuj\u0105cy do ziarna kukurydzy, CCM i TMR, kt\u00f3ry zabezpiecza sk\u0142adniki od\u017cywcze i hamuje rozw\u00f3j ple\u015bni i bakterii.\",\"breadcrumb\":{\"@id\":\"https:\\\/\\\/rottmann-group.de\\\/pl\\\/product-pl\\\/mega-corn-liquid\\\/#breadcrumb\"},\"inLanguage\":\"pl-PL\",\"potentialAction\":[{\"@type\":\"ReadAction\",\"target\":[\"https:\\\/\\\/rottmann-group.de\\\/pl\\\/product-pl\\\/mega-corn-liquid\\\/\"]}]},{\"@type\":\"ImageObject\",\"inLanguage\":\"pl-PL\",\"@id\":\"https:\\\/\\\/rottmann-group.de\\\/pl\\\/product-pl\\\/mega-corn-liquid\\\/#primaryimage\",\"url\":\"https:\\\/\\\/rottmann-group.de\\\/wp-content\\\/uploads\\\/2023\\\/01\\\/Container_Mega_Corn_Liquid.png\",\"contentUrl\":\"https:\\\/\\\/rottmann-group.de\\\/wp-content\\\/uploads\\\/2023\\\/01\\\/Container_Mega_Corn_Liquid.png\",\"width\":300,\"height\":300},{\"@type\":\"BreadcrumbList\",\"@id\":\"https:\\\/\\\/rottmann-group.de\\\/pl\\\/product-pl\\\/mega-corn-liquid\\\/#breadcrumb\",\"itemListElement\":[{\"@type\":\"ListItem\",\"position\":1,\"name\":\"Startseite\",\"item\":\"https:\\\/\\\/rottmann-group.de\\\/pl\\\/strona-glowna\\\/\"},{\"@type\":\"ListItem\",\"position\":2,\"name\":\"Shop\",\"item\":\"https:\\\/\\\/rottmann-group.de\\\/shop\\\/\"},{\"@type\":\"ListItem\",\"position\":3,\"name\":\"Mega Corn Liquid\u00ae\"}]},{\"@type\":\"WebSite\",\"@id\":\"https:\\\/\\\/rottmann-group.de\\\/#website\",\"url\":\"https:\\\/\\\/rottmann-group.de\\\/\",\"name\":\"Rottmann Group\",\"description\":\"Das traditionelle Familienunternehmen bietet Ihnen: Ganzheitliche Futterkonzepte, Mahl- und Mischdienstleistungen und Dosiertechnik. Jetzt Kontakt aufnehmen!\",\"publisher\":{\"@id\":\"https:\\\/\\\/rottmann-group.de\\\/#organization\"},\"potentialAction\":[{\"@type\":\"SearchAction\",\"target\":{\"@type\":\"EntryPoint\",\"urlTemplate\":\"https:\\\/\\\/rottmann-group.de\\\/?s={search_term_string}\"},\"query-input\":{\"@type\":\"PropertyValueSpecification\",\"valueRequired\":true,\"valueName\":\"search_term_string\"}}],\"inLanguage\":\"pl-PL\"},{\"@type\":\"Organization\",\"@id\":\"https:\\\/\\\/rottmann-group.de\\\/#organization\",\"name\":\"Rottmann Group\",\"url\":\"https:\\\/\\\/rottmann-group.de\\\/\",\"logo\":{\"@type\":\"ImageObject\",\"inLanguage\":\"pl-PL\",\"@id\":\"https:\\\/\\\/rottmann-group.de\\\/#\\\/schema\\\/logo\\\/image\\\/\",\"url\":\"https:\\\/\\\/rottmann-group.de\\\/wp-content\\\/uploads\\\/2022\\\/11\\\/Bild_Rottmann.jpg\",\"contentUrl\":\"https:\\\/\\\/rottmann-group.de\\\/wp-content\\\/uploads\\\/2022\\\/11\\\/Bild_Rottmann.jpg\",\"width\":999,\"height\":636,\"caption\":\"Rottmann Group\"},\"image\":{\"@id\":\"https:\\\/\\\/rottmann-group.de\\\/#\\\/schema\\\/logo\\\/image\\\/\"},\"sameAs\":[\"https:\\\/\\\/www.facebook.com\\\/rottmanngroup\\\/?locale=de_DE\",\"https:\\\/\\\/www.instagram.com\\\/rottmann_group\\\/\"]}]}<\/script>\n<!-- \/ Yoast SEO plugin. -->","yoast_head_json":{"title":"Mega Corn Liquid\u00ae - Rottmann Group","description":"Mega Corn Liquid to \u015brodek konserwuj\u0105cy do ziarna kukurydzy, CCM i TMR, kt\u00f3ry zabezpiecza sk\u0142adniki od\u017cywcze i hamuje rozw\u00f3j ple\u015bni i bakterii.","robots":{"index":"index","follow":"follow","max-snippet":"max-snippet:-1","max-image-preview":"max-image-preview:large","max-video-preview":"max-video-preview:-1"},"canonical":"https:\/\/rottmann-group.de\/pl\/product-pl\/mega-corn-liquid\/","og_locale":"pl_PL","og_type":"article","og_title":"Mega Corn Liquid\u00ae - Rottmann Group","og_description":"Mega Corn Liquid to \u015brodek konserwuj\u0105cy do ziarna kukurydzy, CCM i TMR, kt\u00f3ry zabezpiecza sk\u0142adniki od\u017cywcze i hamuje rozw\u00f3j ple\u015bni i bakterii.","og_url":"https:\/\/rottmann-group.de\/pl\/product-pl\/mega-corn-liquid\/","og_site_name":"Rottmann Group","article_publisher":"https:\/\/www.facebook.com\/rottmanngroup\/?locale=de_DE","article_modified_time":"2026-04-15T09:38:51+00:00","og_image":[{"width":300,"height":300,"url":"https:\/\/rottmann-group.de\/wp-content\/uploads\/2023\/01\/Container_Mega_Corn_Liquid.png","type":"image\/png"}],"twitter_card":"summary_large_image","schema":{"@context":"https:\/\/schema.org","@graph":[{"@type":"WebPage","@id":"https:\/\/rottmann-group.de\/pl\/product-pl\/mega-corn-liquid\/","url":"https:\/\/rottmann-group.de\/pl\/product-pl\/mega-corn-liquid\/","name":"Mega Corn Liquid\u00ae - Rottmann Group","isPartOf":{"@id":"https:\/\/rottmann-group.de\/#website"},"primaryImageOfPage":{"@id":"https:\/\/rottmann-group.de\/pl\/product-pl\/mega-corn-liquid\/#primaryimage"},"image":{"@id":"https:\/\/rottmann-group.de\/pl\/product-pl\/mega-corn-liquid\/#primaryimage"},"thumbnailUrl":"https:\/\/rottmann-group.de\/wp-content\/uploads\/2023\/01\/Container_Mega_Corn_Liquid.png","datePublished":"2023-01-26T08:47:58+00:00","dateModified":"2026-04-15T09:38:51+00:00","description":"Mega Corn Liquid to \u015brodek konserwuj\u0105cy do ziarna kukurydzy, CCM i TMR, kt\u00f3ry zabezpiecza sk\u0142adniki od\u017cywcze i hamuje rozw\u00f3j ple\u015bni i bakterii.","breadcrumb":{"@id":"https:\/\/rottmann-group.de\/pl\/product-pl\/mega-corn-liquid\/#breadcrumb"},"inLanguage":"pl-PL","potentialAction":[{"@type":"ReadAction","target":["https:\/\/rottmann-group.de\/pl\/product-pl\/mega-corn-liquid\/"]}]},{"@type":"ImageObject","inLanguage":"pl-PL","@id":"https:\/\/rottmann-group.de\/pl\/product-pl\/mega-corn-liquid\/#primaryimage","url":"https:\/\/rottmann-group.de\/wp-content\/uploads\/2023\/01\/Container_Mega_Corn_Liquid.png","contentUrl":"https:\/\/rottmann-group.de\/wp-content\/uploads\/2023\/01\/Container_Mega_Corn_Liquid.png","width":300,"height":300},{"@type":"BreadcrumbList","@id":"https:\/\/rottmann-group.de\/pl\/product-pl\/mega-corn-liquid\/#breadcrumb","itemListElement":[{"@type":"ListItem","position":1,"name":"Startseite","item":"https:\/\/rottmann-group.de\/pl\/strona-glowna\/"},{"@type":"ListItem","position":2,"name":"Shop","item":"https:\/\/rottmann-group.de\/shop\/"},{"@type":"ListItem","position":3,"name":"Mega Corn Liquid\u00ae"}]},{"@type":"WebSite","@id":"https:\/\/rottmann-group.de\/#website","url":"https:\/\/rottmann-group.de\/","name":"Rottmann Group","description":"Das traditionelle Familienunternehmen bietet Ihnen: Ganzheitliche Futterkonzepte, Mahl- und Mischdienstleistungen und Dosiertechnik. Jetzt Kontakt aufnehmen!","publisher":{"@id":"https:\/\/rottmann-group.de\/#organization"},"potentialAction":[{"@type":"SearchAction","target":{"@type":"EntryPoint","urlTemplate":"https:\/\/rottmann-group.de\/?s={search_term_string}"},"query-input":{"@type":"PropertyValueSpecification","valueRequired":true,"valueName":"search_term_string"}}],"inLanguage":"pl-PL"},{"@type":"Organization","@id":"https:\/\/rottmann-group.de\/#organization","name":"Rottmann Group","url":"https:\/\/rottmann-group.de\/","logo":{"@type":"ImageObject","inLanguage":"pl-PL","@id":"https:\/\/rottmann-group.de\/#\/schema\/logo\/image\/","url":"https:\/\/rottmann-group.de\/wp-content\/uploads\/2022\/11\/Bild_Rottmann.jpg","contentUrl":"https:\/\/rottmann-group.de\/wp-content\/uploads\/2022\/11\/Bild_Rottmann.jpg","width":999,"height":636,"caption":"Rottmann Group"},"image":{"@id":"https:\/\/rottmann-group.de\/#\/schema\/logo\/image\/"},"sameAs":["https:\/\/www.facebook.com\/rottmanngroup\/?locale=de_DE","https:\/\/www.instagram.com\/rottmann_group\/"]}]}},"_links":{"self":[{"href":"https:\/\/rottmann-group.de\/pl\/wp-json\/wp\/v2\/product\/12066","targetHints":{"allow":["GET"]}}],"collection":[{"href":"https:\/\/rottmann-group.de\/pl\/wp-json\/wp\/v2\/product"}],"about":[{"href":"https:\/\/rottmann-group.de\/pl\/wp-json\/wp\/v2\/types\/product"}],"replies":[{"embeddable":true,"href":"https:\/\/rottmann-group.de\/pl\/wp-json\/wp\/v2\/comments?post=12066"}],"wp:featuredmedia":[{"embeddable":true,"href":"https:\/\/rottmann-group.de\/pl\/wp-json\/wp\/v2\/media\/5072"}],"wp:attachment":[{"href":"https:\/\/rottmann-group.de\/pl\/wp-json\/wp\/v2\/media?parent=12066"}],"wp:term":[{"taxonomy":"product_brand","embeddable":true,"href":"https:\/\/rottmann-group.de\/pl\/wp-json\/wp\/v2\/product_brand?post=12066"},{"taxonomy":"product_cat","embeddable":true,"href":"https:\/\/rottmann-group.de\/pl\/wp-json\/wp\/v2\/product_cat?post=12066"},{"taxonomy":"product_tag","embeddable":true,"href":"https:\/\/rottmann-group.de\/pl\/wp-json\/wp\/v2\/product_tag?post=12066"}],"curies":[{"name":"wp","href":"https:\/\/api.w.org\/{rel}","templated":true}]}}