{"id":12015,"date":"2022-09-30T12:06:45","date_gmt":"2022-09-30T10:06:45","guid":{"rendered":"\/produkt\/organic-grain-liquid\/"},"modified":"2026-04-15T11:42:47","modified_gmt":"2026-04-15T09:42:47","slug":"organic-grain-liquid","status":"publish","type":"product","link":"https:\/\/rottmann-group.de\/pl\/produkt\/organic-grain-liquid\/","title":{"rendered":"Organic Grain Liquid\u00ae"},"content":{"rendered":"<p><span dir=\"ltr\" role=\"presentation\">Wysoce skuteczny \u015brodek konserwuj\u0105cy zapobiegaj\u0105cy rozwojowi ple\u015bni i grzyb\u00f3w w ziarnie, CCM, kiszonce, TMR i mieszankach paszowych.<\/span><\/p>\n<ul>\n<li>Bezpieczny w obs\u0142udze<\/li>\n<li>Brak towar\u00f3w niebezpiecznych<\/li>\n<li>wysoka warto\u015b\u0107 pH<\/li>\n<li>Wysoka aktywno\u015b\u0107<\/li>\n<li>Delikatny dla system\u00f3w dozowania i mieszania<\/li>\n<li>sta\u0142a lepko\u015b\u0107<\/li>\n<\/ul>\n<p>&nbsp;<\/p>\n<p>Mo\u017ce by\u0107 stosowany w produkcji ekologicznej zgodnie z rozporz\u0105dzeniami (WE) nr 834\/2007 i (WE) 889\/2008.<br \/>\nDE-\u00d6KO-006; produkowany zgodnie ze specyfikacjami Bioland e.V. Wymieniony na li\u015bcie \u015brodk\u00f3w produkcji dla rolnictwa ekologicznego w Niemczech. <\/p>\n","protected":false},"excerpt":{"rendered":"<p><span dir=\"ltr\" role=\"presentation\">Organiczny \u015brodek konserwuj\u0105cy zapobiegaj\u0105cy rozwojowi ple\u015bni i grzyb\u00f3w w ziarnie, CCM, kiszonce, TMR i mieszankach paszowych.<\/span><\/p>\n","protected":false},"featured_media":3848,"comment_status":"open","ping_status":"closed","template":"","meta":{"_acf_changed":false},"product_brand":[],"product_cat":[279,253,300,252,482],"product_tag":[],"class_list":{"0":"post-12015","1":"product","2":"type-product","3":"status-publish","4":"has-post-thumbnail","6":"product_cat-ekologiczne-produkty-wieprzowe","7":"product_cat-ekologiczne-produkty-z-wolowiny","8":"product_cat-ochrona","9":"product_cat-organiczny","10":"product_cat-organiczny-plyn-zbozowy","12":"first","13":"instock","14":"shipping-taxable","15":"product-type-variable","16":"has-default-attributes"},"acf":[],"yoast_head":"<!-- This site is optimized with the Yoast SEO plugin v27.4 - https:\/\/yoast.com\/product\/yoast-seo-wordpress\/ -->\n<title>Organic Grain Liquid\u00ae - Rottmann Group<\/title>\n<meta name=\"description\" content=\"Organic Grain Liquid to \u015brodek konserwuj\u0105cy do ziarna, CCM, kiszonki, TMR i mieszanek paszowych w rolnictwie ekologicznym, kt\u00f3ry zabezpiecza sk\u0142adniki od\u017cywcze i hamuje rozw\u00f3j ple\u015bni i bakterii.\" \/>\n<meta name=\"robots\" content=\"index, follow, max-snippet:-1, max-image-preview:large, max-video-preview:-1\" \/>\n<link rel=\"canonical\" href=\"https:\/\/rottmann-group.de\/pl\/product-pl\/organic-grain-liquid\/\" \/>\n<meta property=\"og:locale\" content=\"pl_PL\" \/>\n<meta property=\"og:type\" content=\"article\" \/>\n<meta property=\"og:title\" content=\"Organic Grain Liquid\u00ae - Rottmann Group\" \/>\n<meta property=\"og:description\" content=\"Organic Grain Liquid to \u015brodek konserwuj\u0105cy do ziarna, CCM, kiszonki, TMR i mieszanek paszowych w rolnictwie ekologicznym, kt\u00f3ry zabezpiecza sk\u0142adniki od\u017cywcze i hamuje rozw\u00f3j ple\u015bni i bakterii.\" \/>\n<meta property=\"og:url\" content=\"https:\/\/rottmann-group.de\/pl\/product-pl\/organic-grain-liquid\/\" \/>\n<meta property=\"og:site_name\" content=\"Rottmann Group\" \/>\n<meta property=\"article:publisher\" content=\"https:\/\/www.facebook.com\/rottmanngroup\/?locale=de_DE\" \/>\n<meta property=\"article:modified_time\" content=\"2026-04-15T09:42:47+00:00\" \/>\n<meta property=\"og:image\" content=\"https:\/\/rottmann-group.de\/wp-content\/uploads\/2022\/07\/Container-Mega-Grain-Liquid.png\" \/>\n\t<meta property=\"og:image:width\" content=\"300\" \/>\n\t<meta property=\"og:image:height\" content=\"300\" \/>\n\t<meta property=\"og:image:type\" content=\"image\/png\" \/>\n<meta name=\"twitter:card\" content=\"summary_large_image\" \/>\n<script type=\"application\/ld+json\" class=\"yoast-schema-graph\">{\"@context\":\"https:\\\/\\\/schema.org\",\"@graph\":[{\"@type\":\"WebPage\",\"@id\":\"https:\\\/\\\/rottmann-group.de\\\/pl\\\/product-pl\\\/organic-grain-liquid\\\/\",\"url\":\"https:\\\/\\\/rottmann-group.de\\\/pl\\\/product-pl\\\/organic-grain-liquid\\\/\",\"name\":\"Organic Grain Liquid\u00ae - Rottmann Group\",\"isPartOf\":{\"@id\":\"https:\\\/\\\/rottmann-group.de\\\/#website\"},\"primaryImageOfPage\":{\"@id\":\"https:\\\/\\\/rottmann-group.de\\\/pl\\\/product-pl\\\/organic-grain-liquid\\\/#primaryimage\"},\"image\":{\"@id\":\"https:\\\/\\\/rottmann-group.de\\\/pl\\\/product-pl\\\/organic-grain-liquid\\\/#primaryimage\"},\"thumbnailUrl\":\"https:\\\/\\\/rottmann-group.de\\\/wp-content\\\/uploads\\\/2022\\\/07\\\/Container-Mega-Grain-Liquid.png\",\"datePublished\":\"2022-09-30T10:06:45+00:00\",\"dateModified\":\"2026-04-15T09:42:47+00:00\",\"description\":\"Organic Grain Liquid to \u015brodek konserwuj\u0105cy do ziarna, CCM, kiszonki, TMR i mieszanek paszowych w rolnictwie ekologicznym, kt\u00f3ry zabezpiecza sk\u0142adniki od\u017cywcze i hamuje rozw\u00f3j ple\u015bni i bakterii.\",\"breadcrumb\":{\"@id\":\"https:\\\/\\\/rottmann-group.de\\\/pl\\\/product-pl\\\/organic-grain-liquid\\\/#breadcrumb\"},\"inLanguage\":\"pl-PL\",\"potentialAction\":[{\"@type\":\"ReadAction\",\"target\":[\"https:\\\/\\\/rottmann-group.de\\\/pl\\\/product-pl\\\/organic-grain-liquid\\\/\"]}]},{\"@type\":\"ImageObject\",\"inLanguage\":\"pl-PL\",\"@id\":\"https:\\\/\\\/rottmann-group.de\\\/pl\\\/product-pl\\\/organic-grain-liquid\\\/#primaryimage\",\"url\":\"https:\\\/\\\/rottmann-group.de\\\/wp-content\\\/uploads\\\/2022\\\/07\\\/Container-Mega-Grain-Liquid.png\",\"contentUrl\":\"https:\\\/\\\/rottmann-group.de\\\/wp-content\\\/uploads\\\/2022\\\/07\\\/Container-Mega-Grain-Liquid.png\",\"width\":300,\"height\":300},{\"@type\":\"BreadcrumbList\",\"@id\":\"https:\\\/\\\/rottmann-group.de\\\/pl\\\/product-pl\\\/organic-grain-liquid\\\/#breadcrumb\",\"itemListElement\":[{\"@type\":\"ListItem\",\"position\":1,\"name\":\"Startseite\",\"item\":\"https:\\\/\\\/rottmann-group.de\\\/pl\\\/strona-glowna\\\/\"},{\"@type\":\"ListItem\",\"position\":2,\"name\":\"Shop\",\"item\":\"https:\\\/\\\/rottmann-group.de\\\/shop\\\/\"},{\"@type\":\"ListItem\",\"position\":3,\"name\":\"Organic Grain Liquid\u00ae\"}]},{\"@type\":\"WebSite\",\"@id\":\"https:\\\/\\\/rottmann-group.de\\\/#website\",\"url\":\"https:\\\/\\\/rottmann-group.de\\\/\",\"name\":\"Rottmann Group\",\"description\":\"Das traditionelle Familienunternehmen bietet Ihnen: Ganzheitliche Futterkonzepte, Mahl- und Mischdienstleistungen und Dosiertechnik. Jetzt Kontakt aufnehmen!\",\"publisher\":{\"@id\":\"https:\\\/\\\/rottmann-group.de\\\/#organization\"},\"potentialAction\":[{\"@type\":\"SearchAction\",\"target\":{\"@type\":\"EntryPoint\",\"urlTemplate\":\"https:\\\/\\\/rottmann-group.de\\\/?s={search_term_string}\"},\"query-input\":{\"@type\":\"PropertyValueSpecification\",\"valueRequired\":true,\"valueName\":\"search_term_string\"}}],\"inLanguage\":\"pl-PL\"},{\"@type\":\"Organization\",\"@id\":\"https:\\\/\\\/rottmann-group.de\\\/#organization\",\"name\":\"Rottmann Group\",\"url\":\"https:\\\/\\\/rottmann-group.de\\\/\",\"logo\":{\"@type\":\"ImageObject\",\"inLanguage\":\"pl-PL\",\"@id\":\"https:\\\/\\\/rottmann-group.de\\\/#\\\/schema\\\/logo\\\/image\\\/\",\"url\":\"https:\\\/\\\/rottmann-group.de\\\/wp-content\\\/uploads\\\/2022\\\/11\\\/Bild_Rottmann.jpg\",\"contentUrl\":\"https:\\\/\\\/rottmann-group.de\\\/wp-content\\\/uploads\\\/2022\\\/11\\\/Bild_Rottmann.jpg\",\"width\":999,\"height\":636,\"caption\":\"Rottmann Group\"},\"image\":{\"@id\":\"https:\\\/\\\/rottmann-group.de\\\/#\\\/schema\\\/logo\\\/image\\\/\"},\"sameAs\":[\"https:\\\/\\\/www.facebook.com\\\/rottmanngroup\\\/?locale=de_DE\",\"https:\\\/\\\/www.instagram.com\\\/rottmann_group\\\/\"]}]}<\/script>\n<!-- \/ Yoast SEO plugin. -->","yoast_head_json":{"title":"Organic Grain Liquid\u00ae - Rottmann Group","description":"Organic Grain Liquid to \u015brodek konserwuj\u0105cy do ziarna, CCM, kiszonki, TMR i mieszanek paszowych w rolnictwie ekologicznym, kt\u00f3ry zabezpiecza sk\u0142adniki od\u017cywcze i hamuje rozw\u00f3j ple\u015bni i bakterii.","robots":{"index":"index","follow":"follow","max-snippet":"max-snippet:-1","max-image-preview":"max-image-preview:large","max-video-preview":"max-video-preview:-1"},"canonical":"https:\/\/rottmann-group.de\/pl\/product-pl\/organic-grain-liquid\/","og_locale":"pl_PL","og_type":"article","og_title":"Organic Grain Liquid\u00ae - Rottmann Group","og_description":"Organic Grain Liquid to \u015brodek konserwuj\u0105cy do ziarna, CCM, kiszonki, TMR i mieszanek paszowych w rolnictwie ekologicznym, kt\u00f3ry zabezpiecza sk\u0142adniki od\u017cywcze i hamuje rozw\u00f3j ple\u015bni i bakterii.","og_url":"https:\/\/rottmann-group.de\/pl\/product-pl\/organic-grain-liquid\/","og_site_name":"Rottmann Group","article_publisher":"https:\/\/www.facebook.com\/rottmanngroup\/?locale=de_DE","article_modified_time":"2026-04-15T09:42:47+00:00","og_image":[{"width":300,"height":300,"url":"https:\/\/rottmann-group.de\/wp-content\/uploads\/2022\/07\/Container-Mega-Grain-Liquid.png","type":"image\/png"}],"twitter_card":"summary_large_image","schema":{"@context":"https:\/\/schema.org","@graph":[{"@type":"WebPage","@id":"https:\/\/rottmann-group.de\/pl\/product-pl\/organic-grain-liquid\/","url":"https:\/\/rottmann-group.de\/pl\/product-pl\/organic-grain-liquid\/","name":"Organic Grain Liquid\u00ae - Rottmann Group","isPartOf":{"@id":"https:\/\/rottmann-group.de\/#website"},"primaryImageOfPage":{"@id":"https:\/\/rottmann-group.de\/pl\/product-pl\/organic-grain-liquid\/#primaryimage"},"image":{"@id":"https:\/\/rottmann-group.de\/pl\/product-pl\/organic-grain-liquid\/#primaryimage"},"thumbnailUrl":"https:\/\/rottmann-group.de\/wp-content\/uploads\/2022\/07\/Container-Mega-Grain-Liquid.png","datePublished":"2022-09-30T10:06:45+00:00","dateModified":"2026-04-15T09:42:47+00:00","description":"Organic Grain Liquid to \u015brodek konserwuj\u0105cy do ziarna, CCM, kiszonki, TMR i mieszanek paszowych w rolnictwie ekologicznym, kt\u00f3ry zabezpiecza sk\u0142adniki od\u017cywcze i hamuje rozw\u00f3j ple\u015bni i bakterii.","breadcrumb":{"@id":"https:\/\/rottmann-group.de\/pl\/product-pl\/organic-grain-liquid\/#breadcrumb"},"inLanguage":"pl-PL","potentialAction":[{"@type":"ReadAction","target":["https:\/\/rottmann-group.de\/pl\/product-pl\/organic-grain-liquid\/"]}]},{"@type":"ImageObject","inLanguage":"pl-PL","@id":"https:\/\/rottmann-group.de\/pl\/product-pl\/organic-grain-liquid\/#primaryimage","url":"https:\/\/rottmann-group.de\/wp-content\/uploads\/2022\/07\/Container-Mega-Grain-Liquid.png","contentUrl":"https:\/\/rottmann-group.de\/wp-content\/uploads\/2022\/07\/Container-Mega-Grain-Liquid.png","width":300,"height":300},{"@type":"BreadcrumbList","@id":"https:\/\/rottmann-group.de\/pl\/product-pl\/organic-grain-liquid\/#breadcrumb","itemListElement":[{"@type":"ListItem","position":1,"name":"Startseite","item":"https:\/\/rottmann-group.de\/pl\/strona-glowna\/"},{"@type":"ListItem","position":2,"name":"Shop","item":"https:\/\/rottmann-group.de\/shop\/"},{"@type":"ListItem","position":3,"name":"Organic Grain Liquid\u00ae"}]},{"@type":"WebSite","@id":"https:\/\/rottmann-group.de\/#website","url":"https:\/\/rottmann-group.de\/","name":"Rottmann Group","description":"Das traditionelle Familienunternehmen bietet Ihnen: Ganzheitliche Futterkonzepte, Mahl- und Mischdienstleistungen und Dosiertechnik. Jetzt Kontakt aufnehmen!","publisher":{"@id":"https:\/\/rottmann-group.de\/#organization"},"potentialAction":[{"@type":"SearchAction","target":{"@type":"EntryPoint","urlTemplate":"https:\/\/rottmann-group.de\/?s={search_term_string}"},"query-input":{"@type":"PropertyValueSpecification","valueRequired":true,"valueName":"search_term_string"}}],"inLanguage":"pl-PL"},{"@type":"Organization","@id":"https:\/\/rottmann-group.de\/#organization","name":"Rottmann Group","url":"https:\/\/rottmann-group.de\/","logo":{"@type":"ImageObject","inLanguage":"pl-PL","@id":"https:\/\/rottmann-group.de\/#\/schema\/logo\/image\/","url":"https:\/\/rottmann-group.de\/wp-content\/uploads\/2022\/11\/Bild_Rottmann.jpg","contentUrl":"https:\/\/rottmann-group.de\/wp-content\/uploads\/2022\/11\/Bild_Rottmann.jpg","width":999,"height":636,"caption":"Rottmann Group"},"image":{"@id":"https:\/\/rottmann-group.de\/#\/schema\/logo\/image\/"},"sameAs":["https:\/\/www.facebook.com\/rottmanngroup\/?locale=de_DE","https:\/\/www.instagram.com\/rottmann_group\/"]}]}},"_links":{"self":[{"href":"https:\/\/rottmann-group.de\/pl\/wp-json\/wp\/v2\/product\/12015","targetHints":{"allow":["GET"]}}],"collection":[{"href":"https:\/\/rottmann-group.de\/pl\/wp-json\/wp\/v2\/product"}],"about":[{"href":"https:\/\/rottmann-group.de\/pl\/wp-json\/wp\/v2\/types\/product"}],"replies":[{"embeddable":true,"href":"https:\/\/rottmann-group.de\/pl\/wp-json\/wp\/v2\/comments?post=12015"}],"wp:featuredmedia":[{"embeddable":true,"href":"https:\/\/rottmann-group.de\/pl\/wp-json\/wp\/v2\/media\/3848"}],"wp:attachment":[{"href":"https:\/\/rottmann-group.de\/pl\/wp-json\/wp\/v2\/media?parent=12015"}],"wp:term":[{"taxonomy":"product_brand","embeddable":true,"href":"https:\/\/rottmann-group.de\/pl\/wp-json\/wp\/v2\/product_brand?post=12015"},{"taxonomy":"product_cat","embeddable":true,"href":"https:\/\/rottmann-group.de\/pl\/wp-json\/wp\/v2\/product_cat?post=12015"},{"taxonomy":"product_tag","embeddable":true,"href":"https:\/\/rottmann-group.de\/pl\/wp-json\/wp\/v2\/product_tag?post=12015"}],"curies":[{"name":"wp","href":"https:\/\/api.w.org\/{rel}","templated":true}]}}