{"id":11983,"date":"2022-09-30T11:51:44","date_gmt":"2022-09-30T09:51:44","guid":{"rendered":"\/produkt\/r-naturalna-swinia\/"},"modified":"2026-04-21T08:00:06","modified_gmt":"2026-04-21T06:00:06","slug":"r-naturalna-swinia","status":"publish","type":"product","link":"https:\/\/rottmann-group.de\/pl\/product-pl\/r-naturalna-swinia\/","title":{"rendered":"R- Naturalna \u015bwinia"},"content":{"rendered":"<p>Mo\u017ce by\u0107 stosowany w produkcji ekologicznej zgodnie z rozporz\u0105dzeniami (WE) nr 834\/2007 i (WE) 889\/2008. DE-\u00d6KO-006; Wyprodukowany zgodnie ze specyfikacj\u0105 Bioland e.V. 98,25% ca\u0142kowitej suchej masy (DM)<\/p>\n<p>Zawarto\u015b\u0107 suchej masy pochodzenia rolniczego: 1,00 % Zawarto\u015b\u0107 suchej masy z produkcji ekologicznej: 100,00 % Zawarto\u015b\u0107 suchej masy z konwersji na produkcj\u0119 ekologiczn\u0105: 0,00 % Zawarto\u015b\u0107 suchej masy z produkcji konwencjonalnej: 0,00 % Zawarto\u015b\u0107 suchej masy pochodzenia mineralnego i innego: 99,00 %<\/p>\n<ul>\n<li>Pasza mineralna z zatwierdzeniem ekologicznym<\/li>\n<li>Z kompleksem witamin B<\/li>\n<\/ul>\n","protected":false},"excerpt":{"rendered":"<p>R- Natur Schwein to organiczna pasza mineralna dla \u015bwi\u0144 uzupe\u0142niaj\u0105ca poda\u017c minera\u0142\u00f3w i witamin. Formu\u0142a z kompleksem witamin B jest odpowiednia do ekologicznego karmienia \u015bwi\u0144 i wspiera zaopatrzenie gospodarstwa w oparciu o potrzeby. <\/p>\n<table width=\"100%\">\n<tbody>\n<tr>\n<td>\n<ul>\n<li>Produkowane zgodnie ze specyfikacj\u0105 Bioland e.V.<\/li>\n<\/ul>\n<\/td>\n<\/tr>\n<\/tbody>\n<\/table>\n","protected":false},"featured_media":3937,"comment_status":"closed","ping_status":"closed","template":"","meta":{"_acf_changed":false},"product_brand":[],"product_cat":[279,252,408],"product_tag":[],"class_list":{"0":"post-11983","1":"product","2":"type-product","3":"status-publish","4":"has-post-thumbnail","6":"product_cat-ekologiczne-produkty-wieprzowe","7":"product_cat-organiczny","8":"product_cat-pasza-dla-zwierzat","10":"first","11":"instock","12":"downloadable","13":"shipping-taxable","14":"product-type-simple"},"acf":[],"yoast_head":"<!-- This site is optimized with the Yoast SEO plugin v27.4 - https:\/\/yoast.com\/product\/yoast-seo-wordpress\/ -->\n<title>R- Naturalna \u015bwinia - Rottmann Group<\/title>\n<meta name=\"description\" content=\"R- Natur Schwein to organiczna pasza mineralna dla \u015bwi\u0144 z kompleksem witamin B do ukierunkowanego uzupe\u0142niania poda\u017cy minera\u0142\u00f3w i witamin.\" \/>\n<meta name=\"robots\" content=\"index, follow, max-snippet:-1, max-image-preview:large, max-video-preview:-1\" \/>\n<link rel=\"canonical\" href=\"https:\/\/rottmann-group.de\/pl\/product-pl\/r-naturalna-swinia\/\" \/>\n<meta property=\"og:locale\" content=\"pl_PL\" \/>\n<meta property=\"og:type\" content=\"article\" \/>\n<meta property=\"og:title\" content=\"R- Naturalna \u015bwinia - Rottmann Group\" \/>\n<meta property=\"og:description\" content=\"R- Natur Schwein to organiczna pasza mineralna dla \u015bwi\u0144 z kompleksem witamin B do ukierunkowanego uzupe\u0142niania poda\u017cy minera\u0142\u00f3w i witamin.\" \/>\n<meta property=\"og:url\" content=\"https:\/\/rottmann-group.de\/pl\/product-pl\/r-naturalna-swinia\/\" \/>\n<meta property=\"og:site_name\" content=\"Rottmann Group\" \/>\n<meta property=\"article:publisher\" content=\"https:\/\/www.facebook.com\/rottmanngroup\/?locale=de_DE\" \/>\n<meta property=\"article:modified_time\" content=\"2026-04-21T06:00:06+00:00\" \/>\n<meta property=\"og:image\" content=\"https:\/\/rottmann-group.de\/wp-content\/uploads\/2022\/09\/Futtermittelsack-R-Natur-Schwein.png\" \/>\n\t<meta property=\"og:image:width\" content=\"300\" \/>\n\t<meta property=\"og:image:height\" content=\"300\" \/>\n\t<meta property=\"og:image:type\" content=\"image\/png\" \/>\n<meta name=\"twitter:card\" content=\"summary_large_image\" \/>\n<script type=\"application\/ld+json\" class=\"yoast-schema-graph\">{\"@context\":\"https:\\\/\\\/schema.org\",\"@graph\":[{\"@type\":\"WebPage\",\"@id\":\"https:\\\/\\\/rottmann-group.de\\\/pl\\\/product-pl\\\/r-naturalna-swinia\\\/\",\"url\":\"https:\\\/\\\/rottmann-group.de\\\/pl\\\/product-pl\\\/r-naturalna-swinia\\\/\",\"name\":\"R- Naturalna \u015bwinia - Rottmann Group\",\"isPartOf\":{\"@id\":\"https:\\\/\\\/rottmann-group.de\\\/#website\"},\"primaryImageOfPage\":{\"@id\":\"https:\\\/\\\/rottmann-group.de\\\/pl\\\/product-pl\\\/r-naturalna-swinia\\\/#primaryimage\"},\"image\":{\"@id\":\"https:\\\/\\\/rottmann-group.de\\\/pl\\\/product-pl\\\/r-naturalna-swinia\\\/#primaryimage\"},\"thumbnailUrl\":\"https:\\\/\\\/rottmann-group.de\\\/wp-content\\\/uploads\\\/2022\\\/09\\\/Futtermittelsack-R-Natur-Schwein.png\",\"datePublished\":\"2022-09-30T09:51:44+00:00\",\"dateModified\":\"2026-04-21T06:00:06+00:00\",\"description\":\"R- Natur Schwein to organiczna pasza mineralna dla \u015bwi\u0144 z kompleksem witamin B do ukierunkowanego uzupe\u0142niania poda\u017cy minera\u0142\u00f3w i witamin.\",\"breadcrumb\":{\"@id\":\"https:\\\/\\\/rottmann-group.de\\\/pl\\\/product-pl\\\/r-naturalna-swinia\\\/#breadcrumb\"},\"inLanguage\":\"pl-PL\",\"potentialAction\":[{\"@type\":\"ReadAction\",\"target\":[\"https:\\\/\\\/rottmann-group.de\\\/pl\\\/product-pl\\\/r-naturalna-swinia\\\/\"]}]},{\"@type\":\"ImageObject\",\"inLanguage\":\"pl-PL\",\"@id\":\"https:\\\/\\\/rottmann-group.de\\\/pl\\\/product-pl\\\/r-naturalna-swinia\\\/#primaryimage\",\"url\":\"https:\\\/\\\/rottmann-group.de\\\/wp-content\\\/uploads\\\/2022\\\/09\\\/Futtermittelsack-R-Natur-Schwein.png\",\"contentUrl\":\"https:\\\/\\\/rottmann-group.de\\\/wp-content\\\/uploads\\\/2022\\\/09\\\/Futtermittelsack-R-Natur-Schwein.png\",\"width\":300,\"height\":300},{\"@type\":\"BreadcrumbList\",\"@id\":\"https:\\\/\\\/rottmann-group.de\\\/pl\\\/product-pl\\\/r-naturalna-swinia\\\/#breadcrumb\",\"itemListElement\":[{\"@type\":\"ListItem\",\"position\":1,\"name\":\"Startseite\",\"item\":\"https:\\\/\\\/rottmann-group.de\\\/pl\\\/strona-glowna\\\/\"},{\"@type\":\"ListItem\",\"position\":2,\"name\":\"Sklep\",\"item\":\"https:\\\/\\\/rottmann-group.de\\\/pl\\\/sklep\\\/\"},{\"@type\":\"ListItem\",\"position\":3,\"name\":\"R- Naturalna \u015bwinia\"}]},{\"@type\":\"WebSite\",\"@id\":\"https:\\\/\\\/rottmann-group.de\\\/#website\",\"url\":\"https:\\\/\\\/rottmann-group.de\\\/\",\"name\":\"Rottmann Group\",\"description\":\"Das traditionelle Familienunternehmen bietet Ihnen: Ganzheitliche Futterkonzepte, Mahl- und Mischdienstleistungen und Dosiertechnik. Jetzt Kontakt aufnehmen!\",\"publisher\":{\"@id\":\"https:\\\/\\\/rottmann-group.de\\\/#organization\"},\"potentialAction\":[{\"@type\":\"SearchAction\",\"target\":{\"@type\":\"EntryPoint\",\"urlTemplate\":\"https:\\\/\\\/rottmann-group.de\\\/?s={search_term_string}\"},\"query-input\":{\"@type\":\"PropertyValueSpecification\",\"valueRequired\":true,\"valueName\":\"search_term_string\"}}],\"inLanguage\":\"pl-PL\"},{\"@type\":\"Organization\",\"@id\":\"https:\\\/\\\/rottmann-group.de\\\/#organization\",\"name\":\"Rottmann Group\",\"url\":\"https:\\\/\\\/rottmann-group.de\\\/\",\"logo\":{\"@type\":\"ImageObject\",\"inLanguage\":\"pl-PL\",\"@id\":\"https:\\\/\\\/rottmann-group.de\\\/#\\\/schema\\\/logo\\\/image\\\/\",\"url\":\"https:\\\/\\\/rottmann-group.de\\\/wp-content\\\/uploads\\\/2022\\\/11\\\/Bild_Rottmann.jpg\",\"contentUrl\":\"https:\\\/\\\/rottmann-group.de\\\/wp-content\\\/uploads\\\/2022\\\/11\\\/Bild_Rottmann.jpg\",\"width\":999,\"height\":636,\"caption\":\"Rottmann Group\"},\"image\":{\"@id\":\"https:\\\/\\\/rottmann-group.de\\\/#\\\/schema\\\/logo\\\/image\\\/\"},\"sameAs\":[\"https:\\\/\\\/www.facebook.com\\\/rottmanngroup\\\/?locale=de_DE\",\"https:\\\/\\\/www.instagram.com\\\/rottmann_group\\\/\"]}]}<\/script>\n<!-- \/ Yoast SEO plugin. -->","yoast_head_json":{"title":"R- Naturalna \u015bwinia - Rottmann Group","description":"R- Natur Schwein to organiczna pasza mineralna dla \u015bwi\u0144 z kompleksem witamin B do ukierunkowanego uzupe\u0142niania poda\u017cy minera\u0142\u00f3w i witamin.","robots":{"index":"index","follow":"follow","max-snippet":"max-snippet:-1","max-image-preview":"max-image-preview:large","max-video-preview":"max-video-preview:-1"},"canonical":"https:\/\/rottmann-group.de\/pl\/product-pl\/r-naturalna-swinia\/","og_locale":"pl_PL","og_type":"article","og_title":"R- Naturalna \u015bwinia - Rottmann Group","og_description":"R- Natur Schwein to organiczna pasza mineralna dla \u015bwi\u0144 z kompleksem witamin B do ukierunkowanego uzupe\u0142niania poda\u017cy minera\u0142\u00f3w i witamin.","og_url":"https:\/\/rottmann-group.de\/pl\/product-pl\/r-naturalna-swinia\/","og_site_name":"Rottmann Group","article_publisher":"https:\/\/www.facebook.com\/rottmanngroup\/?locale=de_DE","article_modified_time":"2026-04-21T06:00:06+00:00","og_image":[{"width":300,"height":300,"url":"https:\/\/rottmann-group.de\/wp-content\/uploads\/2022\/09\/Futtermittelsack-R-Natur-Schwein.png","type":"image\/png"}],"twitter_card":"summary_large_image","schema":{"@context":"https:\/\/schema.org","@graph":[{"@type":"WebPage","@id":"https:\/\/rottmann-group.de\/pl\/product-pl\/r-naturalna-swinia\/","url":"https:\/\/rottmann-group.de\/pl\/product-pl\/r-naturalna-swinia\/","name":"R- Naturalna \u015bwinia - Rottmann Group","isPartOf":{"@id":"https:\/\/rottmann-group.de\/#website"},"primaryImageOfPage":{"@id":"https:\/\/rottmann-group.de\/pl\/product-pl\/r-naturalna-swinia\/#primaryimage"},"image":{"@id":"https:\/\/rottmann-group.de\/pl\/product-pl\/r-naturalna-swinia\/#primaryimage"},"thumbnailUrl":"https:\/\/rottmann-group.de\/wp-content\/uploads\/2022\/09\/Futtermittelsack-R-Natur-Schwein.png","datePublished":"2022-09-30T09:51:44+00:00","dateModified":"2026-04-21T06:00:06+00:00","description":"R- Natur Schwein to organiczna pasza mineralna dla \u015bwi\u0144 z kompleksem witamin B do ukierunkowanego uzupe\u0142niania poda\u017cy minera\u0142\u00f3w i witamin.","breadcrumb":{"@id":"https:\/\/rottmann-group.de\/pl\/product-pl\/r-naturalna-swinia\/#breadcrumb"},"inLanguage":"pl-PL","potentialAction":[{"@type":"ReadAction","target":["https:\/\/rottmann-group.de\/pl\/product-pl\/r-naturalna-swinia\/"]}]},{"@type":"ImageObject","inLanguage":"pl-PL","@id":"https:\/\/rottmann-group.de\/pl\/product-pl\/r-naturalna-swinia\/#primaryimage","url":"https:\/\/rottmann-group.de\/wp-content\/uploads\/2022\/09\/Futtermittelsack-R-Natur-Schwein.png","contentUrl":"https:\/\/rottmann-group.de\/wp-content\/uploads\/2022\/09\/Futtermittelsack-R-Natur-Schwein.png","width":300,"height":300},{"@type":"BreadcrumbList","@id":"https:\/\/rottmann-group.de\/pl\/product-pl\/r-naturalna-swinia\/#breadcrumb","itemListElement":[{"@type":"ListItem","position":1,"name":"Startseite","item":"https:\/\/rottmann-group.de\/pl\/strona-glowna\/"},{"@type":"ListItem","position":2,"name":"Sklep","item":"https:\/\/rottmann-group.de\/pl\/sklep\/"},{"@type":"ListItem","position":3,"name":"R- Naturalna \u015bwinia"}]},{"@type":"WebSite","@id":"https:\/\/rottmann-group.de\/#website","url":"https:\/\/rottmann-group.de\/","name":"Rottmann Group","description":"Das traditionelle Familienunternehmen bietet Ihnen: Ganzheitliche Futterkonzepte, Mahl- und Mischdienstleistungen und Dosiertechnik. Jetzt Kontakt aufnehmen!","publisher":{"@id":"https:\/\/rottmann-group.de\/#organization"},"potentialAction":[{"@type":"SearchAction","target":{"@type":"EntryPoint","urlTemplate":"https:\/\/rottmann-group.de\/?s={search_term_string}"},"query-input":{"@type":"PropertyValueSpecification","valueRequired":true,"valueName":"search_term_string"}}],"inLanguage":"pl-PL"},{"@type":"Organization","@id":"https:\/\/rottmann-group.de\/#organization","name":"Rottmann Group","url":"https:\/\/rottmann-group.de\/","logo":{"@type":"ImageObject","inLanguage":"pl-PL","@id":"https:\/\/rottmann-group.de\/#\/schema\/logo\/image\/","url":"https:\/\/rottmann-group.de\/wp-content\/uploads\/2022\/11\/Bild_Rottmann.jpg","contentUrl":"https:\/\/rottmann-group.de\/wp-content\/uploads\/2022\/11\/Bild_Rottmann.jpg","width":999,"height":636,"caption":"Rottmann Group"},"image":{"@id":"https:\/\/rottmann-group.de\/#\/schema\/logo\/image\/"},"sameAs":["https:\/\/www.facebook.com\/rottmanngroup\/?locale=de_DE","https:\/\/www.instagram.com\/rottmann_group\/"]}]}},"_links":{"self":[{"href":"https:\/\/rottmann-group.de\/pl\/wp-json\/wp\/v2\/product\/11983","targetHints":{"allow":["GET"]}}],"collection":[{"href":"https:\/\/rottmann-group.de\/pl\/wp-json\/wp\/v2\/product"}],"about":[{"href":"https:\/\/rottmann-group.de\/pl\/wp-json\/wp\/v2\/types\/product"}],"replies":[{"embeddable":true,"href":"https:\/\/rottmann-group.de\/pl\/wp-json\/wp\/v2\/comments?post=11983"}],"wp:featuredmedia":[{"embeddable":true,"href":"https:\/\/rottmann-group.de\/pl\/wp-json\/wp\/v2\/media\/3937"}],"wp:attachment":[{"href":"https:\/\/rottmann-group.de\/pl\/wp-json\/wp\/v2\/media?parent=11983"}],"wp:term":[{"taxonomy":"product_brand","embeddable":true,"href":"https:\/\/rottmann-group.de\/pl\/wp-json\/wp\/v2\/product_brand?post=11983"},{"taxonomy":"product_cat","embeddable":true,"href":"https:\/\/rottmann-group.de\/pl\/wp-json\/wp\/v2\/product_cat?post=11983"},{"taxonomy":"product_tag","embeddable":true,"href":"https:\/\/rottmann-group.de\/pl\/wp-json\/wp\/v2\/product_tag?post=11983"}],"curies":[{"name":"wp","href":"https:\/\/api.w.org\/{rel}","templated":true}]}}