{"id":11955,"date":"2022-09-29T13:03:18","date_gmt":"2022-09-29T11:03:18","guid":{"rendered":"\/produkt\/r-vita-active\/"},"modified":"2026-04-22T10:17:43","modified_gmt":"2026-04-22T08:17:43","slug":"r-vita-aktiv-2","status":"publish","type":"product","link":"https:\/\/rottmann-group.de\/pl\/product-pl\/r-vita-aktiv-2\/","title":{"rendered":"R-Vita Active"},"content":{"rendered":"<h4 data-section-id=\"c9wkvz\" data-start=\"799\" data-end=\"837\">1. bomba witaminowa dla ca\u0142ego byd\u0142a<\/h4>\n<p data-start=\"839\" data-end=\"1044\">R-Vita Aktiv zosta\u0142 specjalnie opracowany, aby optymalnie wspiera\u0107 byd\u0142o w fazach wymagaj\u0105cych wydajno\u015bci i wra\u017cliwych. Produkt jest odpowiedni dla kr\u00f3w mlecznych, kr\u00f3w zasuszonych, ciel\u0105t, m\u0142odego byd\u0142a i byk\u00f3w opasowych. <\/p>\n<ul data-start=\"1046\" data-end=\"1236\">\n<li data-section-id=\"g422of\" data-start=\"1046\" data-end=\"1100\">Odpowiedni dla kr\u00f3w mlecznych, kr\u00f3w zasuszonych i m\u0142odego byd\u0142a<\/li>\n<li data-section-id=\"nb8v43\" data-start=\"1101\" data-end=\"1146\">Wsparcie r\u00f3wnie\u017c dla ciel\u0105t i byk\u00f3w opasowych<\/li>\n<li data-section-id=\"aovov9\" data-start=\"1147\" data-end=\"1192\">Idealny dla zwi\u0119kszonych wymaga\u0144 wydajno\u015bciowych<\/li>\n<li data-section-id=\"ty6y3j\" data-start=\"1193\" data-end=\"1236\">Mo\u017ce by\u0107 u\u017cywany elastycznie w ca\u0142ej firmie<\/li>\n<\/ul>\n<h4 data-section-id=\"1mexz76\" data-start=\"1243\" data-end=\"1296\">2. z wysokimi dawkami witamin i pierwiastk\u00f3w \u015bladowych<\/h4>\n<p data-start=\"1298\" data-end=\"1465\">Po\u0142\u0105czenie witamin rozpuszczalnych w t\u0142uszczach i rozpuszczalnych w wodzie wspiera wa\u017cne procesy metaboliczne i zapewnia ukierunkowan\u0105 poda\u017c w stresuj\u0105cych fazach.<\/p>\n<ul data-start=\"1467\" data-end=\"1700\">\n<li data-section-id=\"3lkgz0\" data-start=\"1467\" data-end=\"1506\">wysoka zawarto\u015b\u0107 witamin A, D3 i E<\/li>\n<li data-section-id=\"1lpe4so\" data-start=\"1507\" data-end=\"1552\">zawiera witamin\u0119 K i kompleks witamin B<\/li>\n<li data-section-id=\"1u59r79\" data-start=\"1553\" data-end=\"1585\">z kwasem foliowym i D-pantenolem<\/li>\n<li data-section-id=\"j1x9l8\" data-start=\"1586\" data-end=\"1646\">uzupe\u0142nione cynkiem, miedzi\u0105, \u017celazem, manganem, jodem i selenem<\/li>\n<li data-section-id=\"cbi29d\" data-start=\"1647\" data-end=\"1700\">z termicznie trawionym ziarnem i dro\u017cd\u017cami<\/li>\n<\/ul>\n<h4 data-section-id=\"1v7wvc2\" data-start=\"1707\" data-end=\"1772\">3. wsparcie w sytuacjach stresowych i fazach p\u0142odno\u015bci<\/h4>\n<p data-start=\"1774\" data-end=\"1953\">Szczeg\u00f3lnie przed wycieleniem, w okolicach inseminacji lub w innych stresuj\u0105cych sytuacjach, zapotrzebowanie na witaminy znacznie wzrasta. R-Vita Aktiv wspiera zwierz\u0119ta w\u0142a\u015bnie w tych fazach. <\/p>\n<ul data-start=\"1955\" data-end=\"2157\">\n<li data-section-id=\"12vs8su\" data-start=\"1955\" data-end=\"2001\">Wspomaga p\u0142odno\u015b\u0107 i reprodukcj\u0119<\/li>\n<li data-section-id=\"1ebx67h\" data-start=\"2002\" data-end=\"2032\">Pomaga w stresuj\u0105cych sytuacjach<\/li>\n<li data-section-id=\"cj9jbn\" data-start=\"2033\" data-end=\"2067\">Wspomaga serce i kr\u0105\u017cenie<\/li>\n<li data-section-id=\"td67jg\" data-start=\"2068\" data-end=\"2106\">promuje dobre samopoczucie i witalno\u015b\u0107<\/li>\n<li data-section-id=\"1pqjhpk\" data-start=\"2107\" data-end=\"2157\">\u0141atwa integracja z codziennym feedem<\/li>\n<\/ul>\n","protected":false},"excerpt":{"rendered":"<p>R-Vita Aktiv to mineralna pasza dla byd\u0142a o wysokiej zawarto\u015bci witamin i pierwiastk\u00f3w \u015bladowych. Wspomaga wzrost, zdrowie i p\u0142odno\u015b\u0107 oraz pomaga zwierz\u0119tom zachowa\u0107 produktywno\u015b\u0107, szczeg\u00f3lnie w sytuacjach stresowych. <\/p>\n","protected":false},"featured_media":3920,"comment_status":"closed","ping_status":"closed","template":"","meta":{"_acf_changed":false},"product_brand":[],"product_cat":[408,220],"product_tag":[],"class_list":{"0":"post-11955","1":"product","2":"type-product","3":"status-publish","4":"has-post-thumbnail","6":"product_cat-pasza-dla-zwierzat","7":"product_cat-wolowina","9":"first","10":"instock","11":"downloadable","12":"shipping-taxable","13":"product-type-simple"},"acf":[],"yoast_head":"<!-- This site is optimized with the Yoast SEO plugin v27.4 - https:\/\/yoast.com\/product\/yoast-seo-wordpress\/ -->\n<title>R-Vita Active - Rottmann Group<\/title>\n<meta name=\"description\" content=\"R-Vita Aktiv to pasza witaminowa dla byd\u0142a z wysokimi dawkami witamin i pierwiastk\u00f3w \u015bladowych, kt\u00f3re wspieraj\u0105 zdrowie, p\u0142odno\u015b\u0107 i odporno\u015b\u0107 na stres.\" \/>\n<meta name=\"robots\" content=\"index, follow, max-snippet:-1, max-image-preview:large, max-video-preview:-1\" \/>\n<link rel=\"canonical\" href=\"https:\/\/rottmann-group.de\/pl\/product-pl\/r-vita-aktiv-2\/\" \/>\n<meta property=\"og:locale\" content=\"pl_PL\" \/>\n<meta property=\"og:type\" content=\"article\" \/>\n<meta property=\"og:title\" content=\"R-Vita Active - Rottmann Group\" \/>\n<meta property=\"og:description\" content=\"R-Vita Aktiv to pasza witaminowa dla byd\u0142a z wysokimi dawkami witamin i pierwiastk\u00f3w \u015bladowych, kt\u00f3re wspieraj\u0105 zdrowie, p\u0142odno\u015b\u0107 i odporno\u015b\u0107 na stres.\" \/>\n<meta property=\"og:url\" content=\"https:\/\/rottmann-group.de\/pl\/product-pl\/r-vita-aktiv-2\/\" \/>\n<meta property=\"og:site_name\" content=\"Rottmann Group\" \/>\n<meta property=\"article:publisher\" content=\"https:\/\/www.facebook.com\/rottmanngroup\/?locale=de_DE\" \/>\n<meta property=\"article:modified_time\" content=\"2026-04-22T08:17:43+00:00\" \/>\n<meta property=\"og:image\" content=\"https:\/\/rottmann-group.de\/wp-content\/uploads\/2022\/09\/Futtermittelsack-Rind-R-Vita-Aktiv.png\" \/>\n\t<meta property=\"og:image:width\" content=\"300\" \/>\n\t<meta property=\"og:image:height\" content=\"300\" \/>\n\t<meta property=\"og:image:type\" content=\"image\/png\" \/>\n<meta name=\"twitter:card\" content=\"summary_large_image\" \/>\n<meta name=\"twitter:label1\" content=\"Szacowany czas czytania\" \/>\n\t<meta name=\"twitter:data1\" content=\"1 minuta\" \/>\n<script type=\"application\/ld+json\" class=\"yoast-schema-graph\">{\"@context\":\"https:\\\/\\\/schema.org\",\"@graph\":[{\"@type\":\"WebPage\",\"@id\":\"https:\\\/\\\/rottmann-group.de\\\/pl\\\/product-pl\\\/r-vita-aktiv-2\\\/\",\"url\":\"https:\\\/\\\/rottmann-group.de\\\/pl\\\/product-pl\\\/r-vita-aktiv-2\\\/\",\"name\":\"R-Vita Active - Rottmann Group\",\"isPartOf\":{\"@id\":\"https:\\\/\\\/rottmann-group.de\\\/pl\\\/#website\"},\"primaryImageOfPage\":{\"@id\":\"https:\\\/\\\/rottmann-group.de\\\/pl\\\/product-pl\\\/r-vita-aktiv-2\\\/#primaryimage\"},\"image\":{\"@id\":\"https:\\\/\\\/rottmann-group.de\\\/pl\\\/product-pl\\\/r-vita-aktiv-2\\\/#primaryimage\"},\"thumbnailUrl\":\"https:\\\/\\\/rottmann-group.de\\\/wp-content\\\/uploads\\\/2022\\\/09\\\/Futtermittelsack-Rind-R-Vita-Aktiv.png\",\"datePublished\":\"2022-09-29T11:03:18+00:00\",\"dateModified\":\"2026-04-22T08:17:43+00:00\",\"description\":\"R-Vita Aktiv to pasza witaminowa dla byd\u0142a z wysokimi dawkami witamin i pierwiastk\u00f3w \u015bladowych, kt\u00f3re wspieraj\u0105 zdrowie, p\u0142odno\u015b\u0107 i odporno\u015b\u0107 na stres.\",\"breadcrumb\":{\"@id\":\"https:\\\/\\\/rottmann-group.de\\\/pl\\\/product-pl\\\/r-vita-aktiv-2\\\/#breadcrumb\"},\"inLanguage\":\"pl-PL\",\"potentialAction\":[{\"@type\":\"ReadAction\",\"target\":[\"https:\\\/\\\/rottmann-group.de\\\/pl\\\/product-pl\\\/r-vita-aktiv-2\\\/\"]}]},{\"@type\":\"ImageObject\",\"inLanguage\":\"pl-PL\",\"@id\":\"https:\\\/\\\/rottmann-group.de\\\/pl\\\/product-pl\\\/r-vita-aktiv-2\\\/#primaryimage\",\"url\":\"https:\\\/\\\/rottmann-group.de\\\/wp-content\\\/uploads\\\/2022\\\/09\\\/Futtermittelsack-Rind-R-Vita-Aktiv.png\",\"contentUrl\":\"https:\\\/\\\/rottmann-group.de\\\/wp-content\\\/uploads\\\/2022\\\/09\\\/Futtermittelsack-Rind-R-Vita-Aktiv.png\",\"width\":300,\"height\":300},{\"@type\":\"BreadcrumbList\",\"@id\":\"https:\\\/\\\/rottmann-group.de\\\/pl\\\/product-pl\\\/r-vita-aktiv-2\\\/#breadcrumb\",\"itemListElement\":[{\"@type\":\"ListItem\",\"position\":1,\"name\":\"Startseite\",\"item\":\"https:\\\/\\\/rottmann-group.de\\\/pl\\\/strona-glowna\\\/\"},{\"@type\":\"ListItem\",\"position\":2,\"name\":\"Sklep\",\"item\":\"https:\\\/\\\/rottmann-group.de\\\/pl\\\/sklep\\\/\"},{\"@type\":\"ListItem\",\"position\":3,\"name\":\"R-Vita Active\"}]},{\"@type\":\"WebSite\",\"@id\":\"https:\\\/\\\/rottmann-group.de\\\/pl\\\/#website\",\"url\":\"https:\\\/\\\/rottmann-group.de\\\/pl\\\/\",\"name\":\"Rottmann Group\",\"description\":\"Das traditionelle Familienunternehmen bietet Ihnen: Ganzheitliche Futterkonzepte, Mahl- und Mischdienstleistungen und Dosiertechnik. Jetzt Kontakt aufnehmen!\",\"publisher\":{\"@id\":\"https:\\\/\\\/rottmann-group.de\\\/pl\\\/#organization\"},\"potentialAction\":[{\"@type\":\"SearchAction\",\"target\":{\"@type\":\"EntryPoint\",\"urlTemplate\":\"https:\\\/\\\/rottmann-group.de\\\/pl\\\/?s={search_term_string}\"},\"query-input\":{\"@type\":\"PropertyValueSpecification\",\"valueRequired\":true,\"valueName\":\"search_term_string\"}}],\"inLanguage\":\"pl-PL\"},{\"@type\":\"Organization\",\"@id\":\"https:\\\/\\\/rottmann-group.de\\\/pl\\\/#organization\",\"name\":\"Rottmann Group\",\"url\":\"https:\\\/\\\/rottmann-group.de\\\/pl\\\/\",\"logo\":{\"@type\":\"ImageObject\",\"inLanguage\":\"pl-PL\",\"@id\":\"https:\\\/\\\/rottmann-group.de\\\/pl\\\/#\\\/schema\\\/logo\\\/image\\\/\",\"url\":\"https:\\\/\\\/rottmann-group.de\\\/wp-content\\\/uploads\\\/2022\\\/11\\\/Bild_Rottmann.jpg\",\"contentUrl\":\"https:\\\/\\\/rottmann-group.de\\\/wp-content\\\/uploads\\\/2022\\\/11\\\/Bild_Rottmann.jpg\",\"width\":999,\"height\":636,\"caption\":\"Rottmann Group\"},\"image\":{\"@id\":\"https:\\\/\\\/rottmann-group.de\\\/pl\\\/#\\\/schema\\\/logo\\\/image\\\/\"},\"sameAs\":[\"https:\\\/\\\/www.facebook.com\\\/rottmanngroup\\\/?locale=de_DE\",\"https:\\\/\\\/www.instagram.com\\\/rottmann_group\\\/\"]}]}<\/script>\n<!-- \/ Yoast SEO plugin. -->","yoast_head_json":{"title":"R-Vita Active - Rottmann Group","description":"R-Vita Aktiv to pasza witaminowa dla byd\u0142a z wysokimi dawkami witamin i pierwiastk\u00f3w \u015bladowych, kt\u00f3re wspieraj\u0105 zdrowie, p\u0142odno\u015b\u0107 i odporno\u015b\u0107 na stres.","robots":{"index":"index","follow":"follow","max-snippet":"max-snippet:-1","max-image-preview":"max-image-preview:large","max-video-preview":"max-video-preview:-1"},"canonical":"https:\/\/rottmann-group.de\/pl\/product-pl\/r-vita-aktiv-2\/","og_locale":"pl_PL","og_type":"article","og_title":"R-Vita Active - Rottmann Group","og_description":"R-Vita Aktiv to pasza witaminowa dla byd\u0142a z wysokimi dawkami witamin i pierwiastk\u00f3w \u015bladowych, kt\u00f3re wspieraj\u0105 zdrowie, p\u0142odno\u015b\u0107 i odporno\u015b\u0107 na stres.","og_url":"https:\/\/rottmann-group.de\/pl\/product-pl\/r-vita-aktiv-2\/","og_site_name":"Rottmann Group","article_publisher":"https:\/\/www.facebook.com\/rottmanngroup\/?locale=de_DE","article_modified_time":"2026-04-22T08:17:43+00:00","og_image":[{"width":300,"height":300,"url":"https:\/\/rottmann-group.de\/wp-content\/uploads\/2022\/09\/Futtermittelsack-Rind-R-Vita-Aktiv.png","type":"image\/png"}],"twitter_card":"summary_large_image","twitter_misc":{"Szacowany czas czytania":"1 minuta"},"schema":{"@context":"https:\/\/schema.org","@graph":[{"@type":"WebPage","@id":"https:\/\/rottmann-group.de\/pl\/product-pl\/r-vita-aktiv-2\/","url":"https:\/\/rottmann-group.de\/pl\/product-pl\/r-vita-aktiv-2\/","name":"R-Vita Active - Rottmann Group","isPartOf":{"@id":"https:\/\/rottmann-group.de\/pl\/#website"},"primaryImageOfPage":{"@id":"https:\/\/rottmann-group.de\/pl\/product-pl\/r-vita-aktiv-2\/#primaryimage"},"image":{"@id":"https:\/\/rottmann-group.de\/pl\/product-pl\/r-vita-aktiv-2\/#primaryimage"},"thumbnailUrl":"https:\/\/rottmann-group.de\/wp-content\/uploads\/2022\/09\/Futtermittelsack-Rind-R-Vita-Aktiv.png","datePublished":"2022-09-29T11:03:18+00:00","dateModified":"2026-04-22T08:17:43+00:00","description":"R-Vita Aktiv to pasza witaminowa dla byd\u0142a z wysokimi dawkami witamin i pierwiastk\u00f3w \u015bladowych, kt\u00f3re wspieraj\u0105 zdrowie, p\u0142odno\u015b\u0107 i odporno\u015b\u0107 na stres.","breadcrumb":{"@id":"https:\/\/rottmann-group.de\/pl\/product-pl\/r-vita-aktiv-2\/#breadcrumb"},"inLanguage":"pl-PL","potentialAction":[{"@type":"ReadAction","target":["https:\/\/rottmann-group.de\/pl\/product-pl\/r-vita-aktiv-2\/"]}]},{"@type":"ImageObject","inLanguage":"pl-PL","@id":"https:\/\/rottmann-group.de\/pl\/product-pl\/r-vita-aktiv-2\/#primaryimage","url":"https:\/\/rottmann-group.de\/wp-content\/uploads\/2022\/09\/Futtermittelsack-Rind-R-Vita-Aktiv.png","contentUrl":"https:\/\/rottmann-group.de\/wp-content\/uploads\/2022\/09\/Futtermittelsack-Rind-R-Vita-Aktiv.png","width":300,"height":300},{"@type":"BreadcrumbList","@id":"https:\/\/rottmann-group.de\/pl\/product-pl\/r-vita-aktiv-2\/#breadcrumb","itemListElement":[{"@type":"ListItem","position":1,"name":"Startseite","item":"https:\/\/rottmann-group.de\/pl\/strona-glowna\/"},{"@type":"ListItem","position":2,"name":"Sklep","item":"https:\/\/rottmann-group.de\/pl\/sklep\/"},{"@type":"ListItem","position":3,"name":"R-Vita Active"}]},{"@type":"WebSite","@id":"https:\/\/rottmann-group.de\/pl\/#website","url":"https:\/\/rottmann-group.de\/pl\/","name":"Rottmann Group","description":"Das traditionelle Familienunternehmen bietet Ihnen: Ganzheitliche Futterkonzepte, Mahl- und Mischdienstleistungen und Dosiertechnik. Jetzt Kontakt aufnehmen!","publisher":{"@id":"https:\/\/rottmann-group.de\/pl\/#organization"},"potentialAction":[{"@type":"SearchAction","target":{"@type":"EntryPoint","urlTemplate":"https:\/\/rottmann-group.de\/pl\/?s={search_term_string}"},"query-input":{"@type":"PropertyValueSpecification","valueRequired":true,"valueName":"search_term_string"}}],"inLanguage":"pl-PL"},{"@type":"Organization","@id":"https:\/\/rottmann-group.de\/pl\/#organization","name":"Rottmann Group","url":"https:\/\/rottmann-group.de\/pl\/","logo":{"@type":"ImageObject","inLanguage":"pl-PL","@id":"https:\/\/rottmann-group.de\/pl\/#\/schema\/logo\/image\/","url":"https:\/\/rottmann-group.de\/wp-content\/uploads\/2022\/11\/Bild_Rottmann.jpg","contentUrl":"https:\/\/rottmann-group.de\/wp-content\/uploads\/2022\/11\/Bild_Rottmann.jpg","width":999,"height":636,"caption":"Rottmann Group"},"image":{"@id":"https:\/\/rottmann-group.de\/pl\/#\/schema\/logo\/image\/"},"sameAs":["https:\/\/www.facebook.com\/rottmanngroup\/?locale=de_DE","https:\/\/www.instagram.com\/rottmann_group\/"]}]}},"_links":{"self":[{"href":"https:\/\/rottmann-group.de\/pl\/wp-json\/wp\/v2\/product\/11955","targetHints":{"allow":["GET"]}}],"collection":[{"href":"https:\/\/rottmann-group.de\/pl\/wp-json\/wp\/v2\/product"}],"about":[{"href":"https:\/\/rottmann-group.de\/pl\/wp-json\/wp\/v2\/types\/product"}],"replies":[{"embeddable":true,"href":"https:\/\/rottmann-group.de\/pl\/wp-json\/wp\/v2\/comments?post=11955"}],"wp:featuredmedia":[{"embeddable":true,"href":"https:\/\/rottmann-group.de\/pl\/wp-json\/wp\/v2\/media\/3920"}],"wp:attachment":[{"href":"https:\/\/rottmann-group.de\/pl\/wp-json\/wp\/v2\/media?parent=11955"}],"wp:term":[{"taxonomy":"product_brand","embeddable":true,"href":"https:\/\/rottmann-group.de\/pl\/wp-json\/wp\/v2\/product_brand?post=11955"},{"taxonomy":"product_cat","embeddable":true,"href":"https:\/\/rottmann-group.de\/pl\/wp-json\/wp\/v2\/product_cat?post=11955"},{"taxonomy":"product_tag","embeddable":true,"href":"https:\/\/rottmann-group.de\/pl\/wp-json\/wp\/v2\/product_tag?post=11955"}],"curies":[{"name":"wp","href":"https:\/\/api.w.org\/{rel}","templated":true}]}}