{"id":11951,"date":"2022-09-29T12:49:05","date_gmt":"2022-09-29T10:49:05","guid":{"rendered":"\/produkt\/posciel-wapienna\/"},"modified":"2026-04-22T10:29:32","modified_gmt":"2026-04-22T08:29:32","slug":"posciel-wapienna","status":"publish","type":"product","link":"https:\/\/rottmann-group.de\/pl\/product-pl\/posciel-wapienna\/","title":{"rendered":"Po\u015bciel wapienna"},"content":{"rendered":"<h4 data-section-id=\"mtaqxn\" data-start=\"603\" data-end=\"630\">1. wi\u0119cej higieny w stodole<\/h4>\n<p data-start=\"632\" data-end=\"851\">Wapno \u015bci\u00f3\u0142kowe zosta\u0142o opracowane w celu trwa\u0142ej poprawy higieny w oborach. Stosowane w boksach, lu\u017anych pomieszczeniach lub obszarach dla ciel\u0105t zmniejsza wilgotno\u015b\u0107 powierzchni i zapewnia higieniczne warunki. <\/p>\n<ul data-start=\"853\" data-end=\"1000\">\n<li data-section-id=\"1kqzkky\" data-start=\"853\" data-end=\"884\">Poprawia stabiln\u0105 higien\u0119<\/li>\n<li data-section-id=\"1nosvj2\" data-start=\"885\" data-end=\"927\">Redukuje wilgo\u0107 w obszarze le\u017cenia<\/li>\n<li data-section-id=\"zaoyst\" data-start=\"928\" data-end=\"965\">Zapewnia bardziej suche i stabilne powierzchnie<\/li>\n<li data-section-id=\"khrkpe\" data-start=\"966\" data-end=\"1000\">Wszechstronne zastosowanie w stajni<\/li>\n<\/ul>\n<h4 data-section-id=\"1itrejf\" data-start=\"1007\" data-end=\"1052\">2. wi\u0105\u017ce wilgo\u0107 i redukuje zarazki<\/h4>\n<p data-start=\"1054\" data-end=\"1255\">Wilgo\u0107 stanowi podstaw\u0119 dla zarazk\u00f3w, bakterii i niepo\u017c\u0105danych zanieczyszcze\u0144 w stajni. Wapno \u015bci\u00f3\u0142kowe niezawodnie wi\u0105\u017ce wilgo\u0107 i pomaga trwale poprawi\u0107 klimat w stajni. Utrzymuj\u0105ca si\u0119 wysoka warto\u015b\u0107 pH wynosz\u0105ca ponad 12 ogranicza wzrost i rozmna\u017canie si\u0119 zarazk\u00f3w chorobotw\u00f3rczych.  <\/p>\n<ul data-start=\"1257\" data-end=\"1385\">\n<li data-section-id=\"4m1jxm\" data-start=\"1257\" data-end=\"1294\">Wi\u0105\u017ce nadmiar wilgoci<\/li>\n<li data-section-id=\"u0jvun\" data-start=\"1295\" data-end=\"1318\">Zmniejsza ci\u015bnienie zarazk\u00f3w<\/li>\n<li data-section-id=\"1ef231b\" data-start=\"1319\" data-end=\"1348\">Poprawia klimat w oborze<\/li>\n<li data-section-id=\"966g6i\" data-start=\"1349\" data-end=\"1385\">Obs\u0142uguje czyste powierzchnie le\u017c\u0105ce<\/li>\n<\/ul>\n<h4 data-section-id=\"ucpd5r\" data-start=\"1392\" data-end=\"1441\">3. wspiera zdrowie i dobrostan zwierz\u0105t<\/h4>\n<p data-start=\"1443\" data-end=\"1638\">Suche miejsca do le\u017cenia s\u0105 wa\u017cnym czynnikiem dla zdrowych zwierz\u0105t. Wapno \u015bci\u00f3\u0142kowe pomaga pozytywnie wspiera\u0107 zdrowie sk\u00f3ry, pazur\u00f3w i wymion, a jednocze\u015bnie zwi\u0119ksza komfort le\u017cenia. <\/p>\n<ul data-start=\"1640\" data-end=\"1792\">\n<li data-section-id=\"13ks6fh\" data-start=\"1640\" data-end=\"1674\">wspiera zdrowie zwierz\u0105t<\/li>\n<li data-section-id=\"1cxu1ba\" data-start=\"1675\" data-end=\"1706\">Poprawia komfort le\u017cenia<\/li>\n<li data-section-id=\"zvjjjw\" data-start=\"1707\" data-end=\"1752\">mo\u017ce zmniejszy\u0107 problemy z wymionami i kopytami<\/li>\n<li data-section-id=\"1wy05o8\" data-start=\"1753\" data-end=\"1792\">Poprawia samopoczucie zwierz\u0105t<\/li>\n<\/ul>\n","protected":false},"excerpt":{"rendered":"<p>Wapno \u015bci\u00f3\u0142kowe zapewnia suche i higieniczne powierzchnie do le\u017cenia w oborze, wi\u0105\u017ce wilgo\u0107 i zmniejsza presj\u0119 zarazk\u00f3w, poprawiaj\u0105c zdrowie i komfort zwierz\u0105t.<\/p>\n","protected":false},"featured_media":3918,"comment_status":"closed","ping_status":"closed","template":"","meta":{"_acf_changed":false},"product_brand":[],"product_cat":[408,220],"product_tag":[],"class_list":{"0":"post-11951","1":"product","2":"type-product","3":"status-publish","4":"has-post-thumbnail","6":"product_cat-pasza-dla-zwierzat","7":"product_cat-wolowina","9":"first","10":"instock","11":"shipping-taxable","12":"product-type-variable"},"acf":[],"yoast_head":"<!-- This site is optimized with the Yoast SEO plugin v27.4 - https:\/\/yoast.com\/product\/yoast-seo-wordpress\/ -->\n<title>Po\u015bciel wapienna - Rottmann Group<\/title>\n<meta name=\"description\" content=\"Pod\u015bci\u00f3\u0142ka wapienna poprawia higien\u0119 w stajni, wi\u0105\u017c\u0105c wilgo\u0107, redukuj\u0105c zarazki i zapewniaj\u0105c such\u0105 powierzchni\u0119 do le\u017cenia dla zdrowszych i bardziej produktywnych zwierz\u0105t.\" \/>\n<meta name=\"robots\" content=\"index, follow, max-snippet:-1, max-image-preview:large, max-video-preview:-1\" \/>\n<link rel=\"canonical\" href=\"https:\/\/rottmann-group.de\/pl\/product-pl\/posciel-wapienna\/\" \/>\n<meta property=\"og:locale\" content=\"pl_PL\" \/>\n<meta property=\"og:type\" content=\"article\" \/>\n<meta property=\"og:title\" content=\"Po\u015bciel wapienna - Rottmann Group\" \/>\n<meta property=\"og:description\" content=\"Pod\u015bci\u00f3\u0142ka wapienna poprawia higien\u0119 w stajni, wi\u0105\u017c\u0105c wilgo\u0107, redukuj\u0105c zarazki i zapewniaj\u0105c such\u0105 powierzchni\u0119 do le\u017cenia dla zdrowszych i bardziej produktywnych zwierz\u0105t.\" \/>\n<meta property=\"og:url\" content=\"https:\/\/rottmann-group.de\/pl\/product-pl\/posciel-wapienna\/\" \/>\n<meta property=\"og:site_name\" content=\"Rottmann Group\" \/>\n<meta property=\"article:publisher\" content=\"https:\/\/www.facebook.com\/rottmanngroup\/?locale=de_DE\" \/>\n<meta property=\"article:modified_time\" content=\"2026-04-22T08:29:32+00:00\" \/>\n<meta property=\"og:image\" content=\"https:\/\/rottmann-group.de\/wp-content\/uploads\/2022\/09\/BreCalSan.png\" \/>\n\t<meta property=\"og:image:width\" content=\"300\" \/>\n\t<meta property=\"og:image:height\" content=\"300\" \/>\n\t<meta property=\"og:image:type\" content=\"image\/png\" \/>\n<meta name=\"twitter:card\" content=\"summary_large_image\" \/>\n<meta name=\"twitter:label1\" content=\"Szacowany czas czytania\" \/>\n\t<meta name=\"twitter:data1\" content=\"1 minuta\" \/>\n<script type=\"application\/ld+json\" class=\"yoast-schema-graph\">{\"@context\":\"https:\\\/\\\/schema.org\",\"@graph\":[{\"@type\":\"WebPage\",\"@id\":\"https:\\\/\\\/rottmann-group.de\\\/pl\\\/product-pl\\\/posciel-wapienna\\\/\",\"url\":\"https:\\\/\\\/rottmann-group.de\\\/pl\\\/product-pl\\\/posciel-wapienna\\\/\",\"name\":\"Po\u015bciel wapienna - Rottmann Group\",\"isPartOf\":{\"@id\":\"https:\\\/\\\/rottmann-group.de\\\/pl\\\/#website\"},\"primaryImageOfPage\":{\"@id\":\"https:\\\/\\\/rottmann-group.de\\\/pl\\\/product-pl\\\/posciel-wapienna\\\/#primaryimage\"},\"image\":{\"@id\":\"https:\\\/\\\/rottmann-group.de\\\/pl\\\/product-pl\\\/posciel-wapienna\\\/#primaryimage\"},\"thumbnailUrl\":\"https:\\\/\\\/rottmann-group.de\\\/wp-content\\\/uploads\\\/2022\\\/09\\\/BreCalSan.png\",\"datePublished\":\"2022-09-29T10:49:05+00:00\",\"dateModified\":\"2026-04-22T08:29:32+00:00\",\"description\":\"Pod\u015bci\u00f3\u0142ka wapienna poprawia higien\u0119 w stajni, wi\u0105\u017c\u0105c wilgo\u0107, redukuj\u0105c zarazki i zapewniaj\u0105c such\u0105 powierzchni\u0119 do le\u017cenia dla zdrowszych i bardziej produktywnych zwierz\u0105t.\",\"breadcrumb\":{\"@id\":\"https:\\\/\\\/rottmann-group.de\\\/pl\\\/product-pl\\\/posciel-wapienna\\\/#breadcrumb\"},\"inLanguage\":\"pl-PL\",\"potentialAction\":[{\"@type\":\"ReadAction\",\"target\":[\"https:\\\/\\\/rottmann-group.de\\\/pl\\\/product-pl\\\/posciel-wapienna\\\/\"]}]},{\"@type\":\"ImageObject\",\"inLanguage\":\"pl-PL\",\"@id\":\"https:\\\/\\\/rottmann-group.de\\\/pl\\\/product-pl\\\/posciel-wapienna\\\/#primaryimage\",\"url\":\"https:\\\/\\\/rottmann-group.de\\\/wp-content\\\/uploads\\\/2022\\\/09\\\/BreCalSan.png\",\"contentUrl\":\"https:\\\/\\\/rottmann-group.de\\\/wp-content\\\/uploads\\\/2022\\\/09\\\/BreCalSan.png\",\"width\":300,\"height\":300},{\"@type\":\"BreadcrumbList\",\"@id\":\"https:\\\/\\\/rottmann-group.de\\\/pl\\\/product-pl\\\/posciel-wapienna\\\/#breadcrumb\",\"itemListElement\":[{\"@type\":\"ListItem\",\"position\":1,\"name\":\"Startseite\",\"item\":\"https:\\\/\\\/rottmann-group.de\\\/pl\\\/strona-glowna\\\/\"},{\"@type\":\"ListItem\",\"position\":2,\"name\":\"Sklep\",\"item\":\"https:\\\/\\\/rottmann-group.de\\\/pl\\\/sklep\\\/\"},{\"@type\":\"ListItem\",\"position\":3,\"name\":\"Po\u015bciel wapienna\"}]},{\"@type\":\"WebSite\",\"@id\":\"https:\\\/\\\/rottmann-group.de\\\/pl\\\/#website\",\"url\":\"https:\\\/\\\/rottmann-group.de\\\/pl\\\/\",\"name\":\"Rottmann Group\",\"description\":\"Das traditionelle Familienunternehmen bietet Ihnen: Ganzheitliche Futterkonzepte, Mahl- und Mischdienstleistungen und Dosiertechnik. Jetzt Kontakt aufnehmen!\",\"publisher\":{\"@id\":\"https:\\\/\\\/rottmann-group.de\\\/pl\\\/#organization\"},\"potentialAction\":[{\"@type\":\"SearchAction\",\"target\":{\"@type\":\"EntryPoint\",\"urlTemplate\":\"https:\\\/\\\/rottmann-group.de\\\/pl\\\/?s={search_term_string}\"},\"query-input\":{\"@type\":\"PropertyValueSpecification\",\"valueRequired\":true,\"valueName\":\"search_term_string\"}}],\"inLanguage\":\"pl-PL\"},{\"@type\":\"Organization\",\"@id\":\"https:\\\/\\\/rottmann-group.de\\\/pl\\\/#organization\",\"name\":\"Rottmann Group\",\"url\":\"https:\\\/\\\/rottmann-group.de\\\/pl\\\/\",\"logo\":{\"@type\":\"ImageObject\",\"inLanguage\":\"pl-PL\",\"@id\":\"https:\\\/\\\/rottmann-group.de\\\/pl\\\/#\\\/schema\\\/logo\\\/image\\\/\",\"url\":\"https:\\\/\\\/rottmann-group.de\\\/wp-content\\\/uploads\\\/2022\\\/11\\\/Bild_Rottmann.jpg\",\"contentUrl\":\"https:\\\/\\\/rottmann-group.de\\\/wp-content\\\/uploads\\\/2022\\\/11\\\/Bild_Rottmann.jpg\",\"width\":999,\"height\":636,\"caption\":\"Rottmann Group\"},\"image\":{\"@id\":\"https:\\\/\\\/rottmann-group.de\\\/pl\\\/#\\\/schema\\\/logo\\\/image\\\/\"},\"sameAs\":[\"https:\\\/\\\/www.facebook.com\\\/rottmanngroup\\\/?locale=de_DE\",\"https:\\\/\\\/www.instagram.com\\\/rottmann_group\\\/\"]}]}<\/script>\n<!-- \/ Yoast SEO plugin. -->","yoast_head_json":{"title":"Po\u015bciel wapienna - Rottmann Group","description":"Pod\u015bci\u00f3\u0142ka wapienna poprawia higien\u0119 w stajni, wi\u0105\u017c\u0105c wilgo\u0107, redukuj\u0105c zarazki i zapewniaj\u0105c such\u0105 powierzchni\u0119 do le\u017cenia dla zdrowszych i bardziej produktywnych zwierz\u0105t.","robots":{"index":"index","follow":"follow","max-snippet":"max-snippet:-1","max-image-preview":"max-image-preview:large","max-video-preview":"max-video-preview:-1"},"canonical":"https:\/\/rottmann-group.de\/pl\/product-pl\/posciel-wapienna\/","og_locale":"pl_PL","og_type":"article","og_title":"Po\u015bciel wapienna - Rottmann Group","og_description":"Pod\u015bci\u00f3\u0142ka wapienna poprawia higien\u0119 w stajni, wi\u0105\u017c\u0105c wilgo\u0107, redukuj\u0105c zarazki i zapewniaj\u0105c such\u0105 powierzchni\u0119 do le\u017cenia dla zdrowszych i bardziej produktywnych zwierz\u0105t.","og_url":"https:\/\/rottmann-group.de\/pl\/product-pl\/posciel-wapienna\/","og_site_name":"Rottmann Group","article_publisher":"https:\/\/www.facebook.com\/rottmanngroup\/?locale=de_DE","article_modified_time":"2026-04-22T08:29:32+00:00","og_image":[{"width":300,"height":300,"url":"https:\/\/rottmann-group.de\/wp-content\/uploads\/2022\/09\/BreCalSan.png","type":"image\/png"}],"twitter_card":"summary_large_image","twitter_misc":{"Szacowany czas czytania":"1 minuta"},"schema":{"@context":"https:\/\/schema.org","@graph":[{"@type":"WebPage","@id":"https:\/\/rottmann-group.de\/pl\/product-pl\/posciel-wapienna\/","url":"https:\/\/rottmann-group.de\/pl\/product-pl\/posciel-wapienna\/","name":"Po\u015bciel wapienna - Rottmann Group","isPartOf":{"@id":"https:\/\/rottmann-group.de\/pl\/#website"},"primaryImageOfPage":{"@id":"https:\/\/rottmann-group.de\/pl\/product-pl\/posciel-wapienna\/#primaryimage"},"image":{"@id":"https:\/\/rottmann-group.de\/pl\/product-pl\/posciel-wapienna\/#primaryimage"},"thumbnailUrl":"https:\/\/rottmann-group.de\/wp-content\/uploads\/2022\/09\/BreCalSan.png","datePublished":"2022-09-29T10:49:05+00:00","dateModified":"2026-04-22T08:29:32+00:00","description":"Pod\u015bci\u00f3\u0142ka wapienna poprawia higien\u0119 w stajni, wi\u0105\u017c\u0105c wilgo\u0107, redukuj\u0105c zarazki i zapewniaj\u0105c such\u0105 powierzchni\u0119 do le\u017cenia dla zdrowszych i bardziej produktywnych zwierz\u0105t.","breadcrumb":{"@id":"https:\/\/rottmann-group.de\/pl\/product-pl\/posciel-wapienna\/#breadcrumb"},"inLanguage":"pl-PL","potentialAction":[{"@type":"ReadAction","target":["https:\/\/rottmann-group.de\/pl\/product-pl\/posciel-wapienna\/"]}]},{"@type":"ImageObject","inLanguage":"pl-PL","@id":"https:\/\/rottmann-group.de\/pl\/product-pl\/posciel-wapienna\/#primaryimage","url":"https:\/\/rottmann-group.de\/wp-content\/uploads\/2022\/09\/BreCalSan.png","contentUrl":"https:\/\/rottmann-group.de\/wp-content\/uploads\/2022\/09\/BreCalSan.png","width":300,"height":300},{"@type":"BreadcrumbList","@id":"https:\/\/rottmann-group.de\/pl\/product-pl\/posciel-wapienna\/#breadcrumb","itemListElement":[{"@type":"ListItem","position":1,"name":"Startseite","item":"https:\/\/rottmann-group.de\/pl\/strona-glowna\/"},{"@type":"ListItem","position":2,"name":"Sklep","item":"https:\/\/rottmann-group.de\/pl\/sklep\/"},{"@type":"ListItem","position":3,"name":"Po\u015bciel wapienna"}]},{"@type":"WebSite","@id":"https:\/\/rottmann-group.de\/pl\/#website","url":"https:\/\/rottmann-group.de\/pl\/","name":"Rottmann Group","description":"Das traditionelle Familienunternehmen bietet Ihnen: Ganzheitliche Futterkonzepte, Mahl- und Mischdienstleistungen und Dosiertechnik. Jetzt Kontakt aufnehmen!","publisher":{"@id":"https:\/\/rottmann-group.de\/pl\/#organization"},"potentialAction":[{"@type":"SearchAction","target":{"@type":"EntryPoint","urlTemplate":"https:\/\/rottmann-group.de\/pl\/?s={search_term_string}"},"query-input":{"@type":"PropertyValueSpecification","valueRequired":true,"valueName":"search_term_string"}}],"inLanguage":"pl-PL"},{"@type":"Organization","@id":"https:\/\/rottmann-group.de\/pl\/#organization","name":"Rottmann Group","url":"https:\/\/rottmann-group.de\/pl\/","logo":{"@type":"ImageObject","inLanguage":"pl-PL","@id":"https:\/\/rottmann-group.de\/pl\/#\/schema\/logo\/image\/","url":"https:\/\/rottmann-group.de\/wp-content\/uploads\/2022\/11\/Bild_Rottmann.jpg","contentUrl":"https:\/\/rottmann-group.de\/wp-content\/uploads\/2022\/11\/Bild_Rottmann.jpg","width":999,"height":636,"caption":"Rottmann Group"},"image":{"@id":"https:\/\/rottmann-group.de\/pl\/#\/schema\/logo\/image\/"},"sameAs":["https:\/\/www.facebook.com\/rottmanngroup\/?locale=de_DE","https:\/\/www.instagram.com\/rottmann_group\/"]}]}},"_links":{"self":[{"href":"https:\/\/rottmann-group.de\/pl\/wp-json\/wp\/v2\/product\/11951","targetHints":{"allow":["GET"]}}],"collection":[{"href":"https:\/\/rottmann-group.de\/pl\/wp-json\/wp\/v2\/product"}],"about":[{"href":"https:\/\/rottmann-group.de\/pl\/wp-json\/wp\/v2\/types\/product"}],"replies":[{"embeddable":true,"href":"https:\/\/rottmann-group.de\/pl\/wp-json\/wp\/v2\/comments?post=11951"}],"wp:featuredmedia":[{"embeddable":true,"href":"https:\/\/rottmann-group.de\/pl\/wp-json\/wp\/v2\/media\/3918"}],"wp:attachment":[{"href":"https:\/\/rottmann-group.de\/pl\/wp-json\/wp\/v2\/media?parent=11951"}],"wp:term":[{"taxonomy":"product_brand","embeddable":true,"href":"https:\/\/rottmann-group.de\/pl\/wp-json\/wp\/v2\/product_brand?post=11951"},{"taxonomy":"product_cat","embeddable":true,"href":"https:\/\/rottmann-group.de\/pl\/wp-json\/wp\/v2\/product_cat?post=11951"},{"taxonomy":"product_tag","embeddable":true,"href":"https:\/\/rottmann-group.de\/pl\/wp-json\/wp\/v2\/product_tag?post=11951"}],"curies":[{"name":"wp","href":"https:\/\/api.w.org\/{rel}","templated":true}]}}