{"id":12694,"date":"2022-08-19T10:57:19","date_gmt":"2022-08-19T08:57:19","guid":{"rendered":"\/produkt\/r-megamast\/"},"modified":"2026-04-09T14:36:28","modified_gmt":"2026-04-09T12:36:28","slug":"r-megamast","status":"publish","type":"product","link":"https:\/\/rottmann-group.de\/nl\/produkt-nl\/r-megamast\/","title":{"rendered":"R- Megamast"},"content":{"rendered":"<p data-start=\"502\" data-end=\"867\">Het <strong data-start=\"512\" data-end=\"553\">verhoogde calcium- en fosforgehalte<\/strong> ondersteunt een optimale botontwikkeling, vooral in de fase v\u00f3\u00f3r het mesten: de basis voor veerkrachtige dieren en succesvol mesten. Tegelijkertijd zorgt het uitgebalanceerde aanbod van <strong data-start=\"748\" data-end=\"793\">lysine, methionine, threonine en tryptofaan<\/strong> voor een effici\u00ebnte eiwitbenutting en een hoge magere vleesopbrengst. <\/p>\n<p data-start=\"869\" data-end=\"1107\">Het gebruik van <strong data-start=\"885\" data-end=\"896\">fytase<\/strong> verbetert de beschikbaarheid van het in het graan gebonden fosfor en verhoogt de nutri\u00ebnteneffici\u00ebntie aanzienlijk. Dit draagt niet alleen bij aan economisch voeren, maar vermindert ook nutri\u00ebntenverliezen. <\/p>\n<p data-start=\"1109\" data-end=\"1417\">Het concept wordt aangevuld met <strong data-start=\"1145\" data-end=\"1218\">volledige vitaminering en optimaal uitgebalanceerde sporenelementen<\/strong> die specifiek metabolische processen, het immuunsysteem en prestaties ondersteunen. Antioxidantcomponenten hebben een stabiliserend effect op de vetkwaliteit en helpen de vleeskwaliteit te garanderen. <\/p>\n<p data-start=\"1419\" data-end=\"1647\">Met <strong data-start=\"1429\" data-end=\"1465\">een aanbevolen bijmengingspercentage van 3%<\/strong> kan R-Megamast flexibel worden ge\u00efntegreerd in bestaande rantsoenconcepten en biedt het een betrouwbare basis voor het succesvol afmesten van varkens.<\/p>\n<p data-start=\"1419\" data-end=\"1647\">Als je vragen hebt, neem dan contact op met onze feed adviseurs!<\/p>\n","protected":false},"excerpt":{"rendered":"<p><strong data-start=\"180\" data-end=\"250\">R-Megamast is een hoogwaardig mineraalvoer voor vleesvarkens<\/strong>, ontwikkeld voor een veilige toevoer van voedingsstoffen, een stabiele basis en hoge mestprestaties. De gerichte combinatie van mineralen, vitaminen en vrije aminozuren maakt een nauwkeurige aanpassing aan de eisen van de moderne varkensmesterij mogelijk. <\/p>\n","protected":false},"featured_media":12695,"comment_status":"closed","ping_status":"closed","template":"","meta":{"_acf_changed":false},"product_brand":[],"product_cat":[407,325],"product_tag":[],"class_list":{"0":"post-12694","1":"product","2":"type-product","3":"status-publish","4":"has-post-thumbnail","6":"product_cat-diervoeder","7":"product_cat-varkens","9":"first","10":"instock","11":"shipping-taxable","12":"product-type-variable","13":"has-default-attributes"},"acf":[],"yoast_head":"<!-- This site is optimized with the Yoast SEO plugin v27.4 - https:\/\/yoast.com\/product\/yoast-seo-wordpress\/ -->\n<title>R- Megamast - Rottmann Group<\/title>\n<meta name=\"description\" content=\"Prestatiemineraalvoer voor vleesvarkens met geoptimaliseerd calcium- en fosforgehalte, aminozuren lysine, methionine, threonine en tryptofyne, evenals fytase.\" \/>\n<meta name=\"robots\" content=\"index, follow, max-snippet:-1, max-image-preview:large, max-video-preview:-1\" \/>\n<link rel=\"canonical\" href=\"https:\/\/rottmann-group.de\/nl\/produkt-nl\/r-megamast\/\" \/>\n<meta property=\"og:locale\" content=\"nl_NL\" \/>\n<meta property=\"og:type\" content=\"article\" \/>\n<meta property=\"og:title\" content=\"R- Megamast - Rottmann Group\" \/>\n<meta property=\"og:description\" content=\"Prestatiemineraalvoer voor vleesvarkens met geoptimaliseerd calcium- en fosforgehalte, aminozuren lysine, methionine, threonine en tryptofyne, evenals fytase.\" \/>\n<meta property=\"og:url\" content=\"https:\/\/rottmann-group.de\/nl\/produkt-nl\/r-megamast\/\" \/>\n<meta property=\"og:site_name\" content=\"Rottmann Group\" \/>\n<meta property=\"article:publisher\" content=\"https:\/\/www.facebook.com\/rottmanngroup\/?locale=de_DE\" \/>\n<meta property=\"article:modified_time\" content=\"2026-04-09T12:36:28+00:00\" \/>\n<meta property=\"og:image\" content=\"https:\/\/rottmann-group.de\/wp-content\/uploads\/2022\/08\/Futtermittelsack-R-Megamast.png\" \/>\n\t<meta property=\"og:image:width\" content=\"300\" \/>\n\t<meta property=\"og:image:height\" content=\"300\" \/>\n\t<meta property=\"og:image:type\" content=\"image\/png\" \/>\n<meta name=\"twitter:card\" content=\"summary_large_image\" \/>\n<meta name=\"twitter:label1\" content=\"Geschatte leestijd\" \/>\n\t<meta name=\"twitter:data1\" content=\"1 minuut\" \/>\n<script type=\"application\/ld+json\" class=\"yoast-schema-graph\">{\"@context\":\"https:\\\/\\\/schema.org\",\"@graph\":[{\"@type\":\"WebPage\",\"@id\":\"https:\\\/\\\/rottmann-group.de\\\/nl\\\/produkt-nl\\\/r-megamast\\\/\",\"url\":\"https:\\\/\\\/rottmann-group.de\\\/nl\\\/produkt-nl\\\/r-megamast\\\/\",\"name\":\"R- Megamast - Rottmann Group\",\"isPartOf\":{\"@id\":\"https:\\\/\\\/rottmann-group.de\\\/nl\\\/#website\"},\"primaryImageOfPage\":{\"@id\":\"https:\\\/\\\/rottmann-group.de\\\/nl\\\/produkt-nl\\\/r-megamast\\\/#primaryimage\"},\"image\":{\"@id\":\"https:\\\/\\\/rottmann-group.de\\\/nl\\\/produkt-nl\\\/r-megamast\\\/#primaryimage\"},\"thumbnailUrl\":\"https:\\\/\\\/rottmann-group.de\\\/wp-content\\\/uploads\\\/2022\\\/08\\\/Futtermittelsack-R-Megamast.png\",\"datePublished\":\"2022-08-19T08:57:19+00:00\",\"dateModified\":\"2026-04-09T12:36:28+00:00\",\"description\":\"Prestatiemineraalvoer voor vleesvarkens met geoptimaliseerd calcium- en fosforgehalte, aminozuren lysine, methionine, threonine en tryptofyne, evenals fytase.\",\"breadcrumb\":{\"@id\":\"https:\\\/\\\/rottmann-group.de\\\/nl\\\/produkt-nl\\\/r-megamast\\\/#breadcrumb\"},\"inLanguage\":\"nl-NL\",\"potentialAction\":[{\"@type\":\"ReadAction\",\"target\":[\"https:\\\/\\\/rottmann-group.de\\\/nl\\\/produkt-nl\\\/r-megamast\\\/\"]}]},{\"@type\":\"ImageObject\",\"inLanguage\":\"nl-NL\",\"@id\":\"https:\\\/\\\/rottmann-group.de\\\/nl\\\/produkt-nl\\\/r-megamast\\\/#primaryimage\",\"url\":\"https:\\\/\\\/rottmann-group.de\\\/wp-content\\\/uploads\\\/2022\\\/08\\\/Futtermittelsack-R-Megamast.png\",\"contentUrl\":\"https:\\\/\\\/rottmann-group.de\\\/wp-content\\\/uploads\\\/2022\\\/08\\\/Futtermittelsack-R-Megamast.png\",\"width\":300,\"height\":300},{\"@type\":\"BreadcrumbList\",\"@id\":\"https:\\\/\\\/rottmann-group.de\\\/nl\\\/produkt-nl\\\/r-megamast\\\/#breadcrumb\",\"itemListElement\":[{\"@type\":\"ListItem\",\"position\":1,\"name\":\"Startpagina\",\"item\":\"https:\\\/\\\/rottmann-group.de\\\/nl\\\/startpagina\\\/\"},{\"@type\":\"ListItem\",\"position\":2,\"name\":\"Winkel op\",\"item\":\"https:\\\/\\\/rottmann-group.de\\\/nl\\\/winkel-op\\\/\"},{\"@type\":\"ListItem\",\"position\":3,\"name\":\"R- Megamast\"}]},{\"@type\":\"WebSite\",\"@id\":\"https:\\\/\\\/rottmann-group.de\\\/nl\\\/#website\",\"url\":\"https:\\\/\\\/rottmann-group.de\\\/nl\\\/\",\"name\":\"Rottmann Group\",\"description\":\"Das traditionelle Familienunternehmen bietet Ihnen: Ganzheitliche Futterkonzepte, Mahl- und Mischdienstleistungen und Dosiertechnik. Jetzt Kontakt aufnehmen!\",\"publisher\":{\"@id\":\"https:\\\/\\\/rottmann-group.de\\\/nl\\\/#organization\"},\"potentialAction\":[{\"@type\":\"SearchAction\",\"target\":{\"@type\":\"EntryPoint\",\"urlTemplate\":\"https:\\\/\\\/rottmann-group.de\\\/nl\\\/?s={search_term_string}\"},\"query-input\":{\"@type\":\"PropertyValueSpecification\",\"valueRequired\":true,\"valueName\":\"search_term_string\"}}],\"inLanguage\":\"nl-NL\"},{\"@type\":\"Organization\",\"@id\":\"https:\\\/\\\/rottmann-group.de\\\/nl\\\/#organization\",\"name\":\"Rottmann Group\",\"url\":\"https:\\\/\\\/rottmann-group.de\\\/nl\\\/\",\"logo\":{\"@type\":\"ImageObject\",\"inLanguage\":\"nl-NL\",\"@id\":\"https:\\\/\\\/rottmann-group.de\\\/nl\\\/#\\\/schema\\\/logo\\\/image\\\/\",\"url\":\"https:\\\/\\\/rottmann-group.de\\\/wp-content\\\/uploads\\\/2022\\\/11\\\/Bild_Rottmann.jpg\",\"contentUrl\":\"https:\\\/\\\/rottmann-group.de\\\/wp-content\\\/uploads\\\/2022\\\/11\\\/Bild_Rottmann.jpg\",\"width\":999,\"height\":636,\"caption\":\"Rottmann Group\"},\"image\":{\"@id\":\"https:\\\/\\\/rottmann-group.de\\\/nl\\\/#\\\/schema\\\/logo\\\/image\\\/\"},\"sameAs\":[\"https:\\\/\\\/www.facebook.com\\\/rottmanngroup\\\/?locale=de_DE\",\"https:\\\/\\\/www.instagram.com\\\/rottmann_group\\\/\"]}]}<\/script>\n<!-- \/ Yoast SEO plugin. -->","yoast_head_json":{"title":"R- Megamast - Rottmann Group","description":"Prestatiemineraalvoer voor vleesvarkens met geoptimaliseerd calcium- en fosforgehalte, aminozuren lysine, methionine, threonine en tryptofyne, evenals fytase.","robots":{"index":"index","follow":"follow","max-snippet":"max-snippet:-1","max-image-preview":"max-image-preview:large","max-video-preview":"max-video-preview:-1"},"canonical":"https:\/\/rottmann-group.de\/nl\/produkt-nl\/r-megamast\/","og_locale":"nl_NL","og_type":"article","og_title":"R- Megamast - Rottmann Group","og_description":"Prestatiemineraalvoer voor vleesvarkens met geoptimaliseerd calcium- en fosforgehalte, aminozuren lysine, methionine, threonine en tryptofyne, evenals fytase.","og_url":"https:\/\/rottmann-group.de\/nl\/produkt-nl\/r-megamast\/","og_site_name":"Rottmann Group","article_publisher":"https:\/\/www.facebook.com\/rottmanngroup\/?locale=de_DE","article_modified_time":"2026-04-09T12:36:28+00:00","og_image":[{"width":300,"height":300,"url":"https:\/\/rottmann-group.de\/wp-content\/uploads\/2022\/08\/Futtermittelsack-R-Megamast.png","type":"image\/png"}],"twitter_card":"summary_large_image","twitter_misc":{"Geschatte leestijd":"1 minuut"},"schema":{"@context":"https:\/\/schema.org","@graph":[{"@type":"WebPage","@id":"https:\/\/rottmann-group.de\/nl\/produkt-nl\/r-megamast\/","url":"https:\/\/rottmann-group.de\/nl\/produkt-nl\/r-megamast\/","name":"R- Megamast - Rottmann Group","isPartOf":{"@id":"https:\/\/rottmann-group.de\/nl\/#website"},"primaryImageOfPage":{"@id":"https:\/\/rottmann-group.de\/nl\/produkt-nl\/r-megamast\/#primaryimage"},"image":{"@id":"https:\/\/rottmann-group.de\/nl\/produkt-nl\/r-megamast\/#primaryimage"},"thumbnailUrl":"https:\/\/rottmann-group.de\/wp-content\/uploads\/2022\/08\/Futtermittelsack-R-Megamast.png","datePublished":"2022-08-19T08:57:19+00:00","dateModified":"2026-04-09T12:36:28+00:00","description":"Prestatiemineraalvoer voor vleesvarkens met geoptimaliseerd calcium- en fosforgehalte, aminozuren lysine, methionine, threonine en tryptofyne, evenals fytase.","breadcrumb":{"@id":"https:\/\/rottmann-group.de\/nl\/produkt-nl\/r-megamast\/#breadcrumb"},"inLanguage":"nl-NL","potentialAction":[{"@type":"ReadAction","target":["https:\/\/rottmann-group.de\/nl\/produkt-nl\/r-megamast\/"]}]},{"@type":"ImageObject","inLanguage":"nl-NL","@id":"https:\/\/rottmann-group.de\/nl\/produkt-nl\/r-megamast\/#primaryimage","url":"https:\/\/rottmann-group.de\/wp-content\/uploads\/2022\/08\/Futtermittelsack-R-Megamast.png","contentUrl":"https:\/\/rottmann-group.de\/wp-content\/uploads\/2022\/08\/Futtermittelsack-R-Megamast.png","width":300,"height":300},{"@type":"BreadcrumbList","@id":"https:\/\/rottmann-group.de\/nl\/produkt-nl\/r-megamast\/#breadcrumb","itemListElement":[{"@type":"ListItem","position":1,"name":"Startpagina","item":"https:\/\/rottmann-group.de\/nl\/startpagina\/"},{"@type":"ListItem","position":2,"name":"Winkel op","item":"https:\/\/rottmann-group.de\/nl\/winkel-op\/"},{"@type":"ListItem","position":3,"name":"R- Megamast"}]},{"@type":"WebSite","@id":"https:\/\/rottmann-group.de\/nl\/#website","url":"https:\/\/rottmann-group.de\/nl\/","name":"Rottmann Group","description":"Das traditionelle Familienunternehmen bietet Ihnen: Ganzheitliche Futterkonzepte, Mahl- und Mischdienstleistungen und Dosiertechnik. Jetzt Kontakt aufnehmen!","publisher":{"@id":"https:\/\/rottmann-group.de\/nl\/#organization"},"potentialAction":[{"@type":"SearchAction","target":{"@type":"EntryPoint","urlTemplate":"https:\/\/rottmann-group.de\/nl\/?s={search_term_string}"},"query-input":{"@type":"PropertyValueSpecification","valueRequired":true,"valueName":"search_term_string"}}],"inLanguage":"nl-NL"},{"@type":"Organization","@id":"https:\/\/rottmann-group.de\/nl\/#organization","name":"Rottmann Group","url":"https:\/\/rottmann-group.de\/nl\/","logo":{"@type":"ImageObject","inLanguage":"nl-NL","@id":"https:\/\/rottmann-group.de\/nl\/#\/schema\/logo\/image\/","url":"https:\/\/rottmann-group.de\/wp-content\/uploads\/2022\/11\/Bild_Rottmann.jpg","contentUrl":"https:\/\/rottmann-group.de\/wp-content\/uploads\/2022\/11\/Bild_Rottmann.jpg","width":999,"height":636,"caption":"Rottmann Group"},"image":{"@id":"https:\/\/rottmann-group.de\/nl\/#\/schema\/logo\/image\/"},"sameAs":["https:\/\/www.facebook.com\/rottmanngroup\/?locale=de_DE","https:\/\/www.instagram.com\/rottmann_group\/"]}]}},"_links":{"self":[{"href":"https:\/\/rottmann-group.de\/nl\/wp-json\/wp\/v2\/product\/12694","targetHints":{"allow":["GET"]}}],"collection":[{"href":"https:\/\/rottmann-group.de\/nl\/wp-json\/wp\/v2\/product"}],"about":[{"href":"https:\/\/rottmann-group.de\/nl\/wp-json\/wp\/v2\/types\/product"}],"replies":[{"embeddable":true,"href":"https:\/\/rottmann-group.de\/nl\/wp-json\/wp\/v2\/comments?post=12694"}],"wp:featuredmedia":[{"embeddable":true,"href":"https:\/\/rottmann-group.de\/nl\/wp-json\/wp\/v2\/media\/12695"}],"wp:attachment":[{"href":"https:\/\/rottmann-group.de\/nl\/wp-json\/wp\/v2\/media?parent=12694"}],"wp:term":[{"taxonomy":"product_brand","embeddable":true,"href":"https:\/\/rottmann-group.de\/nl\/wp-json\/wp\/v2\/product_brand?post=12694"},{"taxonomy":"product_cat","embeddable":true,"href":"https:\/\/rottmann-group.de\/nl\/wp-json\/wp\/v2\/product_cat?post=12694"},{"taxonomy":"product_tag","embeddable":true,"href":"https:\/\/rottmann-group.de\/nl\/wp-json\/wp\/v2\/product_tag?post=12694"}],"curies":[{"name":"wp","href":"https:\/\/api.w.org\/{rel}","templated":true}]}}