{"id":26862,"date":"2026-03-24T17:14:14","date_gmt":"2026-03-24T16:14:14","guid":{"rendered":"https:\/\/rottmann-group.de\/produkt\/r-bergisches-land-biotin\/"},"modified":"2026-04-21T07:13:47","modified_gmt":"2026-04-21T05:13:47","slug":"r-bergisches-land-biotin","status":"publish","type":"product","link":"https:\/\/rottmann-group.de\/fr\/produkt\/r-bergisches-land-biotin\/","title":{"rendered":"R- Bergisches Land Biotin"},"content":{"rendered":"<h4 data-section-id=\"122jbw\" data-start=\"638\" data-end=\"672\">1. aliments min\u00e9raux pour vaches laiti\u00e8res<\/h4>\n<p data-start=\"674\" data-end=\"1089\"><strong data-start=\"674\" data-end=\"703\">R- Bergisches Land Biotin<\/strong> est un <strong data-start=\"712\" data-end=\"749\">aliment min\u00e9ral pour vaches laiti\u00e8res<\/strong> qui a \u00e9t\u00e9 d\u00e9velopp\u00e9 sp\u00e9cifiquement pour r\u00e9pondre aux exigences des exploitations laiti\u00e8res orient\u00e9es vers la performance. Selon les informations sur le produit, l&rsquo;aliment min\u00e9ral pour bovins a \u00e9t\u00e9 optimis\u00e9 pour les conditions du Bergisches Land et soutient un approvisionnement s\u00fbr et \u00e9conomique des animaux. <\/p>\n<ul data-start=\"1091\" data-end=\"1205\">\n<li data-section-id=\"c1uxyl\" data-start=\"1091\" data-end=\"1121\">con\u00e7u pour <strong data-start=\"1097\" data-end=\"1110\">les vaches laiti\u00e8res<\/strong> <\/li>\n<li data-section-id=\"12g6dcz\" data-start=\"1122\" data-end=\"1159\">pour une suppl\u00e9mentation quotidienne en min\u00e9raux<\/li>\n<li data-section-id=\"10mt156\" data-start=\"1160\" data-end=\"1205\">utilisable de mani\u00e8re \u00e9conomique et pratique<\/li>\n<\/ul>\n<h4 data-section-id=\"s7kfoc\" data-start=\"1207\" data-end=\"1275\">2. avec de la biotine, un complexe de vitamines B et des oligo-\u00e9l\u00e9ments organiques<\/h4>\n<p data-start=\"1277\" data-end=\"1677\">La formule combine <strong data-start=\"1301\" data-end=\"1311\">la biotine<\/strong>, <strong data-start=\"1313\" data-end=\"1342\">les oligo-\u00e9l\u00e9ments organiques<\/strong>, le <strong data-start=\"1344\" data-end=\"1365\">complexe de vitamines B<\/strong>, le <strong data-start=\"1367\" data-end=\"1394\">s\u00e9l\u00e9nium prot\u00e9g\u00e9 dans le rumen<\/strong> et <strong data-start=\"1399\" data-end=\"1417\">le Top Phenol 80+<\/strong>. Le produit est compl\u00e9t\u00e9 par des quantit\u00e9s importantes et des oligo-\u00e9l\u00e9ments tels que <strong data-start=\"1490\" data-end=\"1568\">le calcium, le phosphore, le sodium, le magn\u00e9sium, le cuivre, le mangan\u00e8se, le zinc, l&rsquo;iode et le s\u00e9l\u00e9nium<\/strong>, ainsi qu&rsquo;une vitaminisation \u00e9lev\u00e9e. <\/p>\n<ul data-start=\"1679\" data-end=\"1868\">\n<li data-section-id=\"1h5ta6h\" data-start=\"1679\" data-end=\"1719\">avec <strong data-start=\"1685\" data-end=\"1695\">de la biotine<\/strong> pour une suppl\u00e9mentation cibl\u00e9e<\/li>\n<li data-section-id=\"12s3o6c\" data-start=\"1720\" data-end=\"1751\">contient <strong data-start=\"1730\" data-end=\"1751\">un complexe de vitamines B<\/strong><\/li>\n<li data-section-id=\"2isoct\" data-start=\"1752\" data-end=\"1789\">avec <strong data-start=\"1758\" data-end=\"1789\">des oligo-\u00e9l\u00e9ments organiques<\/strong><\/li>\n<li data-section-id=\"1gpms8q\" data-start=\"1790\" data-end=\"1823\">avec <strong data-start=\"1796\" data-end=\"1823\">s\u00e9l\u00e9nium prot\u00e9g\u00e9 dans le rumen<\/strong><\/li>\n<li data-section-id=\"120l88s\" data-start=\"1824\" data-end=\"1868\">haute teneur en vitamines et oligo-\u00e9l\u00e9ments<\/li>\n<\/ul>\n<h4 data-section-id=\"cxmlei\" data-start=\"1870\" data-end=\"1925\">3. pour la sant\u00e9 des onglons et la s\u00e9curit\u00e9 des soins<\/h4>\n<p data-start=\"1927\" data-end=\"2391\">Une attention particuli\u00e8re est accord\u00e9e \u00e0 la <strong data-start=\"1962\" data-end=\"1977\">formation des cornes<\/strong> et \u00e0 <strong data-start=\"1982\" data-end=\"2002\">la sant\u00e9 des sabots<\/strong>. Selon les informations sur le produit, la biotine contribue de mani\u00e8re cibl\u00e9e \u00e0 la formation de cornes saines et \u00e0 une sant\u00e9 maximale des sabots. Le <strong data-start=\"2133\" data-end=\"2184\">taux d&rsquo;incorporation<\/strong> recommand\u00e9 <strong data-start=\"2133\" data-end=\"2184\">de 150 \u00e0 200 g par animal et par jour<\/strong> permet une int\u00e9gration facile dans l&rsquo;alimentation quotidienne. Le produit est disponible en <strong data-start=\"2279\" data-end=\"2293\">sac de 25 kg<\/strong> ou en <strong data-start=\"2303\" data-end=\"2314\">big bag<\/strong>.   <\/p>\n<ul data-start=\"2393\" data-end=\"2567\">\n<li data-section-id=\"639dyk\" data-start=\"2393\" data-end=\"2443\">favorise <strong data-start=\"2407\" data-end=\"2443\">la formation de corne et la sant\u00e9 des sabots<\/strong><\/li>\n<li data-section-id=\"4xpbns\" data-start=\"2444\" data-end=\"2485\">pour un apport s\u00fbr en min\u00e9raux<\/li>\n<li data-section-id=\"g8bkog\" data-start=\"2486\" data-end=\"2518\"><strong data-start=\"2488\" data-end=\"2518\">150-200 g par animal et par jour<\/strong><\/li>\n<li data-section-id=\"zft4hq\" data-start=\"2519\" data-end=\"2567\">disponible en <strong data-start=\"2536\" data-end=\"2550\">sac de 25 kg<\/strong> ou <strong data-start=\"2556\" data-end=\"2567\">en big bag<\/strong><\/li>\n<\/ul>\n","protected":false},"excerpt":{"rendered":"<p>R- Bergisches Land Bitoin est un aliment min\u00e9ral pour bovins qui a \u00e9t\u00e9 optimis\u00e9 pour les conditions du Bergisches Land. Des oligo-\u00e9l\u00e9ments hautement disponibles et une vitaminisation \u00e9lev\u00e9e assurent un apport s\u00fbr et \u00e9conomique \u00e0 vos bovins. La biotine assure une formation saine de la corne et une sant\u00e9 maximale des sabots.<\/p>\n<ul>\n<li>Oligo-\u00e9l\u00e9ments organiques<\/li>\n<li>Complexe de vitamines B<\/li>\n<li>Top ph\u00e9nol 80+<\/li>\n<li>S\u00e9l\u00e9nium prot\u00e9g\u00e9 dans le rumen<\/li>\n<li>Biotine<\/li>\n<\/ul>\n","protected":false},"featured_media":26253,"comment_status":"closed","ping_status":"closed","template":"","meta":{"_acf_changed":false},"product_brand":[],"product_cat":[223,162],"product_tag":[],"class_list":{"0":"post-26862","1":"product","2":"type-product","3":"status-publish","4":"has-post-thumbnail","6":"product_cat-boeuf","7":"product_cat-unkategorisiert-fr","9":"first","10":"instock","11":"shipping-taxable","12":"product-type-simple"},"acf":[],"yoast_head":"<!-- This site is optimized with the Yoast SEO plugin v27.4 - https:\/\/yoast.com\/product\/yoast-seo-wordpress\/ -->\n<title>R- Bergisches Land Biotin - Rottmann Group<\/title>\n<meta name=\"description\" content=\"R- Bergisches Land Biotin est un aliment min\u00e9ral pour vaches laiti\u00e8res pour un apport cibl\u00e9 en min\u00e9raux, oligo-\u00e9l\u00e9ments organiques, complexe de vitamines B, s\u00e9l\u00e9nium prot\u00e9g\u00e9 dans la panse et biotine. La formule \u00e9quilibr\u00e9e favorise un approvisionnement s\u00fbr et \u00e9conomique et contribue notamment \u00e0 la formation de cornes saines et \u00e0 la sant\u00e9 des sabots.\" \/>\n<meta name=\"robots\" content=\"index, follow, max-snippet:-1, max-image-preview:large, max-video-preview:-1\" \/>\n<link rel=\"canonical\" href=\"https:\/\/rottmann-group.de\/fr\/produit\/r-bergisches-land-biotin\/\" \/>\n<meta property=\"og:locale\" content=\"fr_FR\" \/>\n<meta property=\"og:type\" content=\"article\" \/>\n<meta property=\"og:title\" content=\"R- Bergisches Land Biotin - Rottmann Group\" \/>\n<meta property=\"og:description\" content=\"R- Bergisches Land Biotin est un aliment min\u00e9ral pour vaches laiti\u00e8res pour un apport cibl\u00e9 en min\u00e9raux, oligo-\u00e9l\u00e9ments organiques, complexe de vitamines B, s\u00e9l\u00e9nium prot\u00e9g\u00e9 dans la panse et biotine. La formule \u00e9quilibr\u00e9e favorise un approvisionnement s\u00fbr et \u00e9conomique et contribue notamment \u00e0 la formation de cornes saines et \u00e0 la sant\u00e9 des sabots.\" \/>\n<meta property=\"og:url\" content=\"https:\/\/rottmann-group.de\/fr\/produit\/r-bergisches-land-biotin\/\" \/>\n<meta property=\"og:site_name\" content=\"Rottmann Group\" \/>\n<meta property=\"article:publisher\" content=\"https:\/\/www.facebook.com\/rottmanngroup\/?locale=de_DE\" \/>\n<meta property=\"article:modified_time\" content=\"2026-04-21T05:13:47+00:00\" \/>\n<meta property=\"og:image\" content=\"https:\/\/rottmann-group.de\/wp-content\/uploads\/2026\/03\/R-Bergisches-Land-Biotin.jpeg\" \/>\n\t<meta property=\"og:image:width\" content=\"500\" \/>\n\t<meta property=\"og:image:height\" content=\"746\" \/>\n\t<meta property=\"og:image:type\" content=\"image\/jpeg\" \/>\n<meta name=\"twitter:card\" content=\"summary_large_image\" \/>\n<meta name=\"twitter:label1\" content=\"Dur\u00e9e de lecture estim\u00e9e\" \/>\n\t<meta name=\"twitter:data1\" content=\"2 minutes\" \/>\n<script type=\"application\/ld+json\" class=\"yoast-schema-graph\">{\"@context\":\"https:\\\/\\\/schema.org\",\"@graph\":[{\"@type\":\"WebPage\",\"@id\":\"https:\\\/\\\/rottmann-group.de\\\/fr\\\/produit\\\/r-bergisches-land-biotin\\\/\",\"url\":\"https:\\\/\\\/rottmann-group.de\\\/fr\\\/produit\\\/r-bergisches-land-biotin\\\/\",\"name\":\"R- Bergisches Land Biotin - Rottmann Group\",\"isPartOf\":{\"@id\":\"https:\\\/\\\/rottmann-group.de\\\/#website\"},\"primaryImageOfPage\":{\"@id\":\"https:\\\/\\\/rottmann-group.de\\\/fr\\\/produit\\\/r-bergisches-land-biotin\\\/#primaryimage\"},\"image\":{\"@id\":\"https:\\\/\\\/rottmann-group.de\\\/fr\\\/produit\\\/r-bergisches-land-biotin\\\/#primaryimage\"},\"thumbnailUrl\":\"https:\\\/\\\/rottmann-group.de\\\/wp-content\\\/uploads\\\/2026\\\/03\\\/R-Bergisches-Land-Biotin.jpeg\",\"datePublished\":\"2026-03-24T16:14:14+00:00\",\"dateModified\":\"2026-04-21T05:13:47+00:00\",\"description\":\"R- Bergisches Land Biotin est un aliment min\u00e9ral pour vaches laiti\u00e8res pour un apport cibl\u00e9 en min\u00e9raux, oligo-\u00e9l\u00e9ments organiques, complexe de vitamines B, s\u00e9l\u00e9nium prot\u00e9g\u00e9 dans la panse et biotine. La formule \u00e9quilibr\u00e9e favorise un approvisionnement s\u00fbr et \u00e9conomique et contribue notamment \u00e0 la formation de cornes saines et \u00e0 la sant\u00e9 des sabots.\",\"breadcrumb\":{\"@id\":\"https:\\\/\\\/rottmann-group.de\\\/fr\\\/produit\\\/r-bergisches-land-biotin\\\/#breadcrumb\"},\"inLanguage\":\"fr-FR\",\"potentialAction\":[{\"@type\":\"ReadAction\",\"target\":[\"https:\\\/\\\/rottmann-group.de\\\/fr\\\/produit\\\/r-bergisches-land-biotin\\\/\"]}]},{\"@type\":\"ImageObject\",\"inLanguage\":\"fr-FR\",\"@id\":\"https:\\\/\\\/rottmann-group.de\\\/fr\\\/produit\\\/r-bergisches-land-biotin\\\/#primaryimage\",\"url\":\"https:\\\/\\\/rottmann-group.de\\\/wp-content\\\/uploads\\\/2026\\\/03\\\/R-Bergisches-Land-Biotin.jpeg\",\"contentUrl\":\"https:\\\/\\\/rottmann-group.de\\\/wp-content\\\/uploads\\\/2026\\\/03\\\/R-Bergisches-Land-Biotin.jpeg\",\"width\":500,\"height\":746},{\"@type\":\"BreadcrumbList\",\"@id\":\"https:\\\/\\\/rottmann-group.de\\\/fr\\\/produit\\\/r-bergisches-land-biotin\\\/#breadcrumb\",\"itemListElement\":[{\"@type\":\"ListItem\",\"position\":1,\"name\":\"Startseite\",\"item\":\"https:\\\/\\\/rottmann-group.de\\\/fr\\\/page-daccueil\\\/\"},{\"@type\":\"ListItem\",\"position\":2,\"name\":\"Shop\",\"item\":\"https:\\\/\\\/rottmann-group.de\\\/shop\\\/\"},{\"@type\":\"ListItem\",\"position\":3,\"name\":\"R- Bergisches Land Biotin\"}]},{\"@type\":\"WebSite\",\"@id\":\"https:\\\/\\\/rottmann-group.de\\\/#website\",\"url\":\"https:\\\/\\\/rottmann-group.de\\\/\",\"name\":\"Rottmann Group\",\"description\":\"Das traditionelle Familienunternehmen bietet Ihnen: Ganzheitliche Futterkonzepte, Mahl- und Mischdienstleistungen und Dosiertechnik. Jetzt Kontakt aufnehmen!\",\"publisher\":{\"@id\":\"https:\\\/\\\/rottmann-group.de\\\/#organization\"},\"potentialAction\":[{\"@type\":\"SearchAction\",\"target\":{\"@type\":\"EntryPoint\",\"urlTemplate\":\"https:\\\/\\\/rottmann-group.de\\\/?s={search_term_string}\"},\"query-input\":{\"@type\":\"PropertyValueSpecification\",\"valueRequired\":true,\"valueName\":\"search_term_string\"}}],\"inLanguage\":\"fr-FR\"},{\"@type\":\"Organization\",\"@id\":\"https:\\\/\\\/rottmann-group.de\\\/#organization\",\"name\":\"Rottmann Group\",\"url\":\"https:\\\/\\\/rottmann-group.de\\\/\",\"logo\":{\"@type\":\"ImageObject\",\"inLanguage\":\"fr-FR\",\"@id\":\"https:\\\/\\\/rottmann-group.de\\\/#\\\/schema\\\/logo\\\/image\\\/\",\"url\":\"https:\\\/\\\/rottmann-group.de\\\/wp-content\\\/uploads\\\/2022\\\/11\\\/Bild_Rottmann.jpg\",\"contentUrl\":\"https:\\\/\\\/rottmann-group.de\\\/wp-content\\\/uploads\\\/2022\\\/11\\\/Bild_Rottmann.jpg\",\"width\":999,\"height\":636,\"caption\":\"Rottmann Group\"},\"image\":{\"@id\":\"https:\\\/\\\/rottmann-group.de\\\/#\\\/schema\\\/logo\\\/image\\\/\"},\"sameAs\":[\"https:\\\/\\\/www.facebook.com\\\/rottmanngroup\\\/?locale=de_DE\",\"https:\\\/\\\/www.instagram.com\\\/rottmann_group\\\/\"]}]}<\/script>\n<!-- \/ Yoast SEO plugin. -->","yoast_head_json":{"title":"R- Bergisches Land Biotin - Rottmann Group","description":"R- Bergisches Land Biotin est un aliment min\u00e9ral pour vaches laiti\u00e8res pour un apport cibl\u00e9 en min\u00e9raux, oligo-\u00e9l\u00e9ments organiques, complexe de vitamines B, s\u00e9l\u00e9nium prot\u00e9g\u00e9 dans la panse et biotine. La formule \u00e9quilibr\u00e9e favorise un approvisionnement s\u00fbr et \u00e9conomique et contribue notamment \u00e0 la formation de cornes saines et \u00e0 la sant\u00e9 des sabots.","robots":{"index":"index","follow":"follow","max-snippet":"max-snippet:-1","max-image-preview":"max-image-preview:large","max-video-preview":"max-video-preview:-1"},"canonical":"https:\/\/rottmann-group.de\/fr\/produit\/r-bergisches-land-biotin\/","og_locale":"fr_FR","og_type":"article","og_title":"R- Bergisches Land Biotin - Rottmann Group","og_description":"R- Bergisches Land Biotin est un aliment min\u00e9ral pour vaches laiti\u00e8res pour un apport cibl\u00e9 en min\u00e9raux, oligo-\u00e9l\u00e9ments organiques, complexe de vitamines B, s\u00e9l\u00e9nium prot\u00e9g\u00e9 dans la panse et biotine. La formule \u00e9quilibr\u00e9e favorise un approvisionnement s\u00fbr et \u00e9conomique et contribue notamment \u00e0 la formation de cornes saines et \u00e0 la sant\u00e9 des sabots.","og_url":"https:\/\/rottmann-group.de\/fr\/produit\/r-bergisches-land-biotin\/","og_site_name":"Rottmann Group","article_publisher":"https:\/\/www.facebook.com\/rottmanngroup\/?locale=de_DE","article_modified_time":"2026-04-21T05:13:47+00:00","og_image":[{"width":500,"height":746,"url":"https:\/\/rottmann-group.de\/wp-content\/uploads\/2026\/03\/R-Bergisches-Land-Biotin.jpeg","type":"image\/jpeg"}],"twitter_card":"summary_large_image","twitter_misc":{"Dur\u00e9e de lecture estim\u00e9e":"2 minutes"},"schema":{"@context":"https:\/\/schema.org","@graph":[{"@type":"WebPage","@id":"https:\/\/rottmann-group.de\/fr\/produit\/r-bergisches-land-biotin\/","url":"https:\/\/rottmann-group.de\/fr\/produit\/r-bergisches-land-biotin\/","name":"R- Bergisches Land Biotin - Rottmann Group","isPartOf":{"@id":"https:\/\/rottmann-group.de\/#website"},"primaryImageOfPage":{"@id":"https:\/\/rottmann-group.de\/fr\/produit\/r-bergisches-land-biotin\/#primaryimage"},"image":{"@id":"https:\/\/rottmann-group.de\/fr\/produit\/r-bergisches-land-biotin\/#primaryimage"},"thumbnailUrl":"https:\/\/rottmann-group.de\/wp-content\/uploads\/2026\/03\/R-Bergisches-Land-Biotin.jpeg","datePublished":"2026-03-24T16:14:14+00:00","dateModified":"2026-04-21T05:13:47+00:00","description":"R- Bergisches Land Biotin est un aliment min\u00e9ral pour vaches laiti\u00e8res pour un apport cibl\u00e9 en min\u00e9raux, oligo-\u00e9l\u00e9ments organiques, complexe de vitamines B, s\u00e9l\u00e9nium prot\u00e9g\u00e9 dans la panse et biotine. La formule \u00e9quilibr\u00e9e favorise un approvisionnement s\u00fbr et \u00e9conomique et contribue notamment \u00e0 la formation de cornes saines et \u00e0 la sant\u00e9 des sabots.","breadcrumb":{"@id":"https:\/\/rottmann-group.de\/fr\/produit\/r-bergisches-land-biotin\/#breadcrumb"},"inLanguage":"fr-FR","potentialAction":[{"@type":"ReadAction","target":["https:\/\/rottmann-group.de\/fr\/produit\/r-bergisches-land-biotin\/"]}]},{"@type":"ImageObject","inLanguage":"fr-FR","@id":"https:\/\/rottmann-group.de\/fr\/produit\/r-bergisches-land-biotin\/#primaryimage","url":"https:\/\/rottmann-group.de\/wp-content\/uploads\/2026\/03\/R-Bergisches-Land-Biotin.jpeg","contentUrl":"https:\/\/rottmann-group.de\/wp-content\/uploads\/2026\/03\/R-Bergisches-Land-Biotin.jpeg","width":500,"height":746},{"@type":"BreadcrumbList","@id":"https:\/\/rottmann-group.de\/fr\/produit\/r-bergisches-land-biotin\/#breadcrumb","itemListElement":[{"@type":"ListItem","position":1,"name":"Startseite","item":"https:\/\/rottmann-group.de\/fr\/page-daccueil\/"},{"@type":"ListItem","position":2,"name":"Shop","item":"https:\/\/rottmann-group.de\/shop\/"},{"@type":"ListItem","position":3,"name":"R- Bergisches Land Biotin"}]},{"@type":"WebSite","@id":"https:\/\/rottmann-group.de\/#website","url":"https:\/\/rottmann-group.de\/","name":"Rottmann Group","description":"Das traditionelle Familienunternehmen bietet Ihnen: Ganzheitliche Futterkonzepte, Mahl- und Mischdienstleistungen und Dosiertechnik. Jetzt Kontakt aufnehmen!","publisher":{"@id":"https:\/\/rottmann-group.de\/#organization"},"potentialAction":[{"@type":"SearchAction","target":{"@type":"EntryPoint","urlTemplate":"https:\/\/rottmann-group.de\/?s={search_term_string}"},"query-input":{"@type":"PropertyValueSpecification","valueRequired":true,"valueName":"search_term_string"}}],"inLanguage":"fr-FR"},{"@type":"Organization","@id":"https:\/\/rottmann-group.de\/#organization","name":"Rottmann Group","url":"https:\/\/rottmann-group.de\/","logo":{"@type":"ImageObject","inLanguage":"fr-FR","@id":"https:\/\/rottmann-group.de\/#\/schema\/logo\/image\/","url":"https:\/\/rottmann-group.de\/wp-content\/uploads\/2022\/11\/Bild_Rottmann.jpg","contentUrl":"https:\/\/rottmann-group.de\/wp-content\/uploads\/2022\/11\/Bild_Rottmann.jpg","width":999,"height":636,"caption":"Rottmann Group"},"image":{"@id":"https:\/\/rottmann-group.de\/#\/schema\/logo\/image\/"},"sameAs":["https:\/\/www.facebook.com\/rottmanngroup\/?locale=de_DE","https:\/\/www.instagram.com\/rottmann_group\/"]}]}},"_links":{"self":[{"href":"https:\/\/rottmann-group.de\/fr\/wp-json\/wp\/v2\/product\/26862","targetHints":{"allow":["GET"]}}],"collection":[{"href":"https:\/\/rottmann-group.de\/fr\/wp-json\/wp\/v2\/product"}],"about":[{"href":"https:\/\/rottmann-group.de\/fr\/wp-json\/wp\/v2\/types\/product"}],"replies":[{"embeddable":true,"href":"https:\/\/rottmann-group.de\/fr\/wp-json\/wp\/v2\/comments?post=26862"}],"wp:featuredmedia":[{"embeddable":true,"href":"https:\/\/rottmann-group.de\/fr\/wp-json\/wp\/v2\/media\/26253"}],"wp:attachment":[{"href":"https:\/\/rottmann-group.de\/fr\/wp-json\/wp\/v2\/media?parent=26862"}],"wp:term":[{"taxonomy":"product_brand","embeddable":true,"href":"https:\/\/rottmann-group.de\/fr\/wp-json\/wp\/v2\/product_brand?post=26862"},{"taxonomy":"product_cat","embeddable":true,"href":"https:\/\/rottmann-group.de\/fr\/wp-json\/wp\/v2\/product_cat?post=26862"},{"taxonomy":"product_tag","embeddable":true,"href":"https:\/\/rottmann-group.de\/fr\/wp-json\/wp\/v2\/product_tag?post=26862"}],"curies":[{"name":"wp","href":"https:\/\/api.w.org\/{rel}","templated":true}]}}