{"id":26858,"date":"2026-03-24T17:13:41","date_gmt":"2026-03-24T16:13:41","guid":{"rendered":"https:\/\/rottmann-group.de\/produkt\/r-masse-a-lecher-uni-slikk\/"},"modified":"2026-04-21T07:11:17","modified_gmt":"2026-04-21T05:11:17","slug":"r-masse-a-lecher-uni-slikk","status":"publish","type":"product","link":"https:\/\/rottmann-group.de\/fr\/produkt\/r-masse-a-lecher-uni-slikk\/","title":{"rendered":"R- Masse \u00e0 l\u00e9cher Uni Slikk"},"content":{"rendered":"<h4 data-section-id=\"x2p6a2\" data-start=\"548\" data-end=\"593\">1. masse \u00e0 l\u00e9cher min\u00e9rale pour bovins et ovins<\/h4>\n<p data-start=\"595\" data-end=\"774\"><strong data-start=\"595\" data-end=\"620\">R-Leckmasse Uni Slikk<\/strong> est un <strong data-start=\"629\" data-end=\"674\">aliment min\u00e9ral pour bovins et ovins<\/strong> qui convient pour compl\u00e9ter facilement la ration quotidienne.<\/p>\n<ul data-start=\"776\" data-end=\"888\">\n<li data-section-id=\"y0nppf\" data-start=\"776\" data-end=\"803\">pour <strong data-start=\"782\" data-end=\"803\">les bovins et les ovins<\/strong><\/li>\n<li data-section-id=\"12g6dcz\" data-start=\"804\" data-end=\"841\">pour une suppl\u00e9mentation quotidienne en min\u00e9raux<\/li>\n<li data-section-id=\"8kkp38\" data-start=\"842\" data-end=\"888\">facile \u00e0 utiliser dans les \u00e9tables et les p\u00e2turages<\/li>\n<\/ul>\n<h4 data-section-id=\"7bf7ff\" data-start=\"890\" data-end=\"946\">2. avec des min\u00e9raux, des oligo-\u00e9l\u00e9ments et des vitamines<\/h4>\n<p data-start=\"948\" data-end=\"1128\">La masse \u00e0 l\u00e9cher fournit <strong data-start=\"970\" data-end=\"1014\">du calcium, du phosphore, du sodium et du magn\u00e9sium<\/strong> ainsi que des oligo-\u00e9l\u00e9ments et des vitamines essentiels pour un apport \u00e9quilibr\u00e9.<\/p>\n<ul data-start=\"1130\" data-end=\"1268\">\n<li data-section-id=\"gaixls\" data-start=\"1130\" data-end=\"1180\">avec <strong data-start=\"1136\" data-end=\"1180\">du calcium, du phosphore, du sodium et du magn\u00e9sium<\/strong><\/li>\n<li data-section-id=\"1uhgueb\" data-start=\"1181\" data-end=\"1230\">contient <strong data-start=\"1191\" data-end=\"1230\">du zinc, du mangan\u00e8se, de l&rsquo;iode, du s\u00e9l\u00e9nium et du cobalt<\/strong><\/li>\n<li data-section-id=\"1llpnik\" data-start=\"1231\" data-end=\"1268\">compl\u00e9t\u00e9e par <strong data-start=\"1245\" data-end=\"1268\">des vitamines A, D3 et E<\/strong><\/li>\n<li data-section-id=\"1llpnik\" data-start=\"1231\" data-end=\"1268\">sans cuivre, donc id\u00e9al pour les moutons<\/li>\n<\/ul>\n<h4 data-section-id=\"6z4lzc\" data-start=\"1270\" data-end=\"1306\">3. savoureux et pratique<\/h4>\n<p data-start=\"1308\" data-end=\"1607\">Gr\u00e2ce \u00e0 sa composition avec <strong data-start=\"1338\" data-end=\"1352\">de la biom\u00e9lasse<\/strong>, R-Leckmasse Uni Slikk est app\u00e9tant et facile \u00e0 utiliser. Le produit <strong data-start=\"1427\" data-end=\"1439\">ne contient pas d&rsquo;OGM<\/strong> et convient \u00e0 la <strong data-start=\"1449\" data-end=\"1487\">production biologique<\/strong>. <\/p>\n<ul data-start=\"1609\" data-end=\"1701\">\n<li data-section-id=\"1il3c5e\" data-start=\"1609\" data-end=\"1633\">masse \u00e0 l\u00e9cher savoureuse<\/li>\n<li data-section-id=\"1qyyn37\" data-start=\"1634\" data-end=\"1648\"><strong data-start=\"1636\" data-end=\"1648\">Sans OGM<\/strong><\/li>\n<li data-section-id=\"1uvfo1h\" data-start=\"1649\" data-end=\"1680\">convient aux <strong data-start=\"1655\" data-end=\"1671\">exploitations biologiques<\/strong> <\/li>\n<li data-section-id=\"1aijc5t\" data-start=\"1681\" data-end=\"1701\">en <strong data-start=\"1686\" data-end=\"1701\">seau de 25 kg<\/strong><\/li>\n<\/ul>\n<p>Peut \u00eatre utilis\u00e9 dans la production biologique conform\u00e9ment au r\u00e8glement (UE) 2018\/848.<\/p>\n<p>&nbsp;<\/p>\n","protected":false},"excerpt":{"rendered":"<p data-pm-slice=\"1 1 []\">La masse \u00e0 l\u00e9cher R Uni Slikk est un aliment min\u00e9ral pour moutons destin\u00e9 \u00e0 compl\u00e9ter la ration quotidienne avec des quantit\u00e9s et des oligo-\u00e9l\u00e9ments importants. Il favorise un apport en min\u00e9raux adapt\u00e9 aux besoins des animaux et est con\u00e7u pour \u00eatre distribu\u00e9 sous forme de masse \u00e0 l\u00e9cher \u00e0 ing\u00e9rer librement par les animaux. <\/p>\n","protected":false},"featured_media":26794,"comment_status":"closed","ping_status":"closed","template":"","meta":{"_acf_changed":false},"product_brand":[],"product_cat":[257,162],"product_tag":[],"class_list":{"0":"post-26858","1":"product","2":"type-product","3":"status-publish","4":"has-post-thumbnail","6":"product_cat-bio-fr","7":"product_cat-unkategorisiert-fr","9":"first","10":"instock","11":"shipping-taxable","12":"product-type-simple"},"acf":[],"yoast_head":"<!-- This site is optimized with the Yoast SEO plugin v27.4 - https:\/\/yoast.com\/product\/yoast-seo-wordpress\/ -->\n<title>R- Masse \u00e0 l\u00e9cher Uni Slikk - Rottmann Group<\/title>\n<meta name=\"description\" content=\"La masse \u00e0 l\u00e9cher R Uni Slikk est une masse \u00e0 l\u00e9cher min\u00e9rale app\u00e9tissante pour les bovins et les ovins. Elle contient du calcium, du phosphore, du sodium, du magn\u00e9sium ainsi que des oligo-\u00e9l\u00e9ments et des vitamines importants pour un apport en min\u00e9raux adapt\u00e9 aux besoins.\" \/>\n<meta name=\"robots\" content=\"index, follow, max-snippet:-1, max-image-preview:large, max-video-preview:-1\" \/>\n<link rel=\"canonical\" href=\"https:\/\/rottmann-group.de\/fr\/produit\/r-masse-a-lecher-uni-slikk\/\" \/>\n<meta property=\"og:locale\" content=\"fr_FR\" \/>\n<meta property=\"og:type\" content=\"article\" \/>\n<meta property=\"og:title\" content=\"R- Masse \u00e0 l\u00e9cher Uni Slikk - Rottmann Group\" \/>\n<meta property=\"og:description\" content=\"La masse \u00e0 l\u00e9cher R Uni Slikk est une masse \u00e0 l\u00e9cher min\u00e9rale app\u00e9tissante pour les bovins et les ovins. Elle contient du calcium, du phosphore, du sodium, du magn\u00e9sium ainsi que des oligo-\u00e9l\u00e9ments et des vitamines importants pour un apport en min\u00e9raux adapt\u00e9 aux besoins.\" \/>\n<meta property=\"og:url\" content=\"https:\/\/rottmann-group.de\/fr\/produit\/r-masse-a-lecher-uni-slikk\/\" \/>\n<meta property=\"og:site_name\" content=\"Rottmann Group\" \/>\n<meta property=\"article:publisher\" content=\"https:\/\/www.facebook.com\/rottmanngroup\/?locale=de_DE\" \/>\n<meta property=\"article:modified_time\" content=\"2026-04-21T05:11:17+00:00\" \/>\n<meta property=\"og:image\" content=\"https:\/\/rottmann-group.de\/wp-content\/uploads\/2026\/03\/Leckmasse-blau-ohne-Hintergrund.png\" \/>\n\t<meta property=\"og:image:width\" content=\"1440\" \/>\n\t<meta property=\"og:image:height\" content=\"1920\" \/>\n\t<meta property=\"og:image:type\" content=\"image\/png\" \/>\n<meta name=\"twitter:card\" content=\"summary_large_image\" \/>\n<meta name=\"twitter:label1\" content=\"Dur\u00e9e de lecture estim\u00e9e\" \/>\n\t<meta name=\"twitter:data1\" content=\"1 minute\" \/>\n<script type=\"application\/ld+json\" class=\"yoast-schema-graph\">{\"@context\":\"https:\\\/\\\/schema.org\",\"@graph\":[{\"@type\":\"WebPage\",\"@id\":\"https:\\\/\\\/rottmann-group.de\\\/fr\\\/produit\\\/r-masse-a-lecher-uni-slikk\\\/\",\"url\":\"https:\\\/\\\/rottmann-group.de\\\/fr\\\/produit\\\/r-masse-a-lecher-uni-slikk\\\/\",\"name\":\"R- Masse \u00e0 l\u00e9cher Uni Slikk - Rottmann Group\",\"isPartOf\":{\"@id\":\"https:\\\/\\\/rottmann-group.de\\\/#website\"},\"primaryImageOfPage\":{\"@id\":\"https:\\\/\\\/rottmann-group.de\\\/fr\\\/produit\\\/r-masse-a-lecher-uni-slikk\\\/#primaryimage\"},\"image\":{\"@id\":\"https:\\\/\\\/rottmann-group.de\\\/fr\\\/produit\\\/r-masse-a-lecher-uni-slikk\\\/#primaryimage\"},\"thumbnailUrl\":\"https:\\\/\\\/rottmann-group.de\\\/wp-content\\\/uploads\\\/2026\\\/03\\\/Leckmasse-blau-ohne-Hintergrund.png\",\"datePublished\":\"2026-03-24T16:13:41+00:00\",\"dateModified\":\"2026-04-21T05:11:17+00:00\",\"description\":\"La masse \u00e0 l\u00e9cher R Uni Slikk est une masse \u00e0 l\u00e9cher min\u00e9rale app\u00e9tissante pour les bovins et les ovins. Elle contient du calcium, du phosphore, du sodium, du magn\u00e9sium ainsi que des oligo-\u00e9l\u00e9ments et des vitamines importants pour un apport en min\u00e9raux adapt\u00e9 aux besoins.\",\"breadcrumb\":{\"@id\":\"https:\\\/\\\/rottmann-group.de\\\/fr\\\/produit\\\/r-masse-a-lecher-uni-slikk\\\/#breadcrumb\"},\"inLanguage\":\"fr-FR\",\"potentialAction\":[{\"@type\":\"ReadAction\",\"target\":[\"https:\\\/\\\/rottmann-group.de\\\/fr\\\/produit\\\/r-masse-a-lecher-uni-slikk\\\/\"]}]},{\"@type\":\"ImageObject\",\"inLanguage\":\"fr-FR\",\"@id\":\"https:\\\/\\\/rottmann-group.de\\\/fr\\\/produit\\\/r-masse-a-lecher-uni-slikk\\\/#primaryimage\",\"url\":\"https:\\\/\\\/rottmann-group.de\\\/wp-content\\\/uploads\\\/2026\\\/03\\\/Leckmasse-blau-ohne-Hintergrund.png\",\"contentUrl\":\"https:\\\/\\\/rottmann-group.de\\\/wp-content\\\/uploads\\\/2026\\\/03\\\/Leckmasse-blau-ohne-Hintergrund.png\",\"width\":1440,\"height\":1920},{\"@type\":\"BreadcrumbList\",\"@id\":\"https:\\\/\\\/rottmann-group.de\\\/fr\\\/produit\\\/r-masse-a-lecher-uni-slikk\\\/#breadcrumb\",\"itemListElement\":[{\"@type\":\"ListItem\",\"position\":1,\"name\":\"Startseite\",\"item\":\"https:\\\/\\\/rottmann-group.de\\\/fr\\\/page-daccueil\\\/\"},{\"@type\":\"ListItem\",\"position\":2,\"name\":\"Shop\",\"item\":\"https:\\\/\\\/rottmann-group.de\\\/shop\\\/\"},{\"@type\":\"ListItem\",\"position\":3,\"name\":\"R- Masse \u00e0 l\u00e9cher Uni Slikk\"}]},{\"@type\":\"WebSite\",\"@id\":\"https:\\\/\\\/rottmann-group.de\\\/#website\",\"url\":\"https:\\\/\\\/rottmann-group.de\\\/\",\"name\":\"Rottmann Group\",\"description\":\"Das traditionelle Familienunternehmen bietet Ihnen: Ganzheitliche Futterkonzepte, Mahl- und Mischdienstleistungen und Dosiertechnik. Jetzt Kontakt aufnehmen!\",\"publisher\":{\"@id\":\"https:\\\/\\\/rottmann-group.de\\\/#organization\"},\"potentialAction\":[{\"@type\":\"SearchAction\",\"target\":{\"@type\":\"EntryPoint\",\"urlTemplate\":\"https:\\\/\\\/rottmann-group.de\\\/?s={search_term_string}\"},\"query-input\":{\"@type\":\"PropertyValueSpecification\",\"valueRequired\":true,\"valueName\":\"search_term_string\"}}],\"inLanguage\":\"fr-FR\"},{\"@type\":\"Organization\",\"@id\":\"https:\\\/\\\/rottmann-group.de\\\/#organization\",\"name\":\"Rottmann Group\",\"url\":\"https:\\\/\\\/rottmann-group.de\\\/\",\"logo\":{\"@type\":\"ImageObject\",\"inLanguage\":\"fr-FR\",\"@id\":\"https:\\\/\\\/rottmann-group.de\\\/#\\\/schema\\\/logo\\\/image\\\/\",\"url\":\"https:\\\/\\\/rottmann-group.de\\\/wp-content\\\/uploads\\\/2022\\\/11\\\/Bild_Rottmann.jpg\",\"contentUrl\":\"https:\\\/\\\/rottmann-group.de\\\/wp-content\\\/uploads\\\/2022\\\/11\\\/Bild_Rottmann.jpg\",\"width\":999,\"height\":636,\"caption\":\"Rottmann Group\"},\"image\":{\"@id\":\"https:\\\/\\\/rottmann-group.de\\\/#\\\/schema\\\/logo\\\/image\\\/\"},\"sameAs\":[\"https:\\\/\\\/www.facebook.com\\\/rottmanngroup\\\/?locale=de_DE\",\"https:\\\/\\\/www.instagram.com\\\/rottmann_group\\\/\"]}]}<\/script>\n<!-- \/ Yoast SEO plugin. -->","yoast_head_json":{"title":"R- Masse \u00e0 l\u00e9cher Uni Slikk - Rottmann Group","description":"La masse \u00e0 l\u00e9cher R Uni Slikk est une masse \u00e0 l\u00e9cher min\u00e9rale app\u00e9tissante pour les bovins et les ovins. Elle contient du calcium, du phosphore, du sodium, du magn\u00e9sium ainsi que des oligo-\u00e9l\u00e9ments et des vitamines importants pour un apport en min\u00e9raux adapt\u00e9 aux besoins.","robots":{"index":"index","follow":"follow","max-snippet":"max-snippet:-1","max-image-preview":"max-image-preview:large","max-video-preview":"max-video-preview:-1"},"canonical":"https:\/\/rottmann-group.de\/fr\/produit\/r-masse-a-lecher-uni-slikk\/","og_locale":"fr_FR","og_type":"article","og_title":"R- Masse \u00e0 l\u00e9cher Uni Slikk - Rottmann Group","og_description":"La masse \u00e0 l\u00e9cher R Uni Slikk est une masse \u00e0 l\u00e9cher min\u00e9rale app\u00e9tissante pour les bovins et les ovins. Elle contient du calcium, du phosphore, du sodium, du magn\u00e9sium ainsi que des oligo-\u00e9l\u00e9ments et des vitamines importants pour un apport en min\u00e9raux adapt\u00e9 aux besoins.","og_url":"https:\/\/rottmann-group.de\/fr\/produit\/r-masse-a-lecher-uni-slikk\/","og_site_name":"Rottmann Group","article_publisher":"https:\/\/www.facebook.com\/rottmanngroup\/?locale=de_DE","article_modified_time":"2026-04-21T05:11:17+00:00","og_image":[{"width":1440,"height":1920,"url":"https:\/\/rottmann-group.de\/wp-content\/uploads\/2026\/03\/Leckmasse-blau-ohne-Hintergrund.png","type":"image\/png"}],"twitter_card":"summary_large_image","twitter_misc":{"Dur\u00e9e de lecture estim\u00e9e":"1 minute"},"schema":{"@context":"https:\/\/schema.org","@graph":[{"@type":"WebPage","@id":"https:\/\/rottmann-group.de\/fr\/produit\/r-masse-a-lecher-uni-slikk\/","url":"https:\/\/rottmann-group.de\/fr\/produit\/r-masse-a-lecher-uni-slikk\/","name":"R- Masse \u00e0 l\u00e9cher Uni Slikk - Rottmann Group","isPartOf":{"@id":"https:\/\/rottmann-group.de\/#website"},"primaryImageOfPage":{"@id":"https:\/\/rottmann-group.de\/fr\/produit\/r-masse-a-lecher-uni-slikk\/#primaryimage"},"image":{"@id":"https:\/\/rottmann-group.de\/fr\/produit\/r-masse-a-lecher-uni-slikk\/#primaryimage"},"thumbnailUrl":"https:\/\/rottmann-group.de\/wp-content\/uploads\/2026\/03\/Leckmasse-blau-ohne-Hintergrund.png","datePublished":"2026-03-24T16:13:41+00:00","dateModified":"2026-04-21T05:11:17+00:00","description":"La masse \u00e0 l\u00e9cher R Uni Slikk est une masse \u00e0 l\u00e9cher min\u00e9rale app\u00e9tissante pour les bovins et les ovins. Elle contient du calcium, du phosphore, du sodium, du magn\u00e9sium ainsi que des oligo-\u00e9l\u00e9ments et des vitamines importants pour un apport en min\u00e9raux adapt\u00e9 aux besoins.","breadcrumb":{"@id":"https:\/\/rottmann-group.de\/fr\/produit\/r-masse-a-lecher-uni-slikk\/#breadcrumb"},"inLanguage":"fr-FR","potentialAction":[{"@type":"ReadAction","target":["https:\/\/rottmann-group.de\/fr\/produit\/r-masse-a-lecher-uni-slikk\/"]}]},{"@type":"ImageObject","inLanguage":"fr-FR","@id":"https:\/\/rottmann-group.de\/fr\/produit\/r-masse-a-lecher-uni-slikk\/#primaryimage","url":"https:\/\/rottmann-group.de\/wp-content\/uploads\/2026\/03\/Leckmasse-blau-ohne-Hintergrund.png","contentUrl":"https:\/\/rottmann-group.de\/wp-content\/uploads\/2026\/03\/Leckmasse-blau-ohne-Hintergrund.png","width":1440,"height":1920},{"@type":"BreadcrumbList","@id":"https:\/\/rottmann-group.de\/fr\/produit\/r-masse-a-lecher-uni-slikk\/#breadcrumb","itemListElement":[{"@type":"ListItem","position":1,"name":"Startseite","item":"https:\/\/rottmann-group.de\/fr\/page-daccueil\/"},{"@type":"ListItem","position":2,"name":"Shop","item":"https:\/\/rottmann-group.de\/shop\/"},{"@type":"ListItem","position":3,"name":"R- Masse \u00e0 l\u00e9cher Uni Slikk"}]},{"@type":"WebSite","@id":"https:\/\/rottmann-group.de\/#website","url":"https:\/\/rottmann-group.de\/","name":"Rottmann Group","description":"Das traditionelle Familienunternehmen bietet Ihnen: Ganzheitliche Futterkonzepte, Mahl- und Mischdienstleistungen und Dosiertechnik. Jetzt Kontakt aufnehmen!","publisher":{"@id":"https:\/\/rottmann-group.de\/#organization"},"potentialAction":[{"@type":"SearchAction","target":{"@type":"EntryPoint","urlTemplate":"https:\/\/rottmann-group.de\/?s={search_term_string}"},"query-input":{"@type":"PropertyValueSpecification","valueRequired":true,"valueName":"search_term_string"}}],"inLanguage":"fr-FR"},{"@type":"Organization","@id":"https:\/\/rottmann-group.de\/#organization","name":"Rottmann Group","url":"https:\/\/rottmann-group.de\/","logo":{"@type":"ImageObject","inLanguage":"fr-FR","@id":"https:\/\/rottmann-group.de\/#\/schema\/logo\/image\/","url":"https:\/\/rottmann-group.de\/wp-content\/uploads\/2022\/11\/Bild_Rottmann.jpg","contentUrl":"https:\/\/rottmann-group.de\/wp-content\/uploads\/2022\/11\/Bild_Rottmann.jpg","width":999,"height":636,"caption":"Rottmann Group"},"image":{"@id":"https:\/\/rottmann-group.de\/#\/schema\/logo\/image\/"},"sameAs":["https:\/\/www.facebook.com\/rottmanngroup\/?locale=de_DE","https:\/\/www.instagram.com\/rottmann_group\/"]}]}},"_links":{"self":[{"href":"https:\/\/rottmann-group.de\/fr\/wp-json\/wp\/v2\/product\/26858","targetHints":{"allow":["GET"]}}],"collection":[{"href":"https:\/\/rottmann-group.de\/fr\/wp-json\/wp\/v2\/product"}],"about":[{"href":"https:\/\/rottmann-group.de\/fr\/wp-json\/wp\/v2\/types\/product"}],"replies":[{"embeddable":true,"href":"https:\/\/rottmann-group.de\/fr\/wp-json\/wp\/v2\/comments?post=26858"}],"wp:featuredmedia":[{"embeddable":true,"href":"https:\/\/rottmann-group.de\/fr\/wp-json\/wp\/v2\/media\/26794"}],"wp:attachment":[{"href":"https:\/\/rottmann-group.de\/fr\/wp-json\/wp\/v2\/media?parent=26858"}],"wp:term":[{"taxonomy":"product_brand","embeddable":true,"href":"https:\/\/rottmann-group.de\/fr\/wp-json\/wp\/v2\/product_brand?post=26858"},{"taxonomy":"product_cat","embeddable":true,"href":"https:\/\/rottmann-group.de\/fr\/wp-json\/wp\/v2\/product_cat?post=26858"},{"taxonomy":"product_tag","embeddable":true,"href":"https:\/\/rottmann-group.de\/fr\/wp-json\/wp\/v2\/product_tag?post=26858"}],"curies":[{"name":"wp","href":"https:\/\/api.w.org\/{rel}","templated":true}]}}