{"id":12825,"date":"2022-09-23T12:24:15","date_gmt":"2022-09-23T10:24:15","guid":{"rendered":"\/produkt\/r-demarrage-du-calbo\/"},"modified":"2025-03-26T16:03:57","modified_gmt":"2025-03-26T15:03:57","slug":"r-kalbo-start","status":"publish","type":"product","link":"https:\/\/rottmann-group.de\/fr\/produit\/r-kalbo-start\/","title":{"rendered":"R- D\u00e9marrage du calbo"},"content":{"rendered":"<p>R- Kalbo-Start est un compl\u00e9ment alimentaire pour les animaux nouveau-n\u00e9s qui ont re\u00e7u peu de colostrum ou un colostrum de qualit\u00e9 insuffisante. Il est important que les ruminants qui viennent de na\u00eetre re\u00e7oivent suffisamment de colostrum imm\u00e9diatement apr\u00e8s la naissance.<\/p>\n<p>Les jeunes animaux ont besoin d&rsquo;immunoglobulines pour d\u00e9velopper leur syst\u00e8me immunitaire. Si les veaux ont re\u00e7u peu de colostrum ou un colostrum de qualit\u00e9 insuffisante, les probl\u00e8mes de sant\u00e9 sont garantis.<\/p>\n<ul>\n<li>Pour un apport suppl\u00e9mentaire dans les premiers jours de vie<\/li>\n<li>Contient de la poudre de colostrum<\/li>\n<li>Soutien du syst\u00e8me immunitaire gr\u00e2ce aux immunoglobulines<\/li>\n<li>Taux \u00e9lev\u00e9 d&rsquo;additifs<\/li>\n<\/ul>\n","protected":false},"excerpt":{"rendered":"<p>R- Kalbo-Start est un compl\u00e9ment alimentaire destin\u00e9 \u00e0 remplacer ou \u00e0 compl\u00e9ter le colostrum.<\/p>\n","protected":false},"featured_media":2725,"comment_status":"closed","ping_status":"closed","template":"","meta":{"_acf_changed":false},"product_brand":[],"product_cat":[223],"product_tag":[],"class_list":{"0":"post-12825","1":"product","2":"type-product","3":"status-publish","4":"has-post-thumbnail","6":"product_cat-boeuf","8":"first","9":"instock","10":"downloadable","11":"shipping-taxable","12":"product-type-simple"},"acf":[],"yoast_head":"<!-- This site is optimized with the Yoast SEO plugin v27.4 - https:\/\/yoast.com\/product\/yoast-seo-wordpress\/ -->\n<title>R- D\u00e9marrage du calbo - Rottmann Group<\/title>\n<meta name=\"robots\" content=\"index, follow, max-snippet:-1, max-image-preview:large, max-video-preview:-1\" \/>\n<link rel=\"canonical\" href=\"https:\/\/rottmann-group.de\/fr\/produit\/r-kalbo-start\/\" \/>\n<meta property=\"og:locale\" content=\"fr_FR\" \/>\n<meta property=\"og:type\" content=\"article\" \/>\n<meta property=\"og:title\" content=\"R- D\u00e9marrage du calbo - Rottmann Group\" \/>\n<meta property=\"og:description\" content=\"R- Kalbo-Start est un compl\u00e9ment alimentaire destin\u00e9 \u00e0 remplacer ou \u00e0 compl\u00e9ter le colostrum.\" \/>\n<meta property=\"og:url\" content=\"https:\/\/rottmann-group.de\/fr\/produit\/r-kalbo-start\/\" \/>\n<meta property=\"og:site_name\" content=\"Rottmann Group\" \/>\n<meta property=\"article:publisher\" content=\"https:\/\/www.facebook.com\/rottmanngroup\/?locale=de_DE\" \/>\n<meta property=\"article:modified_time\" content=\"2025-03-26T15:03:57+00:00\" \/>\n<meta property=\"og:image\" content=\"https:\/\/rottmann-group.de\/wp-content\/uploads\/2022\/09\/Futtermittelsack-Rind-R-Kalbo-Start.png\" \/>\n\t<meta property=\"og:image:width\" content=\"300\" \/>\n\t<meta property=\"og:image:height\" content=\"300\" \/>\n\t<meta property=\"og:image:type\" content=\"image\/png\" \/>\n<meta name=\"twitter:card\" content=\"summary_large_image\" \/>\n<meta name=\"twitter:label1\" content=\"Dur\u00e9e de lecture estim\u00e9e\" \/>\n\t<meta name=\"twitter:data1\" content=\"1 minute\" \/>\n<script type=\"application\/ld+json\" class=\"yoast-schema-graph\">{\"@context\":\"https:\\\/\\\/schema.org\",\"@graph\":[{\"@type\":\"WebPage\",\"@id\":\"https:\\\/\\\/rottmann-group.de\\\/fr\\\/produit\\\/r-kalbo-start\\\/\",\"url\":\"https:\\\/\\\/rottmann-group.de\\\/fr\\\/produit\\\/r-kalbo-start\\\/\",\"name\":\"R- D\u00e9marrage du calbo - Rottmann Group\",\"isPartOf\":{\"@id\":\"https:\\\/\\\/rottmann-group.de\\\/fr\\\/#website\"},\"primaryImageOfPage\":{\"@id\":\"https:\\\/\\\/rottmann-group.de\\\/fr\\\/produit\\\/r-kalbo-start\\\/#primaryimage\"},\"image\":{\"@id\":\"https:\\\/\\\/rottmann-group.de\\\/fr\\\/produit\\\/r-kalbo-start\\\/#primaryimage\"},\"thumbnailUrl\":\"https:\\\/\\\/rottmann-group.de\\\/wp-content\\\/uploads\\\/2022\\\/09\\\/Futtermittelsack-Rind-R-Kalbo-Start.png\",\"datePublished\":\"2022-09-23T10:24:15+00:00\",\"dateModified\":\"2025-03-26T15:03:57+00:00\",\"breadcrumb\":{\"@id\":\"https:\\\/\\\/rottmann-group.de\\\/fr\\\/produit\\\/r-kalbo-start\\\/#breadcrumb\"},\"inLanguage\":\"fr-FR\",\"potentialAction\":[{\"@type\":\"ReadAction\",\"target\":[\"https:\\\/\\\/rottmann-group.de\\\/fr\\\/produit\\\/r-kalbo-start\\\/\"]}]},{\"@type\":\"ImageObject\",\"inLanguage\":\"fr-FR\",\"@id\":\"https:\\\/\\\/rottmann-group.de\\\/fr\\\/produit\\\/r-kalbo-start\\\/#primaryimage\",\"url\":\"https:\\\/\\\/rottmann-group.de\\\/wp-content\\\/uploads\\\/2022\\\/09\\\/Futtermittelsack-Rind-R-Kalbo-Start.png\",\"contentUrl\":\"https:\\\/\\\/rottmann-group.de\\\/wp-content\\\/uploads\\\/2022\\\/09\\\/Futtermittelsack-Rind-R-Kalbo-Start.png\",\"width\":300,\"height\":300},{\"@type\":\"BreadcrumbList\",\"@id\":\"https:\\\/\\\/rottmann-group.de\\\/fr\\\/produit\\\/r-kalbo-start\\\/#breadcrumb\",\"itemListElement\":[{\"@type\":\"ListItem\",\"position\":1,\"name\":\"Startseite\",\"item\":\"https:\\\/\\\/rottmann-group.de\\\/fr\\\/page-daccueil\\\/\"},{\"@type\":\"ListItem\",\"position\":2,\"name\":\"Boutique\",\"item\":\"https:\\\/\\\/rottmann-group.de\\\/fr\\\/boutique\\\/\"},{\"@type\":\"ListItem\",\"position\":3,\"name\":\"R- D\u00e9marrage du calbo\"}]},{\"@type\":\"WebSite\",\"@id\":\"https:\\\/\\\/rottmann-group.de\\\/fr\\\/#website\",\"url\":\"https:\\\/\\\/rottmann-group.de\\\/fr\\\/\",\"name\":\"Rottmann Group\",\"description\":\"Das traditionelle Familienunternehmen bietet Ihnen: Ganzheitliche Futterkonzepte, Mahl- und Mischdienstleistungen und Dosiertechnik. Jetzt Kontakt aufnehmen!\",\"publisher\":{\"@id\":\"https:\\\/\\\/rottmann-group.de\\\/fr\\\/#organization\"},\"potentialAction\":[{\"@type\":\"SearchAction\",\"target\":{\"@type\":\"EntryPoint\",\"urlTemplate\":\"https:\\\/\\\/rottmann-group.de\\\/fr\\\/?s={search_term_string}\"},\"query-input\":{\"@type\":\"PropertyValueSpecification\",\"valueRequired\":true,\"valueName\":\"search_term_string\"}}],\"inLanguage\":\"fr-FR\"},{\"@type\":\"Organization\",\"@id\":\"https:\\\/\\\/rottmann-group.de\\\/fr\\\/#organization\",\"name\":\"Rottmann Group\",\"url\":\"https:\\\/\\\/rottmann-group.de\\\/fr\\\/\",\"logo\":{\"@type\":\"ImageObject\",\"inLanguage\":\"fr-FR\",\"@id\":\"https:\\\/\\\/rottmann-group.de\\\/fr\\\/#\\\/schema\\\/logo\\\/image\\\/\",\"url\":\"https:\\\/\\\/rottmann-group.de\\\/wp-content\\\/uploads\\\/2022\\\/11\\\/Bild_Rottmann.jpg\",\"contentUrl\":\"https:\\\/\\\/rottmann-group.de\\\/wp-content\\\/uploads\\\/2022\\\/11\\\/Bild_Rottmann.jpg\",\"width\":999,\"height\":636,\"caption\":\"Rottmann Group\"},\"image\":{\"@id\":\"https:\\\/\\\/rottmann-group.de\\\/fr\\\/#\\\/schema\\\/logo\\\/image\\\/\"},\"sameAs\":[\"https:\\\/\\\/www.facebook.com\\\/rottmanngroup\\\/?locale=de_DE\",\"https:\\\/\\\/www.instagram.com\\\/rottmann_group\\\/\"]}]}<\/script>\n<!-- \/ Yoast SEO plugin. -->","yoast_head_json":{"title":"R- D\u00e9marrage du calbo - Rottmann Group","robots":{"index":"index","follow":"follow","max-snippet":"max-snippet:-1","max-image-preview":"max-image-preview:large","max-video-preview":"max-video-preview:-1"},"canonical":"https:\/\/rottmann-group.de\/fr\/produit\/r-kalbo-start\/","og_locale":"fr_FR","og_type":"article","og_title":"R- D\u00e9marrage du calbo - Rottmann Group","og_description":"R- Kalbo-Start est un compl\u00e9ment alimentaire destin\u00e9 \u00e0 remplacer ou \u00e0 compl\u00e9ter le colostrum.","og_url":"https:\/\/rottmann-group.de\/fr\/produit\/r-kalbo-start\/","og_site_name":"Rottmann Group","article_publisher":"https:\/\/www.facebook.com\/rottmanngroup\/?locale=de_DE","article_modified_time":"2025-03-26T15:03:57+00:00","og_image":[{"width":300,"height":300,"url":"https:\/\/rottmann-group.de\/wp-content\/uploads\/2022\/09\/Futtermittelsack-Rind-R-Kalbo-Start.png","type":"image\/png"}],"twitter_card":"summary_large_image","twitter_misc":{"Dur\u00e9e de lecture estim\u00e9e":"1 minute"},"schema":{"@context":"https:\/\/schema.org","@graph":[{"@type":"WebPage","@id":"https:\/\/rottmann-group.de\/fr\/produit\/r-kalbo-start\/","url":"https:\/\/rottmann-group.de\/fr\/produit\/r-kalbo-start\/","name":"R- D\u00e9marrage du calbo - Rottmann Group","isPartOf":{"@id":"https:\/\/rottmann-group.de\/fr\/#website"},"primaryImageOfPage":{"@id":"https:\/\/rottmann-group.de\/fr\/produit\/r-kalbo-start\/#primaryimage"},"image":{"@id":"https:\/\/rottmann-group.de\/fr\/produit\/r-kalbo-start\/#primaryimage"},"thumbnailUrl":"https:\/\/rottmann-group.de\/wp-content\/uploads\/2022\/09\/Futtermittelsack-Rind-R-Kalbo-Start.png","datePublished":"2022-09-23T10:24:15+00:00","dateModified":"2025-03-26T15:03:57+00:00","breadcrumb":{"@id":"https:\/\/rottmann-group.de\/fr\/produit\/r-kalbo-start\/#breadcrumb"},"inLanguage":"fr-FR","potentialAction":[{"@type":"ReadAction","target":["https:\/\/rottmann-group.de\/fr\/produit\/r-kalbo-start\/"]}]},{"@type":"ImageObject","inLanguage":"fr-FR","@id":"https:\/\/rottmann-group.de\/fr\/produit\/r-kalbo-start\/#primaryimage","url":"https:\/\/rottmann-group.de\/wp-content\/uploads\/2022\/09\/Futtermittelsack-Rind-R-Kalbo-Start.png","contentUrl":"https:\/\/rottmann-group.de\/wp-content\/uploads\/2022\/09\/Futtermittelsack-Rind-R-Kalbo-Start.png","width":300,"height":300},{"@type":"BreadcrumbList","@id":"https:\/\/rottmann-group.de\/fr\/produit\/r-kalbo-start\/#breadcrumb","itemListElement":[{"@type":"ListItem","position":1,"name":"Startseite","item":"https:\/\/rottmann-group.de\/fr\/page-daccueil\/"},{"@type":"ListItem","position":2,"name":"Boutique","item":"https:\/\/rottmann-group.de\/fr\/boutique\/"},{"@type":"ListItem","position":3,"name":"R- D\u00e9marrage du calbo"}]},{"@type":"WebSite","@id":"https:\/\/rottmann-group.de\/fr\/#website","url":"https:\/\/rottmann-group.de\/fr\/","name":"Rottmann Group","description":"Das traditionelle Familienunternehmen bietet Ihnen: Ganzheitliche Futterkonzepte, Mahl- und Mischdienstleistungen und Dosiertechnik. Jetzt Kontakt aufnehmen!","publisher":{"@id":"https:\/\/rottmann-group.de\/fr\/#organization"},"potentialAction":[{"@type":"SearchAction","target":{"@type":"EntryPoint","urlTemplate":"https:\/\/rottmann-group.de\/fr\/?s={search_term_string}"},"query-input":{"@type":"PropertyValueSpecification","valueRequired":true,"valueName":"search_term_string"}}],"inLanguage":"fr-FR"},{"@type":"Organization","@id":"https:\/\/rottmann-group.de\/fr\/#organization","name":"Rottmann Group","url":"https:\/\/rottmann-group.de\/fr\/","logo":{"@type":"ImageObject","inLanguage":"fr-FR","@id":"https:\/\/rottmann-group.de\/fr\/#\/schema\/logo\/image\/","url":"https:\/\/rottmann-group.de\/wp-content\/uploads\/2022\/11\/Bild_Rottmann.jpg","contentUrl":"https:\/\/rottmann-group.de\/wp-content\/uploads\/2022\/11\/Bild_Rottmann.jpg","width":999,"height":636,"caption":"Rottmann Group"},"image":{"@id":"https:\/\/rottmann-group.de\/fr\/#\/schema\/logo\/image\/"},"sameAs":["https:\/\/www.facebook.com\/rottmanngroup\/?locale=de_DE","https:\/\/www.instagram.com\/rottmann_group\/"]}]}},"_links":{"self":[{"href":"https:\/\/rottmann-group.de\/fr\/wp-json\/wp\/v2\/product\/12825","targetHints":{"allow":["GET"]}}],"collection":[{"href":"https:\/\/rottmann-group.de\/fr\/wp-json\/wp\/v2\/product"}],"about":[{"href":"https:\/\/rottmann-group.de\/fr\/wp-json\/wp\/v2\/types\/product"}],"replies":[{"embeddable":true,"href":"https:\/\/rottmann-group.de\/fr\/wp-json\/wp\/v2\/comments?post=12825"}],"wp:featuredmedia":[{"embeddable":true,"href":"https:\/\/rottmann-group.de\/fr\/wp-json\/wp\/v2\/media\/2725"}],"wp:attachment":[{"href":"https:\/\/rottmann-group.de\/fr\/wp-json\/wp\/v2\/media?parent=12825"}],"wp:term":[{"taxonomy":"product_brand","embeddable":true,"href":"https:\/\/rottmann-group.de\/fr\/wp-json\/wp\/v2\/product_brand?post=12825"},{"taxonomy":"product_cat","embeddable":true,"href":"https:\/\/rottmann-group.de\/fr\/wp-json\/wp\/v2\/product_cat?post=12825"},{"taxonomy":"product_tag","embeddable":true,"href":"https:\/\/rottmann-group.de\/fr\/wp-json\/wp\/v2\/product_tag?post=12825"}],"curies":[{"name":"wp","href":"https:\/\/api.w.org\/{rel}","templated":true}]}}