{"id":12716,"date":"2022-08-19T10:57:19","date_gmt":"2022-08-19T08:57:19","guid":{"rendered":"\/produkt\/r-mega-mat\/"},"modified":"2026-04-09T14:36:32","modified_gmt":"2026-04-09T12:36:32","slug":"r-mega-mat","status":"publish","type":"product","link":"https:\/\/rottmann-group.de\/fr\/produit\/r-mega-mat\/","title":{"rendered":"R- M\u00e9ga-m\u00e2t"},"content":{"rendered":"<p data-start=\"502\" data-end=\"867\">Les teneurs <strong data-start=\"512\" data-end=\"553\">\u00e9lev\u00e9es en calcium et en phosphore<\/strong> favorisent un d\u00e9veloppement osseux optimal, notamment en pr\u00e9-engraissement : la base d&rsquo;animaux r\u00e9sistants et d&rsquo;un engraissement r\u00e9ussi. En m\u00eame temps, la composition \u00e9quilibr\u00e9e en <strong data-start=\"748\" data-end=\"793\">lysine, m\u00e9thionine, thr\u00e9onine et tryptophane<\/strong> assure une utilisation efficace des prot\u00e9ines et un taux \u00e9lev\u00e9 de viande maigre. <\/p>\n<p data-start=\"869\" data-end=\"1107\">L&rsquo;utilisation de <strong data-start=\"885\" data-end=\"896\">phytase<\/strong> am\u00e9liore la disponibilit\u00e9 du phosphore li\u00e9 aux c\u00e9r\u00e9ales et augmente consid\u00e9rablement l&rsquo;efficacit\u00e9 des nutriments. Cela contribue non seulement \u00e0 une alimentation \u00e9conomique, mais r\u00e9duit \u00e9galement les pertes de nutriments. <\/p>\n<p data-start=\"1109\" data-end=\"1417\">Le concept est compl\u00e9t\u00e9 par une <strong data-start=\"1145\" data-end=\"1218\">vitaminisation compl\u00e8te et des oligo-\u00e9l\u00e9ments parfaitement adapt\u00e9s<\/strong>, qui soutiennent de mani\u00e8re cibl\u00e9e les processus m\u00e9taboliques, le syst\u00e8me immunitaire et les performances. Les composants antioxydants ont un effet stabilisateur sur la qualit\u00e9 de la graisse et contribuent \u00e0 garantir la qualit\u00e9 de la viande. <\/p>\n<p data-start=\"1419\" data-end=\"1647\">Avec un <strong data-start=\"1429\" data-end=\"1465\">taux d&rsquo;incorporation recommand\u00e9 de 3 %<\/strong>, R-Megamast s&rsquo;int\u00e8gre de mani\u00e8re flexible dans les concepts de rations existants et offre une base fiable pour un engraissement r\u00e9ussi des porcs.<\/p>\n<p data-start=\"1419\" data-end=\"1647\">N&rsquo;h\u00e9sitez pas \u00e0 contacter nos conseillers en alimentation animale si vous avez des questions !<\/p>\n","protected":false},"excerpt":{"rendered":"<p><strong data-start=\"180\" data-end=\"250\">R-Megamast est un aliment min\u00e9ral performant pour les porcs d&rsquo;engraissement<\/strong>, d\u00e9velopp\u00e9 pour un apport s\u00fbr en nutriments, des fondations stables et des performances d&rsquo;engraissement \u00e9lev\u00e9es. La combinaison cibl\u00e9e de min\u00e9raux, de vitamines et d&rsquo;acides amin\u00e9s libres permet une adaptation pr\u00e9cise aux exigences de l&rsquo;engraissement moderne des porcs. <\/p>\n","protected":false},"featured_media":2238,"comment_status":"closed","ping_status":"closed","template":"","meta":{"_acf_changed":false},"product_brand":[],"product_cat":[409,174],"product_tag":[],"class_list":{"0":"post-12716","1":"product","2":"type-product","3":"status-publish","4":"has-post-thumbnail","6":"product_cat-aliments-pour-animaux","7":"product_cat-porcs","9":"first","10":"instock","11":"shipping-taxable","12":"product-type-variable","13":"has-default-attributes"},"acf":[],"yoast_head":"<!-- This site is optimized with the Yoast SEO plugin v27.4 - https:\/\/yoast.com\/product\/yoast-seo-wordpress\/ -->\n<title>R- M\u00e9ga-m\u00e2t - Rottmann Group<\/title>\n<meta name=\"description\" content=\"Aliment min\u00e9ral performant pour les porcs d&#039;engraissement avec une teneur optimis\u00e9e en calcium et en phosphore, des acides amin\u00e9s lysine, m\u00e9thionine, thr\u00e9onine et tryptophine, ainsi que de la phytase.\" \/>\n<meta name=\"robots\" content=\"index, follow, max-snippet:-1, max-image-preview:large, max-video-preview:-1\" \/>\n<link rel=\"canonical\" href=\"https:\/\/rottmann-group.de\/fr\/produit\/r-mega-mat\/\" \/>\n<meta property=\"og:locale\" content=\"fr_FR\" \/>\n<meta property=\"og:type\" content=\"article\" \/>\n<meta property=\"og:title\" content=\"R- M\u00e9ga-m\u00e2t - Rottmann Group\" \/>\n<meta property=\"og:description\" content=\"Aliment min\u00e9ral performant pour les porcs d&#039;engraissement avec une teneur optimis\u00e9e en calcium et en phosphore, des acides amin\u00e9s lysine, m\u00e9thionine, thr\u00e9onine et tryptophine, ainsi que de la phytase.\" \/>\n<meta property=\"og:url\" content=\"https:\/\/rottmann-group.de\/fr\/produit\/r-mega-mat\/\" \/>\n<meta property=\"og:site_name\" content=\"Rottmann Group\" \/>\n<meta property=\"article:publisher\" content=\"https:\/\/www.facebook.com\/rottmanngroup\/?locale=de_DE\" \/>\n<meta property=\"article:modified_time\" content=\"2026-04-09T12:36:32+00:00\" \/>\n<meta property=\"og:image\" content=\"https:\/\/rottmann-group.de\/wp-content\/uploads\/2022\/08\/Futtermittelsack-R-Megamast.png\" \/>\n\t<meta property=\"og:image:width\" content=\"300\" \/>\n\t<meta property=\"og:image:height\" content=\"300\" \/>\n\t<meta property=\"og:image:type\" content=\"image\/png\" \/>\n<meta name=\"twitter:card\" content=\"summary_large_image\" \/>\n<meta name=\"twitter:label1\" content=\"Dur\u00e9e de lecture estim\u00e9e\" \/>\n\t<meta name=\"twitter:data1\" content=\"1 minute\" \/>\n<script type=\"application\/ld+json\" class=\"yoast-schema-graph\">{\"@context\":\"https:\\\/\\\/schema.org\",\"@graph\":[{\"@type\":\"WebPage\",\"@id\":\"https:\\\/\\\/rottmann-group.de\\\/fr\\\/produit\\\/r-mega-mat\\\/\",\"url\":\"https:\\\/\\\/rottmann-group.de\\\/fr\\\/produit\\\/r-mega-mat\\\/\",\"name\":\"R- M\u00e9ga-m\u00e2t - Rottmann Group\",\"isPartOf\":{\"@id\":\"https:\\\/\\\/rottmann-group.de\\\/#website\"},\"primaryImageOfPage\":{\"@id\":\"https:\\\/\\\/rottmann-group.de\\\/fr\\\/produit\\\/r-mega-mat\\\/#primaryimage\"},\"image\":{\"@id\":\"https:\\\/\\\/rottmann-group.de\\\/fr\\\/produit\\\/r-mega-mat\\\/#primaryimage\"},\"thumbnailUrl\":\"https:\\\/\\\/rottmann-group.de\\\/wp-content\\\/uploads\\\/2022\\\/08\\\/Futtermittelsack-R-Megamast.png\",\"datePublished\":\"2022-08-19T08:57:19+00:00\",\"dateModified\":\"2026-04-09T12:36:32+00:00\",\"description\":\"Aliment min\u00e9ral performant pour les porcs d'engraissement avec une teneur optimis\u00e9e en calcium et en phosphore, des acides amin\u00e9s lysine, m\u00e9thionine, thr\u00e9onine et tryptophine, ainsi que de la phytase.\",\"breadcrumb\":{\"@id\":\"https:\\\/\\\/rottmann-group.de\\\/fr\\\/produit\\\/r-mega-mat\\\/#breadcrumb\"},\"inLanguage\":\"fr-FR\",\"potentialAction\":[{\"@type\":\"ReadAction\",\"target\":[\"https:\\\/\\\/rottmann-group.de\\\/fr\\\/produit\\\/r-mega-mat\\\/\"]}]},{\"@type\":\"ImageObject\",\"inLanguage\":\"fr-FR\",\"@id\":\"https:\\\/\\\/rottmann-group.de\\\/fr\\\/produit\\\/r-mega-mat\\\/#primaryimage\",\"url\":\"https:\\\/\\\/rottmann-group.de\\\/wp-content\\\/uploads\\\/2022\\\/08\\\/Futtermittelsack-R-Megamast.png\",\"contentUrl\":\"https:\\\/\\\/rottmann-group.de\\\/wp-content\\\/uploads\\\/2022\\\/08\\\/Futtermittelsack-R-Megamast.png\",\"width\":300,\"height\":300},{\"@type\":\"BreadcrumbList\",\"@id\":\"https:\\\/\\\/rottmann-group.de\\\/fr\\\/produit\\\/r-mega-mat\\\/#breadcrumb\",\"itemListElement\":[{\"@type\":\"ListItem\",\"position\":1,\"name\":\"Startseite\",\"item\":\"https:\\\/\\\/rottmann-group.de\\\/fr\\\/page-daccueil\\\/\"},{\"@type\":\"ListItem\",\"position\":2,\"name\":\"Boutique\",\"item\":\"https:\\\/\\\/rottmann-group.de\\\/fr\\\/boutique\\\/\"},{\"@type\":\"ListItem\",\"position\":3,\"name\":\"R- M\u00e9ga-m\u00e2t\"}]},{\"@type\":\"WebSite\",\"@id\":\"https:\\\/\\\/rottmann-group.de\\\/#website\",\"url\":\"https:\\\/\\\/rottmann-group.de\\\/\",\"name\":\"Rottmann Group\",\"description\":\"Das traditionelle Familienunternehmen bietet Ihnen: Ganzheitliche Futterkonzepte, Mahl- und Mischdienstleistungen und Dosiertechnik. Jetzt Kontakt aufnehmen!\",\"publisher\":{\"@id\":\"https:\\\/\\\/rottmann-group.de\\\/#organization\"},\"potentialAction\":[{\"@type\":\"SearchAction\",\"target\":{\"@type\":\"EntryPoint\",\"urlTemplate\":\"https:\\\/\\\/rottmann-group.de\\\/?s={search_term_string}\"},\"query-input\":{\"@type\":\"PropertyValueSpecification\",\"valueRequired\":true,\"valueName\":\"search_term_string\"}}],\"inLanguage\":\"fr-FR\"},{\"@type\":\"Organization\",\"@id\":\"https:\\\/\\\/rottmann-group.de\\\/#organization\",\"name\":\"Rottmann Group\",\"url\":\"https:\\\/\\\/rottmann-group.de\\\/\",\"logo\":{\"@type\":\"ImageObject\",\"inLanguage\":\"fr-FR\",\"@id\":\"https:\\\/\\\/rottmann-group.de\\\/#\\\/schema\\\/logo\\\/image\\\/\",\"url\":\"https:\\\/\\\/rottmann-group.de\\\/wp-content\\\/uploads\\\/2022\\\/11\\\/Bild_Rottmann.jpg\",\"contentUrl\":\"https:\\\/\\\/rottmann-group.de\\\/wp-content\\\/uploads\\\/2022\\\/11\\\/Bild_Rottmann.jpg\",\"width\":999,\"height\":636,\"caption\":\"Rottmann Group\"},\"image\":{\"@id\":\"https:\\\/\\\/rottmann-group.de\\\/#\\\/schema\\\/logo\\\/image\\\/\"},\"sameAs\":[\"https:\\\/\\\/www.facebook.com\\\/rottmanngroup\\\/?locale=de_DE\",\"https:\\\/\\\/www.instagram.com\\\/rottmann_group\\\/\"]}]}<\/script>\n<!-- \/ Yoast SEO plugin. -->","yoast_head_json":{"title":"R- M\u00e9ga-m\u00e2t - Rottmann Group","description":"Aliment min\u00e9ral performant pour les porcs d'engraissement avec une teneur optimis\u00e9e en calcium et en phosphore, des acides amin\u00e9s lysine, m\u00e9thionine, thr\u00e9onine et tryptophine, ainsi que de la phytase.","robots":{"index":"index","follow":"follow","max-snippet":"max-snippet:-1","max-image-preview":"max-image-preview:large","max-video-preview":"max-video-preview:-1"},"canonical":"https:\/\/rottmann-group.de\/fr\/produit\/r-mega-mat\/","og_locale":"fr_FR","og_type":"article","og_title":"R- M\u00e9ga-m\u00e2t - Rottmann Group","og_description":"Aliment min\u00e9ral performant pour les porcs d'engraissement avec une teneur optimis\u00e9e en calcium et en phosphore, des acides amin\u00e9s lysine, m\u00e9thionine, thr\u00e9onine et tryptophine, ainsi que de la phytase.","og_url":"https:\/\/rottmann-group.de\/fr\/produit\/r-mega-mat\/","og_site_name":"Rottmann Group","article_publisher":"https:\/\/www.facebook.com\/rottmanngroup\/?locale=de_DE","article_modified_time":"2026-04-09T12:36:32+00:00","og_image":[{"width":300,"height":300,"url":"https:\/\/rottmann-group.de\/wp-content\/uploads\/2022\/08\/Futtermittelsack-R-Megamast.png","type":"image\/png"}],"twitter_card":"summary_large_image","twitter_misc":{"Dur\u00e9e de lecture estim\u00e9e":"1 minute"},"schema":{"@context":"https:\/\/schema.org","@graph":[{"@type":"WebPage","@id":"https:\/\/rottmann-group.de\/fr\/produit\/r-mega-mat\/","url":"https:\/\/rottmann-group.de\/fr\/produit\/r-mega-mat\/","name":"R- M\u00e9ga-m\u00e2t - Rottmann Group","isPartOf":{"@id":"https:\/\/rottmann-group.de\/#website"},"primaryImageOfPage":{"@id":"https:\/\/rottmann-group.de\/fr\/produit\/r-mega-mat\/#primaryimage"},"image":{"@id":"https:\/\/rottmann-group.de\/fr\/produit\/r-mega-mat\/#primaryimage"},"thumbnailUrl":"https:\/\/rottmann-group.de\/wp-content\/uploads\/2022\/08\/Futtermittelsack-R-Megamast.png","datePublished":"2022-08-19T08:57:19+00:00","dateModified":"2026-04-09T12:36:32+00:00","description":"Aliment min\u00e9ral performant pour les porcs d'engraissement avec une teneur optimis\u00e9e en calcium et en phosphore, des acides amin\u00e9s lysine, m\u00e9thionine, thr\u00e9onine et tryptophine, ainsi que de la phytase.","breadcrumb":{"@id":"https:\/\/rottmann-group.de\/fr\/produit\/r-mega-mat\/#breadcrumb"},"inLanguage":"fr-FR","potentialAction":[{"@type":"ReadAction","target":["https:\/\/rottmann-group.de\/fr\/produit\/r-mega-mat\/"]}]},{"@type":"ImageObject","inLanguage":"fr-FR","@id":"https:\/\/rottmann-group.de\/fr\/produit\/r-mega-mat\/#primaryimage","url":"https:\/\/rottmann-group.de\/wp-content\/uploads\/2022\/08\/Futtermittelsack-R-Megamast.png","contentUrl":"https:\/\/rottmann-group.de\/wp-content\/uploads\/2022\/08\/Futtermittelsack-R-Megamast.png","width":300,"height":300},{"@type":"BreadcrumbList","@id":"https:\/\/rottmann-group.de\/fr\/produit\/r-mega-mat\/#breadcrumb","itemListElement":[{"@type":"ListItem","position":1,"name":"Startseite","item":"https:\/\/rottmann-group.de\/fr\/page-daccueil\/"},{"@type":"ListItem","position":2,"name":"Boutique","item":"https:\/\/rottmann-group.de\/fr\/boutique\/"},{"@type":"ListItem","position":3,"name":"R- M\u00e9ga-m\u00e2t"}]},{"@type":"WebSite","@id":"https:\/\/rottmann-group.de\/#website","url":"https:\/\/rottmann-group.de\/","name":"Rottmann Group","description":"Das traditionelle Familienunternehmen bietet Ihnen: Ganzheitliche Futterkonzepte, Mahl- und Mischdienstleistungen und Dosiertechnik. Jetzt Kontakt aufnehmen!","publisher":{"@id":"https:\/\/rottmann-group.de\/#organization"},"potentialAction":[{"@type":"SearchAction","target":{"@type":"EntryPoint","urlTemplate":"https:\/\/rottmann-group.de\/?s={search_term_string}"},"query-input":{"@type":"PropertyValueSpecification","valueRequired":true,"valueName":"search_term_string"}}],"inLanguage":"fr-FR"},{"@type":"Organization","@id":"https:\/\/rottmann-group.de\/#organization","name":"Rottmann Group","url":"https:\/\/rottmann-group.de\/","logo":{"@type":"ImageObject","inLanguage":"fr-FR","@id":"https:\/\/rottmann-group.de\/#\/schema\/logo\/image\/","url":"https:\/\/rottmann-group.de\/wp-content\/uploads\/2022\/11\/Bild_Rottmann.jpg","contentUrl":"https:\/\/rottmann-group.de\/wp-content\/uploads\/2022\/11\/Bild_Rottmann.jpg","width":999,"height":636,"caption":"Rottmann Group"},"image":{"@id":"https:\/\/rottmann-group.de\/#\/schema\/logo\/image\/"},"sameAs":["https:\/\/www.facebook.com\/rottmanngroup\/?locale=de_DE","https:\/\/www.instagram.com\/rottmann_group\/"]}]}},"_links":{"self":[{"href":"https:\/\/rottmann-group.de\/fr\/wp-json\/wp\/v2\/product\/12716","targetHints":{"allow":["GET"]}}],"collection":[{"href":"https:\/\/rottmann-group.de\/fr\/wp-json\/wp\/v2\/product"}],"about":[{"href":"https:\/\/rottmann-group.de\/fr\/wp-json\/wp\/v2\/types\/product"}],"replies":[{"embeddable":true,"href":"https:\/\/rottmann-group.de\/fr\/wp-json\/wp\/v2\/comments?post=12716"}],"wp:featuredmedia":[{"embeddable":true,"href":"https:\/\/rottmann-group.de\/fr\/wp-json\/wp\/v2\/media\/2238"}],"wp:attachment":[{"href":"https:\/\/rottmann-group.de\/fr\/wp-json\/wp\/v2\/media?parent=12716"}],"wp:term":[{"taxonomy":"product_brand","embeddable":true,"href":"https:\/\/rottmann-group.de\/fr\/wp-json\/wp\/v2\/product_brand?post=12716"},{"taxonomy":"product_cat","embeddable":true,"href":"https:\/\/rottmann-group.de\/fr\/wp-json\/wp\/v2\/product_cat?post=12716"},{"taxonomy":"product_tag","embeddable":true,"href":"https:\/\/rottmann-group.de\/fr\/wp-json\/wp\/v2\/product_tag?post=12716"}],"curies":[{"name":"wp","href":"https:\/\/api.w.org\/{rel}","templated":true}]}}