{"id":12681,"date":"2022-07-20T11:52:52","date_gmt":"2022-07-20T09:52:52","guid":{"rendered":"\/produkt\/r-222-actif\/"},"modified":"2025-03-26T16:02:30","modified_gmt":"2025-03-26T15:02:30","slug":"r-204-aktiv","status":"publish","type":"product","link":"https:\/\/rottmann-group.de\/fr\/produit\/r-204-aktiv\/","title":{"rendered":"R- 22:2 Actif"},"content":{"rendered":"<p>R- 22:2 Actif est un aliment min\u00e9ral pour vaches \u00e0 haut rendement avec un plus en oligo-\u00e9l\u00e9ments organiques. L&rsquo;effet antioxydant de la vitamine E augmente la r\u00e9sistance des animaux pour une dur\u00e9e d&rsquo;utilisation plus longue. La levure autolys\u00e9e qu&rsquo;il contient permet d&rsquo;augmenter l&rsquo;ingestion d&rsquo;aliments et favorise la digestion.  <\/p>\n<ul>\n<li>Oligo-\u00e9l\u00e9ments organiques<\/li>\n<li>Levure autolys\u00e9e<\/li>\n<li>S\u00e9l\u00e9nium prot\u00e9g\u00e9 dans le rumen<\/li>\n<li>Top ph\u00e9nol 80+<\/li>\n<\/ul>\n","protected":false},"excerpt":{"rendered":"<p>R- 22:2 Actif est un aliment min\u00e9ral pour vaches \u00e0 haut rendement avec un plus en oligo-\u00e9l\u00e9ments organiques. L&rsquo;effet antioxydant de la vitamine E augmente la r\u00e9sistance des animaux pour une dur\u00e9e d&rsquo;utilisation plus longue. La levure autolys\u00e9e qu&rsquo;il contient permet d&rsquo;augmenter l&rsquo;ingestion d&rsquo;aliments et favorise la digestion.  <\/p>\n<table width=\"100%\">\n<tbody>\n<tr>\n<td>\n<ul>\n<li>Oligo-\u00e9l\u00e9ments organiques<\/li>\n<li>Levure autolys\u00e9e<\/li>\n<li>S\u00e9l\u00e9nium prot\u00e9g\u00e9 dans le rumen<\/li>\n<li>Top ph\u00e9nol 80+<\/li>\n<\/ul>\n<\/td>\n<td><img decoding=\"async\" class=\"alignnone size-full wp-image-672\" src=\"https:\/\/rottmann-group.de\/wp-content\/uploads\/produktpdf\/rottmann-empfehlung-rindermin.png\" alt=\"\" width=\"100\" height=\"100\" data-wp-editing=\"1\"><\/td>\n<\/tr>\n<\/tbody>\n<\/table>\n","protected":false},"featured_media":3095,"comment_status":"closed","ping_status":"closed","template":"","meta":{"_acf_changed":false},"product_brand":[],"product_cat":[223],"product_tag":[],"class_list":{"0":"post-12681","1":"product","2":"type-product","3":"status-publish","4":"has-post-thumbnail","6":"product_cat-boeuf","8":"first","9":"instock","10":"shipping-taxable","11":"product-type-variable","12":"has-default-attributes"},"acf":[],"yoast_head":"<!-- This site is optimized with the Yoast SEO plugin v27.4 - https:\/\/yoast.com\/product\/yoast-seo-wordpress\/ -->\n<title>R- 22:2 Actif - Rottmann Group<\/title>\n<meta name=\"robots\" content=\"index, follow, max-snippet:-1, max-image-preview:large, max-video-preview:-1\" \/>\n<link rel=\"canonical\" href=\"https:\/\/rottmann-group.de\/fr\/produkt\/r-204-aktiv\/\" \/>\n<meta property=\"og:locale\" content=\"fr_FR\" \/>\n<meta property=\"og:type\" content=\"article\" \/>\n<meta property=\"og:title\" content=\"R- 22:2 Actif - Rottmann Group\" \/>\n<meta property=\"og:description\" content=\"R- 22:2 Actif est un aliment min\u00e9ral pour vaches \u00e0 haut rendement avec un plus en oligo-\u00e9l\u00e9ments organiques. L&#039;effet antioxydant de la vitamine E augmente la r\u00e9sistance des animaux pour une dur\u00e9e d&#039;utilisation plus longue. La levure autolys\u00e9e qu&#039;il contient permet d&#039;augmenter l&#039;ingestion d&#039;aliments et favorise la digestion.     Oligo-\u00e9l\u00e9ments organiques  Levure autolys\u00e9e  S\u00e9l\u00e9nium prot\u00e9g\u00e9 dans le rumen  Top ph\u00e9nol 80+\" \/>\n<meta property=\"og:url\" content=\"https:\/\/rottmann-group.de\/fr\/produkt\/r-204-aktiv\/\" \/>\n<meta property=\"og:site_name\" content=\"Rottmann Group\" \/>\n<meta property=\"article:publisher\" content=\"https:\/\/www.facebook.com\/rottmanngroup\/?locale=de_DE\" \/>\n<meta property=\"article:modified_time\" content=\"2025-03-26T15:02:30+00:00\" \/>\n<meta property=\"og:image\" content=\"https:\/\/rottmann-group.de\/wp-content\/uploads\/2022\/07\/Futtermittelsack-Rind-R-22-2-Aktiv.png\" \/>\n\t<meta property=\"og:image:width\" content=\"300\" \/>\n\t<meta property=\"og:image:height\" content=\"300\" \/>\n\t<meta property=\"og:image:type\" content=\"image\/png\" \/>\n<meta name=\"twitter:card\" content=\"summary_large_image\" \/>\n<script type=\"application\/ld+json\" class=\"yoast-schema-graph\">{\"@context\":\"https:\\\/\\\/schema.org\",\"@graph\":[{\"@type\":\"WebPage\",\"@id\":\"https:\\\/\\\/rottmann-group.de\\\/fr\\\/produkt\\\/r-204-aktiv\\\/\",\"url\":\"https:\\\/\\\/rottmann-group.de\\\/fr\\\/produkt\\\/r-204-aktiv\\\/\",\"name\":\"R- 22:2 Actif - Rottmann Group\",\"isPartOf\":{\"@id\":\"https:\\\/\\\/rottmann-group.de\\\/#website\"},\"primaryImageOfPage\":{\"@id\":\"https:\\\/\\\/rottmann-group.de\\\/fr\\\/produkt\\\/r-204-aktiv\\\/#primaryimage\"},\"image\":{\"@id\":\"https:\\\/\\\/rottmann-group.de\\\/fr\\\/produkt\\\/r-204-aktiv\\\/#primaryimage\"},\"thumbnailUrl\":\"https:\\\/\\\/rottmann-group.de\\\/wp-content\\\/uploads\\\/2022\\\/07\\\/Futtermittelsack-Rind-R-22-2-Aktiv.png\",\"datePublished\":\"2022-07-20T09:52:52+00:00\",\"dateModified\":\"2025-03-26T15:02:30+00:00\",\"breadcrumb\":{\"@id\":\"https:\\\/\\\/rottmann-group.de\\\/fr\\\/produkt\\\/r-204-aktiv\\\/#breadcrumb\"},\"inLanguage\":\"fr-FR\",\"potentialAction\":[{\"@type\":\"ReadAction\",\"target\":[\"https:\\\/\\\/rottmann-group.de\\\/fr\\\/produkt\\\/r-204-aktiv\\\/\"]}]},{\"@type\":\"ImageObject\",\"inLanguage\":\"fr-FR\",\"@id\":\"https:\\\/\\\/rottmann-group.de\\\/fr\\\/produkt\\\/r-204-aktiv\\\/#primaryimage\",\"url\":\"https:\\\/\\\/rottmann-group.de\\\/wp-content\\\/uploads\\\/2022\\\/07\\\/Futtermittelsack-Rind-R-22-2-Aktiv.png\",\"contentUrl\":\"https:\\\/\\\/rottmann-group.de\\\/wp-content\\\/uploads\\\/2022\\\/07\\\/Futtermittelsack-Rind-R-22-2-Aktiv.png\",\"width\":300,\"height\":300},{\"@type\":\"BreadcrumbList\",\"@id\":\"https:\\\/\\\/rottmann-group.de\\\/fr\\\/produkt\\\/r-204-aktiv\\\/#breadcrumb\",\"itemListElement\":[{\"@type\":\"ListItem\",\"position\":1,\"name\":\"Startseite\",\"item\":\"https:\\\/\\\/rottmann-group.de\\\/fr\\\/page-daccueil\\\/\"},{\"@type\":\"ListItem\",\"position\":2,\"name\":\"Boutique\",\"item\":\"https:\\\/\\\/rottmann-group.de\\\/fr\\\/boutique\\\/\"},{\"@type\":\"ListItem\",\"position\":3,\"name\":\"R- 22:2 Actif\"}]},{\"@type\":\"WebSite\",\"@id\":\"https:\\\/\\\/rottmann-group.de\\\/#website\",\"url\":\"https:\\\/\\\/rottmann-group.de\\\/\",\"name\":\"Rottmann Group\",\"description\":\"Das traditionelle Familienunternehmen bietet Ihnen: Ganzheitliche Futterkonzepte, Mahl- und Mischdienstleistungen und Dosiertechnik. Jetzt Kontakt aufnehmen!\",\"publisher\":{\"@id\":\"https:\\\/\\\/rottmann-group.de\\\/#organization\"},\"potentialAction\":[{\"@type\":\"SearchAction\",\"target\":{\"@type\":\"EntryPoint\",\"urlTemplate\":\"https:\\\/\\\/rottmann-group.de\\\/?s={search_term_string}\"},\"query-input\":{\"@type\":\"PropertyValueSpecification\",\"valueRequired\":true,\"valueName\":\"search_term_string\"}}],\"inLanguage\":\"fr-FR\"},{\"@type\":\"Organization\",\"@id\":\"https:\\\/\\\/rottmann-group.de\\\/#organization\",\"name\":\"Rottmann Group\",\"url\":\"https:\\\/\\\/rottmann-group.de\\\/\",\"logo\":{\"@type\":\"ImageObject\",\"inLanguage\":\"fr-FR\",\"@id\":\"https:\\\/\\\/rottmann-group.de\\\/#\\\/schema\\\/logo\\\/image\\\/\",\"url\":\"https:\\\/\\\/rottmann-group.de\\\/wp-content\\\/uploads\\\/2022\\\/11\\\/Bild_Rottmann.jpg\",\"contentUrl\":\"https:\\\/\\\/rottmann-group.de\\\/wp-content\\\/uploads\\\/2022\\\/11\\\/Bild_Rottmann.jpg\",\"width\":999,\"height\":636,\"caption\":\"Rottmann Group\"},\"image\":{\"@id\":\"https:\\\/\\\/rottmann-group.de\\\/#\\\/schema\\\/logo\\\/image\\\/\"},\"sameAs\":[\"https:\\\/\\\/www.facebook.com\\\/rottmanngroup\\\/?locale=de_DE\",\"https:\\\/\\\/www.instagram.com\\\/rottmann_group\\\/\"]}]}<\/script>\n<!-- \/ Yoast SEO plugin. -->","yoast_head_json":{"title":"R- 22:2 Actif - Rottmann Group","robots":{"index":"index","follow":"follow","max-snippet":"max-snippet:-1","max-image-preview":"max-image-preview:large","max-video-preview":"max-video-preview:-1"},"canonical":"https:\/\/rottmann-group.de\/fr\/produkt\/r-204-aktiv\/","og_locale":"fr_FR","og_type":"article","og_title":"R- 22:2 Actif - Rottmann Group","og_description":"R- 22:2 Actif est un aliment min\u00e9ral pour vaches \u00e0 haut rendement avec un plus en oligo-\u00e9l\u00e9ments organiques. L'effet antioxydant de la vitamine E augmente la r\u00e9sistance des animaux pour une dur\u00e9e d'utilisation plus longue. La levure autolys\u00e9e qu'il contient permet d'augmenter l'ingestion d'aliments et favorise la digestion.     Oligo-\u00e9l\u00e9ments organiques  Levure autolys\u00e9e  S\u00e9l\u00e9nium prot\u00e9g\u00e9 dans le rumen  Top ph\u00e9nol 80+","og_url":"https:\/\/rottmann-group.de\/fr\/produkt\/r-204-aktiv\/","og_site_name":"Rottmann Group","article_publisher":"https:\/\/www.facebook.com\/rottmanngroup\/?locale=de_DE","article_modified_time":"2025-03-26T15:02:30+00:00","og_image":[{"width":300,"height":300,"url":"https:\/\/rottmann-group.de\/wp-content\/uploads\/2022\/07\/Futtermittelsack-Rind-R-22-2-Aktiv.png","type":"image\/png"}],"twitter_card":"summary_large_image","schema":{"@context":"https:\/\/schema.org","@graph":[{"@type":"WebPage","@id":"https:\/\/rottmann-group.de\/fr\/produkt\/r-204-aktiv\/","url":"https:\/\/rottmann-group.de\/fr\/produkt\/r-204-aktiv\/","name":"R- 22:2 Actif - Rottmann Group","isPartOf":{"@id":"https:\/\/rottmann-group.de\/#website"},"primaryImageOfPage":{"@id":"https:\/\/rottmann-group.de\/fr\/produkt\/r-204-aktiv\/#primaryimage"},"image":{"@id":"https:\/\/rottmann-group.de\/fr\/produkt\/r-204-aktiv\/#primaryimage"},"thumbnailUrl":"https:\/\/rottmann-group.de\/wp-content\/uploads\/2022\/07\/Futtermittelsack-Rind-R-22-2-Aktiv.png","datePublished":"2022-07-20T09:52:52+00:00","dateModified":"2025-03-26T15:02:30+00:00","breadcrumb":{"@id":"https:\/\/rottmann-group.de\/fr\/produkt\/r-204-aktiv\/#breadcrumb"},"inLanguage":"fr-FR","potentialAction":[{"@type":"ReadAction","target":["https:\/\/rottmann-group.de\/fr\/produkt\/r-204-aktiv\/"]}]},{"@type":"ImageObject","inLanguage":"fr-FR","@id":"https:\/\/rottmann-group.de\/fr\/produkt\/r-204-aktiv\/#primaryimage","url":"https:\/\/rottmann-group.de\/wp-content\/uploads\/2022\/07\/Futtermittelsack-Rind-R-22-2-Aktiv.png","contentUrl":"https:\/\/rottmann-group.de\/wp-content\/uploads\/2022\/07\/Futtermittelsack-Rind-R-22-2-Aktiv.png","width":300,"height":300},{"@type":"BreadcrumbList","@id":"https:\/\/rottmann-group.de\/fr\/produkt\/r-204-aktiv\/#breadcrumb","itemListElement":[{"@type":"ListItem","position":1,"name":"Startseite","item":"https:\/\/rottmann-group.de\/fr\/page-daccueil\/"},{"@type":"ListItem","position":2,"name":"Boutique","item":"https:\/\/rottmann-group.de\/fr\/boutique\/"},{"@type":"ListItem","position":3,"name":"R- 22:2 Actif"}]},{"@type":"WebSite","@id":"https:\/\/rottmann-group.de\/#website","url":"https:\/\/rottmann-group.de\/","name":"Rottmann Group","description":"Das traditionelle Familienunternehmen bietet Ihnen: Ganzheitliche Futterkonzepte, Mahl- und Mischdienstleistungen und Dosiertechnik. Jetzt Kontakt aufnehmen!","publisher":{"@id":"https:\/\/rottmann-group.de\/#organization"},"potentialAction":[{"@type":"SearchAction","target":{"@type":"EntryPoint","urlTemplate":"https:\/\/rottmann-group.de\/?s={search_term_string}"},"query-input":{"@type":"PropertyValueSpecification","valueRequired":true,"valueName":"search_term_string"}}],"inLanguage":"fr-FR"},{"@type":"Organization","@id":"https:\/\/rottmann-group.de\/#organization","name":"Rottmann Group","url":"https:\/\/rottmann-group.de\/","logo":{"@type":"ImageObject","inLanguage":"fr-FR","@id":"https:\/\/rottmann-group.de\/#\/schema\/logo\/image\/","url":"https:\/\/rottmann-group.de\/wp-content\/uploads\/2022\/11\/Bild_Rottmann.jpg","contentUrl":"https:\/\/rottmann-group.de\/wp-content\/uploads\/2022\/11\/Bild_Rottmann.jpg","width":999,"height":636,"caption":"Rottmann Group"},"image":{"@id":"https:\/\/rottmann-group.de\/#\/schema\/logo\/image\/"},"sameAs":["https:\/\/www.facebook.com\/rottmanngroup\/?locale=de_DE","https:\/\/www.instagram.com\/rottmann_group\/"]}]}},"_links":{"self":[{"href":"https:\/\/rottmann-group.de\/fr\/wp-json\/wp\/v2\/product\/12681","targetHints":{"allow":["GET"]}}],"collection":[{"href":"https:\/\/rottmann-group.de\/fr\/wp-json\/wp\/v2\/product"}],"about":[{"href":"https:\/\/rottmann-group.de\/fr\/wp-json\/wp\/v2\/types\/product"}],"replies":[{"embeddable":true,"href":"https:\/\/rottmann-group.de\/fr\/wp-json\/wp\/v2\/comments?post=12681"}],"wp:featuredmedia":[{"embeddable":true,"href":"https:\/\/rottmann-group.de\/fr\/wp-json\/wp\/v2\/media\/3095"}],"wp:attachment":[{"href":"https:\/\/rottmann-group.de\/fr\/wp-json\/wp\/v2\/media?parent=12681"}],"wp:term":[{"taxonomy":"product_brand","embeddable":true,"href":"https:\/\/rottmann-group.de\/fr\/wp-json\/wp\/v2\/product_brand?post=12681"},{"taxonomy":"product_cat","embeddable":true,"href":"https:\/\/rottmann-group.de\/fr\/wp-json\/wp\/v2\/product_cat?post=12681"},{"taxonomy":"product_tag","embeddable":true,"href":"https:\/\/rottmann-group.de\/fr\/wp-json\/wp\/v2\/product_tag?post=12681"}],"curies":[{"name":"wp","href":"https:\/\/api.w.org\/{rel}","templated":true}]}}