{"id":12596,"date":"2022-07-20T09:06:18","date_gmt":"2022-07-20T07:06:18","guid":{"rendered":"\/produkt\/r-melange-de-mineraux\/"},"modified":"2025-03-26T16:01:04","modified_gmt":"2025-03-26T15:01:04","slug":"r-mix-mineral","status":"publish","type":"product","link":"https:\/\/rottmann-group.de\/fr\/produit\/r-mix-mineral\/","title":{"rendered":"R- M\u00e9lange de min\u00e9raux"},"content":{"rendered":"<p>R- Mineralmix est un aliment min\u00e9ral pour bovins qui convient parfaitement aux rations \u00e0 base de ma\u00efs. Pour l&rsquo;\u00e9levage des jeunes bovins, R-Mineralmix offre un apport s\u00fbr. Le rapport Ca\/P \u00e9lev\u00e9 (12:1) garantit une longue dur\u00e9e d&rsquo;utilisation de la vache.<br \/>\nR- Mineralmix est un compl\u00e9ment optimal au m\u00e9lange de c\u00e9r\u00e9ales de la ferme.  <\/p>\n<ul>\n<li>pour les rations \u00e0 base de ma\u00efs<\/li>\n<li>S\u00e9l\u00e9nium prot\u00e9g\u00e9 dans le rumen<\/li>\n<li>Top ph\u00e9nol 80+<\/li>\n<li>Large rapport Ca\/P (12:1)<\/li>\n<\/ul>\n","protected":false},"excerpt":{"rendered":"<p>R- Mineralmix est un aliment min\u00e9ral pour bovins qui convient parfaitement aux rations \u00e0 base de ma\u00efs. Pour l&rsquo;\u00e9levage des jeunes bovins, R-Mineralmix offre un apport s\u00fbr. Le rapport Ca\/P \u00e9lev\u00e9 (12:1) garantit une longue dur\u00e9e d&rsquo;utilisation de la vache.<br \/>\nR- Mineralmix est un compl\u00e9ment optimal au m\u00e9lange de c\u00e9r\u00e9ales de la ferme.  <\/p>\n<table width=\"100%\">\n<tbody>\n<tr>\n<td>\n<ul>\n<li>pour les rations \u00e0 base de ma\u00efs<\/li>\n<li>S\u00e9l\u00e9nium prot\u00e9g\u00e9 dans le rumen<\/li>\n<li>Top ph\u00e9nol 80+<\/li>\n<li>Large rapport Ca\/P (12:1)<\/li>\n<\/ul>\n<\/td>\n<td><img decoding=\"async\" class=\"alignnone size-full wp-image-672\" src=\"https:\/\/rottmann-group.de\/wp-content\/uploads\/produktpdf\/rottmann-empfehlung-rindermin.png\" alt=\"\" width=\"100\" height=\"100\" data-wp-editing=\"1\"><\/td>\n<\/tr>\n<\/tbody>\n<\/table>\n","protected":false},"featured_media":209,"comment_status":"closed","ping_status":"closed","template":"","meta":{"_acf_changed":false},"product_brand":[],"product_cat":[409,223],"product_tag":[],"class_list":{"0":"post-12596","1":"product","2":"type-product","3":"status-publish","4":"has-post-thumbnail","6":"product_cat-aliments-pour-animaux","7":"product_cat-boeuf","9":"first","10":"instock","11":"downloadable","12":"shipping-taxable","13":"product-type-simple"},"acf":[],"yoast_head":"<!-- This site is optimized with the Yoast SEO plugin v27.4 - https:\/\/yoast.com\/product\/yoast-seo-wordpress\/ -->\n<title>R- M\u00e9lange de min\u00e9raux - Rottmann Group<\/title>\n<meta name=\"robots\" content=\"index, follow, max-snippet:-1, max-image-preview:large, max-video-preview:-1\" \/>\n<link rel=\"canonical\" href=\"https:\/\/rottmann-group.de\/fr\/produit\/r-mix-mineral\/\" \/>\n<meta property=\"og:locale\" content=\"fr_FR\" \/>\n<meta property=\"og:type\" content=\"article\" \/>\n<meta property=\"og:title\" content=\"R- M\u00e9lange de min\u00e9raux - Rottmann Group\" \/>\n<meta property=\"og:description\" content=\"R- Mineralmix est un aliment min\u00e9ral pour bovins qui convient parfaitement aux rations \u00e0 base de ma\u00efs. Pour l&#039;\u00e9levage des jeunes bovins, R-Mineralmix offre un apport s\u00fbr. Le rapport Ca\/P \u00e9lev\u00e9 (12:1) garantit une longue dur\u00e9e d&#039;utilisation de la vache. R- Mineralmix est un compl\u00e9ment optimal au m\u00e9lange de c\u00e9r\u00e9ales de la ferme.     pour les rations \u00e0 base de ma\u00efs  S\u00e9l\u00e9nium prot\u00e9g\u00e9 dans le rumen  Top ph\u00e9nol 80+  Large rapport Ca\/P (12:1)\" \/>\n<meta property=\"og:url\" content=\"https:\/\/rottmann-group.de\/fr\/produit\/r-mix-mineral\/\" \/>\n<meta property=\"og:site_name\" content=\"Rottmann Group\" \/>\n<meta property=\"article:publisher\" content=\"https:\/\/www.facebook.com\/rottmanngroup\/?locale=de_DE\" \/>\n<meta property=\"article:modified_time\" content=\"2025-03-26T15:01:04+00:00\" \/>\n<meta property=\"og:image\" content=\"https:\/\/rottmann-group.de\/wp-content\/uploads\/2022\/06\/r-mineralmix.png\" \/>\n\t<meta property=\"og:image:width\" content=\"614\" \/>\n\t<meta property=\"og:image:height\" content=\"614\" \/>\n\t<meta property=\"og:image:type\" content=\"image\/png\" \/>\n<meta name=\"twitter:card\" content=\"summary_large_image\" \/>\n<script type=\"application\/ld+json\" class=\"yoast-schema-graph\">{\"@context\":\"https:\\\/\\\/schema.org\",\"@graph\":[{\"@type\":\"WebPage\",\"@id\":\"https:\\\/\\\/rottmann-group.de\\\/fr\\\/produit\\\/r-mix-mineral\\\/\",\"url\":\"https:\\\/\\\/rottmann-group.de\\\/fr\\\/produit\\\/r-mix-mineral\\\/\",\"name\":\"R- M\u00e9lange de min\u00e9raux - Rottmann Group\",\"isPartOf\":{\"@id\":\"https:\\\/\\\/rottmann-group.de\\\/fr\\\/#website\"},\"primaryImageOfPage\":{\"@id\":\"https:\\\/\\\/rottmann-group.de\\\/fr\\\/produit\\\/r-mix-mineral\\\/#primaryimage\"},\"image\":{\"@id\":\"https:\\\/\\\/rottmann-group.de\\\/fr\\\/produit\\\/r-mix-mineral\\\/#primaryimage\"},\"thumbnailUrl\":\"https:\\\/\\\/rottmann-group.de\\\/wp-content\\\/uploads\\\/2022\\\/06\\\/r-mineralmix.png\",\"datePublished\":\"2022-07-20T07:06:18+00:00\",\"dateModified\":\"2025-03-26T15:01:04+00:00\",\"breadcrumb\":{\"@id\":\"https:\\\/\\\/rottmann-group.de\\\/fr\\\/produit\\\/r-mix-mineral\\\/#breadcrumb\"},\"inLanguage\":\"fr-FR\",\"potentialAction\":[{\"@type\":\"ReadAction\",\"target\":[\"https:\\\/\\\/rottmann-group.de\\\/fr\\\/produit\\\/r-mix-mineral\\\/\"]}]},{\"@type\":\"ImageObject\",\"inLanguage\":\"fr-FR\",\"@id\":\"https:\\\/\\\/rottmann-group.de\\\/fr\\\/produit\\\/r-mix-mineral\\\/#primaryimage\",\"url\":\"https:\\\/\\\/rottmann-group.de\\\/wp-content\\\/uploads\\\/2022\\\/06\\\/r-mineralmix.png\",\"contentUrl\":\"https:\\\/\\\/rottmann-group.de\\\/wp-content\\\/uploads\\\/2022\\\/06\\\/r-mineralmix.png\",\"width\":614,\"height\":614},{\"@type\":\"BreadcrumbList\",\"@id\":\"https:\\\/\\\/rottmann-group.de\\\/fr\\\/produit\\\/r-mix-mineral\\\/#breadcrumb\",\"itemListElement\":[{\"@type\":\"ListItem\",\"position\":1,\"name\":\"Startseite\",\"item\":\"https:\\\/\\\/rottmann-group.de\\\/fr\\\/page-daccueil\\\/\"},{\"@type\":\"ListItem\",\"position\":2,\"name\":\"Boutique\",\"item\":\"https:\\\/\\\/rottmann-group.de\\\/fr\\\/boutique\\\/\"},{\"@type\":\"ListItem\",\"position\":3,\"name\":\"R- M\u00e9lange de min\u00e9raux\"}]},{\"@type\":\"WebSite\",\"@id\":\"https:\\\/\\\/rottmann-group.de\\\/fr\\\/#website\",\"url\":\"https:\\\/\\\/rottmann-group.de\\\/fr\\\/\",\"name\":\"Rottmann Group\",\"description\":\"Das traditionelle Familienunternehmen bietet Ihnen: Ganzheitliche Futterkonzepte, Mahl- und Mischdienstleistungen und Dosiertechnik. Jetzt Kontakt aufnehmen!\",\"publisher\":{\"@id\":\"https:\\\/\\\/rottmann-group.de\\\/fr\\\/#organization\"},\"potentialAction\":[{\"@type\":\"SearchAction\",\"target\":{\"@type\":\"EntryPoint\",\"urlTemplate\":\"https:\\\/\\\/rottmann-group.de\\\/fr\\\/?s={search_term_string}\"},\"query-input\":{\"@type\":\"PropertyValueSpecification\",\"valueRequired\":true,\"valueName\":\"search_term_string\"}}],\"inLanguage\":\"fr-FR\"},{\"@type\":\"Organization\",\"@id\":\"https:\\\/\\\/rottmann-group.de\\\/fr\\\/#organization\",\"name\":\"Rottmann Group\",\"url\":\"https:\\\/\\\/rottmann-group.de\\\/fr\\\/\",\"logo\":{\"@type\":\"ImageObject\",\"inLanguage\":\"fr-FR\",\"@id\":\"https:\\\/\\\/rottmann-group.de\\\/fr\\\/#\\\/schema\\\/logo\\\/image\\\/\",\"url\":\"https:\\\/\\\/rottmann-group.de\\\/wp-content\\\/uploads\\\/2022\\\/11\\\/Bild_Rottmann.jpg\",\"contentUrl\":\"https:\\\/\\\/rottmann-group.de\\\/wp-content\\\/uploads\\\/2022\\\/11\\\/Bild_Rottmann.jpg\",\"width\":999,\"height\":636,\"caption\":\"Rottmann Group\"},\"image\":{\"@id\":\"https:\\\/\\\/rottmann-group.de\\\/fr\\\/#\\\/schema\\\/logo\\\/image\\\/\"},\"sameAs\":[\"https:\\\/\\\/www.facebook.com\\\/rottmanngroup\\\/?locale=de_DE\",\"https:\\\/\\\/www.instagram.com\\\/rottmann_group\\\/\"]}]}<\/script>\n<!-- \/ Yoast SEO plugin. -->","yoast_head_json":{"title":"R- M\u00e9lange de min\u00e9raux - Rottmann Group","robots":{"index":"index","follow":"follow","max-snippet":"max-snippet:-1","max-image-preview":"max-image-preview:large","max-video-preview":"max-video-preview:-1"},"canonical":"https:\/\/rottmann-group.de\/fr\/produit\/r-mix-mineral\/","og_locale":"fr_FR","og_type":"article","og_title":"R- M\u00e9lange de min\u00e9raux - Rottmann Group","og_description":"R- Mineralmix est un aliment min\u00e9ral pour bovins qui convient parfaitement aux rations \u00e0 base de ma\u00efs. Pour l'\u00e9levage des jeunes bovins, R-Mineralmix offre un apport s\u00fbr. Le rapport Ca\/P \u00e9lev\u00e9 (12:1) garantit une longue dur\u00e9e d'utilisation de la vache. R- Mineralmix est un compl\u00e9ment optimal au m\u00e9lange de c\u00e9r\u00e9ales de la ferme.     pour les rations \u00e0 base de ma\u00efs  S\u00e9l\u00e9nium prot\u00e9g\u00e9 dans le rumen  Top ph\u00e9nol 80+  Large rapport Ca\/P (12:1)","og_url":"https:\/\/rottmann-group.de\/fr\/produit\/r-mix-mineral\/","og_site_name":"Rottmann Group","article_publisher":"https:\/\/www.facebook.com\/rottmanngroup\/?locale=de_DE","article_modified_time":"2025-03-26T15:01:04+00:00","og_image":[{"width":614,"height":614,"url":"https:\/\/rottmann-group.de\/wp-content\/uploads\/2022\/06\/r-mineralmix.png","type":"image\/png"}],"twitter_card":"summary_large_image","schema":{"@context":"https:\/\/schema.org","@graph":[{"@type":"WebPage","@id":"https:\/\/rottmann-group.de\/fr\/produit\/r-mix-mineral\/","url":"https:\/\/rottmann-group.de\/fr\/produit\/r-mix-mineral\/","name":"R- M\u00e9lange de min\u00e9raux - Rottmann Group","isPartOf":{"@id":"https:\/\/rottmann-group.de\/fr\/#website"},"primaryImageOfPage":{"@id":"https:\/\/rottmann-group.de\/fr\/produit\/r-mix-mineral\/#primaryimage"},"image":{"@id":"https:\/\/rottmann-group.de\/fr\/produit\/r-mix-mineral\/#primaryimage"},"thumbnailUrl":"https:\/\/rottmann-group.de\/wp-content\/uploads\/2022\/06\/r-mineralmix.png","datePublished":"2022-07-20T07:06:18+00:00","dateModified":"2025-03-26T15:01:04+00:00","breadcrumb":{"@id":"https:\/\/rottmann-group.de\/fr\/produit\/r-mix-mineral\/#breadcrumb"},"inLanguage":"fr-FR","potentialAction":[{"@type":"ReadAction","target":["https:\/\/rottmann-group.de\/fr\/produit\/r-mix-mineral\/"]}]},{"@type":"ImageObject","inLanguage":"fr-FR","@id":"https:\/\/rottmann-group.de\/fr\/produit\/r-mix-mineral\/#primaryimage","url":"https:\/\/rottmann-group.de\/wp-content\/uploads\/2022\/06\/r-mineralmix.png","contentUrl":"https:\/\/rottmann-group.de\/wp-content\/uploads\/2022\/06\/r-mineralmix.png","width":614,"height":614},{"@type":"BreadcrumbList","@id":"https:\/\/rottmann-group.de\/fr\/produit\/r-mix-mineral\/#breadcrumb","itemListElement":[{"@type":"ListItem","position":1,"name":"Startseite","item":"https:\/\/rottmann-group.de\/fr\/page-daccueil\/"},{"@type":"ListItem","position":2,"name":"Boutique","item":"https:\/\/rottmann-group.de\/fr\/boutique\/"},{"@type":"ListItem","position":3,"name":"R- M\u00e9lange de min\u00e9raux"}]},{"@type":"WebSite","@id":"https:\/\/rottmann-group.de\/fr\/#website","url":"https:\/\/rottmann-group.de\/fr\/","name":"Rottmann Group","description":"Das traditionelle Familienunternehmen bietet Ihnen: Ganzheitliche Futterkonzepte, Mahl- und Mischdienstleistungen und Dosiertechnik. Jetzt Kontakt aufnehmen!","publisher":{"@id":"https:\/\/rottmann-group.de\/fr\/#organization"},"potentialAction":[{"@type":"SearchAction","target":{"@type":"EntryPoint","urlTemplate":"https:\/\/rottmann-group.de\/fr\/?s={search_term_string}"},"query-input":{"@type":"PropertyValueSpecification","valueRequired":true,"valueName":"search_term_string"}}],"inLanguage":"fr-FR"},{"@type":"Organization","@id":"https:\/\/rottmann-group.de\/fr\/#organization","name":"Rottmann Group","url":"https:\/\/rottmann-group.de\/fr\/","logo":{"@type":"ImageObject","inLanguage":"fr-FR","@id":"https:\/\/rottmann-group.de\/fr\/#\/schema\/logo\/image\/","url":"https:\/\/rottmann-group.de\/wp-content\/uploads\/2022\/11\/Bild_Rottmann.jpg","contentUrl":"https:\/\/rottmann-group.de\/wp-content\/uploads\/2022\/11\/Bild_Rottmann.jpg","width":999,"height":636,"caption":"Rottmann Group"},"image":{"@id":"https:\/\/rottmann-group.de\/fr\/#\/schema\/logo\/image\/"},"sameAs":["https:\/\/www.facebook.com\/rottmanngroup\/?locale=de_DE","https:\/\/www.instagram.com\/rottmann_group\/"]}]}},"_links":{"self":[{"href":"https:\/\/rottmann-group.de\/fr\/wp-json\/wp\/v2\/product\/12596","targetHints":{"allow":["GET"]}}],"collection":[{"href":"https:\/\/rottmann-group.de\/fr\/wp-json\/wp\/v2\/product"}],"about":[{"href":"https:\/\/rottmann-group.de\/fr\/wp-json\/wp\/v2\/types\/product"}],"replies":[{"embeddable":true,"href":"https:\/\/rottmann-group.de\/fr\/wp-json\/wp\/v2\/comments?post=12596"}],"wp:featuredmedia":[{"embeddable":true,"href":"https:\/\/rottmann-group.de\/fr\/wp-json\/wp\/v2\/media\/209"}],"wp:attachment":[{"href":"https:\/\/rottmann-group.de\/fr\/wp-json\/wp\/v2\/media?parent=12596"}],"wp:term":[{"taxonomy":"product_brand","embeddable":true,"href":"https:\/\/rottmann-group.de\/fr\/wp-json\/wp\/v2\/product_brand?post=12596"},{"taxonomy":"product_cat","embeddable":true,"href":"https:\/\/rottmann-group.de\/fr\/wp-json\/wp\/v2\/product_cat?post=12596"},{"taxonomy":"product_tag","embeddable":true,"href":"https:\/\/rottmann-group.de\/fr\/wp-json\/wp\/v2\/product_tag?post=12596"}],"curies":[{"name":"wp","href":"https:\/\/api.w.org\/{rel}","templated":true}]}}