{"id":12517,"date":"2022-08-16T12:14:10","date_gmt":"2022-08-16T10:14:10","guid":{"rendered":"\/produkt\/r-or-vm-benjoin\/"},"modified":"2024-12-03T07:56:44","modified_gmt":"2024-12-03T06:56:44","slug":"r-or-vm-benjoin","status":"publish","type":"product","link":"https:\/\/rottmann-group.de\/fr\/produit\/r-or-vm-benjoin\/","title":{"rendered":"R- Or VM Benjoin"},"content":{"rendered":"<p>L&rsquo;acide benzo\u00efque contenu dans le benjoin R- Gold VM assure la sant\u00e9 intestinale. Compl\u00e9ment id\u00e9al avec les acides amin\u00e9s lysine, m\u00e9thionine, thr\u00e9onine et tryptophane. Porteur de phosphore de haute qualit\u00e9 en combinaison avec la phytase pour un approvisionnement s\u00fbr en phosphore.  <\/p>\n<ul>\n<li>Contient de l&rsquo;acide benzo\u00efque pour une sant\u00e9 intestinale assur\u00e9e<\/li>\n<li>Rapport Ca\/P optimal<\/li>\n<li>Contient du tryptophane comme quatri\u00e8me acide amin\u00e9<\/li>\n<li>Teneur en phytase accrue pour une utilisation optimale du phosphore<\/li>\n<\/ul>\n","protected":false},"excerpt":{"rendered":"<p>R- Gold VM Benzoe est un aliment min\u00e9ral pour les porcs d&rsquo;engraissement.<\/p>\n","protected":false},"featured_media":2170,"comment_status":"closed","ping_status":"closed","template":"","meta":{"_acf_changed":false},"product_brand":[],"product_cat":[409,174],"product_tag":[],"class_list":{"0":"post-12517","1":"product","2":"type-product","3":"status-publish","4":"has-post-thumbnail","6":"product_cat-aliments-pour-animaux","7":"product_cat-porcs","9":"first","10":"instock","11":"downloadable","12":"shipping-taxable","13":"product-type-simple"},"acf":[],"yoast_head":"<!-- This site is optimized with the Yoast SEO plugin v27.4 - https:\/\/yoast.com\/product\/yoast-seo-wordpress\/ -->\n<title>R- Or VM Benjoin - Rottmann Group<\/title>\n<meta name=\"robots\" content=\"index, follow, max-snippet:-1, max-image-preview:large, max-video-preview:-1\" \/>\n<link rel=\"canonical\" href=\"https:\/\/rottmann-group.de\/fr\/produit\/r-or-vm-benjoin\/\" \/>\n<meta property=\"og:locale\" content=\"fr_FR\" \/>\n<meta property=\"og:type\" content=\"article\" \/>\n<meta property=\"og:title\" content=\"R- Or VM Benjoin - Rottmann Group\" \/>\n<meta property=\"og:description\" content=\"R- Gold VM Benzoe est un aliment min\u00e9ral pour les porcs d&#039;engraissement.\" \/>\n<meta property=\"og:url\" content=\"https:\/\/rottmann-group.de\/fr\/produit\/r-or-vm-benjoin\/\" \/>\n<meta property=\"og:site_name\" content=\"Rottmann Group\" \/>\n<meta property=\"article:publisher\" content=\"https:\/\/www.facebook.com\/rottmanngroup\/?locale=de_DE\" \/>\n<meta property=\"article:modified_time\" content=\"2024-12-03T06:56:44+00:00\" \/>\n<meta property=\"og:image\" content=\"https:\/\/rottmann-group.de\/wp-content\/uploads\/2022\/08\/Futtermittelsack-R-Gold-VM-Benzoe.png\" \/>\n\t<meta property=\"og:image:width\" content=\"300\" \/>\n\t<meta property=\"og:image:height\" content=\"300\" \/>\n\t<meta property=\"og:image:type\" content=\"image\/png\" \/>\n<meta name=\"twitter:card\" content=\"summary_large_image\" \/>\n<script type=\"application\/ld+json\" class=\"yoast-schema-graph\">{\"@context\":\"https:\\\/\\\/schema.org\",\"@graph\":[{\"@type\":\"WebPage\",\"@id\":\"https:\\\/\\\/rottmann-group.de\\\/fr\\\/produit\\\/r-or-vm-benjoin\\\/\",\"url\":\"https:\\\/\\\/rottmann-group.de\\\/fr\\\/produit\\\/r-or-vm-benjoin\\\/\",\"name\":\"R- Or VM Benjoin - Rottmann Group\",\"isPartOf\":{\"@id\":\"https:\\\/\\\/rottmann-group.de\\\/fr\\\/#website\"},\"primaryImageOfPage\":{\"@id\":\"https:\\\/\\\/rottmann-group.de\\\/fr\\\/produit\\\/r-or-vm-benjoin\\\/#primaryimage\"},\"image\":{\"@id\":\"https:\\\/\\\/rottmann-group.de\\\/fr\\\/produit\\\/r-or-vm-benjoin\\\/#primaryimage\"},\"thumbnailUrl\":\"https:\\\/\\\/rottmann-group.de\\\/wp-content\\\/uploads\\\/2022\\\/08\\\/Futtermittelsack-R-Gold-VM-Benzoe.png\",\"datePublished\":\"2022-08-16T10:14:10+00:00\",\"dateModified\":\"2024-12-03T06:56:44+00:00\",\"breadcrumb\":{\"@id\":\"https:\\\/\\\/rottmann-group.de\\\/fr\\\/produit\\\/r-or-vm-benjoin\\\/#breadcrumb\"},\"inLanguage\":\"fr-FR\",\"potentialAction\":[{\"@type\":\"ReadAction\",\"target\":[\"https:\\\/\\\/rottmann-group.de\\\/fr\\\/produit\\\/r-or-vm-benjoin\\\/\"]}]},{\"@type\":\"ImageObject\",\"inLanguage\":\"fr-FR\",\"@id\":\"https:\\\/\\\/rottmann-group.de\\\/fr\\\/produit\\\/r-or-vm-benjoin\\\/#primaryimage\",\"url\":\"https:\\\/\\\/rottmann-group.de\\\/wp-content\\\/uploads\\\/2022\\\/08\\\/Futtermittelsack-R-Gold-VM-Benzoe.png\",\"contentUrl\":\"https:\\\/\\\/rottmann-group.de\\\/wp-content\\\/uploads\\\/2022\\\/08\\\/Futtermittelsack-R-Gold-VM-Benzoe.png\",\"width\":300,\"height\":300},{\"@type\":\"BreadcrumbList\",\"@id\":\"https:\\\/\\\/rottmann-group.de\\\/fr\\\/produit\\\/r-or-vm-benjoin\\\/#breadcrumb\",\"itemListElement\":[{\"@type\":\"ListItem\",\"position\":1,\"name\":\"Startseite\",\"item\":\"https:\\\/\\\/rottmann-group.de\\\/fr\\\/page-daccueil\\\/\"},{\"@type\":\"ListItem\",\"position\":2,\"name\":\"Boutique\",\"item\":\"https:\\\/\\\/rottmann-group.de\\\/fr\\\/boutique\\\/\"},{\"@type\":\"ListItem\",\"position\":3,\"name\":\"R- Or VM Benjoin\"}]},{\"@type\":\"WebSite\",\"@id\":\"https:\\\/\\\/rottmann-group.de\\\/fr\\\/#website\",\"url\":\"https:\\\/\\\/rottmann-group.de\\\/fr\\\/\",\"name\":\"Rottmann Group\",\"description\":\"Das traditionelle Familienunternehmen bietet Ihnen: Ganzheitliche Futterkonzepte, Mahl- und Mischdienstleistungen und Dosiertechnik. Jetzt Kontakt aufnehmen!\",\"publisher\":{\"@id\":\"https:\\\/\\\/rottmann-group.de\\\/fr\\\/#organization\"},\"potentialAction\":[{\"@type\":\"SearchAction\",\"target\":{\"@type\":\"EntryPoint\",\"urlTemplate\":\"https:\\\/\\\/rottmann-group.de\\\/fr\\\/?s={search_term_string}\"},\"query-input\":{\"@type\":\"PropertyValueSpecification\",\"valueRequired\":true,\"valueName\":\"search_term_string\"}}],\"inLanguage\":\"fr-FR\"},{\"@type\":\"Organization\",\"@id\":\"https:\\\/\\\/rottmann-group.de\\\/fr\\\/#organization\",\"name\":\"Rottmann Group\",\"url\":\"https:\\\/\\\/rottmann-group.de\\\/fr\\\/\",\"logo\":{\"@type\":\"ImageObject\",\"inLanguage\":\"fr-FR\",\"@id\":\"https:\\\/\\\/rottmann-group.de\\\/fr\\\/#\\\/schema\\\/logo\\\/image\\\/\",\"url\":\"https:\\\/\\\/rottmann-group.de\\\/wp-content\\\/uploads\\\/2022\\\/11\\\/Bild_Rottmann.jpg\",\"contentUrl\":\"https:\\\/\\\/rottmann-group.de\\\/wp-content\\\/uploads\\\/2022\\\/11\\\/Bild_Rottmann.jpg\",\"width\":999,\"height\":636,\"caption\":\"Rottmann Group\"},\"image\":{\"@id\":\"https:\\\/\\\/rottmann-group.de\\\/fr\\\/#\\\/schema\\\/logo\\\/image\\\/\"},\"sameAs\":[\"https:\\\/\\\/www.facebook.com\\\/rottmanngroup\\\/?locale=de_DE\",\"https:\\\/\\\/www.instagram.com\\\/rottmann_group\\\/\"]}]}<\/script>\n<!-- \/ Yoast SEO plugin. -->","yoast_head_json":{"title":"R- Or VM Benjoin - Rottmann Group","robots":{"index":"index","follow":"follow","max-snippet":"max-snippet:-1","max-image-preview":"max-image-preview:large","max-video-preview":"max-video-preview:-1"},"canonical":"https:\/\/rottmann-group.de\/fr\/produit\/r-or-vm-benjoin\/","og_locale":"fr_FR","og_type":"article","og_title":"R- Or VM Benjoin - Rottmann Group","og_description":"R- Gold VM Benzoe est un aliment min\u00e9ral pour les porcs d'engraissement.","og_url":"https:\/\/rottmann-group.de\/fr\/produit\/r-or-vm-benjoin\/","og_site_name":"Rottmann Group","article_publisher":"https:\/\/www.facebook.com\/rottmanngroup\/?locale=de_DE","article_modified_time":"2024-12-03T06:56:44+00:00","og_image":[{"width":300,"height":300,"url":"https:\/\/rottmann-group.de\/wp-content\/uploads\/2022\/08\/Futtermittelsack-R-Gold-VM-Benzoe.png","type":"image\/png"}],"twitter_card":"summary_large_image","schema":{"@context":"https:\/\/schema.org","@graph":[{"@type":"WebPage","@id":"https:\/\/rottmann-group.de\/fr\/produit\/r-or-vm-benjoin\/","url":"https:\/\/rottmann-group.de\/fr\/produit\/r-or-vm-benjoin\/","name":"R- Or VM Benjoin - Rottmann Group","isPartOf":{"@id":"https:\/\/rottmann-group.de\/fr\/#website"},"primaryImageOfPage":{"@id":"https:\/\/rottmann-group.de\/fr\/produit\/r-or-vm-benjoin\/#primaryimage"},"image":{"@id":"https:\/\/rottmann-group.de\/fr\/produit\/r-or-vm-benjoin\/#primaryimage"},"thumbnailUrl":"https:\/\/rottmann-group.de\/wp-content\/uploads\/2022\/08\/Futtermittelsack-R-Gold-VM-Benzoe.png","datePublished":"2022-08-16T10:14:10+00:00","dateModified":"2024-12-03T06:56:44+00:00","breadcrumb":{"@id":"https:\/\/rottmann-group.de\/fr\/produit\/r-or-vm-benjoin\/#breadcrumb"},"inLanguage":"fr-FR","potentialAction":[{"@type":"ReadAction","target":["https:\/\/rottmann-group.de\/fr\/produit\/r-or-vm-benjoin\/"]}]},{"@type":"ImageObject","inLanguage":"fr-FR","@id":"https:\/\/rottmann-group.de\/fr\/produit\/r-or-vm-benjoin\/#primaryimage","url":"https:\/\/rottmann-group.de\/wp-content\/uploads\/2022\/08\/Futtermittelsack-R-Gold-VM-Benzoe.png","contentUrl":"https:\/\/rottmann-group.de\/wp-content\/uploads\/2022\/08\/Futtermittelsack-R-Gold-VM-Benzoe.png","width":300,"height":300},{"@type":"BreadcrumbList","@id":"https:\/\/rottmann-group.de\/fr\/produit\/r-or-vm-benjoin\/#breadcrumb","itemListElement":[{"@type":"ListItem","position":1,"name":"Startseite","item":"https:\/\/rottmann-group.de\/fr\/page-daccueil\/"},{"@type":"ListItem","position":2,"name":"Boutique","item":"https:\/\/rottmann-group.de\/fr\/boutique\/"},{"@type":"ListItem","position":3,"name":"R- Or VM Benjoin"}]},{"@type":"WebSite","@id":"https:\/\/rottmann-group.de\/fr\/#website","url":"https:\/\/rottmann-group.de\/fr\/","name":"Rottmann Group","description":"Das traditionelle Familienunternehmen bietet Ihnen: Ganzheitliche Futterkonzepte, Mahl- und Mischdienstleistungen und Dosiertechnik. Jetzt Kontakt aufnehmen!","publisher":{"@id":"https:\/\/rottmann-group.de\/fr\/#organization"},"potentialAction":[{"@type":"SearchAction","target":{"@type":"EntryPoint","urlTemplate":"https:\/\/rottmann-group.de\/fr\/?s={search_term_string}"},"query-input":{"@type":"PropertyValueSpecification","valueRequired":true,"valueName":"search_term_string"}}],"inLanguage":"fr-FR"},{"@type":"Organization","@id":"https:\/\/rottmann-group.de\/fr\/#organization","name":"Rottmann Group","url":"https:\/\/rottmann-group.de\/fr\/","logo":{"@type":"ImageObject","inLanguage":"fr-FR","@id":"https:\/\/rottmann-group.de\/fr\/#\/schema\/logo\/image\/","url":"https:\/\/rottmann-group.de\/wp-content\/uploads\/2022\/11\/Bild_Rottmann.jpg","contentUrl":"https:\/\/rottmann-group.de\/wp-content\/uploads\/2022\/11\/Bild_Rottmann.jpg","width":999,"height":636,"caption":"Rottmann Group"},"image":{"@id":"https:\/\/rottmann-group.de\/fr\/#\/schema\/logo\/image\/"},"sameAs":["https:\/\/www.facebook.com\/rottmanngroup\/?locale=de_DE","https:\/\/www.instagram.com\/rottmann_group\/"]}]}},"_links":{"self":[{"href":"https:\/\/rottmann-group.de\/fr\/wp-json\/wp\/v2\/product\/12517","targetHints":{"allow":["GET"]}}],"collection":[{"href":"https:\/\/rottmann-group.de\/fr\/wp-json\/wp\/v2\/product"}],"about":[{"href":"https:\/\/rottmann-group.de\/fr\/wp-json\/wp\/v2\/types\/product"}],"replies":[{"embeddable":true,"href":"https:\/\/rottmann-group.de\/fr\/wp-json\/wp\/v2\/comments?post=12517"}],"wp:featuredmedia":[{"embeddable":true,"href":"https:\/\/rottmann-group.de\/fr\/wp-json\/wp\/v2\/media\/2170"}],"wp:attachment":[{"href":"https:\/\/rottmann-group.de\/fr\/wp-json\/wp\/v2\/media?parent=12517"}],"wp:term":[{"taxonomy":"product_brand","embeddable":true,"href":"https:\/\/rottmann-group.de\/fr\/wp-json\/wp\/v2\/product_brand?post=12517"},{"taxonomy":"product_cat","embeddable":true,"href":"https:\/\/rottmann-group.de\/fr\/wp-json\/wp\/v2\/product_cat?post=12517"},{"taxonomy":"product_tag","embeddable":true,"href":"https:\/\/rottmann-group.de\/fr\/wp-json\/wp\/v2\/product_tag?post=12517"}],"curies":[{"name":"wp","href":"https:\/\/api.w.org\/{rel}","templated":true}]}}