{"id":12492,"date":"2022-07-20T16:34:21","date_gmt":"2022-07-20T14:34:21","guid":{"rendered":"\/produkt\/r-lac-delevage-50\/"},"modified":"2025-03-26T16:02:01","modified_gmt":"2025-03-26T15:02:01","slug":"r-zuchtlac-50","status":"publish","type":"product","link":"https:\/\/rottmann-group.de\/fr\/produit\/r-zuchtlac-50\/","title":{"rendered":"R- Lac d&rsquo;\u00e9levage 50"},"content":{"rendered":"<p>R- Zuchtlac 50 contient 50 % de lait \u00e9cr\u00e9m\u00e9 en poudre, ce qui garantit une tr\u00e8s bonne tol\u00e9rance. La teneur \u00e9nerg\u00e9tique tr\u00e8s \u00e9lev\u00e9e de R- Zuchtlac 50 garantit des gains de poids \u00e9lev\u00e9s. L&rsquo;utilisation de probiotiques garantit une digestibilit\u00e9 et une tol\u00e9rance maximales pour une croissance optimale et un d\u00e9veloppement sain.  <\/p>\n<ul>\n<li>Pour une croissance maximale<\/li>\n<li>100 % prot\u00e9ines de lait<\/li>\n<li>Avec 50 % de lait \u00e9cr\u00e9m\u00e9 en poudre<\/li>\n<li>S\u00e9curit\u00e9 maximale<\/li>\n<li>Dot\u00e9 d&rsquo;un probiotique<\/li>\n<\/ul>\n","protected":false},"excerpt":{"rendered":"<p>R- Zuchtlac 50 contient 50 % de lait \u00e9cr\u00e9m\u00e9 en poudre, ce qui garantit une tr\u00e8s bonne tol\u00e9rance. La teneur \u00e9nerg\u00e9tique tr\u00e8s \u00e9lev\u00e9e de R- Zuchtlac 50 garantit des gains de poids \u00e9lev\u00e9s. L&rsquo;utilisation de probiotiques garantit une digestibilit\u00e9 et une tol\u00e9rance maximales pour une croissance optimale et un d\u00e9veloppement sain.  <\/p>\n<table width=\"100%\">\n<tbody>\n<tr>\n<td>\n<ul>\n<li>Pour une croissance maximale<\/li>\n<li>100 % prot\u00e9ines de lait<\/li>\n<li>Avec 50 % de lait \u00e9cr\u00e9m\u00e9 en poudre<\/li>\n<li>S\u00e9curit\u00e9 maximale<\/li>\n<li>Dot\u00e9 d&rsquo;un probiotique<\/li>\n<\/ul>\n<\/td>\n<td><\/td>\n<\/tr>\n<\/tbody>\n<\/table>\n","protected":false},"featured_media":2582,"comment_status":"closed","ping_status":"closed","template":"","meta":{"_acf_changed":false},"product_brand":[],"product_cat":[409,223],"product_tag":[],"class_list":{"0":"post-12492","1":"product","2":"type-product","3":"status-publish","4":"has-post-thumbnail","6":"product_cat-aliments-pour-animaux","7":"product_cat-boeuf","9":"first","10":"instock","11":"downloadable","12":"shipping-taxable","13":"product-type-simple"},"acf":[],"yoast_head":"<!-- This site is optimized with the Yoast SEO plugin v27.4 - https:\/\/yoast.com\/product\/yoast-seo-wordpress\/ -->\n<title>R- Lac d&#039;\u00e9levage 50 - Rottmann Group<\/title>\n<meta name=\"robots\" content=\"index, follow, max-snippet:-1, max-image-preview:large, max-video-preview:-1\" \/>\n<link rel=\"canonical\" href=\"https:\/\/rottmann-group.de\/fr\/produit\/r-zuchtlac-50\/\" \/>\n<meta property=\"og:locale\" content=\"fr_FR\" \/>\n<meta property=\"og:type\" content=\"article\" \/>\n<meta property=\"og:title\" content=\"R- Lac d&#039;\u00e9levage 50 - Rottmann Group\" \/>\n<meta property=\"og:description\" content=\"R- Zuchtlac 50 contient 50 % de lait \u00e9cr\u00e9m\u00e9 en poudre, ce qui garantit une tr\u00e8s bonne tol\u00e9rance. La teneur \u00e9nerg\u00e9tique tr\u00e8s \u00e9lev\u00e9e de R- Zuchtlac 50 garantit des gains de poids \u00e9lev\u00e9s. L&#039;utilisation de probiotiques garantit une digestibilit\u00e9 et une tol\u00e9rance maximales pour une croissance optimale et un d\u00e9veloppement sain.     Pour une croissance maximale  100 % prot\u00e9ines de lait  Avec 50 % de lait \u00e9cr\u00e9m\u00e9 en poudre  S\u00e9curit\u00e9 maximale  Dot\u00e9 d&#039;un probiotique\" \/>\n<meta property=\"og:url\" content=\"https:\/\/rottmann-group.de\/fr\/produit\/r-zuchtlac-50\/\" \/>\n<meta property=\"og:site_name\" content=\"Rottmann Group\" \/>\n<meta property=\"article:publisher\" content=\"https:\/\/www.facebook.com\/rottmanngroup\/?locale=de_DE\" \/>\n<meta property=\"article:modified_time\" content=\"2025-03-26T15:02:01+00:00\" \/>\n<meta property=\"og:image\" content=\"https:\/\/rottmann-group.de\/wp-content\/uploads\/2022\/07\/Futtermittelsack-Rind-R-Zuchtlac-50.png\" \/>\n\t<meta property=\"og:image:width\" content=\"300\" \/>\n\t<meta property=\"og:image:height\" content=\"300\" \/>\n\t<meta property=\"og:image:type\" content=\"image\/png\" \/>\n<meta name=\"twitter:card\" content=\"summary_large_image\" \/>\n<script type=\"application\/ld+json\" class=\"yoast-schema-graph\">{\"@context\":\"https:\\\/\\\/schema.org\",\"@graph\":[{\"@type\":\"WebPage\",\"@id\":\"https:\\\/\\\/rottmann-group.de\\\/fr\\\/produit\\\/r-zuchtlac-50\\\/\",\"url\":\"https:\\\/\\\/rottmann-group.de\\\/fr\\\/produit\\\/r-zuchtlac-50\\\/\",\"name\":\"R- Lac d'\u00e9levage 50 - Rottmann Group\",\"isPartOf\":{\"@id\":\"https:\\\/\\\/rottmann-group.de\\\/fr\\\/#website\"},\"primaryImageOfPage\":{\"@id\":\"https:\\\/\\\/rottmann-group.de\\\/fr\\\/produit\\\/r-zuchtlac-50\\\/#primaryimage\"},\"image\":{\"@id\":\"https:\\\/\\\/rottmann-group.de\\\/fr\\\/produit\\\/r-zuchtlac-50\\\/#primaryimage\"},\"thumbnailUrl\":\"https:\\\/\\\/rottmann-group.de\\\/wp-content\\\/uploads\\\/2022\\\/07\\\/Futtermittelsack-Rind-R-Zuchtlac-50.png\",\"datePublished\":\"2022-07-20T14:34:21+00:00\",\"dateModified\":\"2025-03-26T15:02:01+00:00\",\"breadcrumb\":{\"@id\":\"https:\\\/\\\/rottmann-group.de\\\/fr\\\/produit\\\/r-zuchtlac-50\\\/#breadcrumb\"},\"inLanguage\":\"fr-FR\",\"potentialAction\":[{\"@type\":\"ReadAction\",\"target\":[\"https:\\\/\\\/rottmann-group.de\\\/fr\\\/produit\\\/r-zuchtlac-50\\\/\"]}]},{\"@type\":\"ImageObject\",\"inLanguage\":\"fr-FR\",\"@id\":\"https:\\\/\\\/rottmann-group.de\\\/fr\\\/produit\\\/r-zuchtlac-50\\\/#primaryimage\",\"url\":\"https:\\\/\\\/rottmann-group.de\\\/wp-content\\\/uploads\\\/2022\\\/07\\\/Futtermittelsack-Rind-R-Zuchtlac-50.png\",\"contentUrl\":\"https:\\\/\\\/rottmann-group.de\\\/wp-content\\\/uploads\\\/2022\\\/07\\\/Futtermittelsack-Rind-R-Zuchtlac-50.png\",\"width\":300,\"height\":300},{\"@type\":\"BreadcrumbList\",\"@id\":\"https:\\\/\\\/rottmann-group.de\\\/fr\\\/produit\\\/r-zuchtlac-50\\\/#breadcrumb\",\"itemListElement\":[{\"@type\":\"ListItem\",\"position\":1,\"name\":\"Startseite\",\"item\":\"https:\\\/\\\/rottmann-group.de\\\/fr\\\/page-daccueil\\\/\"},{\"@type\":\"ListItem\",\"position\":2,\"name\":\"Boutique\",\"item\":\"https:\\\/\\\/rottmann-group.de\\\/fr\\\/boutique\\\/\"},{\"@type\":\"ListItem\",\"position\":3,\"name\":\"R- Lac d&#8217;\u00e9levage 50\"}]},{\"@type\":\"WebSite\",\"@id\":\"https:\\\/\\\/rottmann-group.de\\\/fr\\\/#website\",\"url\":\"https:\\\/\\\/rottmann-group.de\\\/fr\\\/\",\"name\":\"Rottmann Group\",\"description\":\"Das traditionelle Familienunternehmen bietet Ihnen: Ganzheitliche Futterkonzepte, Mahl- und Mischdienstleistungen und Dosiertechnik. Jetzt Kontakt aufnehmen!\",\"publisher\":{\"@id\":\"https:\\\/\\\/rottmann-group.de\\\/fr\\\/#organization\"},\"potentialAction\":[{\"@type\":\"SearchAction\",\"target\":{\"@type\":\"EntryPoint\",\"urlTemplate\":\"https:\\\/\\\/rottmann-group.de\\\/fr\\\/?s={search_term_string}\"},\"query-input\":{\"@type\":\"PropertyValueSpecification\",\"valueRequired\":true,\"valueName\":\"search_term_string\"}}],\"inLanguage\":\"fr-FR\"},{\"@type\":\"Organization\",\"@id\":\"https:\\\/\\\/rottmann-group.de\\\/fr\\\/#organization\",\"name\":\"Rottmann Group\",\"url\":\"https:\\\/\\\/rottmann-group.de\\\/fr\\\/\",\"logo\":{\"@type\":\"ImageObject\",\"inLanguage\":\"fr-FR\",\"@id\":\"https:\\\/\\\/rottmann-group.de\\\/fr\\\/#\\\/schema\\\/logo\\\/image\\\/\",\"url\":\"https:\\\/\\\/rottmann-group.de\\\/wp-content\\\/uploads\\\/2022\\\/11\\\/Bild_Rottmann.jpg\",\"contentUrl\":\"https:\\\/\\\/rottmann-group.de\\\/wp-content\\\/uploads\\\/2022\\\/11\\\/Bild_Rottmann.jpg\",\"width\":999,\"height\":636,\"caption\":\"Rottmann Group\"},\"image\":{\"@id\":\"https:\\\/\\\/rottmann-group.de\\\/fr\\\/#\\\/schema\\\/logo\\\/image\\\/\"},\"sameAs\":[\"https:\\\/\\\/www.facebook.com\\\/rottmanngroup\\\/?locale=de_DE\",\"https:\\\/\\\/www.instagram.com\\\/rottmann_group\\\/\"]}]}<\/script>\n<!-- \/ Yoast SEO plugin. -->","yoast_head_json":{"title":"R- Lac d'\u00e9levage 50 - Rottmann Group","robots":{"index":"index","follow":"follow","max-snippet":"max-snippet:-1","max-image-preview":"max-image-preview:large","max-video-preview":"max-video-preview:-1"},"canonical":"https:\/\/rottmann-group.de\/fr\/produit\/r-zuchtlac-50\/","og_locale":"fr_FR","og_type":"article","og_title":"R- Lac d'\u00e9levage 50 - Rottmann Group","og_description":"R- Zuchtlac 50 contient 50 % de lait \u00e9cr\u00e9m\u00e9 en poudre, ce qui garantit une tr\u00e8s bonne tol\u00e9rance. La teneur \u00e9nerg\u00e9tique tr\u00e8s \u00e9lev\u00e9e de R- Zuchtlac 50 garantit des gains de poids \u00e9lev\u00e9s. L'utilisation de probiotiques garantit une digestibilit\u00e9 et une tol\u00e9rance maximales pour une croissance optimale et un d\u00e9veloppement sain.     Pour une croissance maximale  100 % prot\u00e9ines de lait  Avec 50 % de lait \u00e9cr\u00e9m\u00e9 en poudre  S\u00e9curit\u00e9 maximale  Dot\u00e9 d'un probiotique","og_url":"https:\/\/rottmann-group.de\/fr\/produit\/r-zuchtlac-50\/","og_site_name":"Rottmann Group","article_publisher":"https:\/\/www.facebook.com\/rottmanngroup\/?locale=de_DE","article_modified_time":"2025-03-26T15:02:01+00:00","og_image":[{"width":300,"height":300,"url":"https:\/\/rottmann-group.de\/wp-content\/uploads\/2022\/07\/Futtermittelsack-Rind-R-Zuchtlac-50.png","type":"image\/png"}],"twitter_card":"summary_large_image","schema":{"@context":"https:\/\/schema.org","@graph":[{"@type":"WebPage","@id":"https:\/\/rottmann-group.de\/fr\/produit\/r-zuchtlac-50\/","url":"https:\/\/rottmann-group.de\/fr\/produit\/r-zuchtlac-50\/","name":"R- Lac d'\u00e9levage 50 - Rottmann Group","isPartOf":{"@id":"https:\/\/rottmann-group.de\/fr\/#website"},"primaryImageOfPage":{"@id":"https:\/\/rottmann-group.de\/fr\/produit\/r-zuchtlac-50\/#primaryimage"},"image":{"@id":"https:\/\/rottmann-group.de\/fr\/produit\/r-zuchtlac-50\/#primaryimage"},"thumbnailUrl":"https:\/\/rottmann-group.de\/wp-content\/uploads\/2022\/07\/Futtermittelsack-Rind-R-Zuchtlac-50.png","datePublished":"2022-07-20T14:34:21+00:00","dateModified":"2025-03-26T15:02:01+00:00","breadcrumb":{"@id":"https:\/\/rottmann-group.de\/fr\/produit\/r-zuchtlac-50\/#breadcrumb"},"inLanguage":"fr-FR","potentialAction":[{"@type":"ReadAction","target":["https:\/\/rottmann-group.de\/fr\/produit\/r-zuchtlac-50\/"]}]},{"@type":"ImageObject","inLanguage":"fr-FR","@id":"https:\/\/rottmann-group.de\/fr\/produit\/r-zuchtlac-50\/#primaryimage","url":"https:\/\/rottmann-group.de\/wp-content\/uploads\/2022\/07\/Futtermittelsack-Rind-R-Zuchtlac-50.png","contentUrl":"https:\/\/rottmann-group.de\/wp-content\/uploads\/2022\/07\/Futtermittelsack-Rind-R-Zuchtlac-50.png","width":300,"height":300},{"@type":"BreadcrumbList","@id":"https:\/\/rottmann-group.de\/fr\/produit\/r-zuchtlac-50\/#breadcrumb","itemListElement":[{"@type":"ListItem","position":1,"name":"Startseite","item":"https:\/\/rottmann-group.de\/fr\/page-daccueil\/"},{"@type":"ListItem","position":2,"name":"Boutique","item":"https:\/\/rottmann-group.de\/fr\/boutique\/"},{"@type":"ListItem","position":3,"name":"R- Lac d&#8217;\u00e9levage 50"}]},{"@type":"WebSite","@id":"https:\/\/rottmann-group.de\/fr\/#website","url":"https:\/\/rottmann-group.de\/fr\/","name":"Rottmann Group","description":"Das traditionelle Familienunternehmen bietet Ihnen: Ganzheitliche Futterkonzepte, Mahl- und Mischdienstleistungen und Dosiertechnik. Jetzt Kontakt aufnehmen!","publisher":{"@id":"https:\/\/rottmann-group.de\/fr\/#organization"},"potentialAction":[{"@type":"SearchAction","target":{"@type":"EntryPoint","urlTemplate":"https:\/\/rottmann-group.de\/fr\/?s={search_term_string}"},"query-input":{"@type":"PropertyValueSpecification","valueRequired":true,"valueName":"search_term_string"}}],"inLanguage":"fr-FR"},{"@type":"Organization","@id":"https:\/\/rottmann-group.de\/fr\/#organization","name":"Rottmann Group","url":"https:\/\/rottmann-group.de\/fr\/","logo":{"@type":"ImageObject","inLanguage":"fr-FR","@id":"https:\/\/rottmann-group.de\/fr\/#\/schema\/logo\/image\/","url":"https:\/\/rottmann-group.de\/wp-content\/uploads\/2022\/11\/Bild_Rottmann.jpg","contentUrl":"https:\/\/rottmann-group.de\/wp-content\/uploads\/2022\/11\/Bild_Rottmann.jpg","width":999,"height":636,"caption":"Rottmann Group"},"image":{"@id":"https:\/\/rottmann-group.de\/fr\/#\/schema\/logo\/image\/"},"sameAs":["https:\/\/www.facebook.com\/rottmanngroup\/?locale=de_DE","https:\/\/www.instagram.com\/rottmann_group\/"]}]}},"_links":{"self":[{"href":"https:\/\/rottmann-group.de\/fr\/wp-json\/wp\/v2\/product\/12492","targetHints":{"allow":["GET"]}}],"collection":[{"href":"https:\/\/rottmann-group.de\/fr\/wp-json\/wp\/v2\/product"}],"about":[{"href":"https:\/\/rottmann-group.de\/fr\/wp-json\/wp\/v2\/types\/product"}],"replies":[{"embeddable":true,"href":"https:\/\/rottmann-group.de\/fr\/wp-json\/wp\/v2\/comments?post=12492"}],"wp:featuredmedia":[{"embeddable":true,"href":"https:\/\/rottmann-group.de\/fr\/wp-json\/wp\/v2\/media\/2582"}],"wp:attachment":[{"href":"https:\/\/rottmann-group.de\/fr\/wp-json\/wp\/v2\/media?parent=12492"}],"wp:term":[{"taxonomy":"product_brand","embeddable":true,"href":"https:\/\/rottmann-group.de\/fr\/wp-json\/wp\/v2\/product_brand?post=12492"},{"taxonomy":"product_cat","embeddable":true,"href":"https:\/\/rottmann-group.de\/fr\/wp-json\/wp\/v2\/product_cat?post=12492"},{"taxonomy":"product_tag","embeddable":true,"href":"https:\/\/rottmann-group.de\/fr\/wp-json\/wp\/v2\/product_tag?post=12492"}],"curies":[{"name":"wp","href":"https:\/\/api.w.org\/{rel}","templated":true}]}}