{"id":12482,"date":"2022-07-20T14:57:43","date_gmt":"2022-07-20T12:57:43","guid":{"rendered":"\/produkt\/r-minceur-seche-active\/"},"modified":"2026-03-24T16:37:44","modified_gmt":"2026-03-24T15:37:44","slug":"r-trockmin-aktiv","status":"publish","type":"product","link":"https:\/\/rottmann-group.de\/fr\/produit\/r-trockmin-aktiv\/","title":{"rendered":"R- Minceur s\u00e8che Active"},"content":{"rendered":"<p>R- Trockmin Aktiv est un aliment min\u00e9ral pour les vaches laiti\u00e8res en phase de tarissement. La r\u00e9g\u00e9n\u00e9ration du tissu mammaire et le soutien des d\u00e9fenses immunitaires sont, outre la pr\u00e9vention de la fi\u00e8vre de lait, des exigences essentielles de l&rsquo;alimentation en p\u00e9riode de haute gestation. La vitalit\u00e9 et le r\u00e9flexe de succion intense des veaux nouveau-n\u00e9s sont assur\u00e9s par la qualit\u00e9 \u00e9lev\u00e9e du colostrum. L&rsquo;apport cibl\u00e9 d&rsquo;oligo-\u00e9l\u00e9ments et de vitamines en p\u00e9riode de haute gestation garantit des teneurs \u00e9lev\u00e9es en substances immunitaires dans le colostrum.   <\/p>\n<ul>\n<li>Pour les vaches taries<\/li>\n<li>Pour les rations totales m\u00e9lang\u00e9es<\/li>\n<li>Prot\u00e8ge contre la fi\u00e8vre de lait<\/li>\n<li>Top ph\u00e9nol 80+<\/li>\n<li>S\u00e9l\u00e9nium prot\u00e9g\u00e9 dans le rumen<\/li>\n<li>Haute disponibilit\u00e9 biologique du phosphore<\/li>\n<li>Levures autolys\u00e9es<\/li>\n<\/ul>\n","protected":false},"excerpt":{"rendered":"<p>R- Trockmin Aktiv est un aliment min\u00e9ral pour les vaches laiti\u00e8res en phase de tarissement. La r\u00e9g\u00e9n\u00e9ration du tissu mammaire et le soutien des d\u00e9fenses immunitaires sont, outre la pr\u00e9vention de la fi\u00e8vre de lait, des exigences essentielles de l&rsquo;alimentation en p\u00e9riode de haute gestation. La vitalit\u00e9 et le r\u00e9flexe de succion intense des veaux nouveau-n\u00e9s sont assur\u00e9s par la qualit\u00e9 \u00e9lev\u00e9e du colostrum. L&rsquo;apport cibl\u00e9 d&rsquo;oligo-\u00e9l\u00e9ments et de vitamines en p\u00e9riode de haute gestation garantit des teneurs \u00e9lev\u00e9es en substances immunitaires dans le colostrum.   <\/p>\n<table width=\"100%\">\n<tbody>\n<tr>\n<td>\n<ul>\n<li>Pour les vaches taries<\/li>\n<li>Pour les rations totales m\u00e9lang\u00e9es<\/li>\n<li>Prot\u00e8ge contre la fi\u00e8vre de lait<\/li>\n<li>Top ph\u00e9nol 80+<\/li>\n<li>S\u00e9l\u00e9nium prot\u00e9g\u00e9 dans le rumen<\/li>\n<li>Haute disponibilit\u00e9 biologique du phosphore<\/li>\n<li>Levures autolys\u00e9es<\/li>\n<\/ul>\n<\/td>\n<td><img decoding=\"async\" class=\"alignnone size-full wp-image-672\" src=\"https:\/\/rottmann-group.de\/wp-content\/uploads\/produktpdf\/rottmann-empfehlung-rindermin.png\" alt=\"\" width=\"100\" height=\"100\" data-wp-editing=\"1\"><\/td>\n<\/tr>\n<\/tbody>\n<\/table>\n","protected":false},"featured_media":2832,"comment_status":"closed","ping_status":"closed","template":"","meta":{"_acf_changed":false},"product_brand":[],"product_cat":[162],"product_tag":[],"class_list":{"0":"post-12482","1":"product","2":"type-product","3":"status-publish","4":"has-post-thumbnail","6":"product_cat-unkategorisiert-fr","8":"first","9":"instock","10":"downloadable","11":"shipping-taxable","12":"product-type-simple"},"acf":[],"yoast_head":"<!-- This site is optimized with the Yoast SEO plugin v27.4 - https:\/\/yoast.com\/product\/yoast-seo-wordpress\/ -->\n<title>R- Minceur s\u00e8che Active - Rottmann Group<\/title>\n<meta name=\"robots\" content=\"index, follow, max-snippet:-1, max-image-preview:large, max-video-preview:-1\" \/>\n<link rel=\"canonical\" href=\"https:\/\/rottmann-group.de\/fr\/produit\/r-trockmin-aktiv\/\" \/>\n<meta property=\"og:locale\" content=\"fr_FR\" \/>\n<meta property=\"og:type\" content=\"article\" \/>\n<meta property=\"og:title\" content=\"R- Minceur s\u00e8che Active - Rottmann Group\" \/>\n<meta property=\"og:description\" content=\"R- Trockmin Aktiv est un aliment min\u00e9ral pour les vaches laiti\u00e8res en phase de tarissement. La r\u00e9g\u00e9n\u00e9ration du tissu mammaire et le soutien des d\u00e9fenses immunitaires sont, outre la pr\u00e9vention de la fi\u00e8vre de lait, des exigences essentielles de l&#039;alimentation en p\u00e9riode de haute gestation. La vitalit\u00e9 et le r\u00e9flexe de succion intense des veaux nouveau-n\u00e9s sont assur\u00e9s par la qualit\u00e9 \u00e9lev\u00e9e du colostrum. L&#039;apport cibl\u00e9 d&#039;oligo-\u00e9l\u00e9ments et de vitamines en p\u00e9riode de haute gestation garantit des teneurs \u00e9lev\u00e9es en substances immunitaires dans le colostrum.      Pour les vaches taries  Pour les rations totales m\u00e9lang\u00e9es  Prot\u00e8ge contre la fi\u00e8vre de lait  Top ph\u00e9nol 80+  S\u00e9l\u00e9nium prot\u00e9g\u00e9 dans le rumen  Haute disponibilit\u00e9 biologique du phosphore  Levures autolys\u00e9es\" \/>\n<meta property=\"og:url\" content=\"https:\/\/rottmann-group.de\/fr\/produit\/r-trockmin-aktiv\/\" \/>\n<meta property=\"og:site_name\" content=\"Rottmann Group\" \/>\n<meta property=\"article:publisher\" content=\"https:\/\/www.facebook.com\/rottmanngroup\/?locale=de_DE\" \/>\n<meta property=\"article:modified_time\" content=\"2026-03-24T15:37:44+00:00\" \/>\n<meta property=\"og:image\" content=\"https:\/\/rottmann-group.de\/wp-content\/uploads\/2022\/07\/Futtermittelsack-Rind-R-Trockmin-Aktiv.png\" \/>\n\t<meta property=\"og:image:width\" content=\"300\" \/>\n\t<meta property=\"og:image:height\" content=\"300\" \/>\n\t<meta property=\"og:image:type\" content=\"image\/png\" \/>\n<meta name=\"twitter:card\" content=\"summary_large_image\" \/>\n<meta name=\"twitter:label1\" content=\"Dur\u00e9e de lecture estim\u00e9e\" \/>\n\t<meta name=\"twitter:data1\" content=\"1 minute\" \/>\n<script type=\"application\/ld+json\" class=\"yoast-schema-graph\">{\"@context\":\"https:\\\/\\\/schema.org\",\"@graph\":[{\"@type\":\"WebPage\",\"@id\":\"https:\\\/\\\/rottmann-group.de\\\/fr\\\/produit\\\/r-trockmin-aktiv\\\/\",\"url\":\"https:\\\/\\\/rottmann-group.de\\\/fr\\\/produit\\\/r-trockmin-aktiv\\\/\",\"name\":\"R- Minceur s\u00e8che Active - Rottmann Group\",\"isPartOf\":{\"@id\":\"https:\\\/\\\/rottmann-group.de\\\/fr\\\/#website\"},\"primaryImageOfPage\":{\"@id\":\"https:\\\/\\\/rottmann-group.de\\\/fr\\\/produit\\\/r-trockmin-aktiv\\\/#primaryimage\"},\"image\":{\"@id\":\"https:\\\/\\\/rottmann-group.de\\\/fr\\\/produit\\\/r-trockmin-aktiv\\\/#primaryimage\"},\"thumbnailUrl\":\"https:\\\/\\\/rottmann-group.de\\\/wp-content\\\/uploads\\\/2022\\\/07\\\/Futtermittelsack-Rind-R-Trockmin-Aktiv.png\",\"datePublished\":\"2022-07-20T12:57:43+00:00\",\"dateModified\":\"2026-03-24T15:37:44+00:00\",\"breadcrumb\":{\"@id\":\"https:\\\/\\\/rottmann-group.de\\\/fr\\\/produit\\\/r-trockmin-aktiv\\\/#breadcrumb\"},\"inLanguage\":\"fr-FR\",\"potentialAction\":[{\"@type\":\"ReadAction\",\"target\":[\"https:\\\/\\\/rottmann-group.de\\\/fr\\\/produit\\\/r-trockmin-aktiv\\\/\"]}]},{\"@type\":\"ImageObject\",\"inLanguage\":\"fr-FR\",\"@id\":\"https:\\\/\\\/rottmann-group.de\\\/fr\\\/produit\\\/r-trockmin-aktiv\\\/#primaryimage\",\"url\":\"https:\\\/\\\/rottmann-group.de\\\/wp-content\\\/uploads\\\/2022\\\/07\\\/Futtermittelsack-Rind-R-Trockmin-Aktiv.png\",\"contentUrl\":\"https:\\\/\\\/rottmann-group.de\\\/wp-content\\\/uploads\\\/2022\\\/07\\\/Futtermittelsack-Rind-R-Trockmin-Aktiv.png\",\"width\":300,\"height\":300},{\"@type\":\"BreadcrumbList\",\"@id\":\"https:\\\/\\\/rottmann-group.de\\\/fr\\\/produit\\\/r-trockmin-aktiv\\\/#breadcrumb\",\"itemListElement\":[{\"@type\":\"ListItem\",\"position\":1,\"name\":\"Startseite\",\"item\":\"https:\\\/\\\/rottmann-group.de\\\/fr\\\/page-daccueil\\\/\"},{\"@type\":\"ListItem\",\"position\":2,\"name\":\"Boutique\",\"item\":\"https:\\\/\\\/rottmann-group.de\\\/fr\\\/boutique\\\/\"},{\"@type\":\"ListItem\",\"position\":3,\"name\":\"R- Minceur s\u00e8che Active\"}]},{\"@type\":\"WebSite\",\"@id\":\"https:\\\/\\\/rottmann-group.de\\\/fr\\\/#website\",\"url\":\"https:\\\/\\\/rottmann-group.de\\\/fr\\\/\",\"name\":\"Rottmann Group\",\"description\":\"Das traditionelle Familienunternehmen bietet Ihnen: Ganzheitliche Futterkonzepte, Mahl- und Mischdienstleistungen und Dosiertechnik. Jetzt Kontakt aufnehmen!\",\"publisher\":{\"@id\":\"https:\\\/\\\/rottmann-group.de\\\/fr\\\/#organization\"},\"potentialAction\":[{\"@type\":\"SearchAction\",\"target\":{\"@type\":\"EntryPoint\",\"urlTemplate\":\"https:\\\/\\\/rottmann-group.de\\\/fr\\\/?s={search_term_string}\"},\"query-input\":{\"@type\":\"PropertyValueSpecification\",\"valueRequired\":true,\"valueName\":\"search_term_string\"}}],\"inLanguage\":\"fr-FR\"},{\"@type\":\"Organization\",\"@id\":\"https:\\\/\\\/rottmann-group.de\\\/fr\\\/#organization\",\"name\":\"Rottmann Group\",\"url\":\"https:\\\/\\\/rottmann-group.de\\\/fr\\\/\",\"logo\":{\"@type\":\"ImageObject\",\"inLanguage\":\"fr-FR\",\"@id\":\"https:\\\/\\\/rottmann-group.de\\\/fr\\\/#\\\/schema\\\/logo\\\/image\\\/\",\"url\":\"https:\\\/\\\/rottmann-group.de\\\/wp-content\\\/uploads\\\/2022\\\/11\\\/Bild_Rottmann.jpg\",\"contentUrl\":\"https:\\\/\\\/rottmann-group.de\\\/wp-content\\\/uploads\\\/2022\\\/11\\\/Bild_Rottmann.jpg\",\"width\":999,\"height\":636,\"caption\":\"Rottmann Group\"},\"image\":{\"@id\":\"https:\\\/\\\/rottmann-group.de\\\/fr\\\/#\\\/schema\\\/logo\\\/image\\\/\"},\"sameAs\":[\"https:\\\/\\\/www.facebook.com\\\/rottmanngroup\\\/?locale=de_DE\",\"https:\\\/\\\/www.instagram.com\\\/rottmann_group\\\/\"]}]}<\/script>\n<!-- \/ Yoast SEO plugin. -->","yoast_head_json":{"title":"R- Minceur s\u00e8che Active - Rottmann Group","robots":{"index":"index","follow":"follow","max-snippet":"max-snippet:-1","max-image-preview":"max-image-preview:large","max-video-preview":"max-video-preview:-1"},"canonical":"https:\/\/rottmann-group.de\/fr\/produit\/r-trockmin-aktiv\/","og_locale":"fr_FR","og_type":"article","og_title":"R- Minceur s\u00e8che Active - Rottmann Group","og_description":"R- Trockmin Aktiv est un aliment min\u00e9ral pour les vaches laiti\u00e8res en phase de tarissement. La r\u00e9g\u00e9n\u00e9ration du tissu mammaire et le soutien des d\u00e9fenses immunitaires sont, outre la pr\u00e9vention de la fi\u00e8vre de lait, des exigences essentielles de l'alimentation en p\u00e9riode de haute gestation. La vitalit\u00e9 et le r\u00e9flexe de succion intense des veaux nouveau-n\u00e9s sont assur\u00e9s par la qualit\u00e9 \u00e9lev\u00e9e du colostrum. L'apport cibl\u00e9 d'oligo-\u00e9l\u00e9ments et de vitamines en p\u00e9riode de haute gestation garantit des teneurs \u00e9lev\u00e9es en substances immunitaires dans le colostrum.      Pour les vaches taries  Pour les rations totales m\u00e9lang\u00e9es  Prot\u00e8ge contre la fi\u00e8vre de lait  Top ph\u00e9nol 80+  S\u00e9l\u00e9nium prot\u00e9g\u00e9 dans le rumen  Haute disponibilit\u00e9 biologique du phosphore  Levures autolys\u00e9es","og_url":"https:\/\/rottmann-group.de\/fr\/produit\/r-trockmin-aktiv\/","og_site_name":"Rottmann Group","article_publisher":"https:\/\/www.facebook.com\/rottmanngroup\/?locale=de_DE","article_modified_time":"2026-03-24T15:37:44+00:00","og_image":[{"width":300,"height":300,"url":"https:\/\/rottmann-group.de\/wp-content\/uploads\/2022\/07\/Futtermittelsack-Rind-R-Trockmin-Aktiv.png","type":"image\/png"}],"twitter_card":"summary_large_image","twitter_misc":{"Dur\u00e9e de lecture estim\u00e9e":"1 minute"},"schema":{"@context":"https:\/\/schema.org","@graph":[{"@type":"WebPage","@id":"https:\/\/rottmann-group.de\/fr\/produit\/r-trockmin-aktiv\/","url":"https:\/\/rottmann-group.de\/fr\/produit\/r-trockmin-aktiv\/","name":"R- Minceur s\u00e8che Active - Rottmann Group","isPartOf":{"@id":"https:\/\/rottmann-group.de\/fr\/#website"},"primaryImageOfPage":{"@id":"https:\/\/rottmann-group.de\/fr\/produit\/r-trockmin-aktiv\/#primaryimage"},"image":{"@id":"https:\/\/rottmann-group.de\/fr\/produit\/r-trockmin-aktiv\/#primaryimage"},"thumbnailUrl":"https:\/\/rottmann-group.de\/wp-content\/uploads\/2022\/07\/Futtermittelsack-Rind-R-Trockmin-Aktiv.png","datePublished":"2022-07-20T12:57:43+00:00","dateModified":"2026-03-24T15:37:44+00:00","breadcrumb":{"@id":"https:\/\/rottmann-group.de\/fr\/produit\/r-trockmin-aktiv\/#breadcrumb"},"inLanguage":"fr-FR","potentialAction":[{"@type":"ReadAction","target":["https:\/\/rottmann-group.de\/fr\/produit\/r-trockmin-aktiv\/"]}]},{"@type":"ImageObject","inLanguage":"fr-FR","@id":"https:\/\/rottmann-group.de\/fr\/produit\/r-trockmin-aktiv\/#primaryimage","url":"https:\/\/rottmann-group.de\/wp-content\/uploads\/2022\/07\/Futtermittelsack-Rind-R-Trockmin-Aktiv.png","contentUrl":"https:\/\/rottmann-group.de\/wp-content\/uploads\/2022\/07\/Futtermittelsack-Rind-R-Trockmin-Aktiv.png","width":300,"height":300},{"@type":"BreadcrumbList","@id":"https:\/\/rottmann-group.de\/fr\/produit\/r-trockmin-aktiv\/#breadcrumb","itemListElement":[{"@type":"ListItem","position":1,"name":"Startseite","item":"https:\/\/rottmann-group.de\/fr\/page-daccueil\/"},{"@type":"ListItem","position":2,"name":"Boutique","item":"https:\/\/rottmann-group.de\/fr\/boutique\/"},{"@type":"ListItem","position":3,"name":"R- Minceur s\u00e8che Active"}]},{"@type":"WebSite","@id":"https:\/\/rottmann-group.de\/fr\/#website","url":"https:\/\/rottmann-group.de\/fr\/","name":"Rottmann Group","description":"Das traditionelle Familienunternehmen bietet Ihnen: Ganzheitliche Futterkonzepte, Mahl- und Mischdienstleistungen und Dosiertechnik. Jetzt Kontakt aufnehmen!","publisher":{"@id":"https:\/\/rottmann-group.de\/fr\/#organization"},"potentialAction":[{"@type":"SearchAction","target":{"@type":"EntryPoint","urlTemplate":"https:\/\/rottmann-group.de\/fr\/?s={search_term_string}"},"query-input":{"@type":"PropertyValueSpecification","valueRequired":true,"valueName":"search_term_string"}}],"inLanguage":"fr-FR"},{"@type":"Organization","@id":"https:\/\/rottmann-group.de\/fr\/#organization","name":"Rottmann Group","url":"https:\/\/rottmann-group.de\/fr\/","logo":{"@type":"ImageObject","inLanguage":"fr-FR","@id":"https:\/\/rottmann-group.de\/fr\/#\/schema\/logo\/image\/","url":"https:\/\/rottmann-group.de\/wp-content\/uploads\/2022\/11\/Bild_Rottmann.jpg","contentUrl":"https:\/\/rottmann-group.de\/wp-content\/uploads\/2022\/11\/Bild_Rottmann.jpg","width":999,"height":636,"caption":"Rottmann Group"},"image":{"@id":"https:\/\/rottmann-group.de\/fr\/#\/schema\/logo\/image\/"},"sameAs":["https:\/\/www.facebook.com\/rottmanngroup\/?locale=de_DE","https:\/\/www.instagram.com\/rottmann_group\/"]}]}},"_links":{"self":[{"href":"https:\/\/rottmann-group.de\/fr\/wp-json\/wp\/v2\/product\/12482","targetHints":{"allow":["GET"]}}],"collection":[{"href":"https:\/\/rottmann-group.de\/fr\/wp-json\/wp\/v2\/product"}],"about":[{"href":"https:\/\/rottmann-group.de\/fr\/wp-json\/wp\/v2\/types\/product"}],"replies":[{"embeddable":true,"href":"https:\/\/rottmann-group.de\/fr\/wp-json\/wp\/v2\/comments?post=12482"}],"wp:featuredmedia":[{"embeddable":true,"href":"https:\/\/rottmann-group.de\/fr\/wp-json\/wp\/v2\/media\/2832"}],"wp:attachment":[{"href":"https:\/\/rottmann-group.de\/fr\/wp-json\/wp\/v2\/media?parent=12482"}],"wp:term":[{"taxonomy":"product_brand","embeddable":true,"href":"https:\/\/rottmann-group.de\/fr\/wp-json\/wp\/v2\/product_brand?post=12482"},{"taxonomy":"product_cat","embeddable":true,"href":"https:\/\/rottmann-group.de\/fr\/wp-json\/wp\/v2\/product_cat?post=12482"},{"taxonomy":"product_tag","embeddable":true,"href":"https:\/\/rottmann-group.de\/fr\/wp-json\/wp\/v2\/product_tag?post=12482"}],"curies":[{"name":"wp","href":"https:\/\/api.w.org\/{rel}","templated":true}]}}