{"id":12461,"date":"2022-07-20T14:30:25","date_gmt":"2022-07-20T12:30:25","guid":{"rendered":"\/produkt\/r-bumin\/"},"modified":"2025-11-13T09:41:28","modified_gmt":"2025-11-13T08:41:28","slug":"r-bumin","status":"publish","type":"product","link":"https:\/\/rottmann-group.de\/fr\/produit\/r-bumin\/","title":{"rendered":"R- Bumin"},"content":{"rendered":"<p>R- Bumin est un aliment min\u00e9ral pour taureaux et bovins \u00e0 l&rsquo;engrais destin\u00e9 \u00e0 la fabrication de m\u00e9langes propres \u00e0 la ferme. L&rsquo;engraissement \u00e9conomique des bovins exige des qualit\u00e9s de ma\u00efs ensilage \u00e9lev\u00e9es, une compl\u00e9mentation en aliments concentr\u00e9s ax\u00e9e sur la croissance et une min\u00e9ralisation et une vitaminisation adapt\u00e9es aux besoins. <\/p>\n<ul>\n<li>Pour les taureaux et les bovins d&rsquo;engraissement<\/li>\n<li>Compl\u00e9ment alimentaire concentr\u00e9 ax\u00e9 sur la croissance<\/li>\n<li>Une min\u00e9ralisation et une vitaminisation adapt\u00e9es aux besoins<\/li>\n<li>Un apport \u00e9lev\u00e9 en vitamine B1<\/li>\n<\/ul>\n","protected":false},"excerpt":{"rendered":"<p>R- Bumin est un aliment min\u00e9ral pour taureaux et bovins \u00e0 l&rsquo;engrais destin\u00e9 \u00e0 la fabrication de m\u00e9langes propres \u00e0 la ferme. L&rsquo;engraissement \u00e9conomique des bovins exige des qualit\u00e9s de ma\u00efs ensilage \u00e9lev\u00e9es, une compl\u00e9mentation en aliments concentr\u00e9s ax\u00e9e sur la croissance et une min\u00e9ralisation et une vitaminisation adapt\u00e9es aux besoins. <\/p>\n<table width=\"100%\">\n<tbody>\n<tr>\n<td>\n<ul>\n<li>Pour les taureaux et les bovins d&rsquo;engraissement<\/li>\n<li>Compl\u00e9ment alimentaire concentr\u00e9 ax\u00e9 sur la croissance<\/li>\n<li>Une min\u00e9ralisation et une vitaminisation adapt\u00e9es aux besoins<\/li>\n<li>Un apport \u00e9lev\u00e9 en vitamine B1<\/li>\n<\/ul>\n<\/td>\n<td><img decoding=\"async\" class=\"alignnone size-full wp-image-672\" src=\"https:\/\/rottmann-group.de\/wp-content\/uploads\/produktpdf\/rottmann-empfehlung-rindermin.png\" alt=\"\" width=\"100\" height=\"100\" data-wp-editing=\"1\"><\/td>\n<\/tr>\n<\/tbody>\n<\/table>\n","protected":false},"featured_media":2836,"comment_status":"closed","ping_status":"closed","template":"","meta":{"_acf_changed":false},"product_brand":[],"product_cat":[409,223],"product_tag":[],"class_list":{"0":"post-12461","1":"product","2":"type-product","3":"status-publish","4":"has-post-thumbnail","6":"product_cat-aliments-pour-animaux","7":"product_cat-boeuf","9":"first","10":"instock","11":"shipping-taxable","12":"product-type-variable","13":"has-default-attributes"},"acf":[],"yoast_head":"<!-- This site is optimized with the Yoast SEO plugin v27.4 - https:\/\/yoast.com\/product\/yoast-seo-wordpress\/ -->\n<title>R- Bumin - Rottmann Group<\/title>\n<meta name=\"robots\" content=\"index, follow, max-snippet:-1, max-image-preview:large, max-video-preview:-1\" \/>\n<link rel=\"canonical\" href=\"https:\/\/rottmann-group.de\/fr\/produit\/r-bumin\/\" \/>\n<meta property=\"og:locale\" content=\"fr_FR\" \/>\n<meta property=\"og:type\" content=\"article\" \/>\n<meta property=\"og:title\" content=\"R- Bumin - Rottmann Group\" \/>\n<meta property=\"og:description\" content=\"R- Bumin est un aliment min\u00e9ral pour taureaux et bovins \u00e0 l&#039;engrais destin\u00e9 \u00e0 la fabrication de m\u00e9langes propres \u00e0 la ferme. L&#039;engraissement \u00e9conomique des bovins exige des qualit\u00e9s de ma\u00efs ensilage \u00e9lev\u00e9es, une compl\u00e9mentation en aliments concentr\u00e9s ax\u00e9e sur la croissance et une min\u00e9ralisation et une vitaminisation adapt\u00e9es aux besoins.     Pour les taureaux et les bovins d&#039;engraissement  Compl\u00e9ment alimentaire concentr\u00e9 ax\u00e9 sur la croissance  Une min\u00e9ralisation et une vitaminisation adapt\u00e9es aux besoins  Un apport \u00e9lev\u00e9 en vitamine B1\" \/>\n<meta property=\"og:url\" content=\"https:\/\/rottmann-group.de\/fr\/produit\/r-bumin\/\" \/>\n<meta property=\"og:site_name\" content=\"Rottmann Group\" \/>\n<meta property=\"article:publisher\" content=\"https:\/\/www.facebook.com\/rottmanngroup\/?locale=de_DE\" \/>\n<meta property=\"article:modified_time\" content=\"2025-11-13T08:41:28+00:00\" \/>\n<meta property=\"og:image\" content=\"https:\/\/rottmann-group.de\/wp-content\/uploads\/2022\/07\/Futtermittelsack-Rind-R-Bumin.png\" \/>\n\t<meta property=\"og:image:width\" content=\"300\" \/>\n\t<meta property=\"og:image:height\" content=\"300\" \/>\n\t<meta property=\"og:image:type\" content=\"image\/png\" \/>\n<meta name=\"twitter:card\" content=\"summary_large_image\" \/>\n<script type=\"application\/ld+json\" class=\"yoast-schema-graph\">{\"@context\":\"https:\\\/\\\/schema.org\",\"@graph\":[{\"@type\":\"WebPage\",\"@id\":\"https:\\\/\\\/rottmann-group.de\\\/fr\\\/produit\\\/r-bumin\\\/\",\"url\":\"https:\\\/\\\/rottmann-group.de\\\/fr\\\/produit\\\/r-bumin\\\/\",\"name\":\"R- Bumin - Rottmann Group\",\"isPartOf\":{\"@id\":\"https:\\\/\\\/rottmann-group.de\\\/fr\\\/#website\"},\"primaryImageOfPage\":{\"@id\":\"https:\\\/\\\/rottmann-group.de\\\/fr\\\/produit\\\/r-bumin\\\/#primaryimage\"},\"image\":{\"@id\":\"https:\\\/\\\/rottmann-group.de\\\/fr\\\/produit\\\/r-bumin\\\/#primaryimage\"},\"thumbnailUrl\":\"https:\\\/\\\/rottmann-group.de\\\/wp-content\\\/uploads\\\/2022\\\/07\\\/Futtermittelsack-Rind-R-Bumin.png\",\"datePublished\":\"2022-07-20T12:30:25+00:00\",\"dateModified\":\"2025-11-13T08:41:28+00:00\",\"breadcrumb\":{\"@id\":\"https:\\\/\\\/rottmann-group.de\\\/fr\\\/produit\\\/r-bumin\\\/#breadcrumb\"},\"inLanguage\":\"fr-FR\",\"potentialAction\":[{\"@type\":\"ReadAction\",\"target\":[\"https:\\\/\\\/rottmann-group.de\\\/fr\\\/produit\\\/r-bumin\\\/\"]}]},{\"@type\":\"ImageObject\",\"inLanguage\":\"fr-FR\",\"@id\":\"https:\\\/\\\/rottmann-group.de\\\/fr\\\/produit\\\/r-bumin\\\/#primaryimage\",\"url\":\"https:\\\/\\\/rottmann-group.de\\\/wp-content\\\/uploads\\\/2022\\\/07\\\/Futtermittelsack-Rind-R-Bumin.png\",\"contentUrl\":\"https:\\\/\\\/rottmann-group.de\\\/wp-content\\\/uploads\\\/2022\\\/07\\\/Futtermittelsack-Rind-R-Bumin.png\",\"width\":300,\"height\":300},{\"@type\":\"BreadcrumbList\",\"@id\":\"https:\\\/\\\/rottmann-group.de\\\/fr\\\/produit\\\/r-bumin\\\/#breadcrumb\",\"itemListElement\":[{\"@type\":\"ListItem\",\"position\":1,\"name\":\"Startseite\",\"item\":\"https:\\\/\\\/rottmann-group.de\\\/fr\\\/page-daccueil\\\/\"},{\"@type\":\"ListItem\",\"position\":2,\"name\":\"Boutique\",\"item\":\"https:\\\/\\\/rottmann-group.de\\\/fr\\\/boutique\\\/\"},{\"@type\":\"ListItem\",\"position\":3,\"name\":\"R- Bumin\"}]},{\"@type\":\"WebSite\",\"@id\":\"https:\\\/\\\/rottmann-group.de\\\/fr\\\/#website\",\"url\":\"https:\\\/\\\/rottmann-group.de\\\/fr\\\/\",\"name\":\"Rottmann Group\",\"description\":\"Das traditionelle Familienunternehmen bietet Ihnen: Ganzheitliche Futterkonzepte, Mahl- und Mischdienstleistungen und Dosiertechnik. Jetzt Kontakt aufnehmen!\",\"publisher\":{\"@id\":\"https:\\\/\\\/rottmann-group.de\\\/fr\\\/#organization\"},\"potentialAction\":[{\"@type\":\"SearchAction\",\"target\":{\"@type\":\"EntryPoint\",\"urlTemplate\":\"https:\\\/\\\/rottmann-group.de\\\/fr\\\/?s={search_term_string}\"},\"query-input\":{\"@type\":\"PropertyValueSpecification\",\"valueRequired\":true,\"valueName\":\"search_term_string\"}}],\"inLanguage\":\"fr-FR\"},{\"@type\":\"Organization\",\"@id\":\"https:\\\/\\\/rottmann-group.de\\\/fr\\\/#organization\",\"name\":\"Rottmann Group\",\"url\":\"https:\\\/\\\/rottmann-group.de\\\/fr\\\/\",\"logo\":{\"@type\":\"ImageObject\",\"inLanguage\":\"fr-FR\",\"@id\":\"https:\\\/\\\/rottmann-group.de\\\/fr\\\/#\\\/schema\\\/logo\\\/image\\\/\",\"url\":\"https:\\\/\\\/rottmann-group.de\\\/wp-content\\\/uploads\\\/2022\\\/11\\\/Bild_Rottmann.jpg\",\"contentUrl\":\"https:\\\/\\\/rottmann-group.de\\\/wp-content\\\/uploads\\\/2022\\\/11\\\/Bild_Rottmann.jpg\",\"width\":999,\"height\":636,\"caption\":\"Rottmann Group\"},\"image\":{\"@id\":\"https:\\\/\\\/rottmann-group.de\\\/fr\\\/#\\\/schema\\\/logo\\\/image\\\/\"},\"sameAs\":[\"https:\\\/\\\/www.facebook.com\\\/rottmanngroup\\\/?locale=de_DE\",\"https:\\\/\\\/www.instagram.com\\\/rottmann_group\\\/\"]}]}<\/script>\n<!-- \/ Yoast SEO plugin. -->","yoast_head_json":{"title":"R- Bumin - Rottmann Group","robots":{"index":"index","follow":"follow","max-snippet":"max-snippet:-1","max-image-preview":"max-image-preview:large","max-video-preview":"max-video-preview:-1"},"canonical":"https:\/\/rottmann-group.de\/fr\/produit\/r-bumin\/","og_locale":"fr_FR","og_type":"article","og_title":"R- Bumin - Rottmann Group","og_description":"R- Bumin est un aliment min\u00e9ral pour taureaux et bovins \u00e0 l'engrais destin\u00e9 \u00e0 la fabrication de m\u00e9langes propres \u00e0 la ferme. L'engraissement \u00e9conomique des bovins exige des qualit\u00e9s de ma\u00efs ensilage \u00e9lev\u00e9es, une compl\u00e9mentation en aliments concentr\u00e9s ax\u00e9e sur la croissance et une min\u00e9ralisation et une vitaminisation adapt\u00e9es aux besoins.     Pour les taureaux et les bovins d'engraissement  Compl\u00e9ment alimentaire concentr\u00e9 ax\u00e9 sur la croissance  Une min\u00e9ralisation et une vitaminisation adapt\u00e9es aux besoins  Un apport \u00e9lev\u00e9 en vitamine B1","og_url":"https:\/\/rottmann-group.de\/fr\/produit\/r-bumin\/","og_site_name":"Rottmann Group","article_publisher":"https:\/\/www.facebook.com\/rottmanngroup\/?locale=de_DE","article_modified_time":"2025-11-13T08:41:28+00:00","og_image":[{"width":300,"height":300,"url":"https:\/\/rottmann-group.de\/wp-content\/uploads\/2022\/07\/Futtermittelsack-Rind-R-Bumin.png","type":"image\/png"}],"twitter_card":"summary_large_image","schema":{"@context":"https:\/\/schema.org","@graph":[{"@type":"WebPage","@id":"https:\/\/rottmann-group.de\/fr\/produit\/r-bumin\/","url":"https:\/\/rottmann-group.de\/fr\/produit\/r-bumin\/","name":"R- Bumin - Rottmann Group","isPartOf":{"@id":"https:\/\/rottmann-group.de\/fr\/#website"},"primaryImageOfPage":{"@id":"https:\/\/rottmann-group.de\/fr\/produit\/r-bumin\/#primaryimage"},"image":{"@id":"https:\/\/rottmann-group.de\/fr\/produit\/r-bumin\/#primaryimage"},"thumbnailUrl":"https:\/\/rottmann-group.de\/wp-content\/uploads\/2022\/07\/Futtermittelsack-Rind-R-Bumin.png","datePublished":"2022-07-20T12:30:25+00:00","dateModified":"2025-11-13T08:41:28+00:00","breadcrumb":{"@id":"https:\/\/rottmann-group.de\/fr\/produit\/r-bumin\/#breadcrumb"},"inLanguage":"fr-FR","potentialAction":[{"@type":"ReadAction","target":["https:\/\/rottmann-group.de\/fr\/produit\/r-bumin\/"]}]},{"@type":"ImageObject","inLanguage":"fr-FR","@id":"https:\/\/rottmann-group.de\/fr\/produit\/r-bumin\/#primaryimage","url":"https:\/\/rottmann-group.de\/wp-content\/uploads\/2022\/07\/Futtermittelsack-Rind-R-Bumin.png","contentUrl":"https:\/\/rottmann-group.de\/wp-content\/uploads\/2022\/07\/Futtermittelsack-Rind-R-Bumin.png","width":300,"height":300},{"@type":"BreadcrumbList","@id":"https:\/\/rottmann-group.de\/fr\/produit\/r-bumin\/#breadcrumb","itemListElement":[{"@type":"ListItem","position":1,"name":"Startseite","item":"https:\/\/rottmann-group.de\/fr\/page-daccueil\/"},{"@type":"ListItem","position":2,"name":"Boutique","item":"https:\/\/rottmann-group.de\/fr\/boutique\/"},{"@type":"ListItem","position":3,"name":"R- Bumin"}]},{"@type":"WebSite","@id":"https:\/\/rottmann-group.de\/fr\/#website","url":"https:\/\/rottmann-group.de\/fr\/","name":"Rottmann Group","description":"Das traditionelle Familienunternehmen bietet Ihnen: Ganzheitliche Futterkonzepte, Mahl- und Mischdienstleistungen und Dosiertechnik. Jetzt Kontakt aufnehmen!","publisher":{"@id":"https:\/\/rottmann-group.de\/fr\/#organization"},"potentialAction":[{"@type":"SearchAction","target":{"@type":"EntryPoint","urlTemplate":"https:\/\/rottmann-group.de\/fr\/?s={search_term_string}"},"query-input":{"@type":"PropertyValueSpecification","valueRequired":true,"valueName":"search_term_string"}}],"inLanguage":"fr-FR"},{"@type":"Organization","@id":"https:\/\/rottmann-group.de\/fr\/#organization","name":"Rottmann Group","url":"https:\/\/rottmann-group.de\/fr\/","logo":{"@type":"ImageObject","inLanguage":"fr-FR","@id":"https:\/\/rottmann-group.de\/fr\/#\/schema\/logo\/image\/","url":"https:\/\/rottmann-group.de\/wp-content\/uploads\/2022\/11\/Bild_Rottmann.jpg","contentUrl":"https:\/\/rottmann-group.de\/wp-content\/uploads\/2022\/11\/Bild_Rottmann.jpg","width":999,"height":636,"caption":"Rottmann Group"},"image":{"@id":"https:\/\/rottmann-group.de\/fr\/#\/schema\/logo\/image\/"},"sameAs":["https:\/\/www.facebook.com\/rottmanngroup\/?locale=de_DE","https:\/\/www.instagram.com\/rottmann_group\/"]}]}},"_links":{"self":[{"href":"https:\/\/rottmann-group.de\/fr\/wp-json\/wp\/v2\/product\/12461","targetHints":{"allow":["GET"]}}],"collection":[{"href":"https:\/\/rottmann-group.de\/fr\/wp-json\/wp\/v2\/product"}],"about":[{"href":"https:\/\/rottmann-group.de\/fr\/wp-json\/wp\/v2\/types\/product"}],"replies":[{"embeddable":true,"href":"https:\/\/rottmann-group.de\/fr\/wp-json\/wp\/v2\/comments?post=12461"}],"wp:featuredmedia":[{"embeddable":true,"href":"https:\/\/rottmann-group.de\/fr\/wp-json\/wp\/v2\/media\/2836"}],"wp:attachment":[{"href":"https:\/\/rottmann-group.de\/fr\/wp-json\/wp\/v2\/media?parent=12461"}],"wp:term":[{"taxonomy":"product_brand","embeddable":true,"href":"https:\/\/rottmann-group.de\/fr\/wp-json\/wp\/v2\/product_brand?post=12461"},{"taxonomy":"product_cat","embeddable":true,"href":"https:\/\/rottmann-group.de\/fr\/wp-json\/wp\/v2\/product_cat?post=12461"},{"taxonomy":"product_tag","embeddable":true,"href":"https:\/\/rottmann-group.de\/fr\/wp-json\/wp\/v2\/product_tag?post=12461"}],"curies":[{"name":"wp","href":"https:\/\/api.w.org\/{rel}","templated":true}]}}