{"id":12445,"date":"2022-07-20T14:38:48","date_gmt":"2022-07-20T12:38:48","guid":{"rendered":"\/produkt\/r-bumine-active\/"},"modified":"2025-03-26T16:02:05","modified_gmt":"2025-03-26T15:02:05","slug":"r-bumin-aktiv","status":"publish","type":"product","link":"https:\/\/rottmann-group.de\/fr\/produit\/r-bumin-aktiv\/","title":{"rendered":"R- Bumine active"},"content":{"rendered":"<p>R- Bumin Aktiv est id\u00e9al pour l&rsquo;alimentation des taureaux et des bovins d&rsquo;engraissement. Gr\u00e2ce aux levures autolys\u00e9es, les bact\u00e9ries importantes du rumen se d\u00e9veloppent et se multiplient plus avantageusement, ce qui permet une utilisation optimale du fourrage de base et des concentr\u00e9s. L&rsquo;utilisation de levures autolys\u00e9es permet une meilleure utilisation des aliments et donc une meilleure exploitation du potentiel g\u00e9n\u00e9tique.  <\/p>\n<ul>\n<li>Pour les taureaux et les bovins d&rsquo;engraissement<\/li>\n<li>Compl\u00e9ment alimentaire concentr\u00e9 ax\u00e9 sur la croissance<\/li>\n<li>Une min\u00e9ralisation et une vitaminisation adapt\u00e9es aux besoins<\/li>\n<li>Un apport \u00e9lev\u00e9 en vitamine B1<\/li>\n<li>Levures autolys\u00e9es<\/li>\n<li>S\u00e9l\u00e9nium prot\u00e9g\u00e9 dans le rumen<\/li>\n<li>Haute disponibilit\u00e9 biologique du phosphore<\/li>\n<\/ul>\n","protected":false},"excerpt":{"rendered":"<p>R- Bumin Aktiv est id\u00e9al pour l&rsquo;alimentation des taureaux et des bovins d&rsquo;engraissement. Gr\u00e2ce aux levures autolys\u00e9es, les bact\u00e9ries importantes du rumen se d\u00e9veloppent et se multiplient plus avantageusement, ce qui permet une utilisation optimale du fourrage de base et des concentr\u00e9s. L&rsquo;utilisation de levures autolys\u00e9es permet une meilleure utilisation des aliments et donc une meilleure exploitation du potentiel g\u00e9n\u00e9tique.  <\/p>\n<table width=\"100%\">\n<tbody>\n<tr>\n<td>\n<ul>\n<li>Pour les taureaux et les bovins d&rsquo;engraissement<\/li>\n<li>Compl\u00e9ment alimentaire concentr\u00e9 ax\u00e9 sur la croissance<\/li>\n<li>Une min\u00e9ralisation et une vitaminisation adapt\u00e9es aux besoins<\/li>\n<li>Un apport \u00e9lev\u00e9 en vitamine B1<\/li>\n<li>Levures autolys\u00e9es<\/li>\n<li>S\u00e9l\u00e9nium prot\u00e9g\u00e9 dans le rumen<\/li>\n<li>Haute disponibilit\u00e9 biologique du phosphore<\/li>\n<\/ul>\n<\/td>\n<td><img decoding=\"async\" class=\"alignnone size-full wp-image-672\" src=\"https:\/\/rottmann-group.de\/wp-content\/uploads\/produktpdf\/rottmann-empfehlung-rindermin.png\" alt=\"\" width=\"100\" height=\"100\" data-wp-editing=\"1\"><\/td>\n<\/tr>\n<\/tbody>\n<\/table>\n","protected":false},"featured_media":2856,"comment_status":"closed","ping_status":"closed","template":"","meta":{"_acf_changed":false},"product_brand":[],"product_cat":[409,223],"product_tag":[],"class_list":{"0":"post-12445","1":"product","2":"type-product","3":"status-publish","4":"has-post-thumbnail","6":"product_cat-aliments-pour-animaux","7":"product_cat-boeuf","9":"first","10":"instock","11":"shipping-taxable","12":"product-type-variable","13":"has-default-attributes"},"acf":[],"yoast_head":"<!-- This site is optimized with the Yoast SEO plugin v27.4 - https:\/\/yoast.com\/product\/yoast-seo-wordpress\/ -->\n<title>R- Bumine active - Rottmann Group<\/title>\n<meta name=\"robots\" content=\"index, follow, max-snippet:-1, max-image-preview:large, max-video-preview:-1\" \/>\n<link rel=\"canonical\" href=\"https:\/\/rottmann-group.de\/fr\/produit\/r-bumin-aktiv\/\" \/>\n<meta property=\"og:locale\" content=\"fr_FR\" \/>\n<meta property=\"og:type\" content=\"article\" \/>\n<meta property=\"og:title\" content=\"R- Bumine active - Rottmann Group\" \/>\n<meta property=\"og:description\" content=\"R- Bumin Aktiv est id\u00e9al pour l&#039;alimentation des taureaux et des bovins d&#039;engraissement. Gr\u00e2ce aux levures autolys\u00e9es, les bact\u00e9ries importantes du rumen se d\u00e9veloppent et se multiplient plus avantageusement, ce qui permet une utilisation optimale du fourrage de base et des concentr\u00e9s. L&#039;utilisation de levures autolys\u00e9es permet une meilleure utilisation des aliments et donc une meilleure exploitation du potentiel g\u00e9n\u00e9tique.     Pour les taureaux et les bovins d&#039;engraissement  Compl\u00e9ment alimentaire concentr\u00e9 ax\u00e9 sur la croissance  Une min\u00e9ralisation et une vitaminisation adapt\u00e9es aux besoins  Un apport \u00e9lev\u00e9 en vitamine B1  Levures autolys\u00e9es  S\u00e9l\u00e9nium prot\u00e9g\u00e9 dans le rumen  Haute disponibilit\u00e9 biologique du phosphore\" \/>\n<meta property=\"og:url\" content=\"https:\/\/rottmann-group.de\/fr\/produit\/r-bumin-aktiv\/\" \/>\n<meta property=\"og:site_name\" content=\"Rottmann Group\" \/>\n<meta property=\"article:publisher\" content=\"https:\/\/www.facebook.com\/rottmanngroup\/?locale=de_DE\" \/>\n<meta property=\"article:modified_time\" content=\"2025-03-26T15:02:05+00:00\" \/>\n<meta property=\"og:image\" content=\"https:\/\/rottmann-group.de\/wp-content\/uploads\/2022\/07\/Futtermittelsack-Rind-R-Bumin-Aktiv.png\" \/>\n\t<meta property=\"og:image:width\" content=\"300\" \/>\n\t<meta property=\"og:image:height\" content=\"300\" \/>\n\t<meta property=\"og:image:type\" content=\"image\/png\" \/>\n<meta name=\"twitter:card\" content=\"summary_large_image\" \/>\n<meta name=\"twitter:label1\" content=\"Dur\u00e9e de lecture estim\u00e9e\" \/>\n\t<meta name=\"twitter:data1\" content=\"1 minute\" \/>\n<script type=\"application\/ld+json\" class=\"yoast-schema-graph\">{\"@context\":\"https:\\\/\\\/schema.org\",\"@graph\":[{\"@type\":\"WebPage\",\"@id\":\"https:\\\/\\\/rottmann-group.de\\\/fr\\\/produit\\\/r-bumin-aktiv\\\/\",\"url\":\"https:\\\/\\\/rottmann-group.de\\\/fr\\\/produit\\\/r-bumin-aktiv\\\/\",\"name\":\"R- Bumine active - Rottmann Group\",\"isPartOf\":{\"@id\":\"https:\\\/\\\/rottmann-group.de\\\/fr\\\/#website\"},\"primaryImageOfPage\":{\"@id\":\"https:\\\/\\\/rottmann-group.de\\\/fr\\\/produit\\\/r-bumin-aktiv\\\/#primaryimage\"},\"image\":{\"@id\":\"https:\\\/\\\/rottmann-group.de\\\/fr\\\/produit\\\/r-bumin-aktiv\\\/#primaryimage\"},\"thumbnailUrl\":\"https:\\\/\\\/rottmann-group.de\\\/wp-content\\\/uploads\\\/2022\\\/07\\\/Futtermittelsack-Rind-R-Bumin-Aktiv.png\",\"datePublished\":\"2022-07-20T12:38:48+00:00\",\"dateModified\":\"2025-03-26T15:02:05+00:00\",\"breadcrumb\":{\"@id\":\"https:\\\/\\\/rottmann-group.de\\\/fr\\\/produit\\\/r-bumin-aktiv\\\/#breadcrumb\"},\"inLanguage\":\"fr-FR\",\"potentialAction\":[{\"@type\":\"ReadAction\",\"target\":[\"https:\\\/\\\/rottmann-group.de\\\/fr\\\/produit\\\/r-bumin-aktiv\\\/\"]}]},{\"@type\":\"ImageObject\",\"inLanguage\":\"fr-FR\",\"@id\":\"https:\\\/\\\/rottmann-group.de\\\/fr\\\/produit\\\/r-bumin-aktiv\\\/#primaryimage\",\"url\":\"https:\\\/\\\/rottmann-group.de\\\/wp-content\\\/uploads\\\/2022\\\/07\\\/Futtermittelsack-Rind-R-Bumin-Aktiv.png\",\"contentUrl\":\"https:\\\/\\\/rottmann-group.de\\\/wp-content\\\/uploads\\\/2022\\\/07\\\/Futtermittelsack-Rind-R-Bumin-Aktiv.png\",\"width\":300,\"height\":300},{\"@type\":\"BreadcrumbList\",\"@id\":\"https:\\\/\\\/rottmann-group.de\\\/fr\\\/produit\\\/r-bumin-aktiv\\\/#breadcrumb\",\"itemListElement\":[{\"@type\":\"ListItem\",\"position\":1,\"name\":\"Startseite\",\"item\":\"https:\\\/\\\/rottmann-group.de\\\/fr\\\/page-daccueil\\\/\"},{\"@type\":\"ListItem\",\"position\":2,\"name\":\"Boutique\",\"item\":\"https:\\\/\\\/rottmann-group.de\\\/fr\\\/boutique\\\/\"},{\"@type\":\"ListItem\",\"position\":3,\"name\":\"R- Bumine active\"}]},{\"@type\":\"WebSite\",\"@id\":\"https:\\\/\\\/rottmann-group.de\\\/fr\\\/#website\",\"url\":\"https:\\\/\\\/rottmann-group.de\\\/fr\\\/\",\"name\":\"Rottmann Group\",\"description\":\"Das traditionelle Familienunternehmen bietet Ihnen: Ganzheitliche Futterkonzepte, Mahl- und Mischdienstleistungen und Dosiertechnik. Jetzt Kontakt aufnehmen!\",\"publisher\":{\"@id\":\"https:\\\/\\\/rottmann-group.de\\\/fr\\\/#organization\"},\"potentialAction\":[{\"@type\":\"SearchAction\",\"target\":{\"@type\":\"EntryPoint\",\"urlTemplate\":\"https:\\\/\\\/rottmann-group.de\\\/fr\\\/?s={search_term_string}\"},\"query-input\":{\"@type\":\"PropertyValueSpecification\",\"valueRequired\":true,\"valueName\":\"search_term_string\"}}],\"inLanguage\":\"fr-FR\"},{\"@type\":\"Organization\",\"@id\":\"https:\\\/\\\/rottmann-group.de\\\/fr\\\/#organization\",\"name\":\"Rottmann Group\",\"url\":\"https:\\\/\\\/rottmann-group.de\\\/fr\\\/\",\"logo\":{\"@type\":\"ImageObject\",\"inLanguage\":\"fr-FR\",\"@id\":\"https:\\\/\\\/rottmann-group.de\\\/fr\\\/#\\\/schema\\\/logo\\\/image\\\/\",\"url\":\"https:\\\/\\\/rottmann-group.de\\\/wp-content\\\/uploads\\\/2022\\\/11\\\/Bild_Rottmann.jpg\",\"contentUrl\":\"https:\\\/\\\/rottmann-group.de\\\/wp-content\\\/uploads\\\/2022\\\/11\\\/Bild_Rottmann.jpg\",\"width\":999,\"height\":636,\"caption\":\"Rottmann Group\"},\"image\":{\"@id\":\"https:\\\/\\\/rottmann-group.de\\\/fr\\\/#\\\/schema\\\/logo\\\/image\\\/\"},\"sameAs\":[\"https:\\\/\\\/www.facebook.com\\\/rottmanngroup\\\/?locale=de_DE\",\"https:\\\/\\\/www.instagram.com\\\/rottmann_group\\\/\"]}]}<\/script>\n<!-- \/ Yoast SEO plugin. -->","yoast_head_json":{"title":"R- Bumine active - Rottmann Group","robots":{"index":"index","follow":"follow","max-snippet":"max-snippet:-1","max-image-preview":"max-image-preview:large","max-video-preview":"max-video-preview:-1"},"canonical":"https:\/\/rottmann-group.de\/fr\/produit\/r-bumin-aktiv\/","og_locale":"fr_FR","og_type":"article","og_title":"R- Bumine active - Rottmann Group","og_description":"R- Bumin Aktiv est id\u00e9al pour l'alimentation des taureaux et des bovins d'engraissement. Gr\u00e2ce aux levures autolys\u00e9es, les bact\u00e9ries importantes du rumen se d\u00e9veloppent et se multiplient plus avantageusement, ce qui permet une utilisation optimale du fourrage de base et des concentr\u00e9s. L'utilisation de levures autolys\u00e9es permet une meilleure utilisation des aliments et donc une meilleure exploitation du potentiel g\u00e9n\u00e9tique.     Pour les taureaux et les bovins d'engraissement  Compl\u00e9ment alimentaire concentr\u00e9 ax\u00e9 sur la croissance  Une min\u00e9ralisation et une vitaminisation adapt\u00e9es aux besoins  Un apport \u00e9lev\u00e9 en vitamine B1  Levures autolys\u00e9es  S\u00e9l\u00e9nium prot\u00e9g\u00e9 dans le rumen  Haute disponibilit\u00e9 biologique du phosphore","og_url":"https:\/\/rottmann-group.de\/fr\/produit\/r-bumin-aktiv\/","og_site_name":"Rottmann Group","article_publisher":"https:\/\/www.facebook.com\/rottmanngroup\/?locale=de_DE","article_modified_time":"2025-03-26T15:02:05+00:00","og_image":[{"width":300,"height":300,"url":"https:\/\/rottmann-group.de\/wp-content\/uploads\/2022\/07\/Futtermittelsack-Rind-R-Bumin-Aktiv.png","type":"image\/png"}],"twitter_card":"summary_large_image","twitter_misc":{"Dur\u00e9e de lecture estim\u00e9e":"1 minute"},"schema":{"@context":"https:\/\/schema.org","@graph":[{"@type":"WebPage","@id":"https:\/\/rottmann-group.de\/fr\/produit\/r-bumin-aktiv\/","url":"https:\/\/rottmann-group.de\/fr\/produit\/r-bumin-aktiv\/","name":"R- Bumine active - Rottmann Group","isPartOf":{"@id":"https:\/\/rottmann-group.de\/fr\/#website"},"primaryImageOfPage":{"@id":"https:\/\/rottmann-group.de\/fr\/produit\/r-bumin-aktiv\/#primaryimage"},"image":{"@id":"https:\/\/rottmann-group.de\/fr\/produit\/r-bumin-aktiv\/#primaryimage"},"thumbnailUrl":"https:\/\/rottmann-group.de\/wp-content\/uploads\/2022\/07\/Futtermittelsack-Rind-R-Bumin-Aktiv.png","datePublished":"2022-07-20T12:38:48+00:00","dateModified":"2025-03-26T15:02:05+00:00","breadcrumb":{"@id":"https:\/\/rottmann-group.de\/fr\/produit\/r-bumin-aktiv\/#breadcrumb"},"inLanguage":"fr-FR","potentialAction":[{"@type":"ReadAction","target":["https:\/\/rottmann-group.de\/fr\/produit\/r-bumin-aktiv\/"]}]},{"@type":"ImageObject","inLanguage":"fr-FR","@id":"https:\/\/rottmann-group.de\/fr\/produit\/r-bumin-aktiv\/#primaryimage","url":"https:\/\/rottmann-group.de\/wp-content\/uploads\/2022\/07\/Futtermittelsack-Rind-R-Bumin-Aktiv.png","contentUrl":"https:\/\/rottmann-group.de\/wp-content\/uploads\/2022\/07\/Futtermittelsack-Rind-R-Bumin-Aktiv.png","width":300,"height":300},{"@type":"BreadcrumbList","@id":"https:\/\/rottmann-group.de\/fr\/produit\/r-bumin-aktiv\/#breadcrumb","itemListElement":[{"@type":"ListItem","position":1,"name":"Startseite","item":"https:\/\/rottmann-group.de\/fr\/page-daccueil\/"},{"@type":"ListItem","position":2,"name":"Boutique","item":"https:\/\/rottmann-group.de\/fr\/boutique\/"},{"@type":"ListItem","position":3,"name":"R- Bumine active"}]},{"@type":"WebSite","@id":"https:\/\/rottmann-group.de\/fr\/#website","url":"https:\/\/rottmann-group.de\/fr\/","name":"Rottmann Group","description":"Das traditionelle Familienunternehmen bietet Ihnen: Ganzheitliche Futterkonzepte, Mahl- und Mischdienstleistungen und Dosiertechnik. Jetzt Kontakt aufnehmen!","publisher":{"@id":"https:\/\/rottmann-group.de\/fr\/#organization"},"potentialAction":[{"@type":"SearchAction","target":{"@type":"EntryPoint","urlTemplate":"https:\/\/rottmann-group.de\/fr\/?s={search_term_string}"},"query-input":{"@type":"PropertyValueSpecification","valueRequired":true,"valueName":"search_term_string"}}],"inLanguage":"fr-FR"},{"@type":"Organization","@id":"https:\/\/rottmann-group.de\/fr\/#organization","name":"Rottmann Group","url":"https:\/\/rottmann-group.de\/fr\/","logo":{"@type":"ImageObject","inLanguage":"fr-FR","@id":"https:\/\/rottmann-group.de\/fr\/#\/schema\/logo\/image\/","url":"https:\/\/rottmann-group.de\/wp-content\/uploads\/2022\/11\/Bild_Rottmann.jpg","contentUrl":"https:\/\/rottmann-group.de\/wp-content\/uploads\/2022\/11\/Bild_Rottmann.jpg","width":999,"height":636,"caption":"Rottmann Group"},"image":{"@id":"https:\/\/rottmann-group.de\/fr\/#\/schema\/logo\/image\/"},"sameAs":["https:\/\/www.facebook.com\/rottmanngroup\/?locale=de_DE","https:\/\/www.instagram.com\/rottmann_group\/"]}]}},"_links":{"self":[{"href":"https:\/\/rottmann-group.de\/fr\/wp-json\/wp\/v2\/product\/12445","targetHints":{"allow":["GET"]}}],"collection":[{"href":"https:\/\/rottmann-group.de\/fr\/wp-json\/wp\/v2\/product"}],"about":[{"href":"https:\/\/rottmann-group.de\/fr\/wp-json\/wp\/v2\/types\/product"}],"replies":[{"embeddable":true,"href":"https:\/\/rottmann-group.de\/fr\/wp-json\/wp\/v2\/comments?post=12445"}],"wp:featuredmedia":[{"embeddable":true,"href":"https:\/\/rottmann-group.de\/fr\/wp-json\/wp\/v2\/media\/2856"}],"wp:attachment":[{"href":"https:\/\/rottmann-group.de\/fr\/wp-json\/wp\/v2\/media?parent=12445"}],"wp:term":[{"taxonomy":"product_brand","embeddable":true,"href":"https:\/\/rottmann-group.de\/fr\/wp-json\/wp\/v2\/product_brand?post=12445"},{"taxonomy":"product_cat","embeddable":true,"href":"https:\/\/rottmann-group.de\/fr\/wp-json\/wp\/v2\/product_cat?post=12445"},{"taxonomy":"product_tag","embeddable":true,"href":"https:\/\/rottmann-group.de\/fr\/wp-json\/wp\/v2\/product_tag?post=12445"}],"curies":[{"name":"wp","href":"https:\/\/api.w.org\/{rel}","templated":true}]}}