{"id":12430,"date":"2022-07-20T12:17:50","date_gmt":"2022-07-20T10:17:50","guid":{"rendered":"\/produkt\/r-top-actif\/"},"modified":"2025-03-26T16:02:09","modified_gmt":"2025-03-26T15:02:09","slug":"r-top-aktiv","status":"publish","type":"product","link":"https:\/\/rottmann-group.de\/fr\/produit\/r-top-aktiv\/","title":{"rendered":"R- Top Actif"},"content":{"rendered":"<p>R-Top Aktiv contient une combinaison unique d&rsquo;oligo-\u00e9l\u00e9ments, de vitamines et de min\u00e9raux hautement assimilables et offre ainsi une s\u00e9curit\u00e9 optimale en mati\u00e8re d&rsquo;oligo-\u00e9l\u00e9ments et de min\u00e9raux. Les levures autolys\u00e9es garantissent une utilisation optimale du fourrage de base et des concentr\u00e9s. L&rsquo;utilisation de levures autolys\u00e9es permet d&rsquo;augmenter l&rsquo;ingestion d&rsquo;aliments et donc de mieux exploiter le potentiel g\u00e9n\u00e9tique.  <\/p>\n<ul>\n<li>Pour les vaches en lactation<\/li>\n<li>Taux de fertilit\u00e9 \u00e9lev\u00e9<\/li>\n<li>Rendement laitier et contenu \u00e9lev\u00e9s<\/li>\n<li>Un impact optimal sur la sant\u00e9 des sabots<\/li>\n<li>R\u00e9duction du nombre de cellules dans le lait<\/li>\n<li>Meilleure utilisation des prot\u00e9ines gr\u00e2ce \u00e0 la m\u00e9thionine<\/li>\n<li>Levures autolys\u00e9es<\/li>\n<\/ul>\n","protected":false},"excerpt":{"rendered":"<p>R-Top Aktiv contient une combinaison unique d&rsquo;oligo-\u00e9l\u00e9ments, de vitamines et de min\u00e9raux hautement assimilables et offre ainsi une s\u00e9curit\u00e9 optimale en mati\u00e8re d&rsquo;oligo-\u00e9l\u00e9ments et de min\u00e9raux. Les levures autolys\u00e9es garantissent une utilisation optimale du fourrage de base et des concentr\u00e9s. L&rsquo;utilisation de levures autolys\u00e9es permet d&rsquo;augmenter l&rsquo;ingestion d&rsquo;aliments et donc de mieux exploiter le potentiel g\u00e9n\u00e9tique.  <\/p>\n<table width=\"100%\">\n<tbody>\n<tr>\n<td>\n<ul>\n<li>Pour les vaches en lactation<\/li>\n<li>Taux de fertilit\u00e9 \u00e9lev\u00e9<\/li>\n<li>Rendement laitier et contenu \u00e9lev\u00e9s<\/li>\n<li>Un impact optimal sur la sant\u00e9 des sabots<\/li>\n<li>R\u00e9duction du nombre de cellules dans le lait<\/li>\n<li>Meilleure utilisation des prot\u00e9ines gr\u00e2ce \u00e0 la m\u00e9thionine<\/li>\n<li>Levures autolys\u00e9es<\/li>\n<\/ul>\n<\/td>\n<td><img decoding=\"async\" class=\"alignnone size-full wp-image-672\" src=\"https:\/\/rottmann-group.de\/wp-content\/uploads\/produktpdf\/rottmann-empfehlung-rindermin.png\" alt=\"\" width=\"100\" height=\"100\" data-wp-editing=\"1\"><\/td>\n<\/tr>\n<\/tbody>\n<\/table>\n","protected":false},"featured_media":2844,"comment_status":"closed","ping_status":"closed","template":"","meta":{"_acf_changed":false},"product_brand":[],"product_cat":[409,223],"product_tag":[],"class_list":{"0":"post-12430","1":"product","2":"type-product","3":"status-publish","4":"has-post-thumbnail","6":"product_cat-aliments-pour-animaux","7":"product_cat-boeuf","9":"first","10":"instock","11":"shipping-taxable","12":"purchasable","13":"product-type-variable","14":"has-default-attributes"},"acf":[],"yoast_head":"<!-- This site is optimized with the Yoast SEO plugin v27.4 - https:\/\/yoast.com\/product\/yoast-seo-wordpress\/ -->\n<title>R- Top Actif - Rottmann Group<\/title>\n<meta name=\"robots\" content=\"index, follow, max-snippet:-1, max-image-preview:large, max-video-preview:-1\" \/>\n<link rel=\"canonical\" href=\"https:\/\/rottmann-group.de\/fr\/produit\/r-top-aktiv\/\" \/>\n<meta property=\"og:locale\" content=\"fr_FR\" \/>\n<meta property=\"og:type\" content=\"article\" \/>\n<meta property=\"og:title\" content=\"R- Top Actif - Rottmann Group\" \/>\n<meta property=\"og:description\" content=\"R-Top Aktiv contient une combinaison unique d&#039;oligo-\u00e9l\u00e9ments, de vitamines et de min\u00e9raux hautement assimilables et offre ainsi une s\u00e9curit\u00e9 optimale en mati\u00e8re d&#039;oligo-\u00e9l\u00e9ments et de min\u00e9raux. Les levures autolys\u00e9es garantissent une utilisation optimale du fourrage de base et des concentr\u00e9s. L&#039;utilisation de levures autolys\u00e9es permet d&#039;augmenter l&#039;ingestion d&#039;aliments et donc de mieux exploiter le potentiel g\u00e9n\u00e9tique.     Pour les vaches en lactation  Taux de fertilit\u00e9 \u00e9lev\u00e9  Rendement laitier et contenu \u00e9lev\u00e9s  Un impact optimal sur la sant\u00e9 des sabots  R\u00e9duction du nombre de cellules dans le lait  Meilleure utilisation des prot\u00e9ines gr\u00e2ce \u00e0 la m\u00e9thionine  Levures autolys\u00e9es\" \/>\n<meta property=\"og:url\" content=\"https:\/\/rottmann-group.de\/fr\/produit\/r-top-aktiv\/\" \/>\n<meta property=\"og:site_name\" content=\"Rottmann Group\" \/>\n<meta property=\"article:modified_time\" content=\"2025-03-26T15:02:09+00:00\" \/>\n<meta property=\"og:image\" content=\"https:\/\/rottmann-group.de\/wp-content\/uploads\/2022\/07\/Futtermittelsack-Rind-R-Top-Aktiv.png\" \/>\n\t<meta property=\"og:image:width\" content=\"300\" \/>\n\t<meta property=\"og:image:height\" content=\"300\" \/>\n\t<meta property=\"og:image:type\" content=\"image\/png\" \/>\n<meta name=\"twitter:card\" content=\"summary_large_image\" \/>\n<meta name=\"twitter:label1\" content=\"Dur\u00e9e de lecture estim\u00e9e\" \/>\n\t<meta name=\"twitter:data1\" content=\"1 minute\" \/>\n<script type=\"application\/ld+json\" class=\"yoast-schema-graph\">{\"@context\":\"https:\\\/\\\/schema.org\",\"@graph\":[{\"@type\":\"WebPage\",\"@id\":\"https:\\\/\\\/rottmann-group.de\\\/fr\\\/produit\\\/r-top-aktiv\\\/\",\"url\":\"https:\\\/\\\/rottmann-group.de\\\/fr\\\/produit\\\/r-top-aktiv\\\/\",\"name\":\"R- Top Actif - Rottmann Group\",\"isPartOf\":{\"@id\":\"https:\\\/\\\/rottmann-group.de\\\/fr\\\/#website\"},\"primaryImageOfPage\":{\"@id\":\"https:\\\/\\\/rottmann-group.de\\\/fr\\\/produit\\\/r-top-aktiv\\\/#primaryimage\"},\"image\":{\"@id\":\"https:\\\/\\\/rottmann-group.de\\\/fr\\\/produit\\\/r-top-aktiv\\\/#primaryimage\"},\"thumbnailUrl\":\"https:\\\/\\\/rottmann-group.de\\\/wp-content\\\/uploads\\\/2022\\\/07\\\/Futtermittelsack-Rind-R-Top-Aktiv.png\",\"datePublished\":\"2022-07-20T10:17:50+00:00\",\"dateModified\":\"2025-03-26T15:02:09+00:00\",\"breadcrumb\":{\"@id\":\"https:\\\/\\\/rottmann-group.de\\\/fr\\\/produit\\\/r-top-aktiv\\\/#breadcrumb\"},\"inLanguage\":\"fr-FR\",\"potentialAction\":[{\"@type\":\"ReadAction\",\"target\":[\"https:\\\/\\\/rottmann-group.de\\\/fr\\\/produit\\\/r-top-aktiv\\\/\"]}]},{\"@type\":\"ImageObject\",\"inLanguage\":\"fr-FR\",\"@id\":\"https:\\\/\\\/rottmann-group.de\\\/fr\\\/produit\\\/r-top-aktiv\\\/#primaryimage\",\"url\":\"https:\\\/\\\/rottmann-group.de\\\/wp-content\\\/uploads\\\/2022\\\/07\\\/Futtermittelsack-Rind-R-Top-Aktiv.png\",\"contentUrl\":\"https:\\\/\\\/rottmann-group.de\\\/wp-content\\\/uploads\\\/2022\\\/07\\\/Futtermittelsack-Rind-R-Top-Aktiv.png\",\"width\":300,\"height\":300},{\"@type\":\"BreadcrumbList\",\"@id\":\"https:\\\/\\\/rottmann-group.de\\\/fr\\\/produit\\\/r-top-aktiv\\\/#breadcrumb\",\"itemListElement\":[{\"@type\":\"ListItem\",\"position\":1,\"name\":\"Startseite\",\"item\":\"https:\\\/\\\/rottmann-group.de\\\/fr\\\/page-daccueil\\\/\"},{\"@type\":\"ListItem\",\"position\":2,\"name\":\"Boutique\",\"item\":\"https:\\\/\\\/rottmann-group.de\\\/fr\\\/boutique\\\/\"},{\"@type\":\"ListItem\",\"position\":3,\"name\":\"R- Top Actif\"}]},{\"@type\":\"WebSite\",\"@id\":\"https:\\\/\\\/rottmann-group.de\\\/fr\\\/#website\",\"url\":\"https:\\\/\\\/rottmann-group.de\\\/fr\\\/\",\"name\":\"Rottmann Group\",\"description\":\"Das traditionelle Familienunternehmen bietet Ihnen: Ganzheitliche Futterkonzepte, Mahl- und Mischdienstleistungen und Dosiertechnik. Jetzt Kontakt aufnehmen!\",\"potentialAction\":[{\"@type\":\"SearchAction\",\"target\":{\"@type\":\"EntryPoint\",\"urlTemplate\":\"https:\\\/\\\/rottmann-group.de\\\/fr\\\/?s={search_term_string}\"},\"query-input\":{\"@type\":\"PropertyValueSpecification\",\"valueRequired\":true,\"valueName\":\"search_term_string\"}}],\"inLanguage\":\"fr-FR\"}]}<\/script>\n<!-- \/ Yoast SEO plugin. -->","yoast_head_json":{"title":"R- Top Actif - Rottmann Group","robots":{"index":"index","follow":"follow","max-snippet":"max-snippet:-1","max-image-preview":"max-image-preview:large","max-video-preview":"max-video-preview:-1"},"canonical":"https:\/\/rottmann-group.de\/fr\/produit\/r-top-aktiv\/","og_locale":"fr_FR","og_type":"article","og_title":"R- Top Actif - Rottmann Group","og_description":"R-Top Aktiv contient une combinaison unique d'oligo-\u00e9l\u00e9ments, de vitamines et de min\u00e9raux hautement assimilables et offre ainsi une s\u00e9curit\u00e9 optimale en mati\u00e8re d'oligo-\u00e9l\u00e9ments et de min\u00e9raux. Les levures autolys\u00e9es garantissent une utilisation optimale du fourrage de base et des concentr\u00e9s. L'utilisation de levures autolys\u00e9es permet d'augmenter l'ingestion d'aliments et donc de mieux exploiter le potentiel g\u00e9n\u00e9tique.     Pour les vaches en lactation  Taux de fertilit\u00e9 \u00e9lev\u00e9  Rendement laitier et contenu \u00e9lev\u00e9s  Un impact optimal sur la sant\u00e9 des sabots  R\u00e9duction du nombre de cellules dans le lait  Meilleure utilisation des prot\u00e9ines gr\u00e2ce \u00e0 la m\u00e9thionine  Levures autolys\u00e9es","og_url":"https:\/\/rottmann-group.de\/fr\/produit\/r-top-aktiv\/","og_site_name":"Rottmann Group","article_modified_time":"2025-03-26T15:02:09+00:00","og_image":[{"width":300,"height":300,"url":"https:\/\/rottmann-group.de\/wp-content\/uploads\/2022\/07\/Futtermittelsack-Rind-R-Top-Aktiv.png","type":"image\/png"}],"twitter_card":"summary_large_image","twitter_misc":{"Dur\u00e9e de lecture estim\u00e9e":"1 minute"},"schema":{"@context":"https:\/\/schema.org","@graph":[{"@type":"WebPage","@id":"https:\/\/rottmann-group.de\/fr\/produit\/r-top-aktiv\/","url":"https:\/\/rottmann-group.de\/fr\/produit\/r-top-aktiv\/","name":"R- Top Actif - Rottmann Group","isPartOf":{"@id":"https:\/\/rottmann-group.de\/fr\/#website"},"primaryImageOfPage":{"@id":"https:\/\/rottmann-group.de\/fr\/produit\/r-top-aktiv\/#primaryimage"},"image":{"@id":"https:\/\/rottmann-group.de\/fr\/produit\/r-top-aktiv\/#primaryimage"},"thumbnailUrl":"https:\/\/rottmann-group.de\/wp-content\/uploads\/2022\/07\/Futtermittelsack-Rind-R-Top-Aktiv.png","datePublished":"2022-07-20T10:17:50+00:00","dateModified":"2025-03-26T15:02:09+00:00","breadcrumb":{"@id":"https:\/\/rottmann-group.de\/fr\/produit\/r-top-aktiv\/#breadcrumb"},"inLanguage":"fr-FR","potentialAction":[{"@type":"ReadAction","target":["https:\/\/rottmann-group.de\/fr\/produit\/r-top-aktiv\/"]}]},{"@type":"ImageObject","inLanguage":"fr-FR","@id":"https:\/\/rottmann-group.de\/fr\/produit\/r-top-aktiv\/#primaryimage","url":"https:\/\/rottmann-group.de\/wp-content\/uploads\/2022\/07\/Futtermittelsack-Rind-R-Top-Aktiv.png","contentUrl":"https:\/\/rottmann-group.de\/wp-content\/uploads\/2022\/07\/Futtermittelsack-Rind-R-Top-Aktiv.png","width":300,"height":300},{"@type":"BreadcrumbList","@id":"https:\/\/rottmann-group.de\/fr\/produit\/r-top-aktiv\/#breadcrumb","itemListElement":[{"@type":"ListItem","position":1,"name":"Startseite","item":"https:\/\/rottmann-group.de\/fr\/page-daccueil\/"},{"@type":"ListItem","position":2,"name":"Boutique","item":"https:\/\/rottmann-group.de\/fr\/boutique\/"},{"@type":"ListItem","position":3,"name":"R- Top Actif"}]},{"@type":"WebSite","@id":"https:\/\/rottmann-group.de\/fr\/#website","url":"https:\/\/rottmann-group.de\/fr\/","name":"Rottmann Group","description":"Das traditionelle Familienunternehmen bietet Ihnen: Ganzheitliche Futterkonzepte, Mahl- und Mischdienstleistungen und Dosiertechnik. Jetzt Kontakt aufnehmen!","potentialAction":[{"@type":"SearchAction","target":{"@type":"EntryPoint","urlTemplate":"https:\/\/rottmann-group.de\/fr\/?s={search_term_string}"},"query-input":{"@type":"PropertyValueSpecification","valueRequired":true,"valueName":"search_term_string"}}],"inLanguage":"fr-FR"}]}},"_links":{"self":[{"href":"https:\/\/rottmann-group.de\/fr\/wp-json\/wp\/v2\/product\/12430","targetHints":{"allow":["GET"]}}],"collection":[{"href":"https:\/\/rottmann-group.de\/fr\/wp-json\/wp\/v2\/product"}],"about":[{"href":"https:\/\/rottmann-group.de\/fr\/wp-json\/wp\/v2\/types\/product"}],"replies":[{"embeddable":true,"href":"https:\/\/rottmann-group.de\/fr\/wp-json\/wp\/v2\/comments?post=12430"}],"wp:featuredmedia":[{"embeddable":true,"href":"https:\/\/rottmann-group.de\/fr\/wp-json\/wp\/v2\/media\/2844"}],"wp:attachment":[{"href":"https:\/\/rottmann-group.de\/fr\/wp-json\/wp\/v2\/media?parent=12430"}],"wp:term":[{"taxonomy":"product_brand","embeddable":true,"href":"https:\/\/rottmann-group.de\/fr\/wp-json\/wp\/v2\/product_brand?post=12430"},{"taxonomy":"product_cat","embeddable":true,"href":"https:\/\/rottmann-group.de\/fr\/wp-json\/wp\/v2\/product_cat?post=12430"},{"taxonomy":"product_tag","embeddable":true,"href":"https:\/\/rottmann-group.de\/fr\/wp-json\/wp\/v2\/product_tag?post=12430"}],"curies":[{"name":"wp","href":"https:\/\/api.w.org\/{rel}","templated":true}]}}