{"id":12140,"date":"2024-06-19T10:58:00","date_gmt":"2024-06-19T08:58:00","guid":{"rendered":"\/produkt\/r-trockmin-mg\/"},"modified":"2024-12-03T07:51:10","modified_gmt":"2024-12-03T06:51:10","slug":"r-trockmin-mg","status":"publish","type":"product","link":"https:\/\/rottmann-group.de\/fr\/produit\/r-trockmin-mg\/","title":{"rendered":"R-Trockmin-MG"},"content":{"rendered":"<p><span class=\"fontstyle0\">Aliment min\u00e9ral pour bovins.<\/span><\/p>\n<ul>\n<li><span class=\"fontstyle0\">Teneur \u00e9lev\u00e9e en magn\u00e9sium pour pr\u00e9venir la fi\u00e8vre de lait<\/span><\/li>\n<li><span class=\"fontstyle0\">Teneur \u00e9lev\u00e9e en vitamines<\/span><\/li>\n<li><span class=\"fontstyle0\">Mangan\u00e8se, zinc et cuivre avec des hydroxy-oligo-\u00e9l\u00e9ments qui ont une biodisponibilit\u00e9 comparable \u00e0 celle des glycinates.<\/span><\/li>\n<li><span class=\"fontstyle0\">Faible teneur en calcium et en phosphore<\/span><\/li>\n<li><span class=\"fontstyle0\">le s\u00e9l\u00e9nium : Avec levure de s\u00e9l\u00e9nium<\/span><\/li>\n<\/ul>\n","protected":false},"excerpt":{"rendered":"<p><span class=\"fontstyle0\">R Mine s\u00e8che : Id\u00e9ale pour les animaux en tarissement, elle contient peu de calcium et de phosphore, mais est riche en magn\u00e9sium, vitamines et oligo-\u00e9l\u00e9ments biodisponibles tels que le s\u00e9l\u00e9nium, le mangan\u00e8se, le zinc et le cuivre.<\/span><\/p>\n","protected":false},"featured_media":11646,"comment_status":"closed","ping_status":"closed","template":"","meta":{"_acf_changed":false},"product_brand":[],"product_cat":[223],"product_tag":[],"class_list":{"0":"post-12140","1":"product","2":"type-product","3":"status-publish","4":"has-post-thumbnail","6":"product_cat-boeuf","8":"first","9":"instock","10":"shipping-taxable","11":"product-type-simple"},"acf":[],"yoast_head":"<!-- This site is optimized with the Yoast SEO plugin v27.4 - https:\/\/yoast.com\/product\/yoast-seo-wordpress\/ -->\n<title>R-Trockmin-MG - Rottmann Group<\/title>\n<meta name=\"robots\" content=\"index, follow, max-snippet:-1, max-image-preview:large, max-video-preview:-1\" \/>\n<link rel=\"canonical\" href=\"https:\/\/rottmann-group.de\/fr\/produit\/r-trockmin-mg\/\" \/>\n<meta property=\"og:locale\" content=\"fr_FR\" \/>\n<meta property=\"og:type\" content=\"article\" \/>\n<meta property=\"og:title\" content=\"R-Trockmin-MG - Rottmann Group\" \/>\n<meta property=\"og:description\" content=\"R Mine s\u00e8che : Id\u00e9ale pour les animaux en tarissement, elle contient peu de calcium et de phosphore, mais est riche en magn\u00e9sium, vitamines et oligo-\u00e9l\u00e9ments biodisponibles tels que le s\u00e9l\u00e9nium, le mangan\u00e8se, le zinc et le cuivre.\" \/>\n<meta property=\"og:url\" content=\"https:\/\/rottmann-group.de\/fr\/produit\/r-trockmin-mg\/\" \/>\n<meta property=\"og:site_name\" content=\"Rottmann Group\" \/>\n<meta property=\"article:modified_time\" content=\"2024-12-03T06:51:10+00:00\" \/>\n<meta property=\"og:image\" content=\"https:\/\/rottmann-group.de\/wp-content\/uploads\/2024\/06\/Trockmin-MG.png\" \/>\n\t<meta property=\"og:image:width\" content=\"300\" \/>\n\t<meta property=\"og:image:height\" content=\"300\" \/>\n\t<meta property=\"og:image:type\" content=\"image\/png\" \/>\n<meta name=\"twitter:card\" content=\"summary_large_image\" \/>\n<script type=\"application\/ld+json\" class=\"yoast-schema-graph\">{\"@context\":\"https:\\\/\\\/schema.org\",\"@graph\":[{\"@type\":\"WebPage\",\"@id\":\"https:\\\/\\\/rottmann-group.de\\\/fr\\\/produit\\\/r-trockmin-mg\\\/\",\"url\":\"https:\\\/\\\/rottmann-group.de\\\/fr\\\/produit\\\/r-trockmin-mg\\\/\",\"name\":\"R-Trockmin-MG - Rottmann Group\",\"isPartOf\":{\"@id\":\"https:\\\/\\\/rottmann-group.de\\\/fr\\\/#website\"},\"primaryImageOfPage\":{\"@id\":\"https:\\\/\\\/rottmann-group.de\\\/fr\\\/produit\\\/r-trockmin-mg\\\/#primaryimage\"},\"image\":{\"@id\":\"https:\\\/\\\/rottmann-group.de\\\/fr\\\/produit\\\/r-trockmin-mg\\\/#primaryimage\"},\"thumbnailUrl\":\"https:\\\/\\\/rottmann-group.de\\\/wp-content\\\/uploads\\\/2024\\\/06\\\/Trockmin-MG.png\",\"datePublished\":\"2024-06-19T08:58:00+00:00\",\"dateModified\":\"2024-12-03T06:51:10+00:00\",\"breadcrumb\":{\"@id\":\"https:\\\/\\\/rottmann-group.de\\\/fr\\\/produit\\\/r-trockmin-mg\\\/#breadcrumb\"},\"inLanguage\":\"fr-FR\",\"potentialAction\":[{\"@type\":\"ReadAction\",\"target\":[\"https:\\\/\\\/rottmann-group.de\\\/fr\\\/produit\\\/r-trockmin-mg\\\/\"]}]},{\"@type\":\"ImageObject\",\"inLanguage\":\"fr-FR\",\"@id\":\"https:\\\/\\\/rottmann-group.de\\\/fr\\\/produit\\\/r-trockmin-mg\\\/#primaryimage\",\"url\":\"https:\\\/\\\/rottmann-group.de\\\/wp-content\\\/uploads\\\/2024\\\/06\\\/Trockmin-MG.png\",\"contentUrl\":\"https:\\\/\\\/rottmann-group.de\\\/wp-content\\\/uploads\\\/2024\\\/06\\\/Trockmin-MG.png\",\"width\":300,\"height\":300},{\"@type\":\"BreadcrumbList\",\"@id\":\"https:\\\/\\\/rottmann-group.de\\\/fr\\\/produit\\\/r-trockmin-mg\\\/#breadcrumb\",\"itemListElement\":[{\"@type\":\"ListItem\",\"position\":1,\"name\":\"Startseite\",\"item\":\"https:\\\/\\\/rottmann-group.de\\\/fr\\\/page-daccueil\\\/\"},{\"@type\":\"ListItem\",\"position\":2,\"name\":\"Boutique\",\"item\":\"https:\\\/\\\/rottmann-group.de\\\/fr\\\/boutique\\\/\"},{\"@type\":\"ListItem\",\"position\":3,\"name\":\"R-Trockmin-MG\"}]},{\"@type\":\"WebSite\",\"@id\":\"https:\\\/\\\/rottmann-group.de\\\/fr\\\/#website\",\"url\":\"https:\\\/\\\/rottmann-group.de\\\/fr\\\/\",\"name\":\"Rottmann Group\",\"description\":\"Das traditionelle Familienunternehmen bietet Ihnen: Ganzheitliche Futterkonzepte, Mahl- und Mischdienstleistungen und Dosiertechnik. Jetzt Kontakt aufnehmen!\",\"potentialAction\":[{\"@type\":\"SearchAction\",\"target\":{\"@type\":\"EntryPoint\",\"urlTemplate\":\"https:\\\/\\\/rottmann-group.de\\\/fr\\\/?s={search_term_string}\"},\"query-input\":{\"@type\":\"PropertyValueSpecification\",\"valueRequired\":true,\"valueName\":\"search_term_string\"}}],\"inLanguage\":\"fr-FR\"}]}<\/script>\n<!-- \/ Yoast SEO plugin. -->","yoast_head_json":{"title":"R-Trockmin-MG - Rottmann Group","robots":{"index":"index","follow":"follow","max-snippet":"max-snippet:-1","max-image-preview":"max-image-preview:large","max-video-preview":"max-video-preview:-1"},"canonical":"https:\/\/rottmann-group.de\/fr\/produit\/r-trockmin-mg\/","og_locale":"fr_FR","og_type":"article","og_title":"R-Trockmin-MG - Rottmann Group","og_description":"R Mine s\u00e8che : Id\u00e9ale pour les animaux en tarissement, elle contient peu de calcium et de phosphore, mais est riche en magn\u00e9sium, vitamines et oligo-\u00e9l\u00e9ments biodisponibles tels que le s\u00e9l\u00e9nium, le mangan\u00e8se, le zinc et le cuivre.","og_url":"https:\/\/rottmann-group.de\/fr\/produit\/r-trockmin-mg\/","og_site_name":"Rottmann Group","article_modified_time":"2024-12-03T06:51:10+00:00","og_image":[{"width":300,"height":300,"url":"https:\/\/rottmann-group.de\/wp-content\/uploads\/2024\/06\/Trockmin-MG.png","type":"image\/png"}],"twitter_card":"summary_large_image","schema":{"@context":"https:\/\/schema.org","@graph":[{"@type":"WebPage","@id":"https:\/\/rottmann-group.de\/fr\/produit\/r-trockmin-mg\/","url":"https:\/\/rottmann-group.de\/fr\/produit\/r-trockmin-mg\/","name":"R-Trockmin-MG - Rottmann Group","isPartOf":{"@id":"https:\/\/rottmann-group.de\/fr\/#website"},"primaryImageOfPage":{"@id":"https:\/\/rottmann-group.de\/fr\/produit\/r-trockmin-mg\/#primaryimage"},"image":{"@id":"https:\/\/rottmann-group.de\/fr\/produit\/r-trockmin-mg\/#primaryimage"},"thumbnailUrl":"https:\/\/rottmann-group.de\/wp-content\/uploads\/2024\/06\/Trockmin-MG.png","datePublished":"2024-06-19T08:58:00+00:00","dateModified":"2024-12-03T06:51:10+00:00","breadcrumb":{"@id":"https:\/\/rottmann-group.de\/fr\/produit\/r-trockmin-mg\/#breadcrumb"},"inLanguage":"fr-FR","potentialAction":[{"@type":"ReadAction","target":["https:\/\/rottmann-group.de\/fr\/produit\/r-trockmin-mg\/"]}]},{"@type":"ImageObject","inLanguage":"fr-FR","@id":"https:\/\/rottmann-group.de\/fr\/produit\/r-trockmin-mg\/#primaryimage","url":"https:\/\/rottmann-group.de\/wp-content\/uploads\/2024\/06\/Trockmin-MG.png","contentUrl":"https:\/\/rottmann-group.de\/wp-content\/uploads\/2024\/06\/Trockmin-MG.png","width":300,"height":300},{"@type":"BreadcrumbList","@id":"https:\/\/rottmann-group.de\/fr\/produit\/r-trockmin-mg\/#breadcrumb","itemListElement":[{"@type":"ListItem","position":1,"name":"Startseite","item":"https:\/\/rottmann-group.de\/fr\/page-daccueil\/"},{"@type":"ListItem","position":2,"name":"Boutique","item":"https:\/\/rottmann-group.de\/fr\/boutique\/"},{"@type":"ListItem","position":3,"name":"R-Trockmin-MG"}]},{"@type":"WebSite","@id":"https:\/\/rottmann-group.de\/fr\/#website","url":"https:\/\/rottmann-group.de\/fr\/","name":"Rottmann Group","description":"Das traditionelle Familienunternehmen bietet Ihnen: Ganzheitliche Futterkonzepte, Mahl- und Mischdienstleistungen und Dosiertechnik. Jetzt Kontakt aufnehmen!","potentialAction":[{"@type":"SearchAction","target":{"@type":"EntryPoint","urlTemplate":"https:\/\/rottmann-group.de\/fr\/?s={search_term_string}"},"query-input":{"@type":"PropertyValueSpecification","valueRequired":true,"valueName":"search_term_string"}}],"inLanguage":"fr-FR"}]}},"_links":{"self":[{"href":"https:\/\/rottmann-group.de\/fr\/wp-json\/wp\/v2\/product\/12140","targetHints":{"allow":["GET"]}}],"collection":[{"href":"https:\/\/rottmann-group.de\/fr\/wp-json\/wp\/v2\/product"}],"about":[{"href":"https:\/\/rottmann-group.de\/fr\/wp-json\/wp\/v2\/types\/product"}],"replies":[{"embeddable":true,"href":"https:\/\/rottmann-group.de\/fr\/wp-json\/wp\/v2\/comments?post=12140"}],"wp:featuredmedia":[{"embeddable":true,"href":"https:\/\/rottmann-group.de\/fr\/wp-json\/wp\/v2\/media\/11646"}],"wp:attachment":[{"href":"https:\/\/rottmann-group.de\/fr\/wp-json\/wp\/v2\/media?parent=12140"}],"wp:term":[{"taxonomy":"product_brand","embeddable":true,"href":"https:\/\/rottmann-group.de\/fr\/wp-json\/wp\/v2\/product_brand?post=12140"},{"taxonomy":"product_cat","embeddable":true,"href":"https:\/\/rottmann-group.de\/fr\/wp-json\/wp\/v2\/product_cat?post=12140"},{"taxonomy":"product_tag","embeddable":true,"href":"https:\/\/rottmann-group.de\/fr\/wp-json\/wp\/v2\/product_tag?post=12140"}],"curies":[{"name":"wp","href":"https:\/\/api.w.org\/{rel}","templated":true}]}}