{"id":12136,"date":"2024-03-20T10:44:12","date_gmt":"2024-03-20T09:44:12","guid":{"rendered":"\/produkt\/veaux-tmr\/"},"modified":"2026-04-22T07:56:03","modified_gmt":"2026-04-22T05:56:03","slug":"kaelber-tmr","status":"publish","type":"product","link":"https:\/\/rottmann-group.de\/fr\/produkt\/kaelber-tmr\/","title":{"rendered":"Veaux TMR"},"content":{"rendered":"<h4>1er RTM des veaux pour un \u00e9levage r\u00e9ussi<\/h4>\n<p>R-K\u00e4lber TMR est une ration totale m\u00e9lang\u00e9e sp\u00e9cialement con\u00e7ue pour l&rsquo;\u00e9levage des veaux, qui vise un d\u00e9veloppement stable et une grande vitalit\u00e9. Gr\u00e2ce \u00e0 la combinaison harmonis\u00e9e d&rsquo;\u00e9nergie, de structure et de composants fonctionnels, elle favorise un d\u00e9marrage optimal de la phase d&rsquo;\u00e9levage et assure une alimentation s\u00fbre et pratique. <\/p>\n<ul data-start=\"610\" data-end=\"744\">\n<li data-section-id=\"1snc790\" data-start=\"610\" data-end=\"651\">con\u00e7u pour les veaux d&rsquo;\u00e9levage<\/li>\n<li data-section-id=\"1s6bnd6\" data-start=\"652\" data-end=\"693\">favorise une prise alimentaire pr\u00e9coce<\/li>\n<li data-section-id=\"u13b1x\" data-start=\"694\" data-end=\"744\">pour une alimentation stable et \u00e9conomique<\/li>\n<\/ul>\n<h4 data-section-id=\"1i8ybfd\" data-start=\"751\" data-end=\"813\">2. avec des composants dig\u00e9r\u00e9s et des levures autolys\u00e9es<\/h4>\n<p data-start=\"815\" data-end=\"1108\">La recette des R-K\u00e4lber TMR est bas\u00e9e sur des mati\u00e8res premi\u00e8res de haute qualit\u00e9, dig\u00e9r\u00e9es, qui permettent une digestibilit\u00e9 \u00e9lev\u00e9e. Le concept est compl\u00e9t\u00e9 par des levures autolys\u00e9es qui favorisent de mani\u00e8re cibl\u00e9e le d\u00e9veloppement et l&rsquo;activit\u00e9 de bact\u00e9ries importantes du rumen et am\u00e9liorent ainsi la conversion alimentaire. <\/p>\n<ul data-start=\"1110\" data-end=\"1329\">\n<li data-section-id=\"gzus72\" data-start=\"1110\" data-end=\"1154\">des composants de haute qualit\u00e9, d\u00e9compos\u00e9s<\/li>\n<li data-section-id=\"jpspzi\" data-start=\"1155\" data-end=\"1209\">haute app\u00e9tence pour une prise alimentaire optimale<\/li>\n<li data-section-id=\"3saf1\" data-start=\"1210\" data-end=\"1271\">avec des levures autolys\u00e9es pour favoriser les bact\u00e9ries du rumen<\/li>\n<li data-section-id=\"ez2dbl\" data-start=\"1272\" data-end=\"1329\">favorise la valorisation des fourrages de base et des concentr\u00e9s<\/li>\n<\/ul>\n<h4 data-section-id=\"1x7gt7g\" data-start=\"1336\" data-end=\"1394\">3. pour la vitalit\u00e9, le d\u00e9veloppement du rumen et l&rsquo;efficacit\u00e9 alimentaire<\/h4>\n<p data-start=\"1396\" data-end=\"1659\">Une attention particuli\u00e8re est accord\u00e9e au d\u00e9veloppement pr\u00e9coce du syst\u00e8me digestif et \u00e0 la performance \u00e0 long terme des animaux. En favorisant le d\u00e9veloppement du rumen de mani\u00e8re cibl\u00e9e, on pose les bases d&rsquo;une utilisation efficace des nutriments et d&rsquo;animaux en bonne sant\u00e9. <\/p>\n<ul data-start=\"1661\" data-end=\"1828\">\n<li data-section-id=\"1xi19kb\" data-start=\"1661\" data-end=\"1697\">favorise la vitalit\u00e9 des veaux<\/li>\n<li data-section-id=\"v5d4ee\" data-start=\"1698\" data-end=\"1741\">soutient le d\u00e9veloppement de la panse<\/li>\n<li data-section-id=\"zxwrgv\" data-start=\"1742\" data-end=\"1776\">am\u00e9liore l&rsquo;efficacit\u00e9 alimentaire<\/li>\n<li data-section-id=\"u3l3ps\" data-start=\"1777\" data-end=\"1828\">assure un d\u00e9marrage optimal de l&rsquo;\u00e9levage<\/li>\n<\/ul>\n","protected":false},"excerpt":{"rendered":"<p>R-K\u00e4lber TMR favorise la <strong>vitalit\u00e9<\/strong> des veaux gr\u00e2ce \u00e0 des composants de qualit\u00e9 sup\u00e9rieure et d\u00e9compos\u00e9s. Sa <strong>haute app\u00e9tence<\/strong> assure une <strong>prise alimentaire pr\u00e9coce<\/strong> et un d\u00e9marrage optimal de l&rsquo;\u00e9levage. Les levures autolys\u00e9es soutiennent de mani\u00e8re cibl\u00e9e le d\u00e9veloppement <strong>de bact\u00e9ries importantes dans le rumen<\/strong> et am\u00e9liorent ainsi l&rsquo;utilisation du fourrage de base et des concentr\u00e9s.  <\/p>\n","protected":false},"featured_media":10948,"comment_status":"closed","ping_status":"closed","template":"","meta":{"_acf_changed":false},"product_brand":[],"product_cat":[409,223],"product_tag":[],"class_list":{"0":"post-12136","1":"product","2":"type-product","3":"status-publish","4":"has-post-thumbnail","6":"product_cat-aliments-pour-animaux","7":"product_cat-boeuf","9":"first","10":"instock","11":"shipping-taxable","12":"product-type-variable","13":"has-default-attributes"},"acf":[],"yoast_head":"<!-- This site is optimized with the Yoast SEO plugin v27.4 - https:\/\/yoast.com\/product\/yoast-seo-wordpress\/ -->\n<title>Veaux TMR - Rottmann Group<\/title>\n<meta name=\"description\" content=\"Veaux TMR pour un d\u00e9veloppement stable : structure, \u00e9nergie et nutriments combin\u00e9s de mani\u00e8re optimale pour un \u00e9levage sain et des veaux performants.\" \/>\n<meta name=\"robots\" content=\"index, follow, max-snippet:-1, max-image-preview:large, max-video-preview:-1\" \/>\n<link rel=\"canonical\" href=\"https:\/\/rottmann-group.de\/fr\/produkt\/kaelber-tmr\/\" \/>\n<meta property=\"og:locale\" content=\"fr_FR\" \/>\n<meta property=\"og:type\" content=\"article\" \/>\n<meta property=\"og:title\" content=\"Veaux TMR - Rottmann Group\" \/>\n<meta property=\"og:description\" content=\"Veaux TMR pour un d\u00e9veloppement stable : structure, \u00e9nergie et nutriments combin\u00e9s de mani\u00e8re optimale pour un \u00e9levage sain et des veaux performants.\" \/>\n<meta property=\"og:url\" content=\"https:\/\/rottmann-group.de\/fr\/produkt\/kaelber-tmr\/\" \/>\n<meta property=\"og:site_name\" content=\"Rottmann Group\" \/>\n<meta property=\"article:publisher\" content=\"https:\/\/www.facebook.com\/rottmanngroup\/?locale=de_DE\" \/>\n<meta property=\"article:modified_time\" content=\"2026-04-22T05:56:03+00:00\" \/>\n<meta property=\"og:image\" content=\"https:\/\/rottmann-group.de\/wp-content\/uploads\/2024\/05\/Futtermittelsack-Rind-R-Kaelber-TMR.png\" \/>\n\t<meta property=\"og:image:width\" content=\"300\" \/>\n\t<meta property=\"og:image:height\" content=\"300\" \/>\n\t<meta property=\"og:image:type\" content=\"image\/png\" \/>\n<meta name=\"twitter:card\" content=\"summary_large_image\" \/>\n<meta name=\"twitter:label1\" content=\"Dur\u00e9e de lecture estim\u00e9e\" \/>\n\t<meta name=\"twitter:data1\" content=\"1 minute\" \/>\n<script type=\"application\/ld+json\" class=\"yoast-schema-graph\">{\"@context\":\"https:\\\/\\\/schema.org\",\"@graph\":[{\"@type\":\"WebPage\",\"@id\":\"https:\\\/\\\/rottmann-group.de\\\/fr\\\/produkt\\\/kaelber-tmr\\\/\",\"url\":\"https:\\\/\\\/rottmann-group.de\\\/fr\\\/produkt\\\/kaelber-tmr\\\/\",\"name\":\"Veaux TMR - Rottmann Group\",\"isPartOf\":{\"@id\":\"https:\\\/\\\/rottmann-group.de\\\/#website\"},\"primaryImageOfPage\":{\"@id\":\"https:\\\/\\\/rottmann-group.de\\\/fr\\\/produkt\\\/kaelber-tmr\\\/#primaryimage\"},\"image\":{\"@id\":\"https:\\\/\\\/rottmann-group.de\\\/fr\\\/produkt\\\/kaelber-tmr\\\/#primaryimage\"},\"thumbnailUrl\":\"https:\\\/\\\/rottmann-group.de\\\/wp-content\\\/uploads\\\/2024\\\/05\\\/Futtermittelsack-Rind-R-Kaelber-TMR.png\",\"datePublished\":\"2024-03-20T09:44:12+00:00\",\"dateModified\":\"2026-04-22T05:56:03+00:00\",\"description\":\"Veaux TMR pour un d\u00e9veloppement stable : structure, \u00e9nergie et nutriments combin\u00e9s de mani\u00e8re optimale pour un \u00e9levage sain et des veaux performants.\",\"breadcrumb\":{\"@id\":\"https:\\\/\\\/rottmann-group.de\\\/fr\\\/produkt\\\/kaelber-tmr\\\/#breadcrumb\"},\"inLanguage\":\"fr-FR\",\"potentialAction\":[{\"@type\":\"ReadAction\",\"target\":[\"https:\\\/\\\/rottmann-group.de\\\/fr\\\/produkt\\\/kaelber-tmr\\\/\"]}]},{\"@type\":\"ImageObject\",\"inLanguage\":\"fr-FR\",\"@id\":\"https:\\\/\\\/rottmann-group.de\\\/fr\\\/produkt\\\/kaelber-tmr\\\/#primaryimage\",\"url\":\"https:\\\/\\\/rottmann-group.de\\\/wp-content\\\/uploads\\\/2024\\\/05\\\/Futtermittelsack-Rind-R-Kaelber-TMR.png\",\"contentUrl\":\"https:\\\/\\\/rottmann-group.de\\\/wp-content\\\/uploads\\\/2024\\\/05\\\/Futtermittelsack-Rind-R-Kaelber-TMR.png\",\"width\":300,\"height\":300},{\"@type\":\"BreadcrumbList\",\"@id\":\"https:\\\/\\\/rottmann-group.de\\\/fr\\\/produkt\\\/kaelber-tmr\\\/#breadcrumb\",\"itemListElement\":[{\"@type\":\"ListItem\",\"position\":1,\"name\":\"Startseite\",\"item\":\"https:\\\/\\\/rottmann-group.de\\\/fr\\\/page-daccueil\\\/\"},{\"@type\":\"ListItem\",\"position\":2,\"name\":\"Shop\",\"item\":\"https:\\\/\\\/rottmann-group.de\\\/shop\\\/\"},{\"@type\":\"ListItem\",\"position\":3,\"name\":\"Veaux TMR\"}]},{\"@type\":\"WebSite\",\"@id\":\"https:\\\/\\\/rottmann-group.de\\\/#website\",\"url\":\"https:\\\/\\\/rottmann-group.de\\\/\",\"name\":\"Rottmann Group\",\"description\":\"Das traditionelle Familienunternehmen bietet Ihnen: Ganzheitliche Futterkonzepte, Mahl- und Mischdienstleistungen und Dosiertechnik. Jetzt Kontakt aufnehmen!\",\"publisher\":{\"@id\":\"https:\\\/\\\/rottmann-group.de\\\/#organization\"},\"potentialAction\":[{\"@type\":\"SearchAction\",\"target\":{\"@type\":\"EntryPoint\",\"urlTemplate\":\"https:\\\/\\\/rottmann-group.de\\\/?s={search_term_string}\"},\"query-input\":{\"@type\":\"PropertyValueSpecification\",\"valueRequired\":true,\"valueName\":\"search_term_string\"}}],\"inLanguage\":\"fr-FR\"},{\"@type\":\"Organization\",\"@id\":\"https:\\\/\\\/rottmann-group.de\\\/#organization\",\"name\":\"Rottmann Group\",\"url\":\"https:\\\/\\\/rottmann-group.de\\\/\",\"logo\":{\"@type\":\"ImageObject\",\"inLanguage\":\"fr-FR\",\"@id\":\"https:\\\/\\\/rottmann-group.de\\\/#\\\/schema\\\/logo\\\/image\\\/\",\"url\":\"https:\\\/\\\/rottmann-group.de\\\/wp-content\\\/uploads\\\/2022\\\/11\\\/Bild_Rottmann.jpg\",\"contentUrl\":\"https:\\\/\\\/rottmann-group.de\\\/wp-content\\\/uploads\\\/2022\\\/11\\\/Bild_Rottmann.jpg\",\"width\":999,\"height\":636,\"caption\":\"Rottmann Group\"},\"image\":{\"@id\":\"https:\\\/\\\/rottmann-group.de\\\/#\\\/schema\\\/logo\\\/image\\\/\"},\"sameAs\":[\"https:\\\/\\\/www.facebook.com\\\/rottmanngroup\\\/?locale=de_DE\",\"https:\\\/\\\/www.instagram.com\\\/rottmann_group\\\/\"]}]}<\/script>\n<!-- \/ Yoast SEO plugin. -->","yoast_head_json":{"title":"Veaux TMR - Rottmann Group","description":"Veaux TMR pour un d\u00e9veloppement stable : structure, \u00e9nergie et nutriments combin\u00e9s de mani\u00e8re optimale pour un \u00e9levage sain et des veaux performants.","robots":{"index":"index","follow":"follow","max-snippet":"max-snippet:-1","max-image-preview":"max-image-preview:large","max-video-preview":"max-video-preview:-1"},"canonical":"https:\/\/rottmann-group.de\/fr\/produkt\/kaelber-tmr\/","og_locale":"fr_FR","og_type":"article","og_title":"Veaux TMR - Rottmann Group","og_description":"Veaux TMR pour un d\u00e9veloppement stable : structure, \u00e9nergie et nutriments combin\u00e9s de mani\u00e8re optimale pour un \u00e9levage sain et des veaux performants.","og_url":"https:\/\/rottmann-group.de\/fr\/produkt\/kaelber-tmr\/","og_site_name":"Rottmann Group","article_publisher":"https:\/\/www.facebook.com\/rottmanngroup\/?locale=de_DE","article_modified_time":"2026-04-22T05:56:03+00:00","og_image":[{"width":300,"height":300,"url":"https:\/\/rottmann-group.de\/wp-content\/uploads\/2024\/05\/Futtermittelsack-Rind-R-Kaelber-TMR.png","type":"image\/png"}],"twitter_card":"summary_large_image","twitter_misc":{"Dur\u00e9e de lecture estim\u00e9e":"1 minute"},"schema":{"@context":"https:\/\/schema.org","@graph":[{"@type":"WebPage","@id":"https:\/\/rottmann-group.de\/fr\/produkt\/kaelber-tmr\/","url":"https:\/\/rottmann-group.de\/fr\/produkt\/kaelber-tmr\/","name":"Veaux TMR - Rottmann Group","isPartOf":{"@id":"https:\/\/rottmann-group.de\/#website"},"primaryImageOfPage":{"@id":"https:\/\/rottmann-group.de\/fr\/produkt\/kaelber-tmr\/#primaryimage"},"image":{"@id":"https:\/\/rottmann-group.de\/fr\/produkt\/kaelber-tmr\/#primaryimage"},"thumbnailUrl":"https:\/\/rottmann-group.de\/wp-content\/uploads\/2024\/05\/Futtermittelsack-Rind-R-Kaelber-TMR.png","datePublished":"2024-03-20T09:44:12+00:00","dateModified":"2026-04-22T05:56:03+00:00","description":"Veaux TMR pour un d\u00e9veloppement stable : structure, \u00e9nergie et nutriments combin\u00e9s de mani\u00e8re optimale pour un \u00e9levage sain et des veaux performants.","breadcrumb":{"@id":"https:\/\/rottmann-group.de\/fr\/produkt\/kaelber-tmr\/#breadcrumb"},"inLanguage":"fr-FR","potentialAction":[{"@type":"ReadAction","target":["https:\/\/rottmann-group.de\/fr\/produkt\/kaelber-tmr\/"]}]},{"@type":"ImageObject","inLanguage":"fr-FR","@id":"https:\/\/rottmann-group.de\/fr\/produkt\/kaelber-tmr\/#primaryimage","url":"https:\/\/rottmann-group.de\/wp-content\/uploads\/2024\/05\/Futtermittelsack-Rind-R-Kaelber-TMR.png","contentUrl":"https:\/\/rottmann-group.de\/wp-content\/uploads\/2024\/05\/Futtermittelsack-Rind-R-Kaelber-TMR.png","width":300,"height":300},{"@type":"BreadcrumbList","@id":"https:\/\/rottmann-group.de\/fr\/produkt\/kaelber-tmr\/#breadcrumb","itemListElement":[{"@type":"ListItem","position":1,"name":"Startseite","item":"https:\/\/rottmann-group.de\/fr\/page-daccueil\/"},{"@type":"ListItem","position":2,"name":"Shop","item":"https:\/\/rottmann-group.de\/shop\/"},{"@type":"ListItem","position":3,"name":"Veaux TMR"}]},{"@type":"WebSite","@id":"https:\/\/rottmann-group.de\/#website","url":"https:\/\/rottmann-group.de\/","name":"Rottmann Group","description":"Das traditionelle Familienunternehmen bietet Ihnen: Ganzheitliche Futterkonzepte, Mahl- und Mischdienstleistungen und Dosiertechnik. Jetzt Kontakt aufnehmen!","publisher":{"@id":"https:\/\/rottmann-group.de\/#organization"},"potentialAction":[{"@type":"SearchAction","target":{"@type":"EntryPoint","urlTemplate":"https:\/\/rottmann-group.de\/?s={search_term_string}"},"query-input":{"@type":"PropertyValueSpecification","valueRequired":true,"valueName":"search_term_string"}}],"inLanguage":"fr-FR"},{"@type":"Organization","@id":"https:\/\/rottmann-group.de\/#organization","name":"Rottmann Group","url":"https:\/\/rottmann-group.de\/","logo":{"@type":"ImageObject","inLanguage":"fr-FR","@id":"https:\/\/rottmann-group.de\/#\/schema\/logo\/image\/","url":"https:\/\/rottmann-group.de\/wp-content\/uploads\/2022\/11\/Bild_Rottmann.jpg","contentUrl":"https:\/\/rottmann-group.de\/wp-content\/uploads\/2022\/11\/Bild_Rottmann.jpg","width":999,"height":636,"caption":"Rottmann Group"},"image":{"@id":"https:\/\/rottmann-group.de\/#\/schema\/logo\/image\/"},"sameAs":["https:\/\/www.facebook.com\/rottmanngroup\/?locale=de_DE","https:\/\/www.instagram.com\/rottmann_group\/"]}]}},"_links":{"self":[{"href":"https:\/\/rottmann-group.de\/fr\/wp-json\/wp\/v2\/product\/12136","targetHints":{"allow":["GET"]}}],"collection":[{"href":"https:\/\/rottmann-group.de\/fr\/wp-json\/wp\/v2\/product"}],"about":[{"href":"https:\/\/rottmann-group.de\/fr\/wp-json\/wp\/v2\/types\/product"}],"replies":[{"embeddable":true,"href":"https:\/\/rottmann-group.de\/fr\/wp-json\/wp\/v2\/comments?post=12136"}],"wp:featuredmedia":[{"embeddable":true,"href":"https:\/\/rottmann-group.de\/fr\/wp-json\/wp\/v2\/media\/10948"}],"wp:attachment":[{"href":"https:\/\/rottmann-group.de\/fr\/wp-json\/wp\/v2\/media?parent=12136"}],"wp:term":[{"taxonomy":"product_brand","embeddable":true,"href":"https:\/\/rottmann-group.de\/fr\/wp-json\/wp\/v2\/product_brand?post=12136"},{"taxonomy":"product_cat","embeddable":true,"href":"https:\/\/rottmann-group.de\/fr\/wp-json\/wp\/v2\/product_cat?post=12136"},{"taxonomy":"product_tag","embeddable":true,"href":"https:\/\/rottmann-group.de\/fr\/wp-json\/wp\/v2\/product_tag?post=12136"}],"curies":[{"name":"wp","href":"https:\/\/api.w.org\/{rel}","templated":true}]}}