{"id":12067,"date":"2023-01-26T09:47:58","date_gmt":"2023-01-26T08:47:58","guid":{"rendered":"\/produkt\/mega-corn-liquid-liquide-de-mais\/"},"modified":"2026-04-15T11:38:44","modified_gmt":"2026-04-15T09:38:44","slug":"mega-corn-liquid","status":"publish","type":"product","link":"https:\/\/rottmann-group.de\/fr\/produkt\/mega-corn-liquid\/","title":{"rendered":"Mega Corn Liquid\u00ae (liquide de ma\u00efs)"},"content":{"rendered":"<p><span dir=\"ltr\" role=\"presentation\">Conservateur tr\u00e8s efficace pour \u00e9viter les moisissures et les champignons dans le ma\u00efs grain.<\/span><\/p>\n<ul>\n<li>une manipulation s\u00fbre<\/li>\n<li>pH \u00e9lev\u00e9<\/li>\n<li>activit\u00e9 \u00e9lev\u00e9e<\/li>\n<li>couverture maximale de la zone<\/li>\n<li>doux pour les syst\u00e8mes de dosage et de m\u00e9lange<\/li>\n<li>une viscosit\u00e9 constante<\/li>\n<li>facilement miscible avec des insecticides contre les ravageurs des stocks<\/li>\n<\/ul>\n","protected":false},"excerpt":{"rendered":"<p><span dir=\"ltr\" role=\"presentation\">Agent de conservation pour \u00e9viter les moisissures et les champignons dans le ma\u00efs en grains.<\/span><\/p>\n","protected":false},"featured_media":5071,"comment_status":"open","ping_status":"closed","template":"","meta":{"_acf_changed":false},"product_brand":[],"product_cat":[301,476],"product_tag":[],"class_list":{"0":"post-12067","1":"product","2":"type-product","3":"status-publish","4":"has-post-thumbnail","6":"product_cat-conservation","7":"product_cat-mega-corn-liquid-fr","9":"first","10":"instock","11":"downloadable","12":"shipping-taxable","13":"product-type-simple"},"acf":[],"yoast_head":"<!-- This site is optimized with the Yoast SEO plugin v27.4 - https:\/\/yoast.com\/product\/yoast-seo-wordpress\/ -->\n<title>Mega Corn Liquid\u00ae (liquide de ma\u00efs) - Rottmann Group<\/title>\n<meta name=\"description\" content=\"Le Mega Corn Liquid est un conservateur pour le ma\u00efs grain, le CCM et le TMR, destin\u00e9 \u00e0 pr\u00e9server les \u00e9l\u00e9ments nutritifs et \u00e0 inhiber la croissance des moisissures et des bact\u00e9ries.\" \/>\n<meta name=\"robots\" content=\"index, follow, max-snippet:-1, max-image-preview:large, max-video-preview:-1\" \/>\n<link rel=\"canonical\" href=\"https:\/\/rottmann-group.de\/fr\/produit\/mega-corn-liquid\/\" \/>\n<meta property=\"og:locale\" content=\"fr_FR\" \/>\n<meta property=\"og:type\" content=\"article\" \/>\n<meta property=\"og:title\" content=\"Mega Corn Liquid\u00ae (liquide de ma\u00efs) - Rottmann Group\" \/>\n<meta property=\"og:description\" content=\"Le Mega Corn Liquid est un conservateur pour le ma\u00efs grain, le CCM et le TMR, destin\u00e9 \u00e0 pr\u00e9server les \u00e9l\u00e9ments nutritifs et \u00e0 inhiber la croissance des moisissures et des bact\u00e9ries.\" \/>\n<meta property=\"og:url\" content=\"https:\/\/rottmann-group.de\/fr\/produit\/mega-corn-liquid\/\" \/>\n<meta property=\"og:site_name\" content=\"Rottmann Group\" \/>\n<meta property=\"article:publisher\" content=\"https:\/\/www.facebook.com\/rottmanngroup\/?locale=de_DE\" \/>\n<meta property=\"article:modified_time\" content=\"2026-04-15T09:38:44+00:00\" \/>\n<meta property=\"og:image\" content=\"https:\/\/rottmann-group.de\/wp-content\/uploads\/2023\/01\/Container_Mega_Corn_Liquid.png\" \/>\n\t<meta property=\"og:image:width\" content=\"300\" \/>\n\t<meta property=\"og:image:height\" content=\"300\" \/>\n\t<meta property=\"og:image:type\" content=\"image\/png\" \/>\n<meta name=\"twitter:card\" content=\"summary_large_image\" \/>\n<script type=\"application\/ld+json\" class=\"yoast-schema-graph\">{\"@context\":\"https:\\\/\\\/schema.org\",\"@graph\":[{\"@type\":\"WebPage\",\"@id\":\"https:\\\/\\\/rottmann-group.de\\\/fr\\\/produit\\\/mega-corn-liquid\\\/\",\"url\":\"https:\\\/\\\/rottmann-group.de\\\/fr\\\/produit\\\/mega-corn-liquid\\\/\",\"name\":\"Mega Corn Liquid\u00ae (liquide de ma\u00efs) - Rottmann Group\",\"isPartOf\":{\"@id\":\"https:\\\/\\\/rottmann-group.de\\\/#website\"},\"primaryImageOfPage\":{\"@id\":\"https:\\\/\\\/rottmann-group.de\\\/fr\\\/produit\\\/mega-corn-liquid\\\/#primaryimage\"},\"image\":{\"@id\":\"https:\\\/\\\/rottmann-group.de\\\/fr\\\/produit\\\/mega-corn-liquid\\\/#primaryimage\"},\"thumbnailUrl\":\"https:\\\/\\\/rottmann-group.de\\\/wp-content\\\/uploads\\\/2023\\\/01\\\/Container_Mega_Corn_Liquid.png\",\"datePublished\":\"2023-01-26T08:47:58+00:00\",\"dateModified\":\"2026-04-15T09:38:44+00:00\",\"description\":\"Le Mega Corn Liquid est un conservateur pour le ma\u00efs grain, le CCM et le TMR, destin\u00e9 \u00e0 pr\u00e9server les \u00e9l\u00e9ments nutritifs et \u00e0 inhiber la croissance des moisissures et des bact\u00e9ries.\",\"breadcrumb\":{\"@id\":\"https:\\\/\\\/rottmann-group.de\\\/fr\\\/produit\\\/mega-corn-liquid\\\/#breadcrumb\"},\"inLanguage\":\"fr-FR\",\"potentialAction\":[{\"@type\":\"ReadAction\",\"target\":[\"https:\\\/\\\/rottmann-group.de\\\/fr\\\/produit\\\/mega-corn-liquid\\\/\"]}]},{\"@type\":\"ImageObject\",\"inLanguage\":\"fr-FR\",\"@id\":\"https:\\\/\\\/rottmann-group.de\\\/fr\\\/produit\\\/mega-corn-liquid\\\/#primaryimage\",\"url\":\"https:\\\/\\\/rottmann-group.de\\\/wp-content\\\/uploads\\\/2023\\\/01\\\/Container_Mega_Corn_Liquid.png\",\"contentUrl\":\"https:\\\/\\\/rottmann-group.de\\\/wp-content\\\/uploads\\\/2023\\\/01\\\/Container_Mega_Corn_Liquid.png\",\"width\":300,\"height\":300},{\"@type\":\"BreadcrumbList\",\"@id\":\"https:\\\/\\\/rottmann-group.de\\\/fr\\\/produit\\\/mega-corn-liquid\\\/#breadcrumb\",\"itemListElement\":[{\"@type\":\"ListItem\",\"position\":1,\"name\":\"Startseite\",\"item\":\"https:\\\/\\\/rottmann-group.de\\\/fr\\\/page-daccueil\\\/\"},{\"@type\":\"ListItem\",\"position\":2,\"name\":\"Shop\",\"item\":\"https:\\\/\\\/rottmann-group.de\\\/shop\\\/\"},{\"@type\":\"ListItem\",\"position\":3,\"name\":\"Mega Corn Liquid\u00ae (liquide de ma\u00efs)\"}]},{\"@type\":\"WebSite\",\"@id\":\"https:\\\/\\\/rottmann-group.de\\\/#website\",\"url\":\"https:\\\/\\\/rottmann-group.de\\\/\",\"name\":\"Rottmann Group\",\"description\":\"Das traditionelle Familienunternehmen bietet Ihnen: Ganzheitliche Futterkonzepte, Mahl- und Mischdienstleistungen und Dosiertechnik. Jetzt Kontakt aufnehmen!\",\"publisher\":{\"@id\":\"https:\\\/\\\/rottmann-group.de\\\/#organization\"},\"potentialAction\":[{\"@type\":\"SearchAction\",\"target\":{\"@type\":\"EntryPoint\",\"urlTemplate\":\"https:\\\/\\\/rottmann-group.de\\\/?s={search_term_string}\"},\"query-input\":{\"@type\":\"PropertyValueSpecification\",\"valueRequired\":true,\"valueName\":\"search_term_string\"}}],\"inLanguage\":\"fr-FR\"},{\"@type\":\"Organization\",\"@id\":\"https:\\\/\\\/rottmann-group.de\\\/#organization\",\"name\":\"Rottmann Group\",\"url\":\"https:\\\/\\\/rottmann-group.de\\\/\",\"logo\":{\"@type\":\"ImageObject\",\"inLanguage\":\"fr-FR\",\"@id\":\"https:\\\/\\\/rottmann-group.de\\\/#\\\/schema\\\/logo\\\/image\\\/\",\"url\":\"https:\\\/\\\/rottmann-group.de\\\/wp-content\\\/uploads\\\/2022\\\/11\\\/Bild_Rottmann.jpg\",\"contentUrl\":\"https:\\\/\\\/rottmann-group.de\\\/wp-content\\\/uploads\\\/2022\\\/11\\\/Bild_Rottmann.jpg\",\"width\":999,\"height\":636,\"caption\":\"Rottmann Group\"},\"image\":{\"@id\":\"https:\\\/\\\/rottmann-group.de\\\/#\\\/schema\\\/logo\\\/image\\\/\"},\"sameAs\":[\"https:\\\/\\\/www.facebook.com\\\/rottmanngroup\\\/?locale=de_DE\",\"https:\\\/\\\/www.instagram.com\\\/rottmann_group\\\/\"]}]}<\/script>\n<!-- \/ Yoast SEO plugin. -->","yoast_head_json":{"title":"Mega Corn Liquid\u00ae (liquide de ma\u00efs) - Rottmann Group","description":"Le Mega Corn Liquid est un conservateur pour le ma\u00efs grain, le CCM et le TMR, destin\u00e9 \u00e0 pr\u00e9server les \u00e9l\u00e9ments nutritifs et \u00e0 inhiber la croissance des moisissures et des bact\u00e9ries.","robots":{"index":"index","follow":"follow","max-snippet":"max-snippet:-1","max-image-preview":"max-image-preview:large","max-video-preview":"max-video-preview:-1"},"canonical":"https:\/\/rottmann-group.de\/fr\/produit\/mega-corn-liquid\/","og_locale":"fr_FR","og_type":"article","og_title":"Mega Corn Liquid\u00ae (liquide de ma\u00efs) - Rottmann Group","og_description":"Le Mega Corn Liquid est un conservateur pour le ma\u00efs grain, le CCM et le TMR, destin\u00e9 \u00e0 pr\u00e9server les \u00e9l\u00e9ments nutritifs et \u00e0 inhiber la croissance des moisissures et des bact\u00e9ries.","og_url":"https:\/\/rottmann-group.de\/fr\/produit\/mega-corn-liquid\/","og_site_name":"Rottmann Group","article_publisher":"https:\/\/www.facebook.com\/rottmanngroup\/?locale=de_DE","article_modified_time":"2026-04-15T09:38:44+00:00","og_image":[{"width":300,"height":300,"url":"https:\/\/rottmann-group.de\/wp-content\/uploads\/2023\/01\/Container_Mega_Corn_Liquid.png","type":"image\/png"}],"twitter_card":"summary_large_image","schema":{"@context":"https:\/\/schema.org","@graph":[{"@type":"WebPage","@id":"https:\/\/rottmann-group.de\/fr\/produit\/mega-corn-liquid\/","url":"https:\/\/rottmann-group.de\/fr\/produit\/mega-corn-liquid\/","name":"Mega Corn Liquid\u00ae (liquide de ma\u00efs) - Rottmann Group","isPartOf":{"@id":"https:\/\/rottmann-group.de\/#website"},"primaryImageOfPage":{"@id":"https:\/\/rottmann-group.de\/fr\/produit\/mega-corn-liquid\/#primaryimage"},"image":{"@id":"https:\/\/rottmann-group.de\/fr\/produit\/mega-corn-liquid\/#primaryimage"},"thumbnailUrl":"https:\/\/rottmann-group.de\/wp-content\/uploads\/2023\/01\/Container_Mega_Corn_Liquid.png","datePublished":"2023-01-26T08:47:58+00:00","dateModified":"2026-04-15T09:38:44+00:00","description":"Le Mega Corn Liquid est un conservateur pour le ma\u00efs grain, le CCM et le TMR, destin\u00e9 \u00e0 pr\u00e9server les \u00e9l\u00e9ments nutritifs et \u00e0 inhiber la croissance des moisissures et des bact\u00e9ries.","breadcrumb":{"@id":"https:\/\/rottmann-group.de\/fr\/produit\/mega-corn-liquid\/#breadcrumb"},"inLanguage":"fr-FR","potentialAction":[{"@type":"ReadAction","target":["https:\/\/rottmann-group.de\/fr\/produit\/mega-corn-liquid\/"]}]},{"@type":"ImageObject","inLanguage":"fr-FR","@id":"https:\/\/rottmann-group.de\/fr\/produit\/mega-corn-liquid\/#primaryimage","url":"https:\/\/rottmann-group.de\/wp-content\/uploads\/2023\/01\/Container_Mega_Corn_Liquid.png","contentUrl":"https:\/\/rottmann-group.de\/wp-content\/uploads\/2023\/01\/Container_Mega_Corn_Liquid.png","width":300,"height":300},{"@type":"BreadcrumbList","@id":"https:\/\/rottmann-group.de\/fr\/produit\/mega-corn-liquid\/#breadcrumb","itemListElement":[{"@type":"ListItem","position":1,"name":"Startseite","item":"https:\/\/rottmann-group.de\/fr\/page-daccueil\/"},{"@type":"ListItem","position":2,"name":"Shop","item":"https:\/\/rottmann-group.de\/shop\/"},{"@type":"ListItem","position":3,"name":"Mega Corn Liquid\u00ae (liquide de ma\u00efs)"}]},{"@type":"WebSite","@id":"https:\/\/rottmann-group.de\/#website","url":"https:\/\/rottmann-group.de\/","name":"Rottmann Group","description":"Das traditionelle Familienunternehmen bietet Ihnen: Ganzheitliche Futterkonzepte, Mahl- und Mischdienstleistungen und Dosiertechnik. Jetzt Kontakt aufnehmen!","publisher":{"@id":"https:\/\/rottmann-group.de\/#organization"},"potentialAction":[{"@type":"SearchAction","target":{"@type":"EntryPoint","urlTemplate":"https:\/\/rottmann-group.de\/?s={search_term_string}"},"query-input":{"@type":"PropertyValueSpecification","valueRequired":true,"valueName":"search_term_string"}}],"inLanguage":"fr-FR"},{"@type":"Organization","@id":"https:\/\/rottmann-group.de\/#organization","name":"Rottmann Group","url":"https:\/\/rottmann-group.de\/","logo":{"@type":"ImageObject","inLanguage":"fr-FR","@id":"https:\/\/rottmann-group.de\/#\/schema\/logo\/image\/","url":"https:\/\/rottmann-group.de\/wp-content\/uploads\/2022\/11\/Bild_Rottmann.jpg","contentUrl":"https:\/\/rottmann-group.de\/wp-content\/uploads\/2022\/11\/Bild_Rottmann.jpg","width":999,"height":636,"caption":"Rottmann Group"},"image":{"@id":"https:\/\/rottmann-group.de\/#\/schema\/logo\/image\/"},"sameAs":["https:\/\/www.facebook.com\/rottmanngroup\/?locale=de_DE","https:\/\/www.instagram.com\/rottmann_group\/"]}]}},"_links":{"self":[{"href":"https:\/\/rottmann-group.de\/fr\/wp-json\/wp\/v2\/product\/12067","targetHints":{"allow":["GET"]}}],"collection":[{"href":"https:\/\/rottmann-group.de\/fr\/wp-json\/wp\/v2\/product"}],"about":[{"href":"https:\/\/rottmann-group.de\/fr\/wp-json\/wp\/v2\/types\/product"}],"replies":[{"embeddable":true,"href":"https:\/\/rottmann-group.de\/fr\/wp-json\/wp\/v2\/comments?post=12067"}],"wp:featuredmedia":[{"embeddable":true,"href":"https:\/\/rottmann-group.de\/fr\/wp-json\/wp\/v2\/media\/5071"}],"wp:attachment":[{"href":"https:\/\/rottmann-group.de\/fr\/wp-json\/wp\/v2\/media?parent=12067"}],"wp:term":[{"taxonomy":"product_brand","embeddable":true,"href":"https:\/\/rottmann-group.de\/fr\/wp-json\/wp\/v2\/product_brand?post=12067"},{"taxonomy":"product_cat","embeddable":true,"href":"https:\/\/rottmann-group.de\/fr\/wp-json\/wp\/v2\/product_cat?post=12067"},{"taxonomy":"product_tag","embeddable":true,"href":"https:\/\/rottmann-group.de\/fr\/wp-json\/wp\/v2\/product_tag?post=12067"}],"curies":[{"name":"wp","href":"https:\/\/api.w.org\/{rel}","templated":true}]}}