{"id":12061,"date":"2022-12-14T10:36:25","date_gmt":"2022-12-14T09:36:25","guid":{"rendered":"\/produkt\/pompe-a-piadine\/"},"modified":"2025-05-08T16:45:04","modified_gmt":"2025-05-08T14:45:04","slug":"piadinpumpe","status":"publish","type":"product","link":"https:\/\/rottmann-group.de\/fr\/produit\/piadinpumpe\/","title":{"rendered":"Pompe \u00e0 piadine"},"content":{"rendered":"<p><span id=\"undefined\" class=\"markedContent\"><\/span><span dir=\"ltr\" role=\"presentation\">Domaine d&rsquo;application :<\/span><\/p>\n<ul>\n<li>Additifs piadine pour les camions-citernes \u00e0 lisier<\/li>\n<li>Additifs Piadin pour station d&rsquo;accueil fixe<\/li>\n<li>Bact\u00e9ries lactiques dans les ensileuses\/autochargeuses\/presses<\/li>\n<\/ul>\n<p><span dir=\"ltr\" role=\"presentation\">T\u00e2ches :<\/span><\/p>\n<ul>\n<li>Ajout r\u00e9gulier de quantit\u00e9s d\u00e9finies de piadine pendant le remplissage des r\u00e9servoirs de lisier ou des f\u00fbts. (Dosage par lots) <\/li>\n<li>Dosage de flux pour les syst\u00e8mes de tuyaux (c\u00f4t\u00e9 aspiration)<\/li>\n<li>D\u00e9bit r\u00e9gulier de bact\u00e9ries lactiques dans l&rsquo;ensilage d&rsquo;herbe<\/li>\n<\/ul>\n","protected":false},"excerpt":{"rendered":"<p>Pour doser les inhibiteurs de nitrification comme la piadine dans le lisier.<\/p>\n","protected":false},"featured_media":4949,"comment_status":"open","ping_status":"closed","template":"","meta":{"_acf_changed":false},"product_brand":[],"product_cat":[494,311],"product_tag":[],"class_list":{"0":"post-12061","1":"product","2":"type-product","3":"status-publish","4":"has-post-thumbnail","6":"product_cat-pompe-a-piadine","7":"product_cat-technique-de-dosage","9":"first","10":"instock","11":"downloadable","12":"shipping-taxable","13":"product-type-simple"},"acf":[],"yoast_head":"<!-- This site is optimized with the Yoast SEO plugin v27.4 - https:\/\/yoast.com\/product\/yoast-seo-wordpress\/ -->\n<title>Pompe \u00e0 piadine - Rottmann Group<\/title>\n<meta name=\"robots\" content=\"index, follow, max-snippet:-1, max-image-preview:large, max-video-preview:-1\" \/>\n<link rel=\"canonical\" href=\"https:\/\/rottmann-group.de\/fr\/produit\/piadinpumpe\/\" \/>\n<meta property=\"og:locale\" content=\"fr_FR\" \/>\n<meta property=\"og:type\" content=\"article\" \/>\n<meta property=\"og:title\" content=\"Pompe \u00e0 piadine - Rottmann Group\" \/>\n<meta property=\"og:description\" content=\"Pour doser les inhibiteurs de nitrification comme la piadine dans le lisier.\" \/>\n<meta property=\"og:url\" content=\"https:\/\/rottmann-group.de\/fr\/produit\/piadinpumpe\/\" \/>\n<meta property=\"og:site_name\" content=\"Rottmann Group\" \/>\n<meta property=\"article:modified_time\" content=\"2025-05-08T14:45:04+00:00\" \/>\n<meta property=\"og:image\" content=\"https:\/\/rottmann-group.de\/wp-content\/uploads\/2022\/12\/Piadinpumpe-1.png\" \/>\n\t<meta property=\"og:image:width\" content=\"1083\" \/>\n\t<meta property=\"og:image:height\" content=\"850\" \/>\n\t<meta property=\"og:image:type\" content=\"image\/png\" \/>\n<meta name=\"twitter:card\" content=\"summary_large_image\" \/>\n<script type=\"application\/ld+json\" class=\"yoast-schema-graph\">{\"@context\":\"https:\\\/\\\/schema.org\",\"@graph\":[{\"@type\":\"WebPage\",\"@id\":\"https:\\\/\\\/rottmann-group.de\\\/fr\\\/produit\\\/piadinpumpe\\\/\",\"url\":\"https:\\\/\\\/rottmann-group.de\\\/fr\\\/produit\\\/piadinpumpe\\\/\",\"name\":\"Pompe \u00e0 piadine - Rottmann Group\",\"isPartOf\":{\"@id\":\"https:\\\/\\\/rottmann-group.de\\\/fr\\\/#website\"},\"primaryImageOfPage\":{\"@id\":\"https:\\\/\\\/rottmann-group.de\\\/fr\\\/produit\\\/piadinpumpe\\\/#primaryimage\"},\"image\":{\"@id\":\"https:\\\/\\\/rottmann-group.de\\\/fr\\\/produit\\\/piadinpumpe\\\/#primaryimage\"},\"thumbnailUrl\":\"https:\\\/\\\/rottmann-group.de\\\/wp-content\\\/uploads\\\/2022\\\/12\\\/Piadinpumpe-1.png\",\"datePublished\":\"2022-12-14T09:36:25+00:00\",\"dateModified\":\"2025-05-08T14:45:04+00:00\",\"breadcrumb\":{\"@id\":\"https:\\\/\\\/rottmann-group.de\\\/fr\\\/produit\\\/piadinpumpe\\\/#breadcrumb\"},\"inLanguage\":\"fr-FR\",\"potentialAction\":[{\"@type\":\"ReadAction\",\"target\":[\"https:\\\/\\\/rottmann-group.de\\\/fr\\\/produit\\\/piadinpumpe\\\/\"]}]},{\"@type\":\"ImageObject\",\"inLanguage\":\"fr-FR\",\"@id\":\"https:\\\/\\\/rottmann-group.de\\\/fr\\\/produit\\\/piadinpumpe\\\/#primaryimage\",\"url\":\"https:\\\/\\\/rottmann-group.de\\\/wp-content\\\/uploads\\\/2022\\\/12\\\/Piadinpumpe-1.png\",\"contentUrl\":\"https:\\\/\\\/rottmann-group.de\\\/wp-content\\\/uploads\\\/2022\\\/12\\\/Piadinpumpe-1.png\",\"width\":1083,\"height\":850},{\"@type\":\"BreadcrumbList\",\"@id\":\"https:\\\/\\\/rottmann-group.de\\\/fr\\\/produit\\\/piadinpumpe\\\/#breadcrumb\",\"itemListElement\":[{\"@type\":\"ListItem\",\"position\":1,\"name\":\"Startseite\",\"item\":\"https:\\\/\\\/rottmann-group.de\\\/fr\\\/page-daccueil\\\/\"},{\"@type\":\"ListItem\",\"position\":2,\"name\":\"Boutique\",\"item\":\"https:\\\/\\\/rottmann-group.de\\\/fr\\\/boutique\\\/\"},{\"@type\":\"ListItem\",\"position\":3,\"name\":\"Pompe \u00e0 piadine\"}]},{\"@type\":\"WebSite\",\"@id\":\"https:\\\/\\\/rottmann-group.de\\\/fr\\\/#website\",\"url\":\"https:\\\/\\\/rottmann-group.de\\\/fr\\\/\",\"name\":\"Rottmann Group\",\"description\":\"Das traditionelle Familienunternehmen bietet Ihnen: Ganzheitliche Futterkonzepte, Mahl- und Mischdienstleistungen und Dosiertechnik. Jetzt Kontakt aufnehmen!\",\"potentialAction\":[{\"@type\":\"SearchAction\",\"target\":{\"@type\":\"EntryPoint\",\"urlTemplate\":\"https:\\\/\\\/rottmann-group.de\\\/fr\\\/?s={search_term_string}\"},\"query-input\":{\"@type\":\"PropertyValueSpecification\",\"valueRequired\":true,\"valueName\":\"search_term_string\"}}],\"inLanguage\":\"fr-FR\"}]}<\/script>\n<!-- \/ Yoast SEO plugin. -->","yoast_head_json":{"title":"Pompe \u00e0 piadine - Rottmann Group","robots":{"index":"index","follow":"follow","max-snippet":"max-snippet:-1","max-image-preview":"max-image-preview:large","max-video-preview":"max-video-preview:-1"},"canonical":"https:\/\/rottmann-group.de\/fr\/produit\/piadinpumpe\/","og_locale":"fr_FR","og_type":"article","og_title":"Pompe \u00e0 piadine - Rottmann Group","og_description":"Pour doser les inhibiteurs de nitrification comme la piadine dans le lisier.","og_url":"https:\/\/rottmann-group.de\/fr\/produit\/piadinpumpe\/","og_site_name":"Rottmann Group","article_modified_time":"2025-05-08T14:45:04+00:00","og_image":[{"width":1083,"height":850,"url":"https:\/\/rottmann-group.de\/wp-content\/uploads\/2022\/12\/Piadinpumpe-1.png","type":"image\/png"}],"twitter_card":"summary_large_image","schema":{"@context":"https:\/\/schema.org","@graph":[{"@type":"WebPage","@id":"https:\/\/rottmann-group.de\/fr\/produit\/piadinpumpe\/","url":"https:\/\/rottmann-group.de\/fr\/produit\/piadinpumpe\/","name":"Pompe \u00e0 piadine - Rottmann Group","isPartOf":{"@id":"https:\/\/rottmann-group.de\/fr\/#website"},"primaryImageOfPage":{"@id":"https:\/\/rottmann-group.de\/fr\/produit\/piadinpumpe\/#primaryimage"},"image":{"@id":"https:\/\/rottmann-group.de\/fr\/produit\/piadinpumpe\/#primaryimage"},"thumbnailUrl":"https:\/\/rottmann-group.de\/wp-content\/uploads\/2022\/12\/Piadinpumpe-1.png","datePublished":"2022-12-14T09:36:25+00:00","dateModified":"2025-05-08T14:45:04+00:00","breadcrumb":{"@id":"https:\/\/rottmann-group.de\/fr\/produit\/piadinpumpe\/#breadcrumb"},"inLanguage":"fr-FR","potentialAction":[{"@type":"ReadAction","target":["https:\/\/rottmann-group.de\/fr\/produit\/piadinpumpe\/"]}]},{"@type":"ImageObject","inLanguage":"fr-FR","@id":"https:\/\/rottmann-group.de\/fr\/produit\/piadinpumpe\/#primaryimage","url":"https:\/\/rottmann-group.de\/wp-content\/uploads\/2022\/12\/Piadinpumpe-1.png","contentUrl":"https:\/\/rottmann-group.de\/wp-content\/uploads\/2022\/12\/Piadinpumpe-1.png","width":1083,"height":850},{"@type":"BreadcrumbList","@id":"https:\/\/rottmann-group.de\/fr\/produit\/piadinpumpe\/#breadcrumb","itemListElement":[{"@type":"ListItem","position":1,"name":"Startseite","item":"https:\/\/rottmann-group.de\/fr\/page-daccueil\/"},{"@type":"ListItem","position":2,"name":"Boutique","item":"https:\/\/rottmann-group.de\/fr\/boutique\/"},{"@type":"ListItem","position":3,"name":"Pompe \u00e0 piadine"}]},{"@type":"WebSite","@id":"https:\/\/rottmann-group.de\/fr\/#website","url":"https:\/\/rottmann-group.de\/fr\/","name":"Rottmann Group","description":"Das traditionelle Familienunternehmen bietet Ihnen: Ganzheitliche Futterkonzepte, Mahl- und Mischdienstleistungen und Dosiertechnik. Jetzt Kontakt aufnehmen!","potentialAction":[{"@type":"SearchAction","target":{"@type":"EntryPoint","urlTemplate":"https:\/\/rottmann-group.de\/fr\/?s={search_term_string}"},"query-input":{"@type":"PropertyValueSpecification","valueRequired":true,"valueName":"search_term_string"}}],"inLanguage":"fr-FR"}]}},"_links":{"self":[{"href":"https:\/\/rottmann-group.de\/fr\/wp-json\/wp\/v2\/product\/12061","targetHints":{"allow":["GET"]}}],"collection":[{"href":"https:\/\/rottmann-group.de\/fr\/wp-json\/wp\/v2\/product"}],"about":[{"href":"https:\/\/rottmann-group.de\/fr\/wp-json\/wp\/v2\/types\/product"}],"replies":[{"embeddable":true,"href":"https:\/\/rottmann-group.de\/fr\/wp-json\/wp\/v2\/comments?post=12061"}],"wp:featuredmedia":[{"embeddable":true,"href":"https:\/\/rottmann-group.de\/fr\/wp-json\/wp\/v2\/media\/4949"}],"wp:attachment":[{"href":"https:\/\/rottmann-group.de\/fr\/wp-json\/wp\/v2\/media?parent=12061"}],"wp:term":[{"taxonomy":"product_brand","embeddable":true,"href":"https:\/\/rottmann-group.de\/fr\/wp-json\/wp\/v2\/product_brand?post=12061"},{"taxonomy":"product_cat","embeddable":true,"href":"https:\/\/rottmann-group.de\/fr\/wp-json\/wp\/v2\/product_cat?post=12061"},{"taxonomy":"product_tag","embeddable":true,"href":"https:\/\/rottmann-group.de\/fr\/wp-json\/wp\/v2\/product_tag?post=12061"}],"curies":[{"name":"wp","href":"https:\/\/api.w.org\/{rel}","templated":true}]}}