{"id":12018,"date":"2022-09-30T12:06:45","date_gmt":"2022-09-30T10:06:45","guid":{"rendered":"\/produkt\/organic-grain-liquid-liquide-de-grains-biologiques\/"},"modified":"2026-04-15T11:42:29","modified_gmt":"2026-04-15T09:42:29","slug":"organic-grain-liquid","status":"publish","type":"product","link":"https:\/\/rottmann-group.de\/fr\/produkt\/organic-grain-liquid\/","title":{"rendered":"Organic Grain Liquid\u00ae (liquide de grains biologiques)"},"content":{"rendered":"<p><span dir=\"ltr\" role=\"presentation\">Conservateur tr\u00e8s efficace pour \u00e9viter les moisissures et les champignons dans les c\u00e9r\u00e9ales, le CCM, les ensilages, le TMR et les m\u00e9langes alimentaires.<\/span><\/p>\n<ul>\n<li>une manipulation s\u00fbre<\/li>\n<li>pas de marchandises dangereuses<\/li>\n<li>pH \u00e9lev\u00e9<\/li>\n<li>activit\u00e9 \u00e9lev\u00e9e<\/li>\n<li>doux pour les syst\u00e8mes de dosage et de m\u00e9lange<\/li>\n<li>une viscosit\u00e9 constante<\/li>\n<\/ul>\n<p>&nbsp;<\/p>\n<p>Peut \u00eatre utilis\u00e9 dans la production biologique conform\u00e9ment aux r\u00e8glements (CE) n\u00b0 834\/2007 et (CE) n\u00b0 889\/2008. DE-\u00d6KO-006 ; Produit conform\u00e9ment au cahier des charges de Bioland e.V.<br \/>\nList\u00e9 dans la liste des intrants pour l&rsquo;agriculture biologique en Allemagne. <\/p>\n","protected":false},"excerpt":{"rendered":"<p><span dir=\"ltr\" role=\"presentation\">Conservateur \u00e9cologique pour \u00e9viter les moisissures et les champignons dans les c\u00e9r\u00e9ales, le CCM, les ensilages, le TMR et les m\u00e9langes alimentaires.<\/span><\/p>\n","protected":false},"featured_media":2570,"comment_status":"open","ping_status":"closed","template":"","meta":{"_acf_changed":false},"product_brand":[],"product_cat":[257,301,483,258,283],"product_tag":[],"class_list":{"0":"post-12018","1":"product","2":"type-product","3":"status-publish","4":"has-post-thumbnail","6":"product_cat-bio-fr","7":"product_cat-conservation","8":"product_cat-liquide-organic-grain","9":"product_cat-produits-bovins-biologiques","10":"product_cat-produits-porcins-biologiques","12":"first","13":"instock","14":"shipping-taxable","15":"product-type-variable","16":"has-default-attributes"},"acf":[],"yoast_head":"<!-- This site is optimized with the Yoast SEO plugin v27.4 - https:\/\/yoast.com\/product\/yoast-seo-wordpress\/ -->\n<title>Organic Grain Liquid\u00ae (liquide de grains biologiques) - Rottmann Group<\/title>\n<meta name=\"description\" content=\"Organic Grain Liquid est un conservateur pour les c\u00e9r\u00e9ales, le CCM, l&#039;ensilage, le TMR et les m\u00e9langes d&#039;aliments en agriculture biologique, destin\u00e9 \u00e0 pr\u00e9server les nutriments et \u00e0 inhiber la croissance des moisissures et des bact\u00e9ries.\" \/>\n<meta name=\"robots\" content=\"index, follow, max-snippet:-1, max-image-preview:large, max-video-preview:-1\" \/>\n<link rel=\"canonical\" href=\"https:\/\/rottmann-group.de\/fr\/produit\/organic-grain-liquid\/\" \/>\n<meta property=\"og:locale\" content=\"fr_FR\" \/>\n<meta property=\"og:type\" content=\"article\" \/>\n<meta property=\"og:title\" content=\"Organic Grain Liquid\u00ae (liquide de grains biologiques) - Rottmann Group\" \/>\n<meta property=\"og:description\" content=\"Organic Grain Liquid est un conservateur pour les c\u00e9r\u00e9ales, le CCM, l&#039;ensilage, le TMR et les m\u00e9langes d&#039;aliments en agriculture biologique, destin\u00e9 \u00e0 pr\u00e9server les nutriments et \u00e0 inhiber la croissance des moisissures et des bact\u00e9ries.\" \/>\n<meta property=\"og:url\" content=\"https:\/\/rottmann-group.de\/fr\/produit\/organic-grain-liquid\/\" \/>\n<meta property=\"og:site_name\" content=\"Rottmann Group\" \/>\n<meta property=\"article:publisher\" content=\"https:\/\/www.facebook.com\/rottmanngroup\/?locale=de_DE\" \/>\n<meta property=\"article:modified_time\" content=\"2026-04-15T09:42:29+00:00\" \/>\n<meta property=\"og:image\" content=\"https:\/\/rottmann-group.de\/wp-content\/uploads\/2022\/07\/Container-Mega-Grain-Liquid.png\" \/>\n\t<meta property=\"og:image:width\" content=\"300\" \/>\n\t<meta property=\"og:image:height\" content=\"300\" \/>\n\t<meta property=\"og:image:type\" content=\"image\/png\" \/>\n<meta name=\"twitter:card\" content=\"summary_large_image\" \/>\n<script type=\"application\/ld+json\" class=\"yoast-schema-graph\">{\"@context\":\"https:\\\/\\\/schema.org\",\"@graph\":[{\"@type\":\"WebPage\",\"@id\":\"https:\\\/\\\/rottmann-group.de\\\/fr\\\/produit\\\/organic-grain-liquid\\\/\",\"url\":\"https:\\\/\\\/rottmann-group.de\\\/fr\\\/produit\\\/organic-grain-liquid\\\/\",\"name\":\"Organic Grain Liquid\u00ae (liquide de grains biologiques) - Rottmann Group\",\"isPartOf\":{\"@id\":\"https:\\\/\\\/rottmann-group.de\\\/#website\"},\"primaryImageOfPage\":{\"@id\":\"https:\\\/\\\/rottmann-group.de\\\/fr\\\/produit\\\/organic-grain-liquid\\\/#primaryimage\"},\"image\":{\"@id\":\"https:\\\/\\\/rottmann-group.de\\\/fr\\\/produit\\\/organic-grain-liquid\\\/#primaryimage\"},\"thumbnailUrl\":\"https:\\\/\\\/rottmann-group.de\\\/wp-content\\\/uploads\\\/2022\\\/07\\\/Container-Mega-Grain-Liquid.png\",\"datePublished\":\"2022-09-30T10:06:45+00:00\",\"dateModified\":\"2026-04-15T09:42:29+00:00\",\"description\":\"Organic Grain Liquid est un conservateur pour les c\u00e9r\u00e9ales, le CCM, l'ensilage, le TMR et les m\u00e9langes d'aliments en agriculture biologique, destin\u00e9 \u00e0 pr\u00e9server les nutriments et \u00e0 inhiber la croissance des moisissures et des bact\u00e9ries.\",\"breadcrumb\":{\"@id\":\"https:\\\/\\\/rottmann-group.de\\\/fr\\\/produit\\\/organic-grain-liquid\\\/#breadcrumb\"},\"inLanguage\":\"fr-FR\",\"potentialAction\":[{\"@type\":\"ReadAction\",\"target\":[\"https:\\\/\\\/rottmann-group.de\\\/fr\\\/produit\\\/organic-grain-liquid\\\/\"]}]},{\"@type\":\"ImageObject\",\"inLanguage\":\"fr-FR\",\"@id\":\"https:\\\/\\\/rottmann-group.de\\\/fr\\\/produit\\\/organic-grain-liquid\\\/#primaryimage\",\"url\":\"https:\\\/\\\/rottmann-group.de\\\/wp-content\\\/uploads\\\/2022\\\/07\\\/Container-Mega-Grain-Liquid.png\",\"contentUrl\":\"https:\\\/\\\/rottmann-group.de\\\/wp-content\\\/uploads\\\/2022\\\/07\\\/Container-Mega-Grain-Liquid.png\",\"width\":300,\"height\":300},{\"@type\":\"BreadcrumbList\",\"@id\":\"https:\\\/\\\/rottmann-group.de\\\/fr\\\/produit\\\/organic-grain-liquid\\\/#breadcrumb\",\"itemListElement\":[{\"@type\":\"ListItem\",\"position\":1,\"name\":\"Startseite\",\"item\":\"https:\\\/\\\/rottmann-group.de\\\/fr\\\/page-daccueil\\\/\"},{\"@type\":\"ListItem\",\"position\":2,\"name\":\"Shop\",\"item\":\"https:\\\/\\\/rottmann-group.de\\\/shop\\\/\"},{\"@type\":\"ListItem\",\"position\":3,\"name\":\"Organic Grain Liquid\u00ae (liquide de grains biologiques)\"}]},{\"@type\":\"WebSite\",\"@id\":\"https:\\\/\\\/rottmann-group.de\\\/#website\",\"url\":\"https:\\\/\\\/rottmann-group.de\\\/\",\"name\":\"Rottmann Group\",\"description\":\"Das traditionelle Familienunternehmen bietet Ihnen: Ganzheitliche Futterkonzepte, Mahl- und Mischdienstleistungen und Dosiertechnik. Jetzt Kontakt aufnehmen!\",\"publisher\":{\"@id\":\"https:\\\/\\\/rottmann-group.de\\\/#organization\"},\"potentialAction\":[{\"@type\":\"SearchAction\",\"target\":{\"@type\":\"EntryPoint\",\"urlTemplate\":\"https:\\\/\\\/rottmann-group.de\\\/?s={search_term_string}\"},\"query-input\":{\"@type\":\"PropertyValueSpecification\",\"valueRequired\":true,\"valueName\":\"search_term_string\"}}],\"inLanguage\":\"fr-FR\"},{\"@type\":\"Organization\",\"@id\":\"https:\\\/\\\/rottmann-group.de\\\/#organization\",\"name\":\"Rottmann Group\",\"url\":\"https:\\\/\\\/rottmann-group.de\\\/\",\"logo\":{\"@type\":\"ImageObject\",\"inLanguage\":\"fr-FR\",\"@id\":\"https:\\\/\\\/rottmann-group.de\\\/#\\\/schema\\\/logo\\\/image\\\/\",\"url\":\"https:\\\/\\\/rottmann-group.de\\\/wp-content\\\/uploads\\\/2022\\\/11\\\/Bild_Rottmann.jpg\",\"contentUrl\":\"https:\\\/\\\/rottmann-group.de\\\/wp-content\\\/uploads\\\/2022\\\/11\\\/Bild_Rottmann.jpg\",\"width\":999,\"height\":636,\"caption\":\"Rottmann Group\"},\"image\":{\"@id\":\"https:\\\/\\\/rottmann-group.de\\\/#\\\/schema\\\/logo\\\/image\\\/\"},\"sameAs\":[\"https:\\\/\\\/www.facebook.com\\\/rottmanngroup\\\/?locale=de_DE\",\"https:\\\/\\\/www.instagram.com\\\/rottmann_group\\\/\"]}]}<\/script>\n<!-- \/ Yoast SEO plugin. -->","yoast_head_json":{"title":"Organic Grain Liquid\u00ae (liquide de grains biologiques) - Rottmann Group","description":"Organic Grain Liquid est un conservateur pour les c\u00e9r\u00e9ales, le CCM, l'ensilage, le TMR et les m\u00e9langes d'aliments en agriculture biologique, destin\u00e9 \u00e0 pr\u00e9server les nutriments et \u00e0 inhiber la croissance des moisissures et des bact\u00e9ries.","robots":{"index":"index","follow":"follow","max-snippet":"max-snippet:-1","max-image-preview":"max-image-preview:large","max-video-preview":"max-video-preview:-1"},"canonical":"https:\/\/rottmann-group.de\/fr\/produit\/organic-grain-liquid\/","og_locale":"fr_FR","og_type":"article","og_title":"Organic Grain Liquid\u00ae (liquide de grains biologiques) - Rottmann Group","og_description":"Organic Grain Liquid est un conservateur pour les c\u00e9r\u00e9ales, le CCM, l'ensilage, le TMR et les m\u00e9langes d'aliments en agriculture biologique, destin\u00e9 \u00e0 pr\u00e9server les nutriments et \u00e0 inhiber la croissance des moisissures et des bact\u00e9ries.","og_url":"https:\/\/rottmann-group.de\/fr\/produit\/organic-grain-liquid\/","og_site_name":"Rottmann Group","article_publisher":"https:\/\/www.facebook.com\/rottmanngroup\/?locale=de_DE","article_modified_time":"2026-04-15T09:42:29+00:00","og_image":[{"width":300,"height":300,"url":"https:\/\/rottmann-group.de\/wp-content\/uploads\/2022\/07\/Container-Mega-Grain-Liquid.png","type":"image\/png"}],"twitter_card":"summary_large_image","schema":{"@context":"https:\/\/schema.org","@graph":[{"@type":"WebPage","@id":"https:\/\/rottmann-group.de\/fr\/produit\/organic-grain-liquid\/","url":"https:\/\/rottmann-group.de\/fr\/produit\/organic-grain-liquid\/","name":"Organic Grain Liquid\u00ae (liquide de grains biologiques) - Rottmann Group","isPartOf":{"@id":"https:\/\/rottmann-group.de\/#website"},"primaryImageOfPage":{"@id":"https:\/\/rottmann-group.de\/fr\/produit\/organic-grain-liquid\/#primaryimage"},"image":{"@id":"https:\/\/rottmann-group.de\/fr\/produit\/organic-grain-liquid\/#primaryimage"},"thumbnailUrl":"https:\/\/rottmann-group.de\/wp-content\/uploads\/2022\/07\/Container-Mega-Grain-Liquid.png","datePublished":"2022-09-30T10:06:45+00:00","dateModified":"2026-04-15T09:42:29+00:00","description":"Organic Grain Liquid est un conservateur pour les c\u00e9r\u00e9ales, le CCM, l'ensilage, le TMR et les m\u00e9langes d'aliments en agriculture biologique, destin\u00e9 \u00e0 pr\u00e9server les nutriments et \u00e0 inhiber la croissance des moisissures et des bact\u00e9ries.","breadcrumb":{"@id":"https:\/\/rottmann-group.de\/fr\/produit\/organic-grain-liquid\/#breadcrumb"},"inLanguage":"fr-FR","potentialAction":[{"@type":"ReadAction","target":["https:\/\/rottmann-group.de\/fr\/produit\/organic-grain-liquid\/"]}]},{"@type":"ImageObject","inLanguage":"fr-FR","@id":"https:\/\/rottmann-group.de\/fr\/produit\/organic-grain-liquid\/#primaryimage","url":"https:\/\/rottmann-group.de\/wp-content\/uploads\/2022\/07\/Container-Mega-Grain-Liquid.png","contentUrl":"https:\/\/rottmann-group.de\/wp-content\/uploads\/2022\/07\/Container-Mega-Grain-Liquid.png","width":300,"height":300},{"@type":"BreadcrumbList","@id":"https:\/\/rottmann-group.de\/fr\/produit\/organic-grain-liquid\/#breadcrumb","itemListElement":[{"@type":"ListItem","position":1,"name":"Startseite","item":"https:\/\/rottmann-group.de\/fr\/page-daccueil\/"},{"@type":"ListItem","position":2,"name":"Shop","item":"https:\/\/rottmann-group.de\/shop\/"},{"@type":"ListItem","position":3,"name":"Organic Grain Liquid\u00ae (liquide de grains biologiques)"}]},{"@type":"WebSite","@id":"https:\/\/rottmann-group.de\/#website","url":"https:\/\/rottmann-group.de\/","name":"Rottmann Group","description":"Das traditionelle Familienunternehmen bietet Ihnen: Ganzheitliche Futterkonzepte, Mahl- und Mischdienstleistungen und Dosiertechnik. Jetzt Kontakt aufnehmen!","publisher":{"@id":"https:\/\/rottmann-group.de\/#organization"},"potentialAction":[{"@type":"SearchAction","target":{"@type":"EntryPoint","urlTemplate":"https:\/\/rottmann-group.de\/?s={search_term_string}"},"query-input":{"@type":"PropertyValueSpecification","valueRequired":true,"valueName":"search_term_string"}}],"inLanguage":"fr-FR"},{"@type":"Organization","@id":"https:\/\/rottmann-group.de\/#organization","name":"Rottmann Group","url":"https:\/\/rottmann-group.de\/","logo":{"@type":"ImageObject","inLanguage":"fr-FR","@id":"https:\/\/rottmann-group.de\/#\/schema\/logo\/image\/","url":"https:\/\/rottmann-group.de\/wp-content\/uploads\/2022\/11\/Bild_Rottmann.jpg","contentUrl":"https:\/\/rottmann-group.de\/wp-content\/uploads\/2022\/11\/Bild_Rottmann.jpg","width":999,"height":636,"caption":"Rottmann Group"},"image":{"@id":"https:\/\/rottmann-group.de\/#\/schema\/logo\/image\/"},"sameAs":["https:\/\/www.facebook.com\/rottmanngroup\/?locale=de_DE","https:\/\/www.instagram.com\/rottmann_group\/"]}]}},"_links":{"self":[{"href":"https:\/\/rottmann-group.de\/fr\/wp-json\/wp\/v2\/product\/12018","targetHints":{"allow":["GET"]}}],"collection":[{"href":"https:\/\/rottmann-group.de\/fr\/wp-json\/wp\/v2\/product"}],"about":[{"href":"https:\/\/rottmann-group.de\/fr\/wp-json\/wp\/v2\/types\/product"}],"replies":[{"embeddable":true,"href":"https:\/\/rottmann-group.de\/fr\/wp-json\/wp\/v2\/comments?post=12018"}],"wp:featuredmedia":[{"embeddable":true,"href":"https:\/\/rottmann-group.de\/fr\/wp-json\/wp\/v2\/media\/2570"}],"wp:attachment":[{"href":"https:\/\/rottmann-group.de\/fr\/wp-json\/wp\/v2\/media?parent=12018"}],"wp:term":[{"taxonomy":"product_brand","embeddable":true,"href":"https:\/\/rottmann-group.de\/fr\/wp-json\/wp\/v2\/product_brand?post=12018"},{"taxonomy":"product_cat","embeddable":true,"href":"https:\/\/rottmann-group.de\/fr\/wp-json\/wp\/v2\/product_cat?post=12018"},{"taxonomy":"product_tag","embeddable":true,"href":"https:\/\/rottmann-group.de\/fr\/wp-json\/wp\/v2\/product_tag?post=12018"}],"curies":[{"name":"wp","href":"https:\/\/api.w.org\/{rel}","templated":true}]}}