{"id":11952,"date":"2022-09-29T12:49:05","date_gmt":"2022-09-29T10:49:05","guid":{"rendered":"\/produkt\/chaux-a-litiere\/"},"modified":"2026-04-22T10:29:20","modified_gmt":"2026-04-22T08:29:20","slug":"chaux-a-litiere","status":"publish","type":"product","link":"https:\/\/rottmann-group.de\/fr\/produit\/chaux-a-litiere\/","title":{"rendered":"Chaux \u00e0 liti\u00e8re"},"content":{"rendered":"<h4 data-section-id=\"mtaqxn\" data-start=\"603\" data-end=\"630\">1. une meilleure hygi\u00e8ne dans l&rsquo;\u00e9table<\/h4>\n<p data-start=\"632\" data-end=\"851\">La chaux pour liti\u00e8re a \u00e9t\u00e9 con\u00e7ue pour am\u00e9liorer durablement l&rsquo;hygi\u00e8ne des b\u00e2timents d&rsquo;\u00e9levage. Utilis\u00e9e dans les logettes, les stabulations libres ou les aires pour les veaux, elle permet de r\u00e9duire les surfaces humides et de cr\u00e9er des conditions hygi\u00e9niques. <\/p>\n<ul data-start=\"853\" data-end=\"1000\">\n<li data-section-id=\"1kqzkky\" data-start=\"853\" data-end=\"884\">am\u00e9liore l&rsquo;hygi\u00e8ne de l&rsquo;\u00e9table<\/li>\n<li data-section-id=\"1nosvj2\" data-start=\"885\" data-end=\"927\">r\u00e9duit l&rsquo;humidit\u00e9 dans la zone de couchage<\/li>\n<li data-section-id=\"zaoyst\" data-start=\"928\" data-end=\"965\">assure des surfaces d&rsquo;\u00e9table plus s\u00e8ches<\/li>\n<li data-section-id=\"khrkpe\" data-start=\"966\" data-end=\"1000\">polyvalent dans l&rsquo;\u00e9curie<\/li>\n<\/ul>\n<h4 data-section-id=\"1itrejf\" data-start=\"1007\" data-end=\"1052\">2. retient l&rsquo;humidit\u00e9 et r\u00e9duit les germes<\/h4>\n<p data-start=\"1054\" data-end=\"1255\">L&rsquo;humidit\u00e9 constitue la base des germes, des bact\u00e9ries et des charges ind\u00e9sirables dans l&rsquo;\u00e9table. La chaux pour liti\u00e8re absorbe l&rsquo;humidit\u00e9 de mani\u00e8re fiable et contribue \u00e0 am\u00e9liorer durablement le climat de l&rsquo;\u00e9table. Gr\u00e2ce \u00e0 un pH durablement \u00e9lev\u00e9, sup\u00e9rieur \u00e0 12, la croissance et la multiplication des germes pathog\u00e8nes sont r\u00e9duites.  <\/p>\n<ul data-start=\"1257\" data-end=\"1385\">\n<li data-section-id=\"4m1jxm\" data-start=\"1257\" data-end=\"1294\">absorbe l&rsquo;exc\u00e8s d&rsquo;humidit\u00e9<\/li>\n<li data-section-id=\"u0jvun\" data-start=\"1295\" data-end=\"1318\">r\u00e9duit la pression des germes<\/li>\n<li data-section-id=\"1ef231b\" data-start=\"1319\" data-end=\"1348\">am\u00e9liore le climat de l&rsquo;\u00e9table<\/li>\n<li data-section-id=\"966g6i\" data-start=\"1349\" data-end=\"1385\">soutient des surfaces de couchage propres<\/li>\n<\/ul>\n<h4 data-section-id=\"ucpd5r\" data-start=\"1392\" data-end=\"1441\">3. soutient la sant\u00e9 et le bien-\u00eatre des animaux<\/h4>\n<p data-start=\"1443\" data-end=\"1638\">Une aire de repos s\u00e8che est un facteur important pour la sant\u00e9 des animaux. La chaux pour liti\u00e8re aide \u00e0 soutenir positivement la peau, les sabots et la sant\u00e9 de la mamelle tout en am\u00e9liorant le confort de couchage. <\/p>\n<ul data-start=\"1640\" data-end=\"1792\">\n<li data-section-id=\"13ks6fh\" data-start=\"1640\" data-end=\"1674\">soutient la sant\u00e9 animale<\/li>\n<li data-section-id=\"1cxu1ba\" data-start=\"1675\" data-end=\"1706\">am\u00e9liore le confort de couchage<\/li>\n<li data-section-id=\"zvjjjw\" data-start=\"1707\" data-end=\"1752\">peut r\u00e9duire les probl\u00e8mes de mamelle et de sabots<\/li>\n<li data-section-id=\"1wy05o8\" data-start=\"1753\" data-end=\"1792\">am\u00e9liore le bien-\u00eatre des animaux<\/li>\n<\/ul>\n","protected":false},"excerpt":{"rendered":"<p>La chaux pour liti\u00e8re assure des surfaces de couchage s\u00e8ches et hygi\u00e9niques dans le b\u00e2timent d&rsquo;\u00e9levage, retient l&rsquo;humidit\u00e9 et r\u00e9duit la pression des germes pour une meilleure sant\u00e9 et un meilleur confort des animaux.<\/p>\n","protected":false},"featured_media":3057,"comment_status":"closed","ping_status":"closed","template":"","meta":{"_acf_changed":false},"product_brand":[],"product_cat":[409,223],"product_tag":[],"class_list":{"0":"post-11952","1":"product","2":"type-product","3":"status-publish","4":"has-post-thumbnail","6":"product_cat-aliments-pour-animaux","7":"product_cat-boeuf","9":"first","10":"instock","11":"shipping-taxable","12":"product-type-variable"},"acf":[],"yoast_head":"<!-- This site is optimized with the Yoast SEO plugin v27.4 - https:\/\/yoast.com\/product\/yoast-seo-wordpress\/ -->\n<title>Chaux \u00e0 liti\u00e8re - Rottmann Group<\/title>\n<meta name=\"description\" content=\"La chaux pour liti\u00e8re am\u00e9liore l&#039;hygi\u00e8ne des b\u00e2timents d&#039;\u00e9levage en retenant l&#039;humidit\u00e9, en r\u00e9duisant les germes et en offrant des surfaces de couchage s\u00e8ches pour des animaux plus sains et plus performants.\" \/>\n<meta name=\"robots\" content=\"index, follow, max-snippet:-1, max-image-preview:large, max-video-preview:-1\" \/>\n<link rel=\"canonical\" href=\"https:\/\/rottmann-group.de\/fr\/produit\/chaux-a-litiere\/\" \/>\n<meta property=\"og:locale\" content=\"fr_FR\" \/>\n<meta property=\"og:type\" content=\"article\" \/>\n<meta property=\"og:title\" content=\"Chaux \u00e0 liti\u00e8re - Rottmann Group\" \/>\n<meta property=\"og:description\" content=\"La chaux pour liti\u00e8re am\u00e9liore l&#039;hygi\u00e8ne des b\u00e2timents d&#039;\u00e9levage en retenant l&#039;humidit\u00e9, en r\u00e9duisant les germes et en offrant des surfaces de couchage s\u00e8ches pour des animaux plus sains et plus performants.\" \/>\n<meta property=\"og:url\" content=\"https:\/\/rottmann-group.de\/fr\/produit\/chaux-a-litiere\/\" \/>\n<meta property=\"og:site_name\" content=\"Rottmann Group\" \/>\n<meta property=\"article:publisher\" content=\"https:\/\/www.facebook.com\/rottmanngroup\/?locale=de_DE\" \/>\n<meta property=\"article:modified_time\" content=\"2026-04-22T08:29:20+00:00\" \/>\n<meta property=\"og:image\" content=\"https:\/\/rottmann-group.de\/wp-content\/uploads\/2022\/09\/BreCalSan.png\" \/>\n\t<meta property=\"og:image:width\" content=\"300\" \/>\n\t<meta property=\"og:image:height\" content=\"300\" \/>\n\t<meta property=\"og:image:type\" content=\"image\/png\" \/>\n<meta name=\"twitter:card\" content=\"summary_large_image\" \/>\n<meta name=\"twitter:label1\" content=\"Dur\u00e9e de lecture estim\u00e9e\" \/>\n\t<meta name=\"twitter:data1\" content=\"1 minute\" \/>\n<script type=\"application\/ld+json\" class=\"yoast-schema-graph\">{\"@context\":\"https:\\\/\\\/schema.org\",\"@graph\":[{\"@type\":\"WebPage\",\"@id\":\"https:\\\/\\\/rottmann-group.de\\\/fr\\\/produit\\\/chaux-a-litiere\\\/\",\"url\":\"https:\\\/\\\/rottmann-group.de\\\/fr\\\/produit\\\/chaux-a-litiere\\\/\",\"name\":\"Chaux \u00e0 liti\u00e8re - Rottmann Group\",\"isPartOf\":{\"@id\":\"https:\\\/\\\/rottmann-group.de\\\/fr\\\/#website\"},\"primaryImageOfPage\":{\"@id\":\"https:\\\/\\\/rottmann-group.de\\\/fr\\\/produit\\\/chaux-a-litiere\\\/#primaryimage\"},\"image\":{\"@id\":\"https:\\\/\\\/rottmann-group.de\\\/fr\\\/produit\\\/chaux-a-litiere\\\/#primaryimage\"},\"thumbnailUrl\":\"https:\\\/\\\/rottmann-group.de\\\/wp-content\\\/uploads\\\/2022\\\/09\\\/BreCalSan.png\",\"datePublished\":\"2022-09-29T10:49:05+00:00\",\"dateModified\":\"2026-04-22T08:29:20+00:00\",\"description\":\"La chaux pour liti\u00e8re am\u00e9liore l'hygi\u00e8ne des b\u00e2timents d'\u00e9levage en retenant l'humidit\u00e9, en r\u00e9duisant les germes et en offrant des surfaces de couchage s\u00e8ches pour des animaux plus sains et plus performants.\",\"breadcrumb\":{\"@id\":\"https:\\\/\\\/rottmann-group.de\\\/fr\\\/produit\\\/chaux-a-litiere\\\/#breadcrumb\"},\"inLanguage\":\"fr-FR\",\"potentialAction\":[{\"@type\":\"ReadAction\",\"target\":[\"https:\\\/\\\/rottmann-group.de\\\/fr\\\/produit\\\/chaux-a-litiere\\\/\"]}]},{\"@type\":\"ImageObject\",\"inLanguage\":\"fr-FR\",\"@id\":\"https:\\\/\\\/rottmann-group.de\\\/fr\\\/produit\\\/chaux-a-litiere\\\/#primaryimage\",\"url\":\"https:\\\/\\\/rottmann-group.de\\\/wp-content\\\/uploads\\\/2022\\\/09\\\/BreCalSan.png\",\"contentUrl\":\"https:\\\/\\\/rottmann-group.de\\\/wp-content\\\/uploads\\\/2022\\\/09\\\/BreCalSan.png\",\"width\":300,\"height\":300},{\"@type\":\"BreadcrumbList\",\"@id\":\"https:\\\/\\\/rottmann-group.de\\\/fr\\\/produit\\\/chaux-a-litiere\\\/#breadcrumb\",\"itemListElement\":[{\"@type\":\"ListItem\",\"position\":1,\"name\":\"Startseite\",\"item\":\"https:\\\/\\\/rottmann-group.de\\\/fr\\\/page-daccueil\\\/\"},{\"@type\":\"ListItem\",\"position\":2,\"name\":\"Boutique\",\"item\":\"https:\\\/\\\/rottmann-group.de\\\/fr\\\/boutique\\\/\"},{\"@type\":\"ListItem\",\"position\":3,\"name\":\"Chaux \u00e0 liti\u00e8re\"}]},{\"@type\":\"WebSite\",\"@id\":\"https:\\\/\\\/rottmann-group.de\\\/fr\\\/#website\",\"url\":\"https:\\\/\\\/rottmann-group.de\\\/fr\\\/\",\"name\":\"Rottmann Group\",\"description\":\"Das traditionelle Familienunternehmen bietet Ihnen: Ganzheitliche Futterkonzepte, Mahl- und Mischdienstleistungen und Dosiertechnik. Jetzt Kontakt aufnehmen!\",\"publisher\":{\"@id\":\"https:\\\/\\\/rottmann-group.de\\\/fr\\\/#organization\"},\"potentialAction\":[{\"@type\":\"SearchAction\",\"target\":{\"@type\":\"EntryPoint\",\"urlTemplate\":\"https:\\\/\\\/rottmann-group.de\\\/fr\\\/?s={search_term_string}\"},\"query-input\":{\"@type\":\"PropertyValueSpecification\",\"valueRequired\":true,\"valueName\":\"search_term_string\"}}],\"inLanguage\":\"fr-FR\"},{\"@type\":\"Organization\",\"@id\":\"https:\\\/\\\/rottmann-group.de\\\/fr\\\/#organization\",\"name\":\"Rottmann Group\",\"url\":\"https:\\\/\\\/rottmann-group.de\\\/fr\\\/\",\"logo\":{\"@type\":\"ImageObject\",\"inLanguage\":\"fr-FR\",\"@id\":\"https:\\\/\\\/rottmann-group.de\\\/fr\\\/#\\\/schema\\\/logo\\\/image\\\/\",\"url\":\"https:\\\/\\\/rottmann-group.de\\\/wp-content\\\/uploads\\\/2022\\\/11\\\/Bild_Rottmann.jpg\",\"contentUrl\":\"https:\\\/\\\/rottmann-group.de\\\/wp-content\\\/uploads\\\/2022\\\/11\\\/Bild_Rottmann.jpg\",\"width\":999,\"height\":636,\"caption\":\"Rottmann Group\"},\"image\":{\"@id\":\"https:\\\/\\\/rottmann-group.de\\\/fr\\\/#\\\/schema\\\/logo\\\/image\\\/\"},\"sameAs\":[\"https:\\\/\\\/www.facebook.com\\\/rottmanngroup\\\/?locale=de_DE\",\"https:\\\/\\\/www.instagram.com\\\/rottmann_group\\\/\"]}]}<\/script>\n<!-- \/ Yoast SEO plugin. -->","yoast_head_json":{"title":"Chaux \u00e0 liti\u00e8re - Rottmann Group","description":"La chaux pour liti\u00e8re am\u00e9liore l'hygi\u00e8ne des b\u00e2timents d'\u00e9levage en retenant l'humidit\u00e9, en r\u00e9duisant les germes et en offrant des surfaces de couchage s\u00e8ches pour des animaux plus sains et plus performants.","robots":{"index":"index","follow":"follow","max-snippet":"max-snippet:-1","max-image-preview":"max-image-preview:large","max-video-preview":"max-video-preview:-1"},"canonical":"https:\/\/rottmann-group.de\/fr\/produit\/chaux-a-litiere\/","og_locale":"fr_FR","og_type":"article","og_title":"Chaux \u00e0 liti\u00e8re - Rottmann Group","og_description":"La chaux pour liti\u00e8re am\u00e9liore l'hygi\u00e8ne des b\u00e2timents d'\u00e9levage en retenant l'humidit\u00e9, en r\u00e9duisant les germes et en offrant des surfaces de couchage s\u00e8ches pour des animaux plus sains et plus performants.","og_url":"https:\/\/rottmann-group.de\/fr\/produit\/chaux-a-litiere\/","og_site_name":"Rottmann Group","article_publisher":"https:\/\/www.facebook.com\/rottmanngroup\/?locale=de_DE","article_modified_time":"2026-04-22T08:29:20+00:00","og_image":[{"width":300,"height":300,"url":"https:\/\/rottmann-group.de\/wp-content\/uploads\/2022\/09\/BreCalSan.png","type":"image\/png"}],"twitter_card":"summary_large_image","twitter_misc":{"Dur\u00e9e de lecture estim\u00e9e":"1 minute"},"schema":{"@context":"https:\/\/schema.org","@graph":[{"@type":"WebPage","@id":"https:\/\/rottmann-group.de\/fr\/produit\/chaux-a-litiere\/","url":"https:\/\/rottmann-group.de\/fr\/produit\/chaux-a-litiere\/","name":"Chaux \u00e0 liti\u00e8re - Rottmann Group","isPartOf":{"@id":"https:\/\/rottmann-group.de\/fr\/#website"},"primaryImageOfPage":{"@id":"https:\/\/rottmann-group.de\/fr\/produit\/chaux-a-litiere\/#primaryimage"},"image":{"@id":"https:\/\/rottmann-group.de\/fr\/produit\/chaux-a-litiere\/#primaryimage"},"thumbnailUrl":"https:\/\/rottmann-group.de\/wp-content\/uploads\/2022\/09\/BreCalSan.png","datePublished":"2022-09-29T10:49:05+00:00","dateModified":"2026-04-22T08:29:20+00:00","description":"La chaux pour liti\u00e8re am\u00e9liore l'hygi\u00e8ne des b\u00e2timents d'\u00e9levage en retenant l'humidit\u00e9, en r\u00e9duisant les germes et en offrant des surfaces de couchage s\u00e8ches pour des animaux plus sains et plus performants.","breadcrumb":{"@id":"https:\/\/rottmann-group.de\/fr\/produit\/chaux-a-litiere\/#breadcrumb"},"inLanguage":"fr-FR","potentialAction":[{"@type":"ReadAction","target":["https:\/\/rottmann-group.de\/fr\/produit\/chaux-a-litiere\/"]}]},{"@type":"ImageObject","inLanguage":"fr-FR","@id":"https:\/\/rottmann-group.de\/fr\/produit\/chaux-a-litiere\/#primaryimage","url":"https:\/\/rottmann-group.de\/wp-content\/uploads\/2022\/09\/BreCalSan.png","contentUrl":"https:\/\/rottmann-group.de\/wp-content\/uploads\/2022\/09\/BreCalSan.png","width":300,"height":300},{"@type":"BreadcrumbList","@id":"https:\/\/rottmann-group.de\/fr\/produit\/chaux-a-litiere\/#breadcrumb","itemListElement":[{"@type":"ListItem","position":1,"name":"Startseite","item":"https:\/\/rottmann-group.de\/fr\/page-daccueil\/"},{"@type":"ListItem","position":2,"name":"Boutique","item":"https:\/\/rottmann-group.de\/fr\/boutique\/"},{"@type":"ListItem","position":3,"name":"Chaux \u00e0 liti\u00e8re"}]},{"@type":"WebSite","@id":"https:\/\/rottmann-group.de\/fr\/#website","url":"https:\/\/rottmann-group.de\/fr\/","name":"Rottmann Group","description":"Das traditionelle Familienunternehmen bietet Ihnen: Ganzheitliche Futterkonzepte, Mahl- und Mischdienstleistungen und Dosiertechnik. Jetzt Kontakt aufnehmen!","publisher":{"@id":"https:\/\/rottmann-group.de\/fr\/#organization"},"potentialAction":[{"@type":"SearchAction","target":{"@type":"EntryPoint","urlTemplate":"https:\/\/rottmann-group.de\/fr\/?s={search_term_string}"},"query-input":{"@type":"PropertyValueSpecification","valueRequired":true,"valueName":"search_term_string"}}],"inLanguage":"fr-FR"},{"@type":"Organization","@id":"https:\/\/rottmann-group.de\/fr\/#organization","name":"Rottmann Group","url":"https:\/\/rottmann-group.de\/fr\/","logo":{"@type":"ImageObject","inLanguage":"fr-FR","@id":"https:\/\/rottmann-group.de\/fr\/#\/schema\/logo\/image\/","url":"https:\/\/rottmann-group.de\/wp-content\/uploads\/2022\/11\/Bild_Rottmann.jpg","contentUrl":"https:\/\/rottmann-group.de\/wp-content\/uploads\/2022\/11\/Bild_Rottmann.jpg","width":999,"height":636,"caption":"Rottmann Group"},"image":{"@id":"https:\/\/rottmann-group.de\/fr\/#\/schema\/logo\/image\/"},"sameAs":["https:\/\/www.facebook.com\/rottmanngroup\/?locale=de_DE","https:\/\/www.instagram.com\/rottmann_group\/"]}]}},"_links":{"self":[{"href":"https:\/\/rottmann-group.de\/fr\/wp-json\/wp\/v2\/product\/11952","targetHints":{"allow":["GET"]}}],"collection":[{"href":"https:\/\/rottmann-group.de\/fr\/wp-json\/wp\/v2\/product"}],"about":[{"href":"https:\/\/rottmann-group.de\/fr\/wp-json\/wp\/v2\/types\/product"}],"replies":[{"embeddable":true,"href":"https:\/\/rottmann-group.de\/fr\/wp-json\/wp\/v2\/comments?post=11952"}],"wp:featuredmedia":[{"embeddable":true,"href":"https:\/\/rottmann-group.de\/fr\/wp-json\/wp\/v2\/media\/3057"}],"wp:attachment":[{"href":"https:\/\/rottmann-group.de\/fr\/wp-json\/wp\/v2\/media?parent=11952"}],"wp:term":[{"taxonomy":"product_brand","embeddable":true,"href":"https:\/\/rottmann-group.de\/fr\/wp-json\/wp\/v2\/product_brand?post=11952"},{"taxonomy":"product_cat","embeddable":true,"href":"https:\/\/rottmann-group.de\/fr\/wp-json\/wp\/v2\/product_cat?post=11952"},{"taxonomy":"product_tag","embeddable":true,"href":"https:\/\/rottmann-group.de\/fr\/wp-json\/wp\/v2\/product_tag?post=11952"}],"curies":[{"name":"wp","href":"https:\/\/api.w.org\/{rel}","templated":true}]}}