{"id":10356,"date":"2022-11-09T20:40:31","date_gmt":"2022-11-09T19:40:31","guid":{"rendered":"\/10356-2\/"},"modified":"2026-02-12T13:57:42","modified_gmt":"2026-02-12T12:57:42","slug":"10356-2","status":"publish","type":"page","link":"https:\/\/rottmann-group.de\/fr\/10356-2\/","title":{"rendered":""},"content":{"rendered":"\t\t<div data-elementor-type=\"wp-page\" data-elementor-id=\"10356\" class=\"elementor elementor-10356\" data-elementor-post-type=\"page\">\n\t\t\t\t\t\t<section class=\"elementor-section elementor-top-section elementor-element elementor-element-6d77ff8 elementor-section-boxed elementor-section-height-default elementor-section-height-default\" data-id=\"6d77ff8\" data-element_type=\"section\" data-e-type=\"section\">\n\t\t\t\t\t\t<div class=\"elementor-container elementor-column-gap-default\">\n\t\t\t\t\t<div class=\"elementor-column elementor-col-100 elementor-top-column elementor-element elementor-element-921221f\" data-id=\"921221f\" data-element_type=\"column\" data-e-type=\"column\">\n\t\t\t<div class=\"elementor-widget-wrap elementor-element-populated\">\n\t\t\t\t\t\t<div class=\"elementor-element elementor-element-cc4e4e8 elementor-widget elementor-widget-spacer\" data-id=\"cc4e4e8\" data-element_type=\"widget\" data-e-type=\"widget\" data-widget_type=\"spacer.default\">\n\t\t\t\t<div class=\"elementor-widget-container\">\n\t\t\t\t\t\t\t<div class=\"elementor-spacer\">\n\t\t\t<div class=\"elementor-spacer-inner\"><\/div>\n\t\t<\/div>\n\t\t\t\t\t\t<\/div>\n\t\t\t\t<\/div>\n\t\t\t\t<div class=\"elementor-element elementor-element-0a1fcde elementor-widget elementor-widget-heading\" data-id=\"0a1fcde\" data-element_type=\"widget\" data-e-type=\"widget\" data-widget_type=\"heading.default\">\n\t\t\t\t<div class=\"elementor-widget-container\">\n\t\t\t\t\t<h2 class=\"elementor-heading-title elementor-size-default\">Merci pour votre demande !<\/h2>\t\t\t\t<\/div>\n\t\t\t\t<\/div>\n\t\t\t\t\t<\/div>\n\t\t<\/div>\n\t\t\t\t\t<\/div>\n\t\t<\/section>\n\t\t\t\t<section class=\"elementor-section elementor-top-section elementor-element elementor-element-f68e6a0 elementor-section-boxed elementor-section-height-default elementor-section-height-default\" data-id=\"f68e6a0\" data-element_type=\"section\" data-e-type=\"section\">\n\t\t\t\t\t\t<div class=\"elementor-container elementor-column-gap-default\">\n\t\t\t\t\t<div class=\"elementor-column elementor-col-100 elementor-top-column elementor-element elementor-element-6bffa73\" data-id=\"6bffa73\" data-element_type=\"column\" data-e-type=\"column\">\n\t\t\t<div class=\"elementor-widget-wrap elementor-element-populated\">\n\t\t\t\t\t\t<div class=\"elementor-element elementor-element-4282607 elementor-widget elementor-widget-text-editor\" data-id=\"4282607\" data-element_type=\"widget\" data-e-type=\"widget\" data-widget_type=\"text-editor.default\">\n\t\t\t\t<div class=\"elementor-widget-container\">\n\t\t\t\t\t\t\t\t\t<p>Nous vous contacterons sous peu.<br><\/p>\t\t\t\t\t\t\t\t<\/div>\n\t\t\t\t<\/div>\n\t\t\t\t\t<\/div>\n\t\t<\/div>\n\t\t\t\t\t<\/div>\n\t\t<\/section>\n\t\t\t\t<section class=\"elementor-section elementor-top-section elementor-element elementor-element-36254c48 elementor-section-boxed elementor-section-height-default elementor-section-height-default\" data-id=\"36254c48\" data-element_type=\"section\" data-e-type=\"section\">\n\t\t\t\t\t\t\t<div class=\"elementor-background-overlay\"><\/div>\n\t\t\t\t\t\t\t<div class=\"elementor-container elementor-column-gap-default\">\n\t\t\t\t\t<div class=\"elementor-column elementor-col-100 elementor-top-column elementor-element elementor-element-8daa22e\" data-id=\"8daa22e\" data-element_type=\"column\" data-e-type=\"column\">\n\t\t\t<div class=\"elementor-widget-wrap elementor-element-populated\">\n\t\t\t\t\t\t<div data-dce-title-color=\"#000000\" class=\"elementor-element elementor-element-6fb54f7c elementor-widget elementor-widget-heading\" data-id=\"6fb54f7c\" data-element_type=\"widget\" data-e-type=\"widget\" data-widget_type=\"heading.default\">\n\t\t\t\t<div class=\"elementor-widget-container\">\n\t\t\t\t\t<h2 class=\"elementor-heading-title elementor-size-default\">ACTUALIT\u00c9S : ROTTMANN GROUP<\/h2>\t\t\t\t<\/div>\n\t\t\t\t<\/div>\n\t\t\t\t<div data-dce-text-color=\"#FFFFFF\" class=\"elementor-element elementor-element-2c3b131b elementor-widget elementor-widget-text-editor\" data-id=\"2c3b131b\" data-element_type=\"widget\" data-e-type=\"widget\" data-widget_type=\"text-editor.default\">\n\t\t\t\t<div class=\"elementor-widget-container\">\n\t\t\t\t\t\t\t\t\t<p>VOUS TROUVEREZ ICI LES DERNI\u00c8RES INFORMATIONS SUR NOTRE ENTREPRISE<\/p>\t\t\t\t\t\t\t\t<\/div>\n\t\t\t\t<\/div>\n\t\t\t\t<div class=\"elementor-element elementor-element-6640b98b elementor-grid-3 elementor-grid-tablet-2 elementor-grid-mobile-1 elementor-posts--thumbnail-top elementor-widget elementor-widget-posts\" data-id=\"6640b98b\" data-element_type=\"widget\" data-e-type=\"widget\" data-settings=\"{&quot;classic_columns&quot;:&quot;3&quot;,&quot;classic_columns_tablet&quot;:&quot;2&quot;,&quot;classic_columns_mobile&quot;:&quot;1&quot;,&quot;classic_row_gap&quot;:{&quot;unit&quot;:&quot;px&quot;,&quot;size&quot;:35,&quot;sizes&quot;:[]},&quot;classic_row_gap_tablet&quot;:{&quot;unit&quot;:&quot;px&quot;,&quot;size&quot;:&quot;&quot;,&quot;sizes&quot;:[]},&quot;classic_row_gap_mobile&quot;:{&quot;unit&quot;:&quot;px&quot;,&quot;size&quot;:&quot;&quot;,&quot;sizes&quot;:[]}}\" data-widget_type=\"posts.classic\">\n\t\t\t\t<div class=\"elementor-widget-container\">\n\t\t\t\t\t\t\t<div class=\"elementor-posts-container elementor-posts elementor-posts--skin-classic elementor-grid\" role=\"list\">\n\t\t\t\t<article class=\"elementor-post elementor-grid-item post-26180 post type-post status-publish format-standard has-post-thumbnail hentry category-actualites\" role=\"listitem\">\n\t\t\t\t<a class=\"elementor-post__thumbnail__link\" href=\"https:\/\/rottmann-group.de\/fr\/joyeuses-paques-2025-2\/\" tabindex=\"-1\" >\n\t\t\t<div class=\"elementor-post__thumbnail\"><img decoding=\"async\" width=\"300\" height=\"117\" src=\"https:\/\/rottmann-group.de\/wp-content\/uploads\/2026\/03\/easter_7_a1-300x117.jpg\" class=\"attachment-medium size-medium wp-image-26214\" alt=\"\" srcset=\"https:\/\/rottmann-group.de\/wp-content\/uploads\/2026\/03\/easter_7_a1-300x117.jpg 300w, https:\/\/rottmann-group.de\/wp-content\/uploads\/2026\/03\/easter_7_a1-1024x398.jpg 1024w, https:\/\/rottmann-group.de\/wp-content\/uploads\/2026\/03\/easter_7_a1-768x299.jpg 768w, https:\/\/rottmann-group.de\/wp-content\/uploads\/2026\/03\/easter_7_a1-1536x597.jpg 1536w, https:\/\/rottmann-group.de\/wp-content\/uploads\/2026\/03\/easter_7_a1-2048x796.jpg 2048w, https:\/\/rottmann-group.de\/wp-content\/uploads\/2026\/03\/easter_7_a1-600x233.jpg 600w\" sizes=\"(max-width: 300px) 100vw, 300px\" \/><\/div>\n\t\t<\/a>\n\t\t\t\t<div class=\"elementor-post__text\">\n\t\t\t\t<h3 class=\"elementor-post__title\">\n\t\t\t<a href=\"https:\/\/rottmann-group.de\/fr\/joyeuses-paques-2025-2\/\" >\n\t\t\t\tJoyeuses P\u00e2ques 2025\t\t\t<\/a>\n\t\t<\/h3>\n\t\t\t\t<div class=\"elementor-post__meta-data\">\n\t\t\t\t\t<span class=\"elementor-post-date\">\n\t\t\t26. mars 2026\t\t<\/span>\n\t\t\t\t<\/div>\n\t\t\t\t<div class=\"elementor-post__excerpt\">\n\t\t\t<p>Joyeuses P\u00e2ques de la part du groupe Rottmann !<\/p>\n\t\t<\/div>\n\t\t\n\t\t<a class=\"elementor-post__read-more\" href=\"https:\/\/rottmann-group.de\/fr\/joyeuses-paques-2025-2\/\" aria-label=\"En savoir plus sur Joyeuses P\u00e2ques 2025\" tabindex=\"-1\" >\n\t\t\tLIRE PLUS \"\t\t<\/a>\n\n\t\t\t\t<\/div>\n\t\t\t\t<\/article>\n\t\t\t\t<article class=\"elementor-post elementor-grid-item post-26051 post type-post status-publish format-standard has-post-thumbnail hentry category-non-classifiee\" role=\"listitem\">\n\t\t\t\t<a class=\"elementor-post__thumbnail__link\" href=\"https:\/\/rottmann-group.de\/fr\/journees-laitieres-de-duesseldorf-2026-2\/\" tabindex=\"-1\" >\n\t\t\t<div class=\"elementor-post__thumbnail\"><img fetchpriority=\"high\" decoding=\"async\" width=\"300\" height=\"234\" src=\"https:\/\/rottmann-group.de\/wp-content\/uploads\/2026\/03\/DMT1-300x234.jpg\" class=\"attachment-medium size-medium wp-image-26061\" alt=\"\" srcset=\"https:\/\/rottmann-group.de\/wp-content\/uploads\/2026\/03\/DMT1-300x234.jpg 300w, https:\/\/rottmann-group.de\/wp-content\/uploads\/2026\/03\/DMT1-768x599.jpg 768w, https:\/\/rottmann-group.de\/wp-content\/uploads\/2026\/03\/DMT1-600x468.jpg 600w, https:\/\/rottmann-group.de\/wp-content\/uploads\/2026\/03\/DMT1.jpg 852w\" sizes=\"(max-width: 300px) 100vw, 300px\" \/><\/div>\n\t\t<\/a>\n\t\t\t\t<div class=\"elementor-post__text\">\n\t\t\t\t<h3 class=\"elementor-post__title\">\n\t\t\t<a href=\"https:\/\/rottmann-group.de\/fr\/journees-laitieres-de-duesseldorf-2026-2\/\" >\n\t\t\t\tR\u00e9trospective des Journ\u00e9es laiti\u00e8res de D\u00fcsseldorf 2026\t\t\t<\/a>\n\t\t<\/h3>\n\t\t\t\t<div class=\"elementor-post__meta-data\">\n\t\t\t\t\t<span class=\"elementor-post-date\">\n\t\t\t12. mars 2026\t\t<\/span>\n\t\t\t\t<\/div>\n\t\t\t\t<div class=\"elementor-post__excerpt\">\n\t\t\t<p>Beaucoup de bonnes discussions, des aper\u00e7us passionnants et un \u00e9change fort avec la pratique : voil\u00e0 ce qu&rsquo;ont \u00e9t\u00e9 pour nous les D\u00fcsser Milchviehtage 2026.<\/p>\n\t\t<\/div>\n\t\t\n\t\t<a class=\"elementor-post__read-more\" href=\"https:\/\/rottmann-group.de\/fr\/journees-laitieres-de-duesseldorf-2026-2\/\" aria-label=\"En savoir plus sur R\u00e9trospective des Journ\u00e9es laiti\u00e8res de D\u00fcsseldorf 2026\" tabindex=\"-1\" >\n\t\t\tLIRE PLUS \"\t\t<\/a>\n\n\t\t\t\t<\/div>\n\t\t\t\t<\/article>\n\t\t\t\t<article class=\"elementor-post elementor-grid-item post-25895 post type-post status-publish format-standard has-post-thumbnail hentry category-non-classifiee\" role=\"listitem\">\n\t\t\t\t<a class=\"elementor-post__thumbnail__link\" href=\"https:\/\/rottmann-group.de\/fr\/journees-laitieres-de-duesseldorf-2026\/\" tabindex=\"-1\" >\n\t\t\t<div class=\"elementor-post__thumbnail\"><img decoding=\"async\" width=\"300\" height=\"251\" src=\"https:\/\/rottmann-group.de\/wp-content\/uploads\/2026\/02\/News-300x251.png\" class=\"attachment-medium size-medium wp-image-25888\" alt=\"\" srcset=\"https:\/\/rottmann-group.de\/wp-content\/uploads\/2026\/02\/News-300x251.png 300w, https:\/\/rottmann-group.de\/wp-content\/uploads\/2026\/02\/News-768x644.png 768w, https:\/\/rottmann-group.de\/wp-content\/uploads\/2026\/02\/News-600x503.png 600w, https:\/\/rottmann-group.de\/wp-content\/uploads\/2026\/02\/News.jpg 940w\" sizes=\"(max-width: 300px) 100vw, 300px\" \/><\/div>\n\t\t<\/a>\n\t\t\t\t<div class=\"elementor-post__text\">\n\t\t\t\t<h3 class=\"elementor-post__title\">\n\t\t\t<a href=\"https:\/\/rottmann-group.de\/fr\/journees-laitieres-de-duesseldorf-2026\/\" >\n\t\t\t\tJourn\u00e9es laiti\u00e8res de D\u00fcsseldorf 2026\t\t\t<\/a>\n\t\t<\/h3>\n\t\t\t\t<div class=\"elementor-post__meta-data\">\n\t\t\t\t\t<span class=\"elementor-post-date\">\n\t\t\t17. f\u00e9vrier 2026\t\t<\/span>\n\t\t\t\t<\/div>\n\t\t\t\t<div class=\"elementor-post__excerpt\">\n\t\t\t<p>Vous nous trouverez aux D\u00fcsser Milchviehtage le 25 et 26 f\u00e9vrier 2026 au centre d&rsquo;essai et de formation agricole Haus D\u00fcsse \u00e0 Bad Sassendorf. R\u00e9jouissez-vous<\/p>\n\t\t<\/div>\n\t\t\n\t\t<a class=\"elementor-post__read-more\" href=\"https:\/\/rottmann-group.de\/fr\/journees-laitieres-de-duesseldorf-2026\/\" aria-label=\"En savoir plus sur Journ\u00e9es laiti\u00e8res de D\u00fcsseldorf 2026\" tabindex=\"-1\" >\n\t\t\tLIRE PLUS \"\t\t<\/a>\n\n\t\t\t\t<\/div>\n\t\t\t\t<\/article>\n\t\t\t\t<\/div>\n\t\t\n\t\t\t\t\t\t<\/div>\n\t\t\t\t<\/div>\n\t\t\t\t<div class=\"elementor-element elementor-element-1f8b6b5d elementor-align-center elementor-widget elementor-widget-button\" data-id=\"1f8b6b5d\" data-element_type=\"widget\" data-e-type=\"widget\" data-widget_type=\"button.default\">\n\t\t\t\t<div class=\"elementor-widget-container\">\n\t\t\t\t\t\t\t\t\t<div class=\"elementor-button-wrapper\">\n\t\t\t\t\t<a class=\"elementor-button elementor-button-link elementor-size-sm\" href=\"#\">\n\t\t\t\t\t\t<span class=\"elementor-button-content-wrapper\">\n\t\t\t\t\t\t\t\t\t<span class=\"elementor-button-text\">VERS TOUTES LES NOUVELLES<\/span>\n\t\t\t\t\t<\/span>\n\t\t\t\t\t<\/a>\n\t\t\t\t<\/div>\n\t\t\t\t\t\t\t\t<\/div>\n\t\t\t\t<\/div>\n\t\t\t\t\t<\/div>\n\t\t<\/div>\n\t\t\t\t\t<\/div>\n\t\t<\/section>\n\t\t\t\t<\/div>\n\t\t","protected":false},"excerpt":{"rendered":"<p>Merci pour votre demande ! Nous vous contacterons sous peu. ACTUALIT\u00c9S : ROTTMANN GROUP VOUS TROUVEREZ ICI LES DERNI\u00c8RES INFORMATIONS SUR NOTRE ENTREPRISE VERS TOUTES LES NOUVELLES<\/p>\n","protected":false},"author":8,"featured_media":0,"parent":0,"menu_order":0,"comment_status":"closed","ping_status":"closed","template":"","meta":{"_acf_changed":false,"footnotes":""},"class_list":["post-10356","page","type-page","status-publish","hentry"],"acf":[],"yoast_head":"<!-- This site is optimized with the Yoast SEO plugin v27.4 - https:\/\/yoast.com\/product\/yoast-seo-wordpress\/ -->\n<title>- Rottmann Group<\/title>\n<meta name=\"robots\" content=\"noindex, nofollow\" \/>\n<meta property=\"og:locale\" content=\"fr_FR\" \/>\n<meta property=\"og:type\" content=\"article\" \/>\n<meta property=\"og:title\" content=\"- Rottmann Group\" \/>\n<meta property=\"og:description\" content=\"Merci pour votre demande ! Nous vous contacterons sous peu. ACTUALIT\u00c9S : ROTTMANN GROUP VOUS TROUVEREZ ICI LES DERNI\u00c8RES INFORMATIONS SUR NOTRE ENTREPRISE VERS TOUTES LES NOUVELLES\" \/>\n<meta property=\"og:url\" content=\"https:\/\/rottmann-group.de\/fr\/10356-2\/\" \/>\n<meta property=\"og:site_name\" content=\"Rottmann Group\" \/>\n<meta property=\"article:publisher\" content=\"https:\/\/www.facebook.com\/rottmanngroup\/?locale=de_DE\" \/>\n<meta property=\"article:modified_time\" content=\"2026-02-12T12:57:42+00:00\" \/>\n<meta name=\"twitter:card\" content=\"summary_large_image\" \/>\n<script type=\"application\/ld+json\" class=\"yoast-schema-graph\">{\"@context\":\"https:\\\/\\\/schema.org\",\"@graph\":[{\"@type\":\"WebPage\",\"@id\":\"https:\\\/\\\/rottmann-group.de\\\/fr\\\/10356-2\\\/\",\"url\":\"https:\\\/\\\/rottmann-group.de\\\/fr\\\/10356-2\\\/\",\"name\":\"- Rottmann Group\",\"isPartOf\":{\"@id\":\"https:\\\/\\\/rottmann-group.de\\\/#website\"},\"datePublished\":\"2022-11-09T19:40:31+00:00\",\"dateModified\":\"2026-02-12T12:57:42+00:00\",\"inLanguage\":\"fr-FR\",\"potentialAction\":[{\"@type\":\"ReadAction\",\"target\":[\"https:\\\/\\\/rottmann-group.de\\\/fr\\\/10356-2\\\/\"]}]},{\"@type\":\"WebSite\",\"@id\":\"https:\\\/\\\/rottmann-group.de\\\/#website\",\"url\":\"https:\\\/\\\/rottmann-group.de\\\/\",\"name\":\"Rottmann Group\",\"description\":\"Das traditionelle Familienunternehmen bietet Ihnen: Ganzheitliche Futterkonzepte, Mahl- und Mischdienstleistungen und Dosiertechnik. Jetzt Kontakt aufnehmen!\",\"publisher\":{\"@id\":\"https:\\\/\\\/rottmann-group.de\\\/#organization\"},\"potentialAction\":[{\"@type\":\"SearchAction\",\"target\":{\"@type\":\"EntryPoint\",\"urlTemplate\":\"https:\\\/\\\/rottmann-group.de\\\/?s={search_term_string}\"},\"query-input\":{\"@type\":\"PropertyValueSpecification\",\"valueRequired\":true,\"valueName\":\"search_term_string\"}}],\"inLanguage\":\"fr-FR\"},{\"@type\":\"Organization\",\"@id\":\"https:\\\/\\\/rottmann-group.de\\\/#organization\",\"name\":\"Rottmann Group\",\"url\":\"https:\\\/\\\/rottmann-group.de\\\/\",\"logo\":{\"@type\":\"ImageObject\",\"inLanguage\":\"fr-FR\",\"@id\":\"https:\\\/\\\/rottmann-group.de\\\/#\\\/schema\\\/logo\\\/image\\\/\",\"url\":\"https:\\\/\\\/rottmann-group.de\\\/wp-content\\\/uploads\\\/2022\\\/11\\\/Bild_Rottmann.jpg\",\"contentUrl\":\"https:\\\/\\\/rottmann-group.de\\\/wp-content\\\/uploads\\\/2022\\\/11\\\/Bild_Rottmann.jpg\",\"width\":999,\"height\":636,\"caption\":\"Rottmann Group\"},\"image\":{\"@id\":\"https:\\\/\\\/rottmann-group.de\\\/#\\\/schema\\\/logo\\\/image\\\/\"},\"sameAs\":[\"https:\\\/\\\/www.facebook.com\\\/rottmanngroup\\\/?locale=de_DE\",\"https:\\\/\\\/www.instagram.com\\\/rottmann_group\\\/\"]}]}<\/script>\n<!-- \/ Yoast SEO plugin. -->","yoast_head_json":{"title":"- Rottmann Group","robots":{"index":"noindex","follow":"nofollow"},"og_locale":"fr_FR","og_type":"article","og_title":"- Rottmann Group","og_description":"Merci pour votre demande ! Nous vous contacterons sous peu. ACTUALIT\u00c9S : ROTTMANN GROUP VOUS TROUVEREZ ICI LES DERNI\u00c8RES INFORMATIONS SUR NOTRE ENTREPRISE VERS TOUTES LES NOUVELLES","og_url":"https:\/\/rottmann-group.de\/fr\/10356-2\/","og_site_name":"Rottmann Group","article_publisher":"https:\/\/www.facebook.com\/rottmanngroup\/?locale=de_DE","article_modified_time":"2026-02-12T12:57:42+00:00","twitter_card":"summary_large_image","schema":{"@context":"https:\/\/schema.org","@graph":[{"@type":"WebPage","@id":"https:\/\/rottmann-group.de\/fr\/10356-2\/","url":"https:\/\/rottmann-group.de\/fr\/10356-2\/","name":"- Rottmann Group","isPartOf":{"@id":"https:\/\/rottmann-group.de\/#website"},"datePublished":"2022-11-09T19:40:31+00:00","dateModified":"2026-02-12T12:57:42+00:00","inLanguage":"fr-FR","potentialAction":[{"@type":"ReadAction","target":["https:\/\/rottmann-group.de\/fr\/10356-2\/"]}]},{"@type":"WebSite","@id":"https:\/\/rottmann-group.de\/#website","url":"https:\/\/rottmann-group.de\/","name":"Rottmann Group","description":"Das traditionelle Familienunternehmen bietet Ihnen: Ganzheitliche Futterkonzepte, Mahl- und Mischdienstleistungen und Dosiertechnik. Jetzt Kontakt aufnehmen!","publisher":{"@id":"https:\/\/rottmann-group.de\/#organization"},"potentialAction":[{"@type":"SearchAction","target":{"@type":"EntryPoint","urlTemplate":"https:\/\/rottmann-group.de\/?s={search_term_string}"},"query-input":{"@type":"PropertyValueSpecification","valueRequired":true,"valueName":"search_term_string"}}],"inLanguage":"fr-FR"},{"@type":"Organization","@id":"https:\/\/rottmann-group.de\/#organization","name":"Rottmann Group","url":"https:\/\/rottmann-group.de\/","logo":{"@type":"ImageObject","inLanguage":"fr-FR","@id":"https:\/\/rottmann-group.de\/#\/schema\/logo\/image\/","url":"https:\/\/rottmann-group.de\/wp-content\/uploads\/2022\/11\/Bild_Rottmann.jpg","contentUrl":"https:\/\/rottmann-group.de\/wp-content\/uploads\/2022\/11\/Bild_Rottmann.jpg","width":999,"height":636,"caption":"Rottmann Group"},"image":{"@id":"https:\/\/rottmann-group.de\/#\/schema\/logo\/image\/"},"sameAs":["https:\/\/www.facebook.com\/rottmanngroup\/?locale=de_DE","https:\/\/www.instagram.com\/rottmann_group\/"]}]}},"_links":{"self":[{"href":"https:\/\/rottmann-group.de\/fr\/wp-json\/wp\/v2\/pages\/10356","targetHints":{"allow":["GET"]}}],"collection":[{"href":"https:\/\/rottmann-group.de\/fr\/wp-json\/wp\/v2\/pages"}],"about":[{"href":"https:\/\/rottmann-group.de\/fr\/wp-json\/wp\/v2\/types\/page"}],"author":[{"embeddable":true,"href":"https:\/\/rottmann-group.de\/fr\/wp-json\/wp\/v2\/users\/8"}],"replies":[{"embeddable":true,"href":"https:\/\/rottmann-group.de\/fr\/wp-json\/wp\/v2\/comments?post=10356"}],"version-history":[{"count":0,"href":"https:\/\/rottmann-group.de\/fr\/wp-json\/wp\/v2\/pages\/10356\/revisions"}],"wp:attachment":[{"href":"https:\/\/rottmann-group.de\/fr\/wp-json\/wp\/v2\/media?parent=10356"}],"curies":[{"name":"wp","href":"https:\/\/api.w.org\/{rel}","templated":true}]}}